{"id":10593,"date":"2024-03-29T08:41:28","date_gmt":"2024-03-29T12:41:28","guid":{"rendered":"https:\/\/thorinox.com\/equipment\/non%20class\u00e9\/pare-choc-tws\/"},"modified":"2024-04-22T13:39:04","modified_gmt":"2024-04-22T17:39:04","slug":"pare-choc-tws","status":"publish","type":"product","link":"https:\/\/thorinox.com\/fr\/equipment\/etageres\/accessoires-pour-etageres\/pare-choc-tws\/","title":{"rendered":"Pare-choc TWS"},"content":{"rendered":"<p>D\u00e9couvrez notre pare-choc TWS pour \u00e9tag\u00e8res m\u00e9talliques, m\u00e9ticuleusement con\u00e7u pour fournir des solutions de stockage efficaces pour les cuisines commerciales et les \u00e9tablissements de restauration :<\/p>\n<div class=\"flex-1 overflow-hidden\">\n<div class=\"react-scroll-to-bottom--css-dgrtp-79elbk h-full\">\n<div class=\"react-scroll-to-bottom--css-dgrtp-1n7m0yu\">\n<div class=\"flex flex-col text-sm pb-9\">\n<div class=\"w-full text-token-text-primary\" data-testid=\"conversation-turn-23\">\n<div class=\"px-4 py-2 justify-center text-base md:gap-6 m-auto\">\n<div class=\"flex flex-1 text-base mx-auto gap-3 md:px-5 lg:px-1 xl:px-5 md:max-w-3xl lg:max-w-[40rem] xl:max-w-[48rem] group final-completion\">\n<div class=\"relative flex w-full flex-col agent-turn\">\n<div class=\"flex-col gap-1 md:gap-3\">\n<div class=\"flex flex-grow flex-col max-w-full\">\n<div class=\"min-h-[20px] text-message flex flex-col items-start gap-3 whitespace-pre-wrap break-words [.text-message+&amp;]:mt-5 overflow-x-auto\" data-message-author-role=\"assistant\" data-message-id=\"1f0d0448-8ef0-42ba-9ada-3a8ee6befad6\">\n<div class=\"markdown prose w-full break-words dark:prose-invert light\">\n<p>En plus de nos \u00e9tag\u00e8res m\u00e9talliques au fini chrom\u00e9, nous sommes fiers de proposer une gamme d&rsquo;accessoires en option. Ils sont con\u00e7us pour am\u00e9liorer encore votre exp\u00e9rience de stockage. Explorez notre gamme compl\u00e8te d&rsquo;accessoires m\u00e9ticuleusement con\u00e7us pour am\u00e9liorer la fonctionnalit\u00e9, l&rsquo;organisation et la polyvalence dans n&rsquo;importe quel environnement. Ces accessoires sont parfaits pour optimiser l\u2019espace dans votre cuisine commerciale anim\u00e9e. De plus, ils sont id\u00e9aux pour rationaliser les op\u00e9rations dans votre garage ou pour am\u00e9liorer la pr\u00e9sentation des produits dans un environnement de vente au d\u00e9tail. Notre gamme d&rsquo;accessoires offre des possibilit\u00e9s infinies de personnalisation et d&rsquo;efficacit\u00e9. Des supports muraux pratiques aux s\u00e9parateurs d&rsquo;\u00e9tag\u00e8res pratiques, en passant par les roulettes \u00e0 roulement doux, les pieds robustes, les capuchons de protection, et bien plus encore. De plus, chaque accessoire est m\u00e9ticuleusement con\u00e7u dans un souci de pr\u00e9cision et de durabilit\u00e9.<\/p>\n<p>Avec ces accessoires \u00e0 votre disposition, vous pouvez adapter votre syst\u00e8me d&rsquo;\u00e9tag\u00e8res \u00e0 vos besoins et pr\u00e9f\u00e9rences uniques, lib\u00e9rant ainsi tout son potentiel. Transformez n&rsquo;importe quel espace en un centre de productivit\u00e9 bien organis\u00e9 et efficace gr\u00e2ce \u00e0 notre gamme diversifi\u00e9e d&rsquo;accessoires, garantissant que vos solutions de stockage r\u00e9pondent aux exigences de votre environnement dynamique.<\/p>\n<h3><strong>Optional Accessories:<\/strong><\/h3>\n<\/div>\n<\/div>\n<\/div>\n<\/div>\n<\/div>\n<\/div>\n<\/div>\n<\/div>\n<\/div>\n<\/div>\n<\/div>\n<\/div>\n<ul>\n<li><a href=\"https:\/\/thorinox.com\/fr\/equipment\/etageres\/accessoires-pour-etageres\/supports-muraux\/\">Supports muraux<\/a><\/li>\n<li><a href=\"https:\/\/thorinox.com\/fr\/equipment\/etageres\/accessoires-pour-etageres\/diviseurs-detagere\/\">Diviseurs d&rsquo;\u00e9tag\u00e8re<\/a><\/li>\n<li><a href=\"https:\/\/thorinox.com\/fr\/equipment\/etageres\/accessoires-pour-etageres\/pieds-de-balle\/\">Pieds de balle<\/a><\/li>\n<li><a href=\"https:\/\/thorinox.com\/fr\/equipment\/etageres\/accessoires-pour-etageres\/bouchons\/\">Bouchons<\/a><\/li>\n<li><a href=\"https:\/\/thorinox.com\/fr\/equipment\/etageres\/accessoires-pour-etageres\/rebords-pour-etageres\/\">Rebords pour \u00e9tag\u00e8res<\/a><\/li>\n<li><a href=\"https:\/\/thorinox.com\/fr\/equipment\/etageres\/accessoires-pour-etageres\/plaques-de-pied\/\">Plaques de pied<\/a><\/li>\n<li><a href=\"https:\/\/thorinox.com\/fr\/equipment\/etageres\/accessoires-pour-etageres\/clips-pour-etageres\/\">Clips<\/a><\/li>\n<li><a href=\"https:\/\/thorinox.com\/fr\/equipment\/etageres\/accessoires-pour-etageres\/rail-de-support\/\">Rails de support<\/a><\/li>\n<li><a href=\"https:\/\/thorinox.com\/fr\/equipment\/etageres\/accessoires-pour-etageres\/barre-de-soutien-en-u-simple\/\">Barre de soutien en U simple<\/a><\/li>\n<li><a href=\"https:\/\/thorinox.com\/fr\/equipment\/etageres\/accessoires-pour-etageres\/crochets-en-s\/\">Crochets en S<\/a><\/li>\n<li><a href=\"https:\/\/thorinox.com\/fr\/equipment\/etageres\/accessoires-pour-etageres\/pinces-de-serrage\/\">Pinces de serrage<\/a><\/li>\n<li><a href=\"https:\/\/thorinox.com\/fr\/equipment\/etageres\/accessoires-pour-etageres\/revetement-detagere-en-plastique\/\">Rev\u00eatement d&rsquo;\u00e9tag\u00e8re en plastique<\/a><\/li>\n<li><a href=\"https:\/\/thorinox.com\/fr\/equipment\/etageres\/accessoires-pour-etageres\/poignee-plate\/\">Poign\u00e9e plate (chrome ou \u00e9poxy)<\/a><\/li>\n<li><a href=\"https:\/\/thorinox.com\/fr\/equipment\/etageres\/accessoires-pour-etageres\/pare-choc-tws\/\">Pare-chocs<\/a><\/li>\n<\/ul>\n<p>\u00c9levez vos solutions de stockage vers de nouveaux sommets avec notre \u00e9quipement Wireshelf. Con\u00e7ues pour r\u00e9pondre aux exigences des cuisines commerciales, des espaces de vente au d\u00e9tail, des entrep\u00f4ts et au-del\u00e0, nos \u00e9tag\u00e8res offrent une durabilit\u00e9, une fonctionnalit\u00e9 et un style in\u00e9gal\u00e9s.<\/p>\n<p>Nos syst\u00e8mes Wireshelf pr\u00e9sentent une construction robuste et des conceptions \u00e0 fils ouverts qui maximisent le flux d&rsquo;air et la visibilit\u00e9, ce qui les rend id\u00e9aux pour stocker une large gamme d&rsquo;articles dans divers environnements. Fabriqu\u00e9es \u00e0 partir de mat\u00e9riaux de haute qualit\u00e9, ces \u00e9tag\u00e8res sont con\u00e7ues pour r\u00e9sister \u00e0 de lourdes charges et \u00e0 l&rsquo;usure quotidienne, garantissant ainsi des performances durables.<\/p>\n<p>Pour ceux qui recherchent une esth\u00e9tique \u00e9l\u00e9gante et moderne, nos \u00e9tag\u00e8res murales en acier inoxydable offrent la solution parfaite. Fabriqu\u00e9es en acier inoxydable de premi\u00e8re qualit\u00e9, ces \u00e9tag\u00e8res offrent une solidit\u00e9, une r\u00e9sistance \u00e0 la corrosion et une hygi\u00e8ne sup\u00e9rieures, ce qui les rend id\u00e9ales pour une utilisation dans les \u00e9tablissements de restauration et de soins de sant\u00e9. Leur conception harmonieuse et leur finition polie ajoutent une touche de sophistication \u00e0 n&rsquo;importe quel espace, tandis que leur configuration murale permet d&rsquo;\u00e9conomiser un espace au sol pr\u00e9cieux.<\/p>\n<p>De plus, nos syst\u00e8mes d&rsquo;\u00e9tag\u00e8res m\u00e9talliques et d&rsquo;\u00e9tag\u00e8res murales en acier inoxydable sont hautement personnalisables. Cela vous permet donc de les adapter \u00e0 vos besoins et exigences sp\u00e9cifiques. De plus, avec une large gamme d\u2019accessoires disponibles. Cela comprend les supports muraux, les s\u00e9parateurs d&rsquo;\u00e9tag\u00e8res, les roulettes, les pare-chocs et bien plus encore. Vous pouvez optimiser la configuration de vos \u00e9tag\u00e8res pour une efficacit\u00e9 et une organisation maximales.<\/p>\n<p>Que vous \u00e9quipiez une cuisine commerciale, un magasin de d\u00e9tail, un entrep\u00f4t ou un garage, notre \u00e9tag\u00e8re m\u00e9tallique et notre \u00e9tag\u00e8re murale en acier inoxydable sont parfaites pour vous. D\u00e9couvrez la diff\u00e9rence que les solutions d&rsquo;\u00e9tag\u00e8res de qualit\u00e9 sup\u00e9rieure peuvent faire pour transformer votre espace en un environnement bien organis\u00e9 et efficace.<\/p>\n","protected":false},"excerpt":{"rendered":"<p>Le Thorinox TWS Bumper est fabriqu\u00e9 \u00e0 partir de mat\u00e9riaux de haute qualit\u00e9 pour les postes de travail, garantissant des performances et une organisation durables dans les environnements commerciaux, comme les restaurants, les food trucks et autres cuisines commerciales.<\/p>\n<h3>Caract\u00e9ristiques standards :<\/h3>\n<ul>\n<li>Disponible pour les \u00e9tag\u00e8res m\u00e9talliques \u00e0 rev\u00eatement chrom\u00e9<\/li>\n<li>Disponible en \u00e9tag\u00e8res m\u00e9talliques avec rev\u00eatement \u00e9poxy<\/li>\n<\/ul>\n<h3>Accessoires optionnels :<\/h3>\n<ul>\n<li><a href=\"https:\/\/thorinox.com\/fr\/equipment\/etageres\/accessoires-pour-etageres\/supports-muraux\/\">Supports muraux<\/a><\/li>\n<li><a href=\"https:\/\/thorinox.com\/fr\/equipment\/etageres\/accessoires-pour-etageres\/diviseurs-detagere\/\">Diviseurs d&rsquo;\u00e9tag\u00e8re<\/a><\/li>\n<li><a href=\"https:\/\/thorinox.com\/fr\/equipment\/etageres\/accessoires-pour-etageres\/pieds-de-balle\/\">Pieds de balle<\/a><\/li>\n<li><a href=\"https:\/\/thorinox.com\/fr\/equipment\/etageres\/accessoires-pour-etageres\/bouchons\/\">Bouchons<\/a><\/li>\n<li><a href=\"https:\/\/thorinox.com\/fr\/equipment\/etageres\/accessoires-pour-etageres\/rebords-pour-etageres\/\">Rebords pour \u00e9tag\u00e8res<\/a><\/li>\n<li><a href=\"https:\/\/thorinox.com\/fr\/equipment\/etageres\/accessoires-pour-etageres\/plaques-de-pied\/\">Plaques de pied<\/a><\/li>\n<li><a href=\"https:\/\/thorinox.com\/fr\/equipment\/etageres\/accessoires-pour-etageres\/clips-pour-etageres\/\">Clips<\/a><\/li>\n<li><a href=\"https:\/\/thorinox.com\/fr\/equipment\/etageres\/accessoires-pour-etageres\/rail-de-support\/\">Rails de support<\/a><\/li>\n<li><a href=\"https:\/\/thorinox.com\/fr\/equipment\/etageres\/accessoires-pour-etageres\/barre-de-soutien-en-u-simple\/\">Barre de soutien en U simple<\/a><\/li>\n<li><a href=\"https:\/\/thorinox.com\/fr\/equipment\/etageres\/accessoires-pour-etageres\/crochets-en-s\/\">Crochets en S<\/a><\/li>\n<li><a href=\"https:\/\/thorinox.com\/fr\/equipment\/etageres\/accessoires-pour-etageres\/pinces-de-serrage\/\">Pinces de serrage<\/a><\/li>\n<li><a href=\"https:\/\/thorinox.com\/fr\/equipment\/etageres\/accessoires-pour-etageres\/revetement-detagere-en-plastique\/\">Rev\u00eatement d&rsquo;\u00e9tag\u00e8re en plastique<\/a><\/li>\n<li><a href=\"https:\/\/thorinox.com\/fr\/equipment\/etageres\/accessoires-pour-etageres\/poignee-plate\/\">Poign\u00e9e plate (chrome ou \u00e9poxy)<\/a><\/li>\n<li><a href=\"https:\/\/thorinox.com\/fr\/equipment\/etageres\/accessoires-pour-etageres\/pare-choc-tws\/\">Pare-chocs<\/a><\/li>\n<\/ul>\n<table>\n<thead>\n<tr>\n<th style=\"text-align: left;\">Mod\u00e8le<\/th>\n<\/tr>\n<\/thead>\n<tbody>\n<tr>\n<td>TWS-BUMPER<\/td>\n<\/tr>\n<\/tbody>\n<\/table>\n","protected":false},"featured_media":8014,"comment_status":"open","ping_status":"closed","template":"","meta":[],"product_cat":[250],"product_tag":[],"yoast_head":"<!-- This site is optimized with the Yoast SEO plugin v23.3 - https:\/\/yoast.com\/wordpress\/plugins\/seo\/ -->\n<title>Pare-choc TWS | \u00c9quipement pour \u00e9tag\u00e8res m\u00e9talliques | Thorinox | Montr\u00e9ale<\/title>\n<meta name=\"description\" content=\"Le pare-choc TWS est un accessoire optionnel pour vos Wireshelves, parfait pour l&#039;organisation dans les \u00e9tablissements commerciaux et industriels.\" \/>\n<meta name=\"robots\" content=\"index, follow, max-snippet:-1, max-image-preview:large, max-video-preview:-1\" \/>\n<link rel=\"canonical\" href=\"https:\/\/thorinox.com\/fr\/equipment\/etageres\/accessoires-pour-etageres\/pare-choc-tws\/\" \/>\n<meta property=\"og:locale\" content=\"fr_FR\" \/>\n<meta property=\"og:type\" content=\"article\" \/>\n<meta property=\"og:title\" content=\"Pare-choc TWS | \u00c9quipement pour \u00e9tag\u00e8res m\u00e9talliques | Thorinox | Montr\u00e9ale\" \/>\n<meta property=\"og:description\" content=\"Le pare-choc TWS est un accessoire optionnel pour vos Wireshelves, parfait pour l&#039;organisation dans les \u00e9tablissements commerciaux et industriels.\" \/>\n<meta property=\"og:url\" content=\"https:\/\/thorinox.com\/fr\/equipment\/etageres\/accessoires-pour-etageres\/pare-choc-tws\/\" \/>\n<meta property=\"og:site_name\" content=\"Thorinox\" \/>\n<meta property=\"article:modified_time\" content=\"2024-04-22T17:39:04+00:00\" \/>\n<meta property=\"og:image\" content=\"https:\/\/thorinox.com\/wp-content\/uploads\/2024\/03\/Thorinox-high-quality-stainless-steel-commercial-kitchen-equipment-DRACK-accessories-bumpers.png\" \/>\n\t<meta property=\"og:image:width\" content=\"800\" \/>\n\t<meta property=\"og:image:height\" content=\"900\" \/>\n\t<meta property=\"og:image:type\" content=\"image\/png\" \/>\n<meta name=\"twitter:card\" content=\"summary_large_image\" \/>\n<meta name=\"twitter:label1\" content=\"Dur\u00e9e de lecture estim\u00e9e\" \/>\n\t<meta name=\"twitter:data1\" content=\"3 minutes\" \/>\n<script type=\"application\/ld+json\" class=\"yoast-schema-graph\">{\"@context\":\"https:\/\/schema.org\",\"@graph\":[{\"@type\":\"WebPage\",\"@id\":\"https:\/\/thorinox.com\/fr\/equipment\/etageres\/accessoires-pour-etageres\/pare-choc-tws\/\",\"url\":\"https:\/\/thorinox.com\/fr\/equipment\/etageres\/accessoires-pour-etageres\/pare-choc-tws\/\",\"name\":\"Pare-choc TWS | \u00c9quipement pour \u00e9tag\u00e8res m\u00e9talliques | Thorinox | Montr\u00e9ale\",\"isPartOf\":{\"@id\":\"https:\/\/thorinox.com\/fr\/#website\"},\"primaryImageOfPage\":{\"@id\":\"https:\/\/thorinox.com\/fr\/equipment\/etageres\/accessoires-pour-etageres\/pare-choc-tws\/#primaryimage\"},\"image\":{\"@id\":\"https:\/\/thorinox.com\/fr\/equipment\/etageres\/accessoires-pour-etageres\/pare-choc-tws\/#primaryimage\"},\"thumbnailUrl\":\"https:\/\/thorinox.com\/wp-content\/uploads\/2024\/03\/Thorinox-high-quality-stainless-steel-commercial-kitchen-equipment-DRACK-accessories-bumpers.png\",\"datePublished\":\"2024-03-29T12:41:28+00:00\",\"dateModified\":\"2024-04-22T17:39:04+00:00\",\"description\":\"Le pare-choc TWS est un accessoire optionnel pour vos Wireshelves, parfait pour l'organisation dans les \u00e9tablissements commerciaux et industriels.\",\"breadcrumb\":{\"@id\":\"https:\/\/thorinox.com\/fr\/equipment\/etageres\/accessoires-pour-etageres\/pare-choc-tws\/#breadcrumb\"},\"inLanguage\":\"fr-FR\",\"potentialAction\":[{\"@type\":\"ReadAction\",\"target\":[\"https:\/\/thorinox.com\/fr\/equipment\/etageres\/accessoires-pour-etageres\/pare-choc-tws\/\"]}]},{\"@type\":\"ImageObject\",\"inLanguage\":\"fr-FR\",\"@id\":\"https:\/\/thorinox.com\/fr\/equipment\/etageres\/accessoires-pour-etageres\/pare-choc-tws\/#primaryimage\",\"url\":\"https:\/\/thorinox.com\/wp-content\/uploads\/2024\/03\/Thorinox-high-quality-stainless-steel-commercial-kitchen-equipment-DRACK-accessories-bumpers.png\",\"contentUrl\":\"https:\/\/thorinox.com\/wp-content\/uploads\/2024\/03\/Thorinox-high-quality-stainless-steel-commercial-kitchen-equipment-DRACK-accessories-bumpers.png\",\"width\":800,\"height\":900,\"caption\":\"Ceci est une image des accessoires d'\u00e9quipement de Thorinox. Thorinox est un \u00e9quipement en acier inoxydable de haute qualit\u00e9 destin\u00e9 aux restaurants et autres types de postes de travail.\"},{\"@type\":\"BreadcrumbList\",\"@id\":\"https:\/\/thorinox.com\/fr\/equipment\/etageres\/accessoires-pour-etageres\/pare-choc-tws\/#breadcrumb\",\"itemListElement\":[{\"@type\":\"ListItem\",\"position\":1,\"name\":\"Home\",\"item\":\"https:\/\/thorinox.com\/fr\/\"},{\"@type\":\"ListItem\",\"position\":2,\"name\":\"Produits\",\"item\":\"https:\/\/thorinox.com\/fr\/shop\/\"},{\"@type\":\"ListItem\",\"position\":3,\"name\":\"Pare-choc TWS\"}]},{\"@type\":\"WebSite\",\"@id\":\"https:\/\/thorinox.com\/fr\/#website\",\"url\":\"https:\/\/thorinox.com\/fr\/\",\"name\":\"Thorinox\",\"description\":\"High Quality Stainless Steel Equipment\",\"publisher\":{\"@id\":\"https:\/\/thorinox.com\/fr\/#organization\"},\"potentialAction\":[{\"@type\":\"SearchAction\",\"target\":{\"@type\":\"EntryPoint\",\"urlTemplate\":\"https:\/\/thorinox.com\/fr\/?s={search_term_string}\"},\"query-input\":\"required name=search_term_string\"}],\"inLanguage\":\"fr-FR\"},{\"@type\":\"Organization\",\"@id\":\"https:\/\/thorinox.com\/fr\/#organization\",\"name\":\"Thorinox\",\"url\":\"https:\/\/thorinox.com\/fr\/\",\"logo\":{\"@type\":\"ImageObject\",\"inLanguage\":\"fr-FR\",\"@id\":\"https:\/\/thorinox.com\/fr\/#\/schema\/logo\/image\/\",\"url\":\"https:\/\/thorinox.com\/wp-content\/uploads\/2024\/02\/Thorinox-logo-high-quality-stainless-steel-equipment.png\",\"contentUrl\":\"https:\/\/thorinox.com\/wp-content\/uploads\/2024\/02\/Thorinox-logo-high-quality-stainless-steel-equipment.png\",\"width\":546,\"height\":100,\"caption\":\"Thorinox\"},\"image\":{\"@id\":\"https:\/\/thorinox.com\/fr\/#\/schema\/logo\/image\/\"}}]}<\/script>\n<!-- \/ Yoast SEO plugin. -->","yoast_head_json":{"title":"Pare-choc TWS | \u00c9quipement pour \u00e9tag\u00e8res m\u00e9talliques | Thorinox | Montr\u00e9ale","description":"Le pare-choc TWS est un accessoire optionnel pour vos Wireshelves, parfait pour l'organisation dans les \u00e9tablissements commerciaux et industriels.","robots":{"index":"index","follow":"follow","max-snippet":"max-snippet:-1","max-image-preview":"max-image-preview:large","max-video-preview":"max-video-preview:-1"},"canonical":"https:\/\/thorinox.com\/fr\/equipment\/etageres\/accessoires-pour-etageres\/pare-choc-tws\/","og_locale":"fr_FR","og_type":"article","og_title":"Pare-choc TWS | \u00c9quipement pour \u00e9tag\u00e8res m\u00e9talliques | Thorinox | Montr\u00e9ale","og_description":"Le pare-choc TWS est un accessoire optionnel pour vos Wireshelves, parfait pour l'organisation dans les \u00e9tablissements commerciaux et industriels.","og_url":"https:\/\/thorinox.com\/fr\/equipment\/etageres\/accessoires-pour-etageres\/pare-choc-tws\/","og_site_name":"Thorinox","article_modified_time":"2024-04-22T17:39:04+00:00","og_image":[{"width":800,"height":900,"url":"https:\/\/thorinox.com\/wp-content\/uploads\/2024\/03\/Thorinox-high-quality-stainless-steel-commercial-kitchen-equipment-DRACK-accessories-bumpers.png","type":"image\/png"}],"twitter_card":"summary_large_image","twitter_misc":{"Dur\u00e9e de lecture estim\u00e9e":"3 minutes"},"schema":{"@context":"https:\/\/schema.org","@graph":[{"@type":"WebPage","@id":"https:\/\/thorinox.com\/fr\/equipment\/etageres\/accessoires-pour-etageres\/pare-choc-tws\/","url":"https:\/\/thorinox.com\/fr\/equipment\/etageres\/accessoires-pour-etageres\/pare-choc-tws\/","name":"Pare-choc TWS | \u00c9quipement pour \u00e9tag\u00e8res m\u00e9talliques | Thorinox | Montr\u00e9ale","isPartOf":{"@id":"https:\/\/thorinox.com\/fr\/#website"},"primaryImageOfPage":{"@id":"https:\/\/thorinox.com\/fr\/equipment\/etageres\/accessoires-pour-etageres\/pare-choc-tws\/#primaryimage"},"image":{"@id":"https:\/\/thorinox.com\/fr\/equipment\/etageres\/accessoires-pour-etageres\/pare-choc-tws\/#primaryimage"},"thumbnailUrl":"https:\/\/thorinox.com\/wp-content\/uploads\/2024\/03\/Thorinox-high-quality-stainless-steel-commercial-kitchen-equipment-DRACK-accessories-bumpers.png","datePublished":"2024-03-29T12:41:28+00:00","dateModified":"2024-04-22T17:39:04+00:00","description":"Le pare-choc TWS est un accessoire optionnel pour vos Wireshelves, parfait pour l'organisation dans les \u00e9tablissements commerciaux et industriels.","breadcrumb":{"@id":"https:\/\/thorinox.com\/fr\/equipment\/etageres\/accessoires-pour-etageres\/pare-choc-tws\/#breadcrumb"},"inLanguage":"fr-FR","potentialAction":[{"@type":"ReadAction","target":["https:\/\/thorinox.com\/fr\/equipment\/etageres\/accessoires-pour-etageres\/pare-choc-tws\/"]}]},{"@type":"ImageObject","inLanguage":"fr-FR","@id":"https:\/\/thorinox.com\/fr\/equipment\/etageres\/accessoires-pour-etageres\/pare-choc-tws\/#primaryimage","url":"https:\/\/thorinox.com\/wp-content\/uploads\/2024\/03\/Thorinox-high-quality-stainless-steel-commercial-kitchen-equipment-DRACK-accessories-bumpers.png","contentUrl":"https:\/\/thorinox.com\/wp-content\/uploads\/2024\/03\/Thorinox-high-quality-stainless-steel-commercial-kitchen-equipment-DRACK-accessories-bumpers.png","width":800,"height":900,"caption":"Ceci est une image des accessoires d'\u00e9quipement de Thorinox. Thorinox est un \u00e9quipement en acier inoxydable de haute qualit\u00e9 destin\u00e9 aux restaurants et autres types de postes de travail."},{"@type":"BreadcrumbList","@id":"https:\/\/thorinox.com\/fr\/equipment\/etageres\/accessoires-pour-etageres\/pare-choc-tws\/#breadcrumb","itemListElement":[{"@type":"ListItem","position":1,"name":"Home","item":"https:\/\/thorinox.com\/fr\/"},{"@type":"ListItem","position":2,"name":"Produits","item":"https:\/\/thorinox.com\/fr\/shop\/"},{"@type":"ListItem","position":3,"name":"Pare-choc TWS"}]},{"@type":"WebSite","@id":"https:\/\/thorinox.com\/fr\/#website","url":"https:\/\/thorinox.com\/fr\/","name":"Thorinox","description":"High Quality Stainless Steel Equipment","publisher":{"@id":"https:\/\/thorinox.com\/fr\/#organization"},"potentialAction":[{"@type":"SearchAction","target":{"@type":"EntryPoint","urlTemplate":"https:\/\/thorinox.com\/fr\/?s={search_term_string}"},"query-input":"required name=search_term_string"}],"inLanguage":"fr-FR"},{"@type":"Organization","@id":"https:\/\/thorinox.com\/fr\/#organization","name":"Thorinox","url":"https:\/\/thorinox.com\/fr\/","logo":{"@type":"ImageObject","inLanguage":"fr-FR","@id":"https:\/\/thorinox.com\/fr\/#\/schema\/logo\/image\/","url":"https:\/\/thorinox.com\/wp-content\/uploads\/2024\/02\/Thorinox-logo-high-quality-stainless-steel-equipment.png","contentUrl":"https:\/\/thorinox.com\/wp-content\/uploads\/2024\/02\/Thorinox-logo-high-quality-stainless-steel-equipment.png","width":546,"height":100,"caption":"Thorinox"},"image":{"@id":"https:\/\/thorinox.com\/fr\/#\/schema\/logo\/image\/"}}]}},"_links":{"self":[{"href":"https:\/\/thorinox.com\/fr\/wp-json\/wp\/v2\/product\/10593"}],"collection":[{"href":"https:\/\/thorinox.com\/fr\/wp-json\/wp\/v2\/product"}],"about":[{"href":"https:\/\/thorinox.com\/fr\/wp-json\/wp\/v2\/types\/product"}],"replies":[{"embeddable":true,"href":"https:\/\/thorinox.com\/fr\/wp-json\/wp\/v2\/comments?post=10593"}],"wp:featuredmedia":[{"embeddable":true,"href":"https:\/\/thorinox.com\/fr\/wp-json\/wp\/v2\/media\/8014"}],"wp:attachment":[{"href":"https:\/\/thorinox.com\/fr\/wp-json\/wp\/v2\/media?parent=10593"}],"wp:term":[{"taxonomy":"product_cat","embeddable":true,"href":"https:\/\/thorinox.com\/fr\/wp-json\/wp\/v2\/product_cat?post=10593"},{"taxonomy":"product_tag","embeddable":true,"href":"https:\/\/thorinox.com\/fr\/wp-json\/wp\/v2\/product_tag?post=10593"}],"curies":[{"name":"wp","href":"https:\/\/api.w.org\/{rel}","templated":true}]}}