{"id":10449,"date":"2024-04-05T12:26:51","date_gmt":"2024-04-05T16:26:51","guid":{"rendered":"https:\/\/thorinox.com\/equipment\/non%20class\u00e9\/corps-de-robinet-monte-sur-pont\/"},"modified":"2024-04-18T14:01:25","modified_gmt":"2024-04-18T18:01:25","slug":"corps-de-robinet-monte-sur-pont","status":"publish","type":"product","link":"https:\/\/thorinox.com\/fr\/equipment\/plomberie-et-robinetterie\/pieces-de-plomberie\/corps-de-robinet-monte-sur-pont\/","title":{"rendered":"Corps de robinet mont\u00e9 sur pont"},"content":{"rendered":"<h3><strong>Pr\u00e9sentation du corps de robinet de pont Thorinox : Am\u00e9liorer l&rsquo;efficacit\u00e9 dans les cuisines commerciales<\/strong><\/h3>\n<p>D\u00e9couvrez notre Corps de Robinet de Pont dans la section Pi\u00e8ces de Plomberie, offrant des solutions essentielles pour votre cuisine ou votre espace de travail commercial. Explorez notre gamme diversifi\u00e9e de produits de plomberie, m\u00e9ticuleusement con\u00e7ue pour r\u00e9pondre aux exigences de diverses applications et environnements.<\/p>\n<p>Plongez dans notre section Robinets et Pi\u00e8ces de Pr\u00e9-Rin\u00e7age, mettant en vedette notre unique Robinet de Pr\u00e9-Rin\u00e7age Thorinox avec un pulv\u00e9risateur pivotant pour plus de commodit\u00e9 et de fonctionnalit\u00e9. Nos Robinets de Pr\u00e9-Rin\u00e7age offrent des performances sup\u00e9rieures et une durabilit\u00e9 comparativement \u00e0 d&rsquo;autres options sur le march\u00e9. De plus, nous fournissons des pi\u00e8ces telles que le Ressort en Spirale pour Tuyau, le Tuyau Flexible, le Support Mural, le Tuyau avec Crochet, le Connecteur de Tuyau, et plus encore pour garantir le bon fonctionnement de votre installation.<\/p>\n<p>Une partie de notre cat\u00e9gorie Robinets comprend \u00e9galement des Robinets de Garde-Manger avec Montage Central de 8&Prime; avec Tuyau Flexible, offrant un d\u00e9bit d&rsquo;eau fiable pour vos besoins en cuisine. Nous proposons une large gamme de pi\u00e8ces telles que des robinets d&rsquo;entr\u00e9e en laiton \u00e0 montage sur pont, des becs col de cygne, des becs pour lavabo sur pied, des corps de robinet \u00e0 montage mural, des corps de robinet de garde-manger \u00e0 montage mural, des entr\u00e9es femelles, des entr\u00e9es m\u00e2les, des corps de robinet de pont, des vannes, et plus encore pour compl\u00e9ter votre installation de plomberie et garantir des performances optimales.<\/p>\n<p>Que vous ayez une cuisine commerciale, un restaurant ou un espace de travail culinaire, faites confiance \u00e0 notre \u00e9quipement de plomberie pour r\u00e9pondre \u00e0 vos besoins avec une qualit\u00e9 et une fiabilit\u00e9 \u00e9lev\u00e9es. D\u00e9couvrez la commodit\u00e9 et l&rsquo;efficacit\u00e9 de nos solutions de plomberie, con\u00e7ues pour d\u00e9passer vos attentes et am\u00e9liorer votre flux de travail dans n&rsquo;importe quel environnement.<\/p>\n<h3>Fonctionnalit\u00e9s Standard :<\/h3>\n<ul>\n<li>Comprend une Soupape de Contr\u00f4le pour pr\u00e9venir les reflux<\/li>\n<li>Approuv\u00e9 CSA et NSF<\/li>\n<li>Kit d&rsquo;installation de plomberie inclus<\/li>\n<li>Garantie de 3 ans sur les pi\u00e8ces<\/li>\n<\/ul>\n<h3>Pi\u00e8ces de Plomberie :<\/h3>\n<ul>\n<li><a href=\"https:\/\/thorinox.com\/fr\/equipment\/plomberie-et-robinetterie\/pieces-de-plomberie\/robinet-dentree-en-laiton-a-montage-sur-pont-de-8\/\">Robinet d&rsquo;entr\u00e9e en laiton \u00e0 montage sur pont de 8&Prime;<\/a><\/li>\n<li><a href=\"https:\/\/thorinox.com\/fr\/equipment\/plomberie-et-robinetterie\/pieces-de-plomberie\/buse-en-col-de-cygne-de-8\/\">Buse en col de cygne de 8&Prime;<\/a><\/li>\n<li><a href=\"https:\/\/thorinox.com\/fr\/equipment\/plomberie-et-robinetterie\/pieces-de-plomberie\/buse\/\">Buse<\/a><\/li>\n<li><a href=\"https:\/\/thorinox.com\/fr\/equipment\/plomberie-et-robinetterie\/pieces-de-plomberie\/corps-de-robinet-mural-de-8\/\">Corps de robinet mural de 8&Prime;<\/a><\/li>\n<li><a href=\"https:\/\/thorinox.com\/fr\/equipment\/plomberie-et-robinetterie\/pieces-de-plomberie\/corps-de-robinet-de-garde-manger-mural-de-8\/\">Corps de robinet de garde-manger mural de 8&Prime;<\/a><\/li>\n<li><a href=\"https:\/\/thorinox.com\/fr\/equipment\/plomberie-et-robinetterie\/pieces-de-plomberie\/corps-de-robinet-monte-sur-pont\/\">Corps de robinet \u00e0 montage sur pont<\/a><\/li>\n<li><a href=\"https:\/\/thorinox.com\/fr\/equipment\/plomberie-et-robinetterie\/pieces-de-plomberie\/raccord-de-connexion\/\">Raccord de connexion<\/a><\/li>\n<li><a href=\"https:\/\/thorinox.com\/fr\/equipment\/plomberie-et-robinetterie\/pieces-de-plomberie\/cartouche-deau-chaude-et-froide\/\">Cartouche d&rsquo;eau chaude et froide<\/a><\/li>\n<\/ul>\n<table>\n<thead>\n<tr>\n<th style=\"text-align: left;\">Mod\u00e8les<\/th>\n<th style=\"text-align: left;\">Description<\/th>\n<\/tr>\n<\/thead>\n<tbody>\n<tr>\n<td>9816-F<\/td>\n<td>Filetage Femelle<\/td>\n<\/tr>\n<tr>\n<td style=\"text-align: left;\">9816-M<\/td>\n<td style=\"text-align: left;\">Filetage Male<\/td>\n<\/tr>\n<\/tbody>\n<\/table>\n","protected":false},"excerpt":{"rendered":"<p>Le corps de robinet Thorinox \u00e0 montage sur pont offre des solutions de travail efficaces pour les postes de travail ou de nettoyage dans les \u00e9tablissements commerciaux et industriels.<\/p>\n<h3>Fonctionnalit\u00e9s Standard :<\/h3>\n<ul>\n<li>Comprend une Soupape de Contr\u00f4le pour pr\u00e9venir les reflux<\/li>\n<li>Approuv\u00e9 CSA et NSF<\/li>\n<li>Kit d&rsquo;installation de plomberie inclus<\/li>\n<li>Garantie de 3 ans sur les pi\u00e8ces<\/li>\n<\/ul>\n<h3>Pi\u00e8ces de Plomberie :<\/h3>\n<ul>\n<li><a href=\"https:\/\/thorinox.com\/fr\/equipment\/plomberie-et-robinetterie\/pieces-de-plomberie\/robinet-dentree-en-laiton-a-montage-sur-pont-de-8\/\">Robinet d&rsquo;entr\u00e9e en laiton \u00e0 montage sur pont de 8&Prime;<\/a><\/li>\n<li><a href=\"https:\/\/thorinox.com\/fr\/equipment\/plomberie-et-robinetterie\/pieces-de-plomberie\/buse-en-col-de-cygne-de-8\/\">Buse en col de cygne de 8&Prime;<\/a><\/li>\n<li><a href=\"https:\/\/thorinox.com\/fr\/equipment\/plomberie-et-robinetterie\/pieces-de-plomberie\/buse\/\">Buse<\/a><\/li>\n<li><a href=\"https:\/\/thorinox.com\/fr\/equipment\/plomberie-et-robinetterie\/pieces-de-plomberie\/corps-de-robinet-mural-de-8\/\">Corps de robinet mural de 8&Prime;<\/a><\/li>\n<li><a href=\"https:\/\/thorinox.com\/fr\/equipment\/plomberie-et-robinetterie\/pieces-de-plomberie\/corps-de-robinet-de-garde-manger-mural-de-8\/\">Corps de robinet de garde-manger mural de 8&Prime;<\/a><\/li>\n<li><a href=\"https:\/\/thorinox.com\/fr\/equipment\/plomberie-et-robinetterie\/pieces-de-plomberie\/corps-de-robinet-monte-sur-pont\/\">Corps de robinet \u00e0 montage sur pont<\/a><\/li>\n<li><a href=\"https:\/\/thorinox.com\/fr\/equipment\/plomberie-et-robinetterie\/pieces-de-plomberie\/raccord-de-connexion\/\">Raccord de connexion<\/a><\/li>\n<li><a href=\"https:\/\/thorinox.com\/fr\/equipment\/plomberie-et-robinetterie\/pieces-de-plomberie\/cartouche-deau-chaude-et-froide\/\">Cartouche d&rsquo;eau chaude et froide<\/a><\/li>\n<\/ul>\n<table>\n<thead>\n<tr>\n<th style=\"text-align: left;\">Mod\u00e8les<\/th>\n<th style=\"text-align: left;\">Description<\/th>\n<\/tr>\n<\/thead>\n<tbody>\n<tr>\n<td>9816-F<\/td>\n<td>Filetage Femelle<\/td>\n<\/tr>\n<tr>\n<td style=\"text-align: left;\">9816-M<\/td>\n<td style=\"text-align: left;\">Filetage Male<\/td>\n<\/tr>\n<\/tbody>\n<\/table>\n","protected":false},"featured_media":8517,"comment_status":"open","ping_status":"closed","template":"","meta":[],"product_cat":[242],"product_tag":[],"yoast_head":"<!-- This site is optimized with the Yoast SEO plugin v23.3 - https:\/\/yoast.com\/wordpress\/plugins\/seo\/ -->\n<title>Corps de robinet mont\u00e9 sur pont | Robinets commerciaux | Thorinox | Toronto, BC, MTL<\/title>\n<meta name=\"description\" content=\"Le corps du robinet \u00e0 montage sur pont offre des solutions de travail efficaces pour les postes de travail ou de nettoyage dans les \u00e9tablissements commerciaux et industriels.\" \/>\n<meta name=\"robots\" content=\"index, follow, max-snippet:-1, max-image-preview:large, max-video-preview:-1\" \/>\n<link rel=\"canonical\" href=\"https:\/\/thorinox.com\/fr\/equipment\/plomberie-et-robinetterie\/pieces-de-plomberie\/corps-de-robinet-monte-sur-pont\/\" \/>\n<meta property=\"og:locale\" content=\"fr_FR\" \/>\n<meta property=\"og:type\" content=\"article\" \/>\n<meta property=\"og:title\" content=\"Corps de robinet mont\u00e9 sur pont | Robinets commerciaux | Thorinox | Toronto, BC, MTL\" \/>\n<meta property=\"og:description\" content=\"Le corps du robinet \u00e0 montage sur pont offre des solutions de travail efficaces pour les postes de travail ou de nettoyage dans les \u00e9tablissements commerciaux et industriels.\" \/>\n<meta property=\"og:url\" content=\"https:\/\/thorinox.com\/fr\/equipment\/plomberie-et-robinetterie\/pieces-de-plomberie\/corps-de-robinet-monte-sur-pont\/\" \/>\n<meta property=\"og:site_name\" content=\"Thorinox\" \/>\n<meta property=\"article:modified_time\" content=\"2024-04-18T18:01:25+00:00\" \/>\n<meta property=\"og:image\" content=\"https:\/\/thorinox.com\/wp-content\/uploads\/2024\/04\/Thorinox-high-quality-stainless-steel-commercial-kitchen-equipment-9816-F-deck-mount-faucet-body.png\" \/>\n\t<meta property=\"og:image:width\" content=\"800\" \/>\n\t<meta property=\"og:image:height\" content=\"900\" \/>\n\t<meta property=\"og:image:type\" content=\"image\/png\" \/>\n<meta name=\"twitter:card\" content=\"summary_large_image\" \/>\n<meta name=\"twitter:label1\" content=\"Dur\u00e9e de lecture estim\u00e9e\" \/>\n\t<meta name=\"twitter:data1\" content=\"2 minutes\" \/>\n<script type=\"application\/ld+json\" class=\"yoast-schema-graph\">{\"@context\":\"https:\/\/schema.org\",\"@graph\":[{\"@type\":\"WebPage\",\"@id\":\"https:\/\/thorinox.com\/fr\/equipment\/plomberie-et-robinetterie\/pieces-de-plomberie\/corps-de-robinet-monte-sur-pont\/\",\"url\":\"https:\/\/thorinox.com\/fr\/equipment\/plomberie-et-robinetterie\/pieces-de-plomberie\/corps-de-robinet-monte-sur-pont\/\",\"name\":\"Corps de robinet mont\u00e9 sur pont | Robinets commerciaux | Thorinox | Toronto, BC, MTL\",\"isPartOf\":{\"@id\":\"https:\/\/thorinox.com\/fr\/#website\"},\"primaryImageOfPage\":{\"@id\":\"https:\/\/thorinox.com\/fr\/equipment\/plomberie-et-robinetterie\/pieces-de-plomberie\/corps-de-robinet-monte-sur-pont\/#primaryimage\"},\"image\":{\"@id\":\"https:\/\/thorinox.com\/fr\/equipment\/plomberie-et-robinetterie\/pieces-de-plomberie\/corps-de-robinet-monte-sur-pont\/#primaryimage\"},\"thumbnailUrl\":\"https:\/\/thorinox.com\/wp-content\/uploads\/2024\/04\/Thorinox-high-quality-stainless-steel-commercial-kitchen-equipment-9816-F-deck-mount-faucet-body.png\",\"datePublished\":\"2024-04-05T16:26:51+00:00\",\"dateModified\":\"2024-04-18T18:01:25+00:00\",\"description\":\"Le corps du robinet \u00e0 montage sur pont offre des solutions de travail efficaces pour les postes de travail ou de nettoyage dans les \u00e9tablissements commerciaux et industriels.\",\"breadcrumb\":{\"@id\":\"https:\/\/thorinox.com\/fr\/equipment\/plomberie-et-robinetterie\/pieces-de-plomberie\/corps-de-robinet-monte-sur-pont\/#breadcrumb\"},\"inLanguage\":\"fr-FR\",\"potentialAction\":[{\"@type\":\"ReadAction\",\"target\":[\"https:\/\/thorinox.com\/fr\/equipment\/plomberie-et-robinetterie\/pieces-de-plomberie\/corps-de-robinet-monte-sur-pont\/\"]}]},{\"@type\":\"ImageObject\",\"inLanguage\":\"fr-FR\",\"@id\":\"https:\/\/thorinox.com\/fr\/equipment\/plomberie-et-robinetterie\/pieces-de-plomberie\/corps-de-robinet-monte-sur-pont\/#primaryimage\",\"url\":\"https:\/\/thorinox.com\/wp-content\/uploads\/2024\/04\/Thorinox-high-quality-stainless-steel-commercial-kitchen-equipment-9816-F-deck-mount-faucet-body.png\",\"contentUrl\":\"https:\/\/thorinox.com\/wp-content\/uploads\/2024\/04\/Thorinox-high-quality-stainless-steel-commercial-kitchen-equipment-9816-F-deck-mount-faucet-body.png\",\"width\":800,\"height\":900,\"caption\":\"Ceci est une image des accessoires de robinetterie de Thorinox. Thorinox est un \u00e9quipement en acier inoxydable de haute qualit\u00e9 destin\u00e9 aux restaurants et autres types de postes de travail.\"},{\"@type\":\"BreadcrumbList\",\"@id\":\"https:\/\/thorinox.com\/fr\/equipment\/plomberie-et-robinetterie\/pieces-de-plomberie\/corps-de-robinet-monte-sur-pont\/#breadcrumb\",\"itemListElement\":[{\"@type\":\"ListItem\",\"position\":1,\"name\":\"Home\",\"item\":\"https:\/\/thorinox.com\/fr\/\"},{\"@type\":\"ListItem\",\"position\":2,\"name\":\"Produits\",\"item\":\"https:\/\/thorinox.com\/fr\/shop\/\"},{\"@type\":\"ListItem\",\"position\":3,\"name\":\"Corps de robinet mont\u00e9 sur pont\"}]},{\"@type\":\"WebSite\",\"@id\":\"https:\/\/thorinox.com\/fr\/#website\",\"url\":\"https:\/\/thorinox.com\/fr\/\",\"name\":\"Thorinox\",\"description\":\"High Quality Stainless Steel Equipment\",\"publisher\":{\"@id\":\"https:\/\/thorinox.com\/fr\/#organization\"},\"potentialAction\":[{\"@type\":\"SearchAction\",\"target\":{\"@type\":\"EntryPoint\",\"urlTemplate\":\"https:\/\/thorinox.com\/fr\/?s={search_term_string}\"},\"query-input\":\"required name=search_term_string\"}],\"inLanguage\":\"fr-FR\"},{\"@type\":\"Organization\",\"@id\":\"https:\/\/thorinox.com\/fr\/#organization\",\"name\":\"Thorinox\",\"url\":\"https:\/\/thorinox.com\/fr\/\",\"logo\":{\"@type\":\"ImageObject\",\"inLanguage\":\"fr-FR\",\"@id\":\"https:\/\/thorinox.com\/fr\/#\/schema\/logo\/image\/\",\"url\":\"https:\/\/thorinox.com\/wp-content\/uploads\/2024\/02\/Thorinox-logo-high-quality-stainless-steel-equipment.png\",\"contentUrl\":\"https:\/\/thorinox.com\/wp-content\/uploads\/2024\/02\/Thorinox-logo-high-quality-stainless-steel-equipment.png\",\"width\":546,\"height\":100,\"caption\":\"Thorinox\"},\"image\":{\"@id\":\"https:\/\/thorinox.com\/fr\/#\/schema\/logo\/image\/\"}}]}<\/script>\n<!-- \/ Yoast SEO plugin. -->","yoast_head_json":{"title":"Corps de robinet mont\u00e9 sur pont | Robinets commerciaux | Thorinox | Toronto, BC, MTL","description":"Le corps du robinet \u00e0 montage sur pont offre des solutions de travail efficaces pour les postes de travail ou de nettoyage dans les \u00e9tablissements commerciaux et industriels.","robots":{"index":"index","follow":"follow","max-snippet":"max-snippet:-1","max-image-preview":"max-image-preview:large","max-video-preview":"max-video-preview:-1"},"canonical":"https:\/\/thorinox.com\/fr\/equipment\/plomberie-et-robinetterie\/pieces-de-plomberie\/corps-de-robinet-monte-sur-pont\/","og_locale":"fr_FR","og_type":"article","og_title":"Corps de robinet mont\u00e9 sur pont | Robinets commerciaux | Thorinox | Toronto, BC, MTL","og_description":"Le corps du robinet \u00e0 montage sur pont offre des solutions de travail efficaces pour les postes de travail ou de nettoyage dans les \u00e9tablissements commerciaux et industriels.","og_url":"https:\/\/thorinox.com\/fr\/equipment\/plomberie-et-robinetterie\/pieces-de-plomberie\/corps-de-robinet-monte-sur-pont\/","og_site_name":"Thorinox","article_modified_time":"2024-04-18T18:01:25+00:00","og_image":[{"width":800,"height":900,"url":"https:\/\/thorinox.com\/wp-content\/uploads\/2024\/04\/Thorinox-high-quality-stainless-steel-commercial-kitchen-equipment-9816-F-deck-mount-faucet-body.png","type":"image\/png"}],"twitter_card":"summary_large_image","twitter_misc":{"Dur\u00e9e de lecture estim\u00e9e":"2 minutes"},"schema":{"@context":"https:\/\/schema.org","@graph":[{"@type":"WebPage","@id":"https:\/\/thorinox.com\/fr\/equipment\/plomberie-et-robinetterie\/pieces-de-plomberie\/corps-de-robinet-monte-sur-pont\/","url":"https:\/\/thorinox.com\/fr\/equipment\/plomberie-et-robinetterie\/pieces-de-plomberie\/corps-de-robinet-monte-sur-pont\/","name":"Corps de robinet mont\u00e9 sur pont | Robinets commerciaux | Thorinox | Toronto, BC, MTL","isPartOf":{"@id":"https:\/\/thorinox.com\/fr\/#website"},"primaryImageOfPage":{"@id":"https:\/\/thorinox.com\/fr\/equipment\/plomberie-et-robinetterie\/pieces-de-plomberie\/corps-de-robinet-monte-sur-pont\/#primaryimage"},"image":{"@id":"https:\/\/thorinox.com\/fr\/equipment\/plomberie-et-robinetterie\/pieces-de-plomberie\/corps-de-robinet-monte-sur-pont\/#primaryimage"},"thumbnailUrl":"https:\/\/thorinox.com\/wp-content\/uploads\/2024\/04\/Thorinox-high-quality-stainless-steel-commercial-kitchen-equipment-9816-F-deck-mount-faucet-body.png","datePublished":"2024-04-05T16:26:51+00:00","dateModified":"2024-04-18T18:01:25+00:00","description":"Le corps du robinet \u00e0 montage sur pont offre des solutions de travail efficaces pour les postes de travail ou de nettoyage dans les \u00e9tablissements commerciaux et industriels.","breadcrumb":{"@id":"https:\/\/thorinox.com\/fr\/equipment\/plomberie-et-robinetterie\/pieces-de-plomberie\/corps-de-robinet-monte-sur-pont\/#breadcrumb"},"inLanguage":"fr-FR","potentialAction":[{"@type":"ReadAction","target":["https:\/\/thorinox.com\/fr\/equipment\/plomberie-et-robinetterie\/pieces-de-plomberie\/corps-de-robinet-monte-sur-pont\/"]}]},{"@type":"ImageObject","inLanguage":"fr-FR","@id":"https:\/\/thorinox.com\/fr\/equipment\/plomberie-et-robinetterie\/pieces-de-plomberie\/corps-de-robinet-monte-sur-pont\/#primaryimage","url":"https:\/\/thorinox.com\/wp-content\/uploads\/2024\/04\/Thorinox-high-quality-stainless-steel-commercial-kitchen-equipment-9816-F-deck-mount-faucet-body.png","contentUrl":"https:\/\/thorinox.com\/wp-content\/uploads\/2024\/04\/Thorinox-high-quality-stainless-steel-commercial-kitchen-equipment-9816-F-deck-mount-faucet-body.png","width":800,"height":900,"caption":"Ceci est une image des accessoires de robinetterie de Thorinox. Thorinox est un \u00e9quipement en acier inoxydable de haute qualit\u00e9 destin\u00e9 aux restaurants et autres types de postes de travail."},{"@type":"BreadcrumbList","@id":"https:\/\/thorinox.com\/fr\/equipment\/plomberie-et-robinetterie\/pieces-de-plomberie\/corps-de-robinet-monte-sur-pont\/#breadcrumb","itemListElement":[{"@type":"ListItem","position":1,"name":"Home","item":"https:\/\/thorinox.com\/fr\/"},{"@type":"ListItem","position":2,"name":"Produits","item":"https:\/\/thorinox.com\/fr\/shop\/"},{"@type":"ListItem","position":3,"name":"Corps de robinet mont\u00e9 sur pont"}]},{"@type":"WebSite","@id":"https:\/\/thorinox.com\/fr\/#website","url":"https:\/\/thorinox.com\/fr\/","name":"Thorinox","description":"High Quality Stainless Steel Equipment","publisher":{"@id":"https:\/\/thorinox.com\/fr\/#organization"},"potentialAction":[{"@type":"SearchAction","target":{"@type":"EntryPoint","urlTemplate":"https:\/\/thorinox.com\/fr\/?s={search_term_string}"},"query-input":"required name=search_term_string"}],"inLanguage":"fr-FR"},{"@type":"Organization","@id":"https:\/\/thorinox.com\/fr\/#organization","name":"Thorinox","url":"https:\/\/thorinox.com\/fr\/","logo":{"@type":"ImageObject","inLanguage":"fr-FR","@id":"https:\/\/thorinox.com\/fr\/#\/schema\/logo\/image\/","url":"https:\/\/thorinox.com\/wp-content\/uploads\/2024\/02\/Thorinox-logo-high-quality-stainless-steel-equipment.png","contentUrl":"https:\/\/thorinox.com\/wp-content\/uploads\/2024\/02\/Thorinox-logo-high-quality-stainless-steel-equipment.png","width":546,"height":100,"caption":"Thorinox"},"image":{"@id":"https:\/\/thorinox.com\/fr\/#\/schema\/logo\/image\/"}}]}},"_links":{"self":[{"href":"https:\/\/thorinox.com\/fr\/wp-json\/wp\/v2\/product\/10449"}],"collection":[{"href":"https:\/\/thorinox.com\/fr\/wp-json\/wp\/v2\/product"}],"about":[{"href":"https:\/\/thorinox.com\/fr\/wp-json\/wp\/v2\/types\/product"}],"replies":[{"embeddable":true,"href":"https:\/\/thorinox.com\/fr\/wp-json\/wp\/v2\/comments?post=10449"}],"wp:featuredmedia":[{"embeddable":true,"href":"https:\/\/thorinox.com\/fr\/wp-json\/wp\/v2\/media\/8517"}],"wp:attachment":[{"href":"https:\/\/thorinox.com\/fr\/wp-json\/wp\/v2\/media?parent=10449"}],"wp:term":[{"taxonomy":"product_cat","embeddable":true,"href":"https:\/\/thorinox.com\/fr\/wp-json\/wp\/v2\/product_cat?post=10449"},{"taxonomy":"product_tag","embeddable":true,"href":"https:\/\/thorinox.com\/fr\/wp-json\/wp\/v2\/product_tag?post=10449"}],"curies":[{"name":"wp","href":"https:\/\/api.w.org\/{rel}","templated":true}]}}