{"id":10448,"date":"2024-04-05T12:11:54","date_gmt":"2024-04-05T16:11:54","guid":{"rendered":"https:\/\/thorinox.com\/equipment\/non%20class\u00e9\/buse\/"},"modified":"2024-04-18T13:55:42","modified_gmt":"2024-04-18T17:55:42","slug":"buse","status":"publish","type":"product","link":"https:\/\/thorinox.com\/fr\/equipment\/plomberie-et-robinetterie\/pieces-de-plomberie\/buse\/","title":{"rendered":"Buse"},"content":{"rendered":"<h3><strong>Pr\u00e9sentation du Buse : Am\u00e9lioration de l&rsquo;Efficacit\u00e9 dans les Cuisines Commerciales<\/strong><\/h3>\n<p>D\u00e9couvrez notre buse dans les pi\u00e8ces de plomberie, offrant des solutions essentielles pour votre cuisine ou espace de travail commercial. D\u00e9couvrez notre gamme diversifi\u00e9e de produits de plomberie, m\u00e9ticuleusement con\u00e7us pour r\u00e9pondre aux exigences de diverses applications et environnements.<\/p>\n<p>Plongez dans notre section Robinets et pi\u00e8ces de pr\u00e9-rin\u00e7age, comprenant notre robinet de pr\u00e9-rin\u00e7age Thorinox unique avec un pulv\u00e9risateur pivotant pour plus de commodit\u00e9 et de fonctionnalit\u00e9. Nos robinets de pr\u00e9-rin\u00e7age offrent des performances et une durabilit\u00e9 sup\u00e9rieures par rapport aux autres options sur le march\u00e9. De plus, nous fournissons des pi\u00e8ces telles qu&rsquo;un ressort h\u00e9lico\u00efdal pour tuyau, un tuyau flexible, un support mural, un tuyau montant avec crochet, un connecteur de tuyau, etc. pour garantir le bon fonctionnement de votre installation.<\/p>\n<p>Une partie de notre cat\u00e9gorie de robinets comprend \u00e9galement des robinets de garde-manger avec montage central de 8&Prime; avec tuyau flexible, fournissant un d\u00e9bit d&rsquo;eau fiable pour vos besoins de cuisine. Nous proposons une large gamme de pi\u00e8ces telles que des robinets d&rsquo;entr\u00e9e en laiton \u00e0 montage sur pont, des buses \u00e0 col de cygne, des buses d&rsquo;\u00e9vier sur colonne, des buses murales. corps de robinet \u00e0 montage mural, corps de robinet de garde-manger \u00e0 montage mural, entr\u00e9es femelles, entr\u00e9es m\u00e2les, corps de robinet \u00e0 montage sur pont, vannes et plus encore pour compl\u00e9ter votre configuration de plomberie et garantir des performances optimales.<\/p>\n<p>Que vous ayez une cuisine commerciale, un restaurant ou un espace de travail culinaire, faites confiance \u00e0 notre \u00e9quipement de plomberie pour r\u00e9pondre \u00e0 vos besoins avec qualit\u00e9 et fiabilit\u00e9. D\u00e9couvrez la commodit\u00e9 et l\u2019efficacit\u00e9 de nos solutions de plomberie, con\u00e7ues pour d\u00e9passer vos attentes et am\u00e9liorer votre flux de travail dans n\u2019importe quel environnement.<\/p>\n<h3>Caract\u00e9ristiques standards :<\/h3>\n<ul>\n<li>Comprend un clapet anti-retour pour \u00e9viter les flux crois\u00e9s<\/li>\n<li>Approuv\u00e9 CSA et NSF<\/li>\n<li>Kit d&rsquo;installation de plomberie inclus<\/li>\n<li>Garantie pi\u00e8ces 3 ans<\/li>\n<\/ul>\n<h3>Correspond avec :<\/h3>\n<ul>\n<li><a href=\"https:\/\/thorinox.com\/fr\/equipment\/eviers\/eviers-specialisees\/evier-a-main-sur-colonne\/\">\u00c9vier \u00e0 main sur colonne<\/a><\/li>\n<li><a href=\"https:\/\/thorinox.com\/fr\/equipment\/plomberie-et-robinetterie\/pieces-de-plomberie\/clapet-a-double-pied\/\">Clapet \u00e0 double pied<\/a><\/li>\n<\/ul>\n<h3>Pi\u00e8ces de plomberie :<\/h3>\n<ul>\n<li><a href=\"https:\/\/thorinox.com\/fr\/equipment\/plomberie-et-robinetterie\/pieces-de-plomberie\/robinet-dentree-en-laiton-a-montage-sur-pont-de-8\/\">Robinet d&rsquo;entr\u00e9e en laiton \u00e0 montage sur pont de 8&Prime;<\/a><\/li>\n<li><a href=\"https:\/\/thorinox.com\/fr\/equipment\/plomberie-et-robinetterie\/pieces-de-plomberie\/buse-en-col-de-cygne-de-8\/\">Buse en col de cygne de 8&Prime;<\/a><\/li>\n<li><a href=\"https:\/\/thorinox.com\/fr\/equipment\/plomberie-et-robinetterie\/pieces-de-plomberie\/buse\/\">Buse<\/a><\/li>\n<li><a href=\"https:\/\/thorinox.com\/fr\/equipment\/plomberie-et-robinetterie\/pieces-de-plomberie\/corps-de-robinet-mural-de-8\/\">Corps de robinet mural de 8&Prime;<\/a><\/li>\n<li><a href=\"https:\/\/thorinox.com\/fr\/equipment\/plomberie-et-robinetterie\/pieces-de-plomberie\/corps-de-robinet-de-garde-manger-mural-de-8\/\">Corps de robinet de garde-manger mural de 8&Prime;<\/a><\/li>\n<li><a href=\"https:\/\/thorinox.com\/fr\/equipment\/plomberie-et-robinetterie\/pieces-de-plomberie\/corps-de-robinet-monte-sur-pont\/\">Corps de robinet \u00e0 montage sur pont<\/a><\/li>\n<li><a href=\"https:\/\/thorinox.com\/fr\/equipment\/plomberie-et-robinetterie\/pieces-de-plomberie\/raccord-de-connexion\/\">Raccord de connexion<\/a><\/li>\n<li><a href=\"https:\/\/thorinox.com\/fr\/equipment\/plomberie-et-robinetterie\/pieces-de-plomberie\/cartouche-deau-chaude-et-froide\/\">Cartouche d&rsquo;eau chaude et froide<\/a><\/li>\n<\/ul>\n<table>\n<thead>\n<tr>\n<th style=\"text-align: left;\">Mod\u00e8les<\/th>\n<th>Description<\/th>\n<\/tr>\n<\/thead>\n<tbody>\n<tr>\n<td>006S<\/td>\n<td>Buse de 6\u201d<\/td>\n<\/tr>\n<tr>\n<td>008S<\/td>\n<td>Buse de 8\u201d<\/td>\n<\/tr>\n<tr>\n<td>012S<\/td>\n<td>Buse de 12\u201d<\/td>\n<\/tr>\n<\/tbody>\n<\/table>\n<p>&nbsp;<\/p>\n","protected":false},"excerpt":{"rendered":"<p>La buse en acier inoxydable est con\u00e7ue pour \u00eatre utilis\u00e9e sur les postes de travail en acier inoxydable dans les \u00e9tablissements commerciaux et industriels, comme les restaurants.<\/p>\n<h3>Caract\u00e9ristiques standards :<\/h3>\n<ul>\n<li>Comprend un clapet anti-retour pour \u00e9viter les flux crois\u00e9s<\/li>\n<li>Approuv\u00e9 CSA et NSF<\/li>\n<li>Kit d&rsquo;installation de plomberie inclus<\/li>\n<li>Garantie pi\u00e8ces 3 ans<\/li>\n<\/ul>\n<h3>Correspond avec :<\/h3>\n<ul>\n<li><a href=\"https:\/\/thorinox.com\/fr\/equipment\/eviers\/eviers-specialisees\/evier-a-main-sur-colonne\/\">\u00c9vier \u00e0 main sur colonne<\/a><\/li>\n<li><a href=\"https:\/\/thorinox.com\/fr\/equipment\/plomberie-et-robinetterie\/pieces-de-plomberie\/clapet-a-double-pied\/\">Clapet \u00e0 double pied<\/a><\/li>\n<\/ul>\n<h3>Pi\u00e8ces de plomberie :<\/h3>\n<ul>\n<li><a href=\"https:\/\/thorinox.com\/fr\/equipment\/plomberie-et-robinetterie\/pieces-de-plomberie\/robinet-dentree-en-laiton-a-montage-sur-pont-de-8\/\">Robinet d&rsquo;entr\u00e9e en laiton \u00e0 montage sur pont de 8&Prime;<\/a><\/li>\n<li><a href=\"https:\/\/thorinox.com\/fr\/equipment\/plomberie-et-robinetterie\/pieces-de-plomberie\/buse-en-col-de-cygne-de-8\/\">Buse en col de cygne de 8&Prime;<\/a><\/li>\n<li><a href=\"https:\/\/thorinox.com\/fr\/equipment\/plomberie-et-robinetterie\/pieces-de-plomberie\/buse\/\">Buse<\/a><\/li>\n<li><a href=\"https:\/\/thorinox.com\/fr\/equipment\/plomberie-et-robinetterie\/pieces-de-plomberie\/corps-de-robinet-mural-de-8\/\">Corps de robinet mural de 8&Prime;<\/a><\/li>\n<li><a href=\"https:\/\/thorinox.com\/fr\/equipment\/plomberie-et-robinetterie\/pieces-de-plomberie\/corps-de-robinet-de-garde-manger-mural-de-8\/\">Corps de robinet de garde-manger mural de 8&Prime;<\/a><\/li>\n<li><a href=\"https:\/\/thorinox.com\/fr\/equipment\/plomberie-et-robinetterie\/pieces-de-plomberie\/corps-de-robinet-monte-sur-pont\/\">Corps de robinet \u00e0 montage sur pont<\/a><\/li>\n<li><a href=\"https:\/\/thorinox.com\/fr\/equipment\/plomberie-et-robinetterie\/pieces-de-plomberie\/raccord-de-connexion\/\">Raccord de connexion<\/a><\/li>\n<li><a href=\"https:\/\/thorinox.com\/fr\/equipment\/plomberie-et-robinetterie\/pieces-de-plomberie\/cartouche-deau-chaude-et-froide\/\">Cartouche d&rsquo;eau chaude et froide<\/a><\/li>\n<\/ul>\n<table>\n<thead>\n<tr>\n<th style=\"text-align: left;\">Mod\u00e8les<\/th>\n<th>Description<\/th>\n<\/tr>\n<\/thead>\n<tbody>\n<tr>\n<td>006S<\/td>\n<td>Buse de 6\u201d<\/td>\n<\/tr>\n<tr>\n<td>008S<\/td>\n<td>Buse de 8\u201d<\/td>\n<\/tr>\n<tr>\n<td>012S<\/td>\n<td>Buse de 12\u201d<\/td>\n<\/tr>\n<\/tbody>\n<\/table>\n","protected":false},"featured_media":8501,"comment_status":"open","ping_status":"closed","template":"","meta":[],"product_cat":[242],"product_tag":[],"yoast_head":"<!-- This site is optimized with the Yoast SEO plugin v23.3 - https:\/\/yoast.com\/wordpress\/plugins\/seo\/ -->\n<title>Buse | Robinets commerciaux | Thorinox | Toronto, BC, MTL<\/title>\n<meta name=\"description\" content=\"La buse en acier inoxydable est con\u00e7ue pour \u00eatre utilis\u00e9e sur les postes de travail en acier inoxydable dans les \u00e9tablissements commerciaux et industriels, comme les restaurants.\" \/>\n<meta name=\"robots\" content=\"index, follow, max-snippet:-1, max-image-preview:large, max-video-preview:-1\" \/>\n<link rel=\"canonical\" href=\"https:\/\/thorinox.com\/fr\/equipment\/plomberie-et-robinetterie\/pieces-de-plomberie\/buse\/\" \/>\n<meta property=\"og:locale\" content=\"fr_FR\" \/>\n<meta property=\"og:type\" content=\"article\" \/>\n<meta property=\"og:title\" content=\"Buse | Robinets commerciaux | Thorinox | Toronto, BC, MTL\" \/>\n<meta property=\"og:description\" content=\"La buse en acier inoxydable est con\u00e7ue pour \u00eatre utilis\u00e9e sur les postes de travail en acier inoxydable dans les \u00e9tablissements commerciaux et industriels, comme les restaurants.\" \/>\n<meta property=\"og:url\" content=\"https:\/\/thorinox.com\/fr\/equipment\/plomberie-et-robinetterie\/pieces-de-plomberie\/buse\/\" \/>\n<meta property=\"og:site_name\" content=\"Thorinox\" \/>\n<meta property=\"article:modified_time\" content=\"2024-04-18T17:55:42+00:00\" \/>\n<meta property=\"og:image\" content=\"https:\/\/thorinox.com\/wp-content\/uploads\/2024\/04\/Thorinox-high-quality-stainless-steel-commercial-kitchen-equipment-012S-nozzle-1.png\" \/>\n\t<meta property=\"og:image:width\" content=\"800\" \/>\n\t<meta property=\"og:image:height\" content=\"900\" \/>\n\t<meta property=\"og:image:type\" content=\"image\/png\" \/>\n<meta name=\"twitter:card\" content=\"summary_large_image\" \/>\n<meta name=\"twitter:label1\" content=\"Dur\u00e9e de lecture estim\u00e9e\" \/>\n\t<meta name=\"twitter:data1\" content=\"2 minutes\" \/>\n<script type=\"application\/ld+json\" class=\"yoast-schema-graph\">{\"@context\":\"https:\/\/schema.org\",\"@graph\":[{\"@type\":\"WebPage\",\"@id\":\"https:\/\/thorinox.com\/fr\/equipment\/plomberie-et-robinetterie\/pieces-de-plomberie\/buse\/\",\"url\":\"https:\/\/thorinox.com\/fr\/equipment\/plomberie-et-robinetterie\/pieces-de-plomberie\/buse\/\",\"name\":\"Buse | Robinets commerciaux | Thorinox | Toronto, BC, MTL\",\"isPartOf\":{\"@id\":\"https:\/\/thorinox.com\/fr\/#website\"},\"primaryImageOfPage\":{\"@id\":\"https:\/\/thorinox.com\/fr\/equipment\/plomberie-et-robinetterie\/pieces-de-plomberie\/buse\/#primaryimage\"},\"image\":{\"@id\":\"https:\/\/thorinox.com\/fr\/equipment\/plomberie-et-robinetterie\/pieces-de-plomberie\/buse\/#primaryimage\"},\"thumbnailUrl\":\"https:\/\/thorinox.com\/wp-content\/uploads\/2024\/04\/Thorinox-high-quality-stainless-steel-commercial-kitchen-equipment-012S-nozzle-1.png\",\"datePublished\":\"2024-04-05T16:11:54+00:00\",\"dateModified\":\"2024-04-18T17:55:42+00:00\",\"description\":\"La buse en acier inoxydable est con\u00e7ue pour \u00eatre utilis\u00e9e sur les postes de travail en acier inoxydable dans les \u00e9tablissements commerciaux et industriels, comme les restaurants.\",\"breadcrumb\":{\"@id\":\"https:\/\/thorinox.com\/fr\/equipment\/plomberie-et-robinetterie\/pieces-de-plomberie\/buse\/#breadcrumb\"},\"inLanguage\":\"fr-FR\",\"potentialAction\":[{\"@type\":\"ReadAction\",\"target\":[\"https:\/\/thorinox.com\/fr\/equipment\/plomberie-et-robinetterie\/pieces-de-plomberie\/buse\/\"]}]},{\"@type\":\"ImageObject\",\"inLanguage\":\"fr-FR\",\"@id\":\"https:\/\/thorinox.com\/fr\/equipment\/plomberie-et-robinetterie\/pieces-de-plomberie\/buse\/#primaryimage\",\"url\":\"https:\/\/thorinox.com\/wp-content\/uploads\/2024\/04\/Thorinox-high-quality-stainless-steel-commercial-kitchen-equipment-012S-nozzle-1.png\",\"contentUrl\":\"https:\/\/thorinox.com\/wp-content\/uploads\/2024\/04\/Thorinox-high-quality-stainless-steel-commercial-kitchen-equipment-012S-nozzle-1.png\",\"width\":800,\"height\":900,\"caption\":\"Ceci est une image d'un robinet de garde-manger de Thorinox. Thorinox est un \u00e9quipement en acier inoxydable de haute qualit\u00e9 destin\u00e9 aux restaurants et autres types de postes de travail.\"},{\"@type\":\"BreadcrumbList\",\"@id\":\"https:\/\/thorinox.com\/fr\/equipment\/plomberie-et-robinetterie\/pieces-de-plomberie\/buse\/#breadcrumb\",\"itemListElement\":[{\"@type\":\"ListItem\",\"position\":1,\"name\":\"Home\",\"item\":\"https:\/\/thorinox.com\/fr\/\"},{\"@type\":\"ListItem\",\"position\":2,\"name\":\"Produits\",\"item\":\"https:\/\/thorinox.com\/fr\/shop\/\"},{\"@type\":\"ListItem\",\"position\":3,\"name\":\"Buse\"}]},{\"@type\":\"WebSite\",\"@id\":\"https:\/\/thorinox.com\/fr\/#website\",\"url\":\"https:\/\/thorinox.com\/fr\/\",\"name\":\"Thorinox\",\"description\":\"High Quality Stainless Steel Equipment\",\"publisher\":{\"@id\":\"https:\/\/thorinox.com\/fr\/#organization\"},\"potentialAction\":[{\"@type\":\"SearchAction\",\"target\":{\"@type\":\"EntryPoint\",\"urlTemplate\":\"https:\/\/thorinox.com\/fr\/?s={search_term_string}\"},\"query-input\":\"required name=search_term_string\"}],\"inLanguage\":\"fr-FR\"},{\"@type\":\"Organization\",\"@id\":\"https:\/\/thorinox.com\/fr\/#organization\",\"name\":\"Thorinox\",\"url\":\"https:\/\/thorinox.com\/fr\/\",\"logo\":{\"@type\":\"ImageObject\",\"inLanguage\":\"fr-FR\",\"@id\":\"https:\/\/thorinox.com\/fr\/#\/schema\/logo\/image\/\",\"url\":\"https:\/\/thorinox.com\/wp-content\/uploads\/2024\/02\/Thorinox-logo-high-quality-stainless-steel-equipment.png\",\"contentUrl\":\"https:\/\/thorinox.com\/wp-content\/uploads\/2024\/02\/Thorinox-logo-high-quality-stainless-steel-equipment.png\",\"width\":546,\"height\":100,\"caption\":\"Thorinox\"},\"image\":{\"@id\":\"https:\/\/thorinox.com\/fr\/#\/schema\/logo\/image\/\"}}]}<\/script>\n<!-- \/ Yoast SEO plugin. -->","yoast_head_json":{"title":"Buse | Robinets commerciaux | Thorinox | Toronto, BC, MTL","description":"La buse en acier inoxydable est con\u00e7ue pour \u00eatre utilis\u00e9e sur les postes de travail en acier inoxydable dans les \u00e9tablissements commerciaux et industriels, comme les restaurants.","robots":{"index":"index","follow":"follow","max-snippet":"max-snippet:-1","max-image-preview":"max-image-preview:large","max-video-preview":"max-video-preview:-1"},"canonical":"https:\/\/thorinox.com\/fr\/equipment\/plomberie-et-robinetterie\/pieces-de-plomberie\/buse\/","og_locale":"fr_FR","og_type":"article","og_title":"Buse | Robinets commerciaux | Thorinox | Toronto, BC, MTL","og_description":"La buse en acier inoxydable est con\u00e7ue pour \u00eatre utilis\u00e9e sur les postes de travail en acier inoxydable dans les \u00e9tablissements commerciaux et industriels, comme les restaurants.","og_url":"https:\/\/thorinox.com\/fr\/equipment\/plomberie-et-robinetterie\/pieces-de-plomberie\/buse\/","og_site_name":"Thorinox","article_modified_time":"2024-04-18T17:55:42+00:00","og_image":[{"width":800,"height":900,"url":"https:\/\/thorinox.com\/wp-content\/uploads\/2024\/04\/Thorinox-high-quality-stainless-steel-commercial-kitchen-equipment-012S-nozzle-1.png","type":"image\/png"}],"twitter_card":"summary_large_image","twitter_misc":{"Dur\u00e9e de lecture estim\u00e9e":"2 minutes"},"schema":{"@context":"https:\/\/schema.org","@graph":[{"@type":"WebPage","@id":"https:\/\/thorinox.com\/fr\/equipment\/plomberie-et-robinetterie\/pieces-de-plomberie\/buse\/","url":"https:\/\/thorinox.com\/fr\/equipment\/plomberie-et-robinetterie\/pieces-de-plomberie\/buse\/","name":"Buse | Robinets commerciaux | Thorinox | Toronto, BC, MTL","isPartOf":{"@id":"https:\/\/thorinox.com\/fr\/#website"},"primaryImageOfPage":{"@id":"https:\/\/thorinox.com\/fr\/equipment\/plomberie-et-robinetterie\/pieces-de-plomberie\/buse\/#primaryimage"},"image":{"@id":"https:\/\/thorinox.com\/fr\/equipment\/plomberie-et-robinetterie\/pieces-de-plomberie\/buse\/#primaryimage"},"thumbnailUrl":"https:\/\/thorinox.com\/wp-content\/uploads\/2024\/04\/Thorinox-high-quality-stainless-steel-commercial-kitchen-equipment-012S-nozzle-1.png","datePublished":"2024-04-05T16:11:54+00:00","dateModified":"2024-04-18T17:55:42+00:00","description":"La buse en acier inoxydable est con\u00e7ue pour \u00eatre utilis\u00e9e sur les postes de travail en acier inoxydable dans les \u00e9tablissements commerciaux et industriels, comme les restaurants.","breadcrumb":{"@id":"https:\/\/thorinox.com\/fr\/equipment\/plomberie-et-robinetterie\/pieces-de-plomberie\/buse\/#breadcrumb"},"inLanguage":"fr-FR","potentialAction":[{"@type":"ReadAction","target":["https:\/\/thorinox.com\/fr\/equipment\/plomberie-et-robinetterie\/pieces-de-plomberie\/buse\/"]}]},{"@type":"ImageObject","inLanguage":"fr-FR","@id":"https:\/\/thorinox.com\/fr\/equipment\/plomberie-et-robinetterie\/pieces-de-plomberie\/buse\/#primaryimage","url":"https:\/\/thorinox.com\/wp-content\/uploads\/2024\/04\/Thorinox-high-quality-stainless-steel-commercial-kitchen-equipment-012S-nozzle-1.png","contentUrl":"https:\/\/thorinox.com\/wp-content\/uploads\/2024\/04\/Thorinox-high-quality-stainless-steel-commercial-kitchen-equipment-012S-nozzle-1.png","width":800,"height":900,"caption":"Ceci est une image d'un robinet de garde-manger de Thorinox. Thorinox est un \u00e9quipement en acier inoxydable de haute qualit\u00e9 destin\u00e9 aux restaurants et autres types de postes de travail."},{"@type":"BreadcrumbList","@id":"https:\/\/thorinox.com\/fr\/equipment\/plomberie-et-robinetterie\/pieces-de-plomberie\/buse\/#breadcrumb","itemListElement":[{"@type":"ListItem","position":1,"name":"Home","item":"https:\/\/thorinox.com\/fr\/"},{"@type":"ListItem","position":2,"name":"Produits","item":"https:\/\/thorinox.com\/fr\/shop\/"},{"@type":"ListItem","position":3,"name":"Buse"}]},{"@type":"WebSite","@id":"https:\/\/thorinox.com\/fr\/#website","url":"https:\/\/thorinox.com\/fr\/","name":"Thorinox","description":"High Quality Stainless Steel Equipment","publisher":{"@id":"https:\/\/thorinox.com\/fr\/#organization"},"potentialAction":[{"@type":"SearchAction","target":{"@type":"EntryPoint","urlTemplate":"https:\/\/thorinox.com\/fr\/?s={search_term_string}"},"query-input":"required name=search_term_string"}],"inLanguage":"fr-FR"},{"@type":"Organization","@id":"https:\/\/thorinox.com\/fr\/#organization","name":"Thorinox","url":"https:\/\/thorinox.com\/fr\/","logo":{"@type":"ImageObject","inLanguage":"fr-FR","@id":"https:\/\/thorinox.com\/fr\/#\/schema\/logo\/image\/","url":"https:\/\/thorinox.com\/wp-content\/uploads\/2024\/02\/Thorinox-logo-high-quality-stainless-steel-equipment.png","contentUrl":"https:\/\/thorinox.com\/wp-content\/uploads\/2024\/02\/Thorinox-logo-high-quality-stainless-steel-equipment.png","width":546,"height":100,"caption":"Thorinox"},"image":{"@id":"https:\/\/thorinox.com\/fr\/#\/schema\/logo\/image\/"}}]}},"_links":{"self":[{"href":"https:\/\/thorinox.com\/fr\/wp-json\/wp\/v2\/product\/10448"}],"collection":[{"href":"https:\/\/thorinox.com\/fr\/wp-json\/wp\/v2\/product"}],"about":[{"href":"https:\/\/thorinox.com\/fr\/wp-json\/wp\/v2\/types\/product"}],"replies":[{"embeddable":true,"href":"https:\/\/thorinox.com\/fr\/wp-json\/wp\/v2\/comments?post=10448"}],"wp:featuredmedia":[{"embeddable":true,"href":"https:\/\/thorinox.com\/fr\/wp-json\/wp\/v2\/media\/8501"}],"wp:attachment":[{"href":"https:\/\/thorinox.com\/fr\/wp-json\/wp\/v2\/media?parent=10448"}],"wp:term":[{"taxonomy":"product_cat","embeddable":true,"href":"https:\/\/thorinox.com\/fr\/wp-json\/wp\/v2\/product_cat?post=10448"},{"taxonomy":"product_tag","embeddable":true,"href":"https:\/\/thorinox.com\/fr\/wp-json\/wp\/v2\/product_tag?post=10448"}],"curies":[{"name":"wp","href":"https:\/\/api.w.org\/{rel}","templated":true}]}}