{"id":10447,"date":"2024-04-05T12:15:42","date_gmt":"2024-04-05T16:15:42","guid":{"rendered":"https:\/\/thorinox.com\/equipment\/non%20class\u00e9\/buse-pour-evier-sur-colonne\/"},"modified":"2024-04-18T13:55:22","modified_gmt":"2024-04-18T17:55:22","slug":"buse-pour-evier-sur-colonne","status":"publish","type":"product","link":"https:\/\/thorinox.com\/fr\/equipment\/plomberie-et-robinetterie\/pieces-de-plomberie\/buse-pour-evier-sur-colonne\/","title":{"rendered":"Buse pour \u00e9vier sur colonne"},"content":{"rendered":"<h3><strong>Pr\u00e9sentation du Buse pour \u00e9vier sur colonne : Am\u00e9lioration de l&rsquo;Efficacit\u00e9 dans les Cuisines Commerciales<\/strong><\/h3>\n<p>D\u00e9couvrez nos pi\u00e8ces de plomberie, offrant des solutions essentielles pour votre cuisine ou espace de travail commercial. D\u00e9couvrez notre gamme diversifi\u00e9e de produits de plomberie, m\u00e9ticuleusement con\u00e7us pour r\u00e9pondre aux exigences de diverses applications et environnements.<\/p>\n<p>Plongez dans notre section Robinets et pi\u00e8ces de pr\u00e9-rin\u00e7age, comprenant notre robinet de pr\u00e9-rin\u00e7age Thorinox unique avec un pulv\u00e9risateur pivotant pour plus de commodit\u00e9 et de fonctionnalit\u00e9. Nos robinets de pr\u00e9-rin\u00e7age offrent des performances et une durabilit\u00e9 sup\u00e9rieures par rapport aux autres options sur le march\u00e9. De plus, nous fournissons des pi\u00e8ces telles qu&rsquo;un ressort h\u00e9lico\u00efdal pour tuyau, un tuyau flexible, un support mural, un tuyau montant avec crochet, un connecteur de tuyau, etc. pour garantir le bon fonctionnement de votre installation.<\/p>\n<p>Une partie de notre cat\u00e9gorie de robinets comprend \u00e9galement des robinets de garde-manger avec montage central de 8&Prime; avec tuyau flexible, fournissant un d\u00e9bit d&rsquo;eau fiable pour vos besoins de cuisine. Nous proposons une large gamme de pi\u00e8ces telles que des robinets d&rsquo;entr\u00e9e en laiton \u00e0 montage sur pont, des buses \u00e0 col de cygne, des buses d&rsquo;\u00e9vier sur colonne, des buses murales. corps de robinet \u00e0 montage mural, corps de robinet de garde-manger \u00e0 montage mural, entr\u00e9es femelles, entr\u00e9es m\u00e2les, corps de robinet \u00e0 montage sur pont, vannes et plus encore pour compl\u00e9ter votre configuration de plomberie et garantir des performances optimales.<\/p>\n<p>Que vous ayez une cuisine commerciale, un restaurant ou un espace de travail culinaire, faites confiance \u00e0 notre \u00e9quipement de plomberie pour r\u00e9pondre \u00e0 vos besoins avec qualit\u00e9 et fiabilit\u00e9. D\u00e9couvrez la commodit\u00e9 et l\u2019efficacit\u00e9 de nos solutions de plomberie, con\u00e7ues pour d\u00e9passer vos attentes et am\u00e9liorer votre flux de travail dans n\u2019importe quel environnement.<\/p>\n<h3>Caract\u00e9ristiques du \u00e9vier sur colonne :<\/h3>\n<ul>\n<li>Fabriqu\u00e9 en acier inoxydable 304 de calibre 18<\/li>\n<li>Coutures soud\u00e9es bien polies<\/li>\n<li>Coins incurv\u00e9s et bords roul\u00e9s<\/li>\n<li>Dosseret de 8&Prime; avec retour \u00e0 45\u00b0<\/li>\n<li>2 p\u00e9dales, drain 1,5&Prime; et robinet col de cygne inclus<\/li>\n<\/ul>\n<h3>Correspond avec :<\/h3>\n<ul>\n<li><a href=\"https:\/\/thorinox.com\/fr\/equipment\/eviers\/eviers-specialisees\/evier-a-main-sur-colonne\/\">\u00c9vier \u00e0 main sur colonne<\/a><\/li>\n<li><a href=\"https:\/\/thorinox.com\/fr\/equipment\/plomberie-et-robinetterie\/pieces-de-plomberie\/clapet-a-double-pied\/\">Clapet \u00e0 double pied<\/a><\/li>\n<\/ul>\n<h3>Pi\u00e8ces de plomberie :<\/h3>\n<ul>\n<li><a href=\"https:\/\/thorinox.com\/fr\/equipment\/plomberie-et-robinetterie\/pieces-de-plomberie\/robinet-dentree-en-laiton-a-montage-sur-pont-de-8\/\">Robinet d&rsquo;entr\u00e9e en laiton \u00e0 montage sur pont de 8&Prime;<\/a><\/li>\n<li><a href=\"https:\/\/thorinox.com\/fr\/equipment\/plomberie-et-robinetterie\/pieces-de-plomberie\/buse-en-col-de-cygne-de-8\/\">Buse en col de cygne de 8&Prime;<\/a><\/li>\n<li><a href=\"https:\/\/thorinox.com\/fr\/equipment\/plomberie-et-robinetterie\/pieces-de-plomberie\/buse\/\">Buse<\/a><\/li>\n<li><a href=\"https:\/\/thorinox.com\/fr\/equipment\/plomberie-et-robinetterie\/pieces-de-plomberie\/corps-de-robinet-mural-de-8\/\">Corps de robinet mural de 8&Prime;<\/a><\/li>\n<li><a href=\"https:\/\/thorinox.com\/fr\/equipment\/plomberie-et-robinetterie\/pieces-de-plomberie\/corps-de-robinet-de-garde-manger-mural-de-8\/\">Corps de robinet de garde-manger mural de 8&Prime;<\/a><\/li>\n<li><a href=\"https:\/\/thorinox.com\/fr\/equipment\/plomberie-et-robinetterie\/pieces-de-plomberie\/corps-de-robinet-monte-sur-pont\/\">Corps de robinet \u00e0 montage sur pont<\/a><\/li>\n<li><a href=\"https:\/\/thorinox.com\/fr\/equipment\/plomberie-et-robinetterie\/pieces-de-plomberie\/raccord-de-connexion\/\">Raccord de connexion<\/a><\/li>\n<li><a href=\"https:\/\/thorinox.com\/fr\/equipment\/plomberie-et-robinetterie\/pieces-de-plomberie\/cartouche-deau-chaude-et-froide\/\">Cartouche d&rsquo;eau chaude et froide<\/a><\/li>\n<\/ul>\n<table>\n<thead>\n<tr>\n<th style=\"text-align: left;\">Mod\u00e8le<\/th>\n<\/tr>\n<\/thead>\n<tbody>\n<tr>\n<td>SSDV<\/td>\n<\/tr>\n<\/tbody>\n<\/table>\n","protected":false},"excerpt":{"rendered":"<p>La buse pour \u00e9vier sur colonne con\u00e7ue offre des solutions de travail efficaces pour les postes de travail ou de nettoyage dans les \u00e9tablissements commerciaux.<\/p>\n<h3>Caract\u00e9ristiques du \u00e9vier sur colonne :<\/h3>\n<ul>\n<li>Fabriqu\u00e9 en acier inoxydable 304 de calibre 18<\/li>\n<li>Coutures soud\u00e9es bien polies<\/li>\n<li>Coins incurv\u00e9s et bords roul\u00e9s<\/li>\n<li>Dosseret de 8&Prime; avec retour \u00e0 45\u00b0<\/li>\n<li>2 p\u00e9dales, drain 1,5&Prime; et robinet col de cygne inclus<\/li>\n<\/ul>\n<h3>Correspond avec :<\/h3>\n<ul>\n<li><a href=\"https:\/\/thorinox.com\/fr\/equipment\/eviers\/eviers-specialisees\/evier-a-main-sur-colonne\/\">\u00c9vier \u00e0 main sur colonne<\/a><\/li>\n<li><a href=\"https:\/\/thorinox.com\/fr\/equipment\/plomberie-et-robinetterie\/pieces-de-plomberie\/clapet-a-double-pied\/\">Clapet \u00e0 double pied<\/a><\/li>\n<\/ul>\n<h3>Pi\u00e8ces de plomberie :<\/h3>\n<ul>\n<li><a href=\"https:\/\/thorinox.com\/fr\/equipment\/plomberie-et-robinetterie\/pieces-de-plomberie\/robinet-dentree-en-laiton-a-montage-sur-pont-de-8\/\">Robinet d&rsquo;entr\u00e9e en laiton \u00e0 montage sur pont de 8&Prime;<\/a><\/li>\n<li><a href=\"https:\/\/thorinox.com\/fr\/equipment\/plomberie-et-robinetterie\/pieces-de-plomberie\/buse-en-col-de-cygne-de-8\/\">Buse en col de cygne de 8&Prime;<\/a><\/li>\n<li><a href=\"https:\/\/thorinox.com\/fr\/equipment\/plomberie-et-robinetterie\/pieces-de-plomberie\/buse\/\">Buse<\/a><\/li>\n<li><a href=\"https:\/\/thorinox.com\/fr\/equipment\/plomberie-et-robinetterie\/pieces-de-plomberie\/corps-de-robinet-mural-de-8\/\">Corps de robinet mural de 8&Prime;<\/a><\/li>\n<li><a href=\"https:\/\/thorinox.com\/fr\/equipment\/plomberie-et-robinetterie\/pieces-de-plomberie\/corps-de-robinet-de-garde-manger-mural-de-8\/\">Corps de robinet de garde-manger mural de 8&Prime;<\/a><\/li>\n<li><a href=\"https:\/\/thorinox.com\/fr\/equipment\/plomberie-et-robinetterie\/pieces-de-plomberie\/corps-de-robinet-monte-sur-pont\/\">Corps de robinet \u00e0 montage sur pont<\/a><\/li>\n<li><a href=\"https:\/\/thorinox.com\/fr\/equipment\/plomberie-et-robinetterie\/pieces-de-plomberie\/raccord-de-connexion\/\">Raccord de connexion<\/a><\/li>\n<li><a href=\"https:\/\/thorinox.com\/fr\/equipment\/plomberie-et-robinetterie\/pieces-de-plomberie\/cartouche-deau-chaude-et-froide\/\">Cartouche d&rsquo;eau chaude et froide<\/a><\/li>\n<\/ul>\n<table>\n<thead>\n<tr>\n<th style=\"text-align: left;\">Mod\u00e8le<\/th>\n<\/tr>\n<\/thead>\n<tbody>\n<tr>\n<td>SSDV<\/td>\n<\/tr>\n<\/tbody>\n<\/table>\n","protected":false},"featured_media":8508,"comment_status":"open","ping_status":"closed","template":"","meta":[],"product_cat":[242],"product_tag":[],"yoast_head":"<!-- This site is optimized with the Yoast SEO plugin v23.3 - https:\/\/yoast.com\/wordpress\/plugins\/seo\/ -->\n<title>Buse pour \u00e9vier sur colonne | Robinets commerciaux | Thorinox | Toronto, BC, MTL<\/title>\n<meta name=\"description\" content=\"La buse pour lavabo sur colonne con\u00e7ue pour le lavabo sur colonne offre des solutions de travail efficaces pour les postes de travail ou de nettoyage dans les \u00e9tablissements commerciaux.\" \/>\n<meta name=\"robots\" content=\"index, follow, max-snippet:-1, max-image-preview:large, max-video-preview:-1\" \/>\n<link rel=\"canonical\" href=\"https:\/\/thorinox.com\/fr\/equipment\/plomberie-et-robinetterie\/pieces-de-plomberie\/buse-pour-evier-sur-colonne\/\" \/>\n<meta property=\"og:locale\" content=\"fr_FR\" \/>\n<meta property=\"og:type\" content=\"article\" \/>\n<meta property=\"og:title\" content=\"Buse pour \u00e9vier sur colonne | Robinets commerciaux | Thorinox | Toronto, BC, MTL\" \/>\n<meta property=\"og:description\" content=\"La buse pour lavabo sur colonne con\u00e7ue pour le lavabo sur colonne offre des solutions de travail efficaces pour les postes de travail ou de nettoyage dans les \u00e9tablissements commerciaux.\" \/>\n<meta property=\"og:url\" content=\"https:\/\/thorinox.com\/fr\/equipment\/plomberie-et-robinetterie\/pieces-de-plomberie\/buse-pour-evier-sur-colonne\/\" \/>\n<meta property=\"og:site_name\" content=\"Thorinox\" \/>\n<meta property=\"article:modified_time\" content=\"2024-04-18T17:55:22+00:00\" \/>\n<meta property=\"og:image\" content=\"https:\/\/thorinox.com\/wp-content\/uploads\/2024\/04\/Thorinox-high-quality-stainless-steel-commercial-kitchen-equipment-SSDV-pedestal-sink-nozzle.png\" \/>\n\t<meta property=\"og:image:width\" content=\"800\" \/>\n\t<meta property=\"og:image:height\" content=\"900\" \/>\n\t<meta property=\"og:image:type\" content=\"image\/png\" \/>\n<meta name=\"twitter:card\" content=\"summary_large_image\" \/>\n<meta name=\"twitter:label1\" content=\"Dur\u00e9e de lecture estim\u00e9e\" \/>\n\t<meta name=\"twitter:data1\" content=\"2 minutes\" \/>\n<script type=\"application\/ld+json\" class=\"yoast-schema-graph\">{\"@context\":\"https:\/\/schema.org\",\"@graph\":[{\"@type\":\"WebPage\",\"@id\":\"https:\/\/thorinox.com\/fr\/equipment\/plomberie-et-robinetterie\/pieces-de-plomberie\/buse-pour-evier-sur-colonne\/\",\"url\":\"https:\/\/thorinox.com\/fr\/equipment\/plomberie-et-robinetterie\/pieces-de-plomberie\/buse-pour-evier-sur-colonne\/\",\"name\":\"Buse pour \u00e9vier sur colonne | Robinets commerciaux | Thorinox | Toronto, BC, MTL\",\"isPartOf\":{\"@id\":\"https:\/\/thorinox.com\/fr\/#website\"},\"primaryImageOfPage\":{\"@id\":\"https:\/\/thorinox.com\/fr\/equipment\/plomberie-et-robinetterie\/pieces-de-plomberie\/buse-pour-evier-sur-colonne\/#primaryimage\"},\"image\":{\"@id\":\"https:\/\/thorinox.com\/fr\/equipment\/plomberie-et-robinetterie\/pieces-de-plomberie\/buse-pour-evier-sur-colonne\/#primaryimage\"},\"thumbnailUrl\":\"https:\/\/thorinox.com\/wp-content\/uploads\/2024\/04\/Thorinox-high-quality-stainless-steel-commercial-kitchen-equipment-SSDV-pedestal-sink-nozzle.png\",\"datePublished\":\"2024-04-05T16:15:42+00:00\",\"dateModified\":\"2024-04-18T17:55:22+00:00\",\"description\":\"La buse pour lavabo sur colonne con\u00e7ue pour le lavabo sur colonne offre des solutions de travail efficaces pour les postes de travail ou de nettoyage dans les \u00e9tablissements commerciaux.\",\"breadcrumb\":{\"@id\":\"https:\/\/thorinox.com\/fr\/equipment\/plomberie-et-robinetterie\/pieces-de-plomberie\/buse-pour-evier-sur-colonne\/#breadcrumb\"},\"inLanguage\":\"fr-FR\",\"potentialAction\":[{\"@type\":\"ReadAction\",\"target\":[\"https:\/\/thorinox.com\/fr\/equipment\/plomberie-et-robinetterie\/pieces-de-plomberie\/buse-pour-evier-sur-colonne\/\"]}]},{\"@type\":\"ImageObject\",\"inLanguage\":\"fr-FR\",\"@id\":\"https:\/\/thorinox.com\/fr\/equipment\/plomberie-et-robinetterie\/pieces-de-plomberie\/buse-pour-evier-sur-colonne\/#primaryimage\",\"url\":\"https:\/\/thorinox.com\/wp-content\/uploads\/2024\/04\/Thorinox-high-quality-stainless-steel-commercial-kitchen-equipment-SSDV-pedestal-sink-nozzle.png\",\"contentUrl\":\"https:\/\/thorinox.com\/wp-content\/uploads\/2024\/04\/Thorinox-high-quality-stainless-steel-commercial-kitchen-equipment-SSDV-pedestal-sink-nozzle.png\",\"width\":800,\"height\":900,\"caption\":\"Ceci est une image d'un robinet de garde-manger de Thorinox. Thorinox est un \u00e9quipement en acier inoxydable de haute qualit\u00e9 destin\u00e9 aux restaurants et autres types de postes de travail.\"},{\"@type\":\"BreadcrumbList\",\"@id\":\"https:\/\/thorinox.com\/fr\/equipment\/plomberie-et-robinetterie\/pieces-de-plomberie\/buse-pour-evier-sur-colonne\/#breadcrumb\",\"itemListElement\":[{\"@type\":\"ListItem\",\"position\":1,\"name\":\"Home\",\"item\":\"https:\/\/thorinox.com\/fr\/\"},{\"@type\":\"ListItem\",\"position\":2,\"name\":\"Produits\",\"item\":\"https:\/\/thorinox.com\/fr\/shop\/\"},{\"@type\":\"ListItem\",\"position\":3,\"name\":\"Buse pour \u00e9vier sur colonne\"}]},{\"@type\":\"WebSite\",\"@id\":\"https:\/\/thorinox.com\/fr\/#website\",\"url\":\"https:\/\/thorinox.com\/fr\/\",\"name\":\"Thorinox\",\"description\":\"High Quality Stainless Steel Equipment\",\"publisher\":{\"@id\":\"https:\/\/thorinox.com\/fr\/#organization\"},\"potentialAction\":[{\"@type\":\"SearchAction\",\"target\":{\"@type\":\"EntryPoint\",\"urlTemplate\":\"https:\/\/thorinox.com\/fr\/?s={search_term_string}\"},\"query-input\":\"required name=search_term_string\"}],\"inLanguage\":\"fr-FR\"},{\"@type\":\"Organization\",\"@id\":\"https:\/\/thorinox.com\/fr\/#organization\",\"name\":\"Thorinox\",\"url\":\"https:\/\/thorinox.com\/fr\/\",\"logo\":{\"@type\":\"ImageObject\",\"inLanguage\":\"fr-FR\",\"@id\":\"https:\/\/thorinox.com\/fr\/#\/schema\/logo\/image\/\",\"url\":\"https:\/\/thorinox.com\/wp-content\/uploads\/2024\/02\/Thorinox-logo-high-quality-stainless-steel-equipment.png\",\"contentUrl\":\"https:\/\/thorinox.com\/wp-content\/uploads\/2024\/02\/Thorinox-logo-high-quality-stainless-steel-equipment.png\",\"width\":546,\"height\":100,\"caption\":\"Thorinox\"},\"image\":{\"@id\":\"https:\/\/thorinox.com\/fr\/#\/schema\/logo\/image\/\"}}]}<\/script>\n<!-- \/ Yoast SEO plugin. -->","yoast_head_json":{"title":"Buse pour \u00e9vier sur colonne | Robinets commerciaux | Thorinox | Toronto, BC, MTL","description":"La buse pour lavabo sur colonne con\u00e7ue pour le lavabo sur colonne offre des solutions de travail efficaces pour les postes de travail ou de nettoyage dans les \u00e9tablissements commerciaux.","robots":{"index":"index","follow":"follow","max-snippet":"max-snippet:-1","max-image-preview":"max-image-preview:large","max-video-preview":"max-video-preview:-1"},"canonical":"https:\/\/thorinox.com\/fr\/equipment\/plomberie-et-robinetterie\/pieces-de-plomberie\/buse-pour-evier-sur-colonne\/","og_locale":"fr_FR","og_type":"article","og_title":"Buse pour \u00e9vier sur colonne | Robinets commerciaux | Thorinox | Toronto, BC, MTL","og_description":"La buse pour lavabo sur colonne con\u00e7ue pour le lavabo sur colonne offre des solutions de travail efficaces pour les postes de travail ou de nettoyage dans les \u00e9tablissements commerciaux.","og_url":"https:\/\/thorinox.com\/fr\/equipment\/plomberie-et-robinetterie\/pieces-de-plomberie\/buse-pour-evier-sur-colonne\/","og_site_name":"Thorinox","article_modified_time":"2024-04-18T17:55:22+00:00","og_image":[{"width":800,"height":900,"url":"https:\/\/thorinox.com\/wp-content\/uploads\/2024\/04\/Thorinox-high-quality-stainless-steel-commercial-kitchen-equipment-SSDV-pedestal-sink-nozzle.png","type":"image\/png"}],"twitter_card":"summary_large_image","twitter_misc":{"Dur\u00e9e de lecture estim\u00e9e":"2 minutes"},"schema":{"@context":"https:\/\/schema.org","@graph":[{"@type":"WebPage","@id":"https:\/\/thorinox.com\/fr\/equipment\/plomberie-et-robinetterie\/pieces-de-plomberie\/buse-pour-evier-sur-colonne\/","url":"https:\/\/thorinox.com\/fr\/equipment\/plomberie-et-robinetterie\/pieces-de-plomberie\/buse-pour-evier-sur-colonne\/","name":"Buse pour \u00e9vier sur colonne | Robinets commerciaux | Thorinox | Toronto, BC, MTL","isPartOf":{"@id":"https:\/\/thorinox.com\/fr\/#website"},"primaryImageOfPage":{"@id":"https:\/\/thorinox.com\/fr\/equipment\/plomberie-et-robinetterie\/pieces-de-plomberie\/buse-pour-evier-sur-colonne\/#primaryimage"},"image":{"@id":"https:\/\/thorinox.com\/fr\/equipment\/plomberie-et-robinetterie\/pieces-de-plomberie\/buse-pour-evier-sur-colonne\/#primaryimage"},"thumbnailUrl":"https:\/\/thorinox.com\/wp-content\/uploads\/2024\/04\/Thorinox-high-quality-stainless-steel-commercial-kitchen-equipment-SSDV-pedestal-sink-nozzle.png","datePublished":"2024-04-05T16:15:42+00:00","dateModified":"2024-04-18T17:55:22+00:00","description":"La buse pour lavabo sur colonne con\u00e7ue pour le lavabo sur colonne offre des solutions de travail efficaces pour les postes de travail ou de nettoyage dans les \u00e9tablissements commerciaux.","breadcrumb":{"@id":"https:\/\/thorinox.com\/fr\/equipment\/plomberie-et-robinetterie\/pieces-de-plomberie\/buse-pour-evier-sur-colonne\/#breadcrumb"},"inLanguage":"fr-FR","potentialAction":[{"@type":"ReadAction","target":["https:\/\/thorinox.com\/fr\/equipment\/plomberie-et-robinetterie\/pieces-de-plomberie\/buse-pour-evier-sur-colonne\/"]}]},{"@type":"ImageObject","inLanguage":"fr-FR","@id":"https:\/\/thorinox.com\/fr\/equipment\/plomberie-et-robinetterie\/pieces-de-plomberie\/buse-pour-evier-sur-colonne\/#primaryimage","url":"https:\/\/thorinox.com\/wp-content\/uploads\/2024\/04\/Thorinox-high-quality-stainless-steel-commercial-kitchen-equipment-SSDV-pedestal-sink-nozzle.png","contentUrl":"https:\/\/thorinox.com\/wp-content\/uploads\/2024\/04\/Thorinox-high-quality-stainless-steel-commercial-kitchen-equipment-SSDV-pedestal-sink-nozzle.png","width":800,"height":900,"caption":"Ceci est une image d'un robinet de garde-manger de Thorinox. Thorinox est un \u00e9quipement en acier inoxydable de haute qualit\u00e9 destin\u00e9 aux restaurants et autres types de postes de travail."},{"@type":"BreadcrumbList","@id":"https:\/\/thorinox.com\/fr\/equipment\/plomberie-et-robinetterie\/pieces-de-plomberie\/buse-pour-evier-sur-colonne\/#breadcrumb","itemListElement":[{"@type":"ListItem","position":1,"name":"Home","item":"https:\/\/thorinox.com\/fr\/"},{"@type":"ListItem","position":2,"name":"Produits","item":"https:\/\/thorinox.com\/fr\/shop\/"},{"@type":"ListItem","position":3,"name":"Buse pour \u00e9vier sur colonne"}]},{"@type":"WebSite","@id":"https:\/\/thorinox.com\/fr\/#website","url":"https:\/\/thorinox.com\/fr\/","name":"Thorinox","description":"High Quality Stainless Steel Equipment","publisher":{"@id":"https:\/\/thorinox.com\/fr\/#organization"},"potentialAction":[{"@type":"SearchAction","target":{"@type":"EntryPoint","urlTemplate":"https:\/\/thorinox.com\/fr\/?s={search_term_string}"},"query-input":"required name=search_term_string"}],"inLanguage":"fr-FR"},{"@type":"Organization","@id":"https:\/\/thorinox.com\/fr\/#organization","name":"Thorinox","url":"https:\/\/thorinox.com\/fr\/","logo":{"@type":"ImageObject","inLanguage":"fr-FR","@id":"https:\/\/thorinox.com\/fr\/#\/schema\/logo\/image\/","url":"https:\/\/thorinox.com\/wp-content\/uploads\/2024\/02\/Thorinox-logo-high-quality-stainless-steel-equipment.png","contentUrl":"https:\/\/thorinox.com\/wp-content\/uploads\/2024\/02\/Thorinox-logo-high-quality-stainless-steel-equipment.png","width":546,"height":100,"caption":"Thorinox"},"image":{"@id":"https:\/\/thorinox.com\/fr\/#\/schema\/logo\/image\/"}}]}},"_links":{"self":[{"href":"https:\/\/thorinox.com\/fr\/wp-json\/wp\/v2\/product\/10447"}],"collection":[{"href":"https:\/\/thorinox.com\/fr\/wp-json\/wp\/v2\/product"}],"about":[{"href":"https:\/\/thorinox.com\/fr\/wp-json\/wp\/v2\/types\/product"}],"replies":[{"embeddable":true,"href":"https:\/\/thorinox.com\/fr\/wp-json\/wp\/v2\/comments?post=10447"}],"wp:featuredmedia":[{"embeddable":true,"href":"https:\/\/thorinox.com\/fr\/wp-json\/wp\/v2\/media\/8508"}],"wp:attachment":[{"href":"https:\/\/thorinox.com\/fr\/wp-json\/wp\/v2\/media?parent=10447"}],"wp:term":[{"taxonomy":"product_cat","embeddable":true,"href":"https:\/\/thorinox.com\/fr\/wp-json\/wp\/v2\/product_cat?post=10447"},{"taxonomy":"product_tag","embeddable":true,"href":"https:\/\/thorinox.com\/fr\/wp-json\/wp\/v2\/product_tag?post=10447"}],"curies":[{"name":"wp","href":"https:\/\/api.w.org\/{rel}","templated":true}]}}