{"id":10440,"date":"2024-04-05T12:54:08","date_gmt":"2024-04-05T16:54:08","guid":{"rendered":"https:\/\/thorinox.com\/equipment\/non class\u00e9\/robinet-automatique\/"},"modified":"2024-04-05T12:54:08","modified_gmt":"2024-04-05T16:54:08","slug":"robinet-automatique","status":"publish","type":"product","link":"https:\/\/thorinox.com\/fr\/equipment\/plomberie-et-robinetterie\/robinets-de-garde-manger\/robinet-automatique\/","title":{"rendered":"Robinet automatique"},"content":{"rendered":"<h3><strong>Pr\u00e9sentation du Robinet Automatique Thorinox : Am\u00e9lioration de l&rsquo;efficacit\u00e9 dans les cuisines commerciales<\/strong><\/h3>\n<p>D\u00e9couvrez notre Robinet Automatique, o\u00f9 nous proposons des solutions essentielles pour votre cuisine ou votre espace de travail commercial. Explorez notre gamme diversifi\u00e9e de produits de plomberie, con\u00e7ue avec minutie pour r\u00e9pondre aux exigences de diverses applications et environnements.<\/p>\n<p>Plongez dans notre section Robinets &amp; Pi\u00e8ces de Pr\u00e9rin\u00e7age, mettant en vedette notre Robinet de Pr\u00e9rin\u00e7age Thorinox unique avec un pulv\u00e9risateur pivotant pour plus de commodit\u00e9 et de fonctionnalit\u00e9. Nos Robinets de Pr\u00e9rin\u00e7age offrent des performances sup\u00e9rieures et une durabilit\u00e9 accrue par rapport aux autres options disponibles sur le march\u00e9. De plus, nous fournissons des pi\u00e8ces telles que le ressort h\u00e9lico\u00efdal pour tuyau, le tuyau flexible, le support mural, le tuyau de mont\u00e9e avec crochet, le connecteur de tuyau, et bien d&rsquo;autres encore pour garantir le bon fonctionnement de votre installation.<\/p>\n<p>Une partie de notre cat\u00e9gorie Robinets comprend \u00e9galement des Robinets de Placard avec Montage Central de 8&Prime; avec Tuyau Flexible, offrant un d\u00e9bit d&rsquo;eau fiable pour vos besoins en cuisine. Nous proposons une large gamme de pi\u00e8ces telles que des robinets d&rsquo;entr\u00e9e en laiton mont\u00e9s sur le pont, des becs col de cygne, des becs de lavabo sur pied, des corps de robinet mont\u00e9s au mur, des corps de robinet de placard mont\u00e9s au mur, des entr\u00e9es femelles, des entr\u00e9es m\u00e2les, des corps de robinet mont\u00e9s sur le pont, des vannes, et bien d&rsquo;autres encore pour compl\u00e9ter votre installation de plomberie et garantir des performances optimales.<\/p>\n<p>Que vous ayez une cuisine commerciale, un restaurant ou un espace de travail culinaire, faites confiance \u00e0 notre \u00e9quipement de plomberie pour r\u00e9pondre \u00e0 vos besoins avec une qualit\u00e9 et une fiabilit\u00e9 irr\u00e9prochables. D\u00e9couvrez la commodit\u00e9 et l&rsquo;efficacit\u00e9 de nos solutions de plomberie, con\u00e7ues pour d\u00e9passer vos attentes et am\u00e9liorer votre flux de travail dans n&rsquo;importe quel environnement.<\/p>\n<h3>\u00c9vier \u00e0 Main avec Caract\u00e9ristiques de Robinet Automatique :<\/h3>\n<ul>\n<li>Fabriqu\u00e9 en acier inoxydable calibre 18, qualit\u00e9 304<\/li>\n<li>Coins arrondis et bords roul\u00e9s<\/li>\n<li>\u00c9claboussure de 6,5&Prime; avec un retour \u00e0 45\u00b0<\/li>\n<li>Coutures soud\u00e9es bien polies<\/li>\n<li>Robinets NON inclus<\/li>\n<\/ul>\n<h3><strong>Inclus :<\/strong><\/h3>\n<ul>\n<li><a href=\"https:\/\/thorinox.com\/fr\/equipment\/eviers\/accessoires-devier\/support-mural-pour-evier\/\">Support mural pour \u00e9vier<\/a><\/li>\n<li><a href=\"https:\/\/thorinox.com\/fr\/equipment\/eviers\/accessoires-devier\/drain\/\">Drain<\/a><\/li>\n<\/ul>\n<h3><strong>\u00c0 associer avec :<\/strong><\/h3>\n<ul>\n<li><a href=\"https:\/\/thorinox.com\/fr\/equipment\/eviers\/eviers-specialisees\/evier-a-main-avec-robinet-automatique\/\">\u00c9vier \u00e0 main avec robinet automatique<\/a><\/li>\n<\/ul>\n<table>\n<thead>\n<tr>\n<th style=\"text-align: left;\">Mod\u00e8le<\/th>\n<\/tr>\n<\/thead>\n<tbody>\n<tr>\n<td>WM-08-AF<\/td>\n<\/tr>\n<\/tbody>\n<\/table>\n","protected":false},"excerpt":{"rendered":"<p>Le robinet automatique Thorinox est destin\u00e9 \u00e0 l&rsquo;\u00e9vier \u00e0 main avec robinet automatique dans les postes de travail en acier inoxydable de haute qualit\u00e9, garantissant des performances durables dans les environnements commerciaux et industriels.<\/p>\n<h3>Caract\u00e9ristiques du \u00e9vier automatique :<\/h3>\n<ul>\n<li>Fabriqu\u00e9 en acier inoxydable calibre 18, qualit\u00e9 304<\/li>\n<li>Coins arrondis et bords roul\u00e9s<\/li>\n<li>\u00c9claboussure de 6,5&Prime; avec un retour \u00e0 45\u00b0<\/li>\n<li>Coutures soud\u00e9es bien polies<\/li>\n<li>Robinets NON inclus<\/li>\n<\/ul>\n<h3><strong>Inclus :<\/strong><\/h3>\n<ul>\n<li><a href=\"https:\/\/thorinox.com\/fr\/equipment\/eviers\/accessoires-devier\/support-mural-pour-evier\/\">Support mural pour \u00e9vier<\/a><\/li>\n<li><a href=\"https:\/\/thorinox.com\/fr\/equipment\/eviers\/accessoires-devier\/drain\/\">Drain<\/a><\/li>\n<\/ul>\n<h3><strong>\u00c0 associer avec :<\/strong><\/h3>\n<ul>\n<li><a href=\"https:\/\/thorinox.com\/fr\/equipment\/eviers\/eviers-specialisees\/evier-a-main-avec-robinet-automatique\/\">\u00c9vier \u00e0 main avec robinet automatique<\/a><\/li>\n<\/ul>\n<table>\n<thead>\n<tr>\n<th style=\"text-align: left;\">Mod\u00e8le<\/th>\n<\/tr>\n<\/thead>\n<tbody>\n<tr>\n<td>WM-08-AF<\/td>\n<\/tr>\n<\/tbody>\n<\/table>\n","protected":false},"featured_media":8532,"comment_status":"open","ping_status":"closed","template":"","meta":[],"product_cat":[240,241],"product_tag":[],"yoast_head":"<!-- This site is optimized with the Yoast SEO plugin v23.3 - https:\/\/yoast.com\/wordpress\/plugins\/seo\/ -->\n<title>Robinet automatique | Robinets commerciaux | Thorinox | Toronto, Montr\u00e9al, BC<\/title>\n<meta name=\"description\" content=\"Le robinet automatique est destin\u00e9 \u00e0 l&#039;\u00e9vier \u00e0 main avec robinet automatique dans les postes de travail en acier inoxydable de haute qualit\u00e9, garantissant des performances durables.\" \/>\n<meta name=\"robots\" content=\"index, follow, max-snippet:-1, max-image-preview:large, max-video-preview:-1\" \/>\n<link rel=\"canonical\" href=\"https:\/\/thorinox.com\/fr\/equipment\/plomberie-et-robinetterie\/robinets-de-garde-manger\/robinet-automatique\/\" \/>\n<meta property=\"og:locale\" content=\"fr_FR\" \/>\n<meta property=\"og:type\" content=\"article\" \/>\n<meta property=\"og:title\" content=\"Robinet automatique | Robinets commerciaux | Thorinox | Toronto, Montr\u00e9al, BC\" \/>\n<meta property=\"og:description\" content=\"Le robinet automatique est destin\u00e9 \u00e0 l&#039;\u00e9vier \u00e0 main avec robinet automatique dans les postes de travail en acier inoxydable de haute qualit\u00e9, garantissant des performances durables.\" \/>\n<meta property=\"og:url\" content=\"https:\/\/thorinox.com\/fr\/equipment\/plomberie-et-robinetterie\/robinets-de-garde-manger\/robinet-automatique\/\" \/>\n<meta property=\"og:site_name\" content=\"Thorinox\" \/>\n<meta property=\"og:image\" content=\"https:\/\/thorinox.com\/wp-content\/uploads\/2024\/04\/Thorinox-high-quality-stainless-steel-commercial-kitchen-equipment-WM-08-AF-WM-08-AF-automatic-faucet.png\" \/>\n\t<meta property=\"og:image:width\" content=\"800\" \/>\n\t<meta property=\"og:image:height\" content=\"900\" \/>\n\t<meta property=\"og:image:type\" content=\"image\/png\" \/>\n<meta name=\"twitter:card\" content=\"summary_large_image\" \/>\n<meta name=\"twitter:label1\" content=\"Dur\u00e9e de lecture estim\u00e9e\" \/>\n\t<meta name=\"twitter:data1\" content=\"2 minutes\" \/>\n<script type=\"application\/ld+json\" class=\"yoast-schema-graph\">{\"@context\":\"https:\/\/schema.org\",\"@graph\":[{\"@type\":\"WebPage\",\"@id\":\"https:\/\/thorinox.com\/fr\/equipment\/plomberie-et-robinetterie\/robinets-de-garde-manger\/robinet-automatique\/\",\"url\":\"https:\/\/thorinox.com\/fr\/equipment\/plomberie-et-robinetterie\/robinets-de-garde-manger\/robinet-automatique\/\",\"name\":\"Robinet automatique | Robinets commerciaux | Thorinox | Toronto, Montr\u00e9al, BC\",\"isPartOf\":{\"@id\":\"https:\/\/thorinox.com\/fr\/#website\"},\"primaryImageOfPage\":{\"@id\":\"https:\/\/thorinox.com\/fr\/equipment\/plomberie-et-robinetterie\/robinets-de-garde-manger\/robinet-automatique\/#primaryimage\"},\"image\":{\"@id\":\"https:\/\/thorinox.com\/fr\/equipment\/plomberie-et-robinetterie\/robinets-de-garde-manger\/robinet-automatique\/#primaryimage\"},\"thumbnailUrl\":\"https:\/\/thorinox.com\/wp-content\/uploads\/2024\/04\/Thorinox-high-quality-stainless-steel-commercial-kitchen-equipment-WM-08-AF-WM-08-AF-automatic-faucet.png\",\"datePublished\":\"2024-04-05T16:54:08+00:00\",\"dateModified\":\"2024-04-05T16:54:08+00:00\",\"description\":\"Le robinet automatique est destin\u00e9 \u00e0 l'\u00e9vier \u00e0 main avec robinet automatique dans les postes de travail en acier inoxydable de haute qualit\u00e9, garantissant des performances durables.\",\"breadcrumb\":{\"@id\":\"https:\/\/thorinox.com\/fr\/equipment\/plomberie-et-robinetterie\/robinets-de-garde-manger\/robinet-automatique\/#breadcrumb\"},\"inLanguage\":\"fr-FR\",\"potentialAction\":[{\"@type\":\"ReadAction\",\"target\":[\"https:\/\/thorinox.com\/fr\/equipment\/plomberie-et-robinetterie\/robinets-de-garde-manger\/robinet-automatique\/\"]}]},{\"@type\":\"ImageObject\",\"inLanguage\":\"fr-FR\",\"@id\":\"https:\/\/thorinox.com\/fr\/equipment\/plomberie-et-robinetterie\/robinets-de-garde-manger\/robinet-automatique\/#primaryimage\",\"url\":\"https:\/\/thorinox.com\/wp-content\/uploads\/2024\/04\/Thorinox-high-quality-stainless-steel-commercial-kitchen-equipment-WM-08-AF-WM-08-AF-automatic-faucet.png\",\"contentUrl\":\"https:\/\/thorinox.com\/wp-content\/uploads\/2024\/04\/Thorinox-high-quality-stainless-steel-commercial-kitchen-equipment-WM-08-AF-WM-08-AF-automatic-faucet.png\",\"width\":800,\"height\":900,\"caption\":\"Ceci est une image d'un robinet de garde-manger de Thorinox. Thorinox est un \u00e9quipement en acier inoxydable de haute qualit\u00e9 destin\u00e9 aux restaurants et autres types de postes de travail.\"},{\"@type\":\"BreadcrumbList\",\"@id\":\"https:\/\/thorinox.com\/fr\/equipment\/plomberie-et-robinetterie\/robinets-de-garde-manger\/robinet-automatique\/#breadcrumb\",\"itemListElement\":[{\"@type\":\"ListItem\",\"position\":1,\"name\":\"Home\",\"item\":\"https:\/\/thorinox.com\/fr\/\"},{\"@type\":\"ListItem\",\"position\":2,\"name\":\"Produits\",\"item\":\"https:\/\/thorinox.com\/fr\/shop\/\"},{\"@type\":\"ListItem\",\"position\":3,\"name\":\"Robinet automatique\"}]},{\"@type\":\"WebSite\",\"@id\":\"https:\/\/thorinox.com\/fr\/#website\",\"url\":\"https:\/\/thorinox.com\/fr\/\",\"name\":\"Thorinox\",\"description\":\"High Quality Stainless Steel Equipment\",\"publisher\":{\"@id\":\"https:\/\/thorinox.com\/fr\/#organization\"},\"potentialAction\":[{\"@type\":\"SearchAction\",\"target\":{\"@type\":\"EntryPoint\",\"urlTemplate\":\"https:\/\/thorinox.com\/fr\/?s={search_term_string}\"},\"query-input\":\"required name=search_term_string\"}],\"inLanguage\":\"fr-FR\"},{\"@type\":\"Organization\",\"@id\":\"https:\/\/thorinox.com\/fr\/#organization\",\"name\":\"Thorinox\",\"url\":\"https:\/\/thorinox.com\/fr\/\",\"logo\":{\"@type\":\"ImageObject\",\"inLanguage\":\"fr-FR\",\"@id\":\"https:\/\/thorinox.com\/fr\/#\/schema\/logo\/image\/\",\"url\":\"https:\/\/thorinox.com\/wp-content\/uploads\/2024\/02\/Thorinox-logo-high-quality-stainless-steel-equipment.png\",\"contentUrl\":\"https:\/\/thorinox.com\/wp-content\/uploads\/2024\/02\/Thorinox-logo-high-quality-stainless-steel-equipment.png\",\"width\":546,\"height\":100,\"caption\":\"Thorinox\"},\"image\":{\"@id\":\"https:\/\/thorinox.com\/fr\/#\/schema\/logo\/image\/\"}}]}<\/script>\n<!-- \/ Yoast SEO plugin. -->","yoast_head_json":{"title":"Robinet automatique | Robinets commerciaux | Thorinox | Toronto, Montr\u00e9al, BC","description":"Le robinet automatique est destin\u00e9 \u00e0 l'\u00e9vier \u00e0 main avec robinet automatique dans les postes de travail en acier inoxydable de haute qualit\u00e9, garantissant des performances durables.","robots":{"index":"index","follow":"follow","max-snippet":"max-snippet:-1","max-image-preview":"max-image-preview:large","max-video-preview":"max-video-preview:-1"},"canonical":"https:\/\/thorinox.com\/fr\/equipment\/plomberie-et-robinetterie\/robinets-de-garde-manger\/robinet-automatique\/","og_locale":"fr_FR","og_type":"article","og_title":"Robinet automatique | Robinets commerciaux | Thorinox | Toronto, Montr\u00e9al, BC","og_description":"Le robinet automatique est destin\u00e9 \u00e0 l'\u00e9vier \u00e0 main avec robinet automatique dans les postes de travail en acier inoxydable de haute qualit\u00e9, garantissant des performances durables.","og_url":"https:\/\/thorinox.com\/fr\/equipment\/plomberie-et-robinetterie\/robinets-de-garde-manger\/robinet-automatique\/","og_site_name":"Thorinox","og_image":[{"width":800,"height":900,"url":"https:\/\/thorinox.com\/wp-content\/uploads\/2024\/04\/Thorinox-high-quality-stainless-steel-commercial-kitchen-equipment-WM-08-AF-WM-08-AF-automatic-faucet.png","type":"image\/png"}],"twitter_card":"summary_large_image","twitter_misc":{"Dur\u00e9e de lecture estim\u00e9e":"2 minutes"},"schema":{"@context":"https:\/\/schema.org","@graph":[{"@type":"WebPage","@id":"https:\/\/thorinox.com\/fr\/equipment\/plomberie-et-robinetterie\/robinets-de-garde-manger\/robinet-automatique\/","url":"https:\/\/thorinox.com\/fr\/equipment\/plomberie-et-robinetterie\/robinets-de-garde-manger\/robinet-automatique\/","name":"Robinet automatique | Robinets commerciaux | Thorinox | Toronto, Montr\u00e9al, BC","isPartOf":{"@id":"https:\/\/thorinox.com\/fr\/#website"},"primaryImageOfPage":{"@id":"https:\/\/thorinox.com\/fr\/equipment\/plomberie-et-robinetterie\/robinets-de-garde-manger\/robinet-automatique\/#primaryimage"},"image":{"@id":"https:\/\/thorinox.com\/fr\/equipment\/plomberie-et-robinetterie\/robinets-de-garde-manger\/robinet-automatique\/#primaryimage"},"thumbnailUrl":"https:\/\/thorinox.com\/wp-content\/uploads\/2024\/04\/Thorinox-high-quality-stainless-steel-commercial-kitchen-equipment-WM-08-AF-WM-08-AF-automatic-faucet.png","datePublished":"2024-04-05T16:54:08+00:00","dateModified":"2024-04-05T16:54:08+00:00","description":"Le robinet automatique est destin\u00e9 \u00e0 l'\u00e9vier \u00e0 main avec robinet automatique dans les postes de travail en acier inoxydable de haute qualit\u00e9, garantissant des performances durables.","breadcrumb":{"@id":"https:\/\/thorinox.com\/fr\/equipment\/plomberie-et-robinetterie\/robinets-de-garde-manger\/robinet-automatique\/#breadcrumb"},"inLanguage":"fr-FR","potentialAction":[{"@type":"ReadAction","target":["https:\/\/thorinox.com\/fr\/equipment\/plomberie-et-robinetterie\/robinets-de-garde-manger\/robinet-automatique\/"]}]},{"@type":"ImageObject","inLanguage":"fr-FR","@id":"https:\/\/thorinox.com\/fr\/equipment\/plomberie-et-robinetterie\/robinets-de-garde-manger\/robinet-automatique\/#primaryimage","url":"https:\/\/thorinox.com\/wp-content\/uploads\/2024\/04\/Thorinox-high-quality-stainless-steel-commercial-kitchen-equipment-WM-08-AF-WM-08-AF-automatic-faucet.png","contentUrl":"https:\/\/thorinox.com\/wp-content\/uploads\/2024\/04\/Thorinox-high-quality-stainless-steel-commercial-kitchen-equipment-WM-08-AF-WM-08-AF-automatic-faucet.png","width":800,"height":900,"caption":"Ceci est une image d'un robinet de garde-manger de Thorinox. Thorinox est un \u00e9quipement en acier inoxydable de haute qualit\u00e9 destin\u00e9 aux restaurants et autres types de postes de travail."},{"@type":"BreadcrumbList","@id":"https:\/\/thorinox.com\/fr\/equipment\/plomberie-et-robinetterie\/robinets-de-garde-manger\/robinet-automatique\/#breadcrumb","itemListElement":[{"@type":"ListItem","position":1,"name":"Home","item":"https:\/\/thorinox.com\/fr\/"},{"@type":"ListItem","position":2,"name":"Produits","item":"https:\/\/thorinox.com\/fr\/shop\/"},{"@type":"ListItem","position":3,"name":"Robinet automatique"}]},{"@type":"WebSite","@id":"https:\/\/thorinox.com\/fr\/#website","url":"https:\/\/thorinox.com\/fr\/","name":"Thorinox","description":"High Quality Stainless Steel Equipment","publisher":{"@id":"https:\/\/thorinox.com\/fr\/#organization"},"potentialAction":[{"@type":"SearchAction","target":{"@type":"EntryPoint","urlTemplate":"https:\/\/thorinox.com\/fr\/?s={search_term_string}"},"query-input":"required name=search_term_string"}],"inLanguage":"fr-FR"},{"@type":"Organization","@id":"https:\/\/thorinox.com\/fr\/#organization","name":"Thorinox","url":"https:\/\/thorinox.com\/fr\/","logo":{"@type":"ImageObject","inLanguage":"fr-FR","@id":"https:\/\/thorinox.com\/fr\/#\/schema\/logo\/image\/","url":"https:\/\/thorinox.com\/wp-content\/uploads\/2024\/02\/Thorinox-logo-high-quality-stainless-steel-equipment.png","contentUrl":"https:\/\/thorinox.com\/wp-content\/uploads\/2024\/02\/Thorinox-logo-high-quality-stainless-steel-equipment.png","width":546,"height":100,"caption":"Thorinox"},"image":{"@id":"https:\/\/thorinox.com\/fr\/#\/schema\/logo\/image\/"}}]}},"_links":{"self":[{"href":"https:\/\/thorinox.com\/fr\/wp-json\/wp\/v2\/product\/10440"}],"collection":[{"href":"https:\/\/thorinox.com\/fr\/wp-json\/wp\/v2\/product"}],"about":[{"href":"https:\/\/thorinox.com\/fr\/wp-json\/wp\/v2\/types\/product"}],"replies":[{"embeddable":true,"href":"https:\/\/thorinox.com\/fr\/wp-json\/wp\/v2\/comments?post=10440"}],"wp:featuredmedia":[{"embeddable":true,"href":"https:\/\/thorinox.com\/fr\/wp-json\/wp\/v2\/media\/8532"}],"wp:attachment":[{"href":"https:\/\/thorinox.com\/fr\/wp-json\/wp\/v2\/media?parent=10440"}],"wp:term":[{"taxonomy":"product_cat","embeddable":true,"href":"https:\/\/thorinox.com\/fr\/wp-json\/wp\/v2\/product_cat?post=10440"},{"taxonomy":"product_tag","embeddable":true,"href":"https:\/\/thorinox.com\/fr\/wp-json\/wp\/v2\/product_tag?post=10440"}],"curies":[{"name":"wp","href":"https:\/\/api.w.org\/{rel}","templated":true}]}}