{"id":10439,"date":"2024-04-05T13:01:02","date_gmt":"2024-04-05T17:01:02","guid":{"rendered":"https:\/\/thorinox.com\/equipment\/non%20class\u00e9\/clapet-a-double-pied\/"},"modified":"2024-04-18T12:57:19","modified_gmt":"2024-04-18T16:57:19","slug":"clapet-a-double-pied","status":"publish","type":"product","link":"https:\/\/thorinox.com\/fr\/equipment\/plomberie-et-robinetterie\/pieces-de-plomberie\/clapet-a-double-pied\/","title":{"rendered":"Clapet \u00e0 double pied"},"content":{"rendered":"<h3><strong>Pr\u00e9sentation de le Clapet \u00e0 double pied Thorinox pour : Am\u00e9lioration de l&rsquo;efficacit\u00e9 dans les cuisines commerciales<\/strong><\/h3>\n<p>D\u00e9couvrez notre Clapet \u00e0 double pied dans la section des pi\u00e8ces de plomberie, offrant des solutions essentielles pour votre cuisine ou espace de travail commercial. Explorez notre gamme diversifi\u00e9e de produits de plomberie, m\u00e9ticuleusement con\u00e7us pour r\u00e9pondre aux exigences de diverses applications et environnements.<\/p>\n<p>Plongez dans notre section de robinets et pi\u00e8ces de pr\u00e9-rin\u00e7age, mettant en vedette notre robinet de pr\u00e9-rin\u00e7age Thorinox unique avec un pulv\u00e9risateur pivotant pour plus de commodit\u00e9 et de fonctionnalit\u00e9. Nos robinets de pr\u00e9-rin\u00e7age offrent des performances et une durabilit\u00e9 sup\u00e9rieures par rapport \u00e0 d&rsquo;autres options sur le march\u00e9. De plus, nous fournissons des pi\u00e8ces telles que le ressort h\u00e9lico\u00efdal pour tuyau, le tuyau flexible, le support mural, le tuyau de mont\u00e9e avec crochet, le connecteur de tuyau, et plus encore pour garantir le bon fonctionnement de votre installation.<\/p>\n<p>Une partie de notre cat\u00e9gorie de robinets comprend \u00e9galement des robinets de garde-manger avec montage central de 8&Prime; avec tuyau flexible, fournissant un d\u00e9bit d&rsquo;eau fiable pour vos besoins en cuisine. Nous proposons une large gamme de pi\u00e8ces telles que des robinets d&rsquo;entr\u00e9e en laiton mont\u00e9s sur le pont, des becs \u00e0 col de cygne, des becs de lavabo sur pied, des corps de robinet mural, des corps de robinet de garde-manger mont\u00e9s au mur, des entr\u00e9es femelles, des entr\u00e9es m\u00e2les, des corps de robinet mont\u00e9s sur le pont, des vannes, et plus encore pour compl\u00e9ter votre installation de plomberie et garantir des performances optimales.<\/p>\n<p>Que vous ayez une cuisine commerciale, un restaurant ou un espace culinaire, faites confiance \u00e0 notre \u00e9quipement de plomberie pour r\u00e9pondre \u00e0 vos besoins avec qualit\u00e9 et fiabilit\u00e9. D\u00e9couvrez la commodit\u00e9 et l&rsquo;efficacit\u00e9 de nos solutions de plomberie, con\u00e7ues pour d\u00e9passer vos attentes et am\u00e9liorer votre flux de travail dans n&rsquo;importe quel environnement.<\/p>\n<h3>Fonctionnalit\u00e9s standard :<\/h3>\n<ul>\n<li>Fabriqu\u00e9 en acier inoxydable 304 de calibre 18<\/li>\n<li>Coutures soud\u00e9es bien polies<\/li>\n<li>Coins incurv\u00e9s et bords roul\u00e9s<\/li>\n<li>Dosseret de 8&Prime; avec retour \u00e0 45\u00b0<\/li>\n<li>2 p\u00e9dales, drain 1,5&Prime; et robinet col de cygne inclus<\/li>\n<\/ul>\n<h3>Correspond avec :<\/h3>\n<ul>\n<li><a href=\"https:\/\/thorinox.com\/fr\/equipment\/eviers\/eviers-specialisees\/evier-a-main-sur-colonne\/\">\u00c9vier sur pied avec 2 p\u00e9dales TPS-1617<\/a><\/li>\n<\/ul>\n<table>\n<thead>\n<tr>\n<th>Mod\u00e8le<\/th>\n<\/tr>\n<\/thead>\n<tbody>\n<tr>\n<td>SSDFV<\/td>\n<\/tr>\n<\/tbody>\n<\/table>\n","protected":false},"excerpt":{"rendered":"<p>Le robinet \u00e0 double pied Thorinox con\u00e7u pour le <a href=\"https:\/\/thorinox.com\/fr\/equipment\/eviers\/eviers-specialisees\/evier-a-main-sur-colonne\/\">\u00e9vier sur colonne<\/a> est n\u00e9cessaire dans les postes de travail commerciaux et industriels en acier inoxydable de haute qualit\u00e9.<\/p>\n<h3>Fonctionnalit\u00e9s standard :<\/h3>\n<ul>\n<li>Fabriqu\u00e9 en acier inoxydable 304 de calibre 18<\/li>\n<li>Coutures soud\u00e9es bien polies<\/li>\n<li>Coins incurv\u00e9s et bords roul\u00e9s<\/li>\n<li>Dosseret de 8&Prime; avec retour \u00e0 45\u00b0<\/li>\n<li>2 p\u00e9dales, drain 1,5&Prime; et robinet col de cygne inclus<\/li>\n<\/ul>\n<h3>Correspond avec :<\/h3>\n<ul>\n<li><a href=\"https:\/\/thorinox.com\/fr\/equipment\/eviers\/eviers-specialisees\/evier-a-main-sur-colonne\/\">\u00c9vier sur pied avec 2 p\u00e9dales TPS-1617<\/a><\/li>\n<\/ul>\n<table>\n<thead>\n<tr>\n<th>Mod\u00e8le<\/th>\n<\/tr>\n<\/thead>\n<tbody>\n<tr>\n<td>SSDFV<\/td>\n<\/tr>\n<\/tbody>\n<\/table>\n","protected":false},"featured_media":8535,"comment_status":"open","ping_status":"closed","template":"","meta":[],"product_cat":[242],"product_tag":[],"yoast_head":"<!-- This site is optimized with the Yoast SEO plugin v23.3 - https:\/\/yoast.com\/wordpress\/plugins\/seo\/ -->\n<title>Clapet \u00e0 double pied | \u00c9vier sur colonne | Thorinox | Qu\u00e9bec &amp; Montr\u00e9al<\/title>\n<meta name=\"description\" content=\"Le double clapet de pied con\u00e7u pour l&#039;\u00e9vier sur colonne est n\u00e9cessaire dans les postes de travail commerciaux et industriels en acier inoxydable de haute qualit\u00e9.\" \/>\n<meta name=\"robots\" content=\"index, follow, max-snippet:-1, max-image-preview:large, max-video-preview:-1\" \/>\n<link rel=\"canonical\" href=\"https:\/\/thorinox.com\/fr\/equipment\/plomberie-et-robinetterie\/pieces-de-plomberie\/clapet-a-double-pied\/\" \/>\n<meta property=\"og:locale\" content=\"fr_FR\" \/>\n<meta property=\"og:type\" content=\"article\" \/>\n<meta property=\"og:title\" content=\"Clapet \u00e0 double pied | \u00c9vier sur colonne | Thorinox | Qu\u00e9bec &amp; Montr\u00e9al\" \/>\n<meta property=\"og:description\" content=\"Le double clapet de pied con\u00e7u pour l&#039;\u00e9vier sur colonne est n\u00e9cessaire dans les postes de travail commerciaux et industriels en acier inoxydable de haute qualit\u00e9.\" \/>\n<meta property=\"og:url\" content=\"https:\/\/thorinox.com\/fr\/equipment\/plomberie-et-robinetterie\/pieces-de-plomberie\/clapet-a-double-pied\/\" \/>\n<meta property=\"og:site_name\" content=\"Thorinox\" \/>\n<meta property=\"article:modified_time\" content=\"2024-04-18T16:57:19+00:00\" \/>\n<meta property=\"og:image\" content=\"https:\/\/thorinox.com\/wp-content\/uploads\/2024\/04\/Thorinox-high-quality-stainless-steel-commercial-kitchen-equipment-SSDFV-stainless-steel-double-foot-valve-for-tps-1617.png\" \/>\n\t<meta property=\"og:image:width\" content=\"800\" \/>\n\t<meta property=\"og:image:height\" content=\"900\" \/>\n\t<meta property=\"og:image:type\" content=\"image\/png\" \/>\n<meta name=\"twitter:card\" content=\"summary_large_image\" \/>\n<meta name=\"twitter:label1\" content=\"Dur\u00e9e de lecture estim\u00e9e\" \/>\n\t<meta name=\"twitter:data1\" content=\"2 minutes\" \/>\n<script type=\"application\/ld+json\" class=\"yoast-schema-graph\">{\"@context\":\"https:\/\/schema.org\",\"@graph\":[{\"@type\":\"WebPage\",\"@id\":\"https:\/\/thorinox.com\/fr\/equipment\/plomberie-et-robinetterie\/pieces-de-plomberie\/clapet-a-double-pied\/\",\"url\":\"https:\/\/thorinox.com\/fr\/equipment\/plomberie-et-robinetterie\/pieces-de-plomberie\/clapet-a-double-pied\/\",\"name\":\"Clapet \u00e0 double pied | \u00c9vier sur colonne | Thorinox | Qu\u00e9bec & Montr\u00e9al\",\"isPartOf\":{\"@id\":\"https:\/\/thorinox.com\/fr\/#website\"},\"primaryImageOfPage\":{\"@id\":\"https:\/\/thorinox.com\/fr\/equipment\/plomberie-et-robinetterie\/pieces-de-plomberie\/clapet-a-double-pied\/#primaryimage\"},\"image\":{\"@id\":\"https:\/\/thorinox.com\/fr\/equipment\/plomberie-et-robinetterie\/pieces-de-plomberie\/clapet-a-double-pied\/#primaryimage\"},\"thumbnailUrl\":\"https:\/\/thorinox.com\/wp-content\/uploads\/2024\/04\/Thorinox-high-quality-stainless-steel-commercial-kitchen-equipment-SSDFV-stainless-steel-double-foot-valve-for-tps-1617.png\",\"datePublished\":\"2024-04-05T17:01:02+00:00\",\"dateModified\":\"2024-04-18T16:57:19+00:00\",\"description\":\"Le double clapet de pied con\u00e7u pour l'\u00e9vier sur colonne est n\u00e9cessaire dans les postes de travail commerciaux et industriels en acier inoxydable de haute qualit\u00e9.\",\"breadcrumb\":{\"@id\":\"https:\/\/thorinox.com\/fr\/equipment\/plomberie-et-robinetterie\/pieces-de-plomberie\/clapet-a-double-pied\/#breadcrumb\"},\"inLanguage\":\"fr-FR\",\"potentialAction\":[{\"@type\":\"ReadAction\",\"target\":[\"https:\/\/thorinox.com\/fr\/equipment\/plomberie-et-robinetterie\/pieces-de-plomberie\/clapet-a-double-pied\/\"]}]},{\"@type\":\"ImageObject\",\"inLanguage\":\"fr-FR\",\"@id\":\"https:\/\/thorinox.com\/fr\/equipment\/plomberie-et-robinetterie\/pieces-de-plomberie\/clapet-a-double-pied\/#primaryimage\",\"url\":\"https:\/\/thorinox.com\/wp-content\/uploads\/2024\/04\/Thorinox-high-quality-stainless-steel-commercial-kitchen-equipment-SSDFV-stainless-steel-double-foot-valve-for-tps-1617.png\",\"contentUrl\":\"https:\/\/thorinox.com\/wp-content\/uploads\/2024\/04\/Thorinox-high-quality-stainless-steel-commercial-kitchen-equipment-SSDFV-stainless-steel-double-foot-valve-for-tps-1617.png\",\"width\":800,\"height\":900,\"caption\":\"Ceci est une image des accessoires de robinetterie de Thorinox. Thorinox est un \u00e9quipement en acier inoxydable de haute qualit\u00e9 destin\u00e9 aux restaurants et autres types de postes de travail.\"},{\"@type\":\"BreadcrumbList\",\"@id\":\"https:\/\/thorinox.com\/fr\/equipment\/plomberie-et-robinetterie\/pieces-de-plomberie\/clapet-a-double-pied\/#breadcrumb\",\"itemListElement\":[{\"@type\":\"ListItem\",\"position\":1,\"name\":\"Home\",\"item\":\"https:\/\/thorinox.com\/fr\/\"},{\"@type\":\"ListItem\",\"position\":2,\"name\":\"Produits\",\"item\":\"https:\/\/thorinox.com\/fr\/shop\/\"},{\"@type\":\"ListItem\",\"position\":3,\"name\":\"Clapet \u00e0 double pied\"}]},{\"@type\":\"WebSite\",\"@id\":\"https:\/\/thorinox.com\/fr\/#website\",\"url\":\"https:\/\/thorinox.com\/fr\/\",\"name\":\"Thorinox\",\"description\":\"High Quality Stainless Steel Equipment\",\"publisher\":{\"@id\":\"https:\/\/thorinox.com\/fr\/#organization\"},\"potentialAction\":[{\"@type\":\"SearchAction\",\"target\":{\"@type\":\"EntryPoint\",\"urlTemplate\":\"https:\/\/thorinox.com\/fr\/?s={search_term_string}\"},\"query-input\":\"required name=search_term_string\"}],\"inLanguage\":\"fr-FR\"},{\"@type\":\"Organization\",\"@id\":\"https:\/\/thorinox.com\/fr\/#organization\",\"name\":\"Thorinox\",\"url\":\"https:\/\/thorinox.com\/fr\/\",\"logo\":{\"@type\":\"ImageObject\",\"inLanguage\":\"fr-FR\",\"@id\":\"https:\/\/thorinox.com\/fr\/#\/schema\/logo\/image\/\",\"url\":\"https:\/\/thorinox.com\/wp-content\/uploads\/2024\/02\/Thorinox-logo-high-quality-stainless-steel-equipment.png\",\"contentUrl\":\"https:\/\/thorinox.com\/wp-content\/uploads\/2024\/02\/Thorinox-logo-high-quality-stainless-steel-equipment.png\",\"width\":546,\"height\":100,\"caption\":\"Thorinox\"},\"image\":{\"@id\":\"https:\/\/thorinox.com\/fr\/#\/schema\/logo\/image\/\"}}]}<\/script>\n<!-- \/ Yoast SEO plugin. -->","yoast_head_json":{"title":"Clapet \u00e0 double pied | \u00c9vier sur colonne | Thorinox | Qu\u00e9bec & Montr\u00e9al","description":"Le double clapet de pied con\u00e7u pour l'\u00e9vier sur colonne est n\u00e9cessaire dans les postes de travail commerciaux et industriels en acier inoxydable de haute qualit\u00e9.","robots":{"index":"index","follow":"follow","max-snippet":"max-snippet:-1","max-image-preview":"max-image-preview:large","max-video-preview":"max-video-preview:-1"},"canonical":"https:\/\/thorinox.com\/fr\/equipment\/plomberie-et-robinetterie\/pieces-de-plomberie\/clapet-a-double-pied\/","og_locale":"fr_FR","og_type":"article","og_title":"Clapet \u00e0 double pied | \u00c9vier sur colonne | Thorinox | Qu\u00e9bec & Montr\u00e9al","og_description":"Le double clapet de pied con\u00e7u pour l'\u00e9vier sur colonne est n\u00e9cessaire dans les postes de travail commerciaux et industriels en acier inoxydable de haute qualit\u00e9.","og_url":"https:\/\/thorinox.com\/fr\/equipment\/plomberie-et-robinetterie\/pieces-de-plomberie\/clapet-a-double-pied\/","og_site_name":"Thorinox","article_modified_time":"2024-04-18T16:57:19+00:00","og_image":[{"width":800,"height":900,"url":"https:\/\/thorinox.com\/wp-content\/uploads\/2024\/04\/Thorinox-high-quality-stainless-steel-commercial-kitchen-equipment-SSDFV-stainless-steel-double-foot-valve-for-tps-1617.png","type":"image\/png"}],"twitter_card":"summary_large_image","twitter_misc":{"Dur\u00e9e de lecture estim\u00e9e":"2 minutes"},"schema":{"@context":"https:\/\/schema.org","@graph":[{"@type":"WebPage","@id":"https:\/\/thorinox.com\/fr\/equipment\/plomberie-et-robinetterie\/pieces-de-plomberie\/clapet-a-double-pied\/","url":"https:\/\/thorinox.com\/fr\/equipment\/plomberie-et-robinetterie\/pieces-de-plomberie\/clapet-a-double-pied\/","name":"Clapet \u00e0 double pied | \u00c9vier sur colonne | Thorinox | Qu\u00e9bec & Montr\u00e9al","isPartOf":{"@id":"https:\/\/thorinox.com\/fr\/#website"},"primaryImageOfPage":{"@id":"https:\/\/thorinox.com\/fr\/equipment\/plomberie-et-robinetterie\/pieces-de-plomberie\/clapet-a-double-pied\/#primaryimage"},"image":{"@id":"https:\/\/thorinox.com\/fr\/equipment\/plomberie-et-robinetterie\/pieces-de-plomberie\/clapet-a-double-pied\/#primaryimage"},"thumbnailUrl":"https:\/\/thorinox.com\/wp-content\/uploads\/2024\/04\/Thorinox-high-quality-stainless-steel-commercial-kitchen-equipment-SSDFV-stainless-steel-double-foot-valve-for-tps-1617.png","datePublished":"2024-04-05T17:01:02+00:00","dateModified":"2024-04-18T16:57:19+00:00","description":"Le double clapet de pied con\u00e7u pour l'\u00e9vier sur colonne est n\u00e9cessaire dans les postes de travail commerciaux et industriels en acier inoxydable de haute qualit\u00e9.","breadcrumb":{"@id":"https:\/\/thorinox.com\/fr\/equipment\/plomberie-et-robinetterie\/pieces-de-plomberie\/clapet-a-double-pied\/#breadcrumb"},"inLanguage":"fr-FR","potentialAction":[{"@type":"ReadAction","target":["https:\/\/thorinox.com\/fr\/equipment\/plomberie-et-robinetterie\/pieces-de-plomberie\/clapet-a-double-pied\/"]}]},{"@type":"ImageObject","inLanguage":"fr-FR","@id":"https:\/\/thorinox.com\/fr\/equipment\/plomberie-et-robinetterie\/pieces-de-plomberie\/clapet-a-double-pied\/#primaryimage","url":"https:\/\/thorinox.com\/wp-content\/uploads\/2024\/04\/Thorinox-high-quality-stainless-steel-commercial-kitchen-equipment-SSDFV-stainless-steel-double-foot-valve-for-tps-1617.png","contentUrl":"https:\/\/thorinox.com\/wp-content\/uploads\/2024\/04\/Thorinox-high-quality-stainless-steel-commercial-kitchen-equipment-SSDFV-stainless-steel-double-foot-valve-for-tps-1617.png","width":800,"height":900,"caption":"Ceci est une image des accessoires de robinetterie de Thorinox. Thorinox est un \u00e9quipement en acier inoxydable de haute qualit\u00e9 destin\u00e9 aux restaurants et autres types de postes de travail."},{"@type":"BreadcrumbList","@id":"https:\/\/thorinox.com\/fr\/equipment\/plomberie-et-robinetterie\/pieces-de-plomberie\/clapet-a-double-pied\/#breadcrumb","itemListElement":[{"@type":"ListItem","position":1,"name":"Home","item":"https:\/\/thorinox.com\/fr\/"},{"@type":"ListItem","position":2,"name":"Produits","item":"https:\/\/thorinox.com\/fr\/shop\/"},{"@type":"ListItem","position":3,"name":"Clapet \u00e0 double pied"}]},{"@type":"WebSite","@id":"https:\/\/thorinox.com\/fr\/#website","url":"https:\/\/thorinox.com\/fr\/","name":"Thorinox","description":"High Quality Stainless Steel Equipment","publisher":{"@id":"https:\/\/thorinox.com\/fr\/#organization"},"potentialAction":[{"@type":"SearchAction","target":{"@type":"EntryPoint","urlTemplate":"https:\/\/thorinox.com\/fr\/?s={search_term_string}"},"query-input":"required name=search_term_string"}],"inLanguage":"fr-FR"},{"@type":"Organization","@id":"https:\/\/thorinox.com\/fr\/#organization","name":"Thorinox","url":"https:\/\/thorinox.com\/fr\/","logo":{"@type":"ImageObject","inLanguage":"fr-FR","@id":"https:\/\/thorinox.com\/fr\/#\/schema\/logo\/image\/","url":"https:\/\/thorinox.com\/wp-content\/uploads\/2024\/02\/Thorinox-logo-high-quality-stainless-steel-equipment.png","contentUrl":"https:\/\/thorinox.com\/wp-content\/uploads\/2024\/02\/Thorinox-logo-high-quality-stainless-steel-equipment.png","width":546,"height":100,"caption":"Thorinox"},"image":{"@id":"https:\/\/thorinox.com\/fr\/#\/schema\/logo\/image\/"}}]}},"_links":{"self":[{"href":"https:\/\/thorinox.com\/fr\/wp-json\/wp\/v2\/product\/10439"}],"collection":[{"href":"https:\/\/thorinox.com\/fr\/wp-json\/wp\/v2\/product"}],"about":[{"href":"https:\/\/thorinox.com\/fr\/wp-json\/wp\/v2\/types\/product"}],"replies":[{"embeddable":true,"href":"https:\/\/thorinox.com\/fr\/wp-json\/wp\/v2\/comments?post=10439"}],"wp:featuredmedia":[{"embeddable":true,"href":"https:\/\/thorinox.com\/fr\/wp-json\/wp\/v2\/media\/8535"}],"wp:attachment":[{"href":"https:\/\/thorinox.com\/fr\/wp-json\/wp\/v2\/media?parent=10439"}],"wp:term":[{"taxonomy":"product_cat","embeddable":true,"href":"https:\/\/thorinox.com\/fr\/wp-json\/wp\/v2\/product_cat?post=10439"},{"taxonomy":"product_tag","embeddable":true,"href":"https:\/\/thorinox.com\/fr\/wp-json\/wp\/v2\/product_tag?post=10439"}],"curies":[{"name":"wp","href":"https:\/\/api.w.org\/{rel}","templated":true}]}}