{"id":10429,"date":"2024-04-10T08:58:57","date_gmt":"2024-04-10T12:58:57","guid":{"rendered":"https:\/\/thorinox.com\/equipment\/non%20class\u00e9\/embout-pour-robinet-dm\/"},"modified":"2024-04-22T14:53:54","modified_gmt":"2024-04-22T18:53:54","slug":"embout-pour-robinet-dm","status":"publish","type":"product","link":"https:\/\/thorinox.com\/fr\/equipment\/plomberie-et-robinetterie\/pieces-de-plomberie\/embout-pour-robinet-dm\/","title":{"rendered":"Embout pour robinet DM"},"content":{"rendered":"<h3><strong>Pr\u00e9sentation de l&#8217;embout Thorinox pour le robinet DM : Am\u00e9lioration de l&rsquo;efficacit\u00e9 dans les cuisines commerciales<\/strong><\/h3>\n<p>D\u00e9couvrez notre embout pour robinet DM pour robinet DM dans la section des pi\u00e8ces de plomberie, offrant des solutions essentielles pour votre cuisine ou espace de travail commercial. Explorez notre gamme diversifi\u00e9e de produits de plomberie, m\u00e9ticuleusement con\u00e7us pour r\u00e9pondre aux exigences de diverses applications et environnements.<\/p>\n<p>Plongez dans notre section de robinets et pi\u00e8ces de pr\u00e9-rin\u00e7age, mettant en vedette notre robinet de pr\u00e9-rin\u00e7age Thorinox unique avec un pulv\u00e9risateur pivotant pour plus de commodit\u00e9 et de fonctionnalit\u00e9. Nos robinets de pr\u00e9-rin\u00e7age offrent des performances et une durabilit\u00e9 sup\u00e9rieures par rapport \u00e0 d&rsquo;autres options sur le march\u00e9. De plus, nous fournissons des pi\u00e8ces telles que le ressort h\u00e9lico\u00efdal pour tuyau, le tuyau flexible, le support mural, le tuyau de mont\u00e9e avec crochet, le connecteur de tuyau, et plus encore pour garantir le bon fonctionnement de votre installation.<\/p>\n<p>Une partie de notre cat\u00e9gorie de robinets comprend \u00e9galement des robinets de garde-manger avec montage central de 8&Prime; avec tuyau flexible, fournissant un d\u00e9bit d&rsquo;eau fiable pour vos besoins en cuisine. Nous proposons une large gamme de pi\u00e8ces telles que des robinets d&rsquo;entr\u00e9e en laiton mont\u00e9s sur le pont, des becs \u00e0 col de cygne, des becs de lavabo sur pied, des corps de robinet mural, des corps de robinet de garde-manger mont\u00e9s au mur, des entr\u00e9es femelles, des entr\u00e9es m\u00e2les, des corps de robinet mont\u00e9s sur le pont, des vannes, et plus encore pour compl\u00e9ter votre installation de plomberie et garantir des performances optimales.<\/p>\n<p>Que vous ayez une cuisine commerciale, un restaurant ou un espace culinaire, faites confiance \u00e0 notre \u00e9quipement de plomberie pour r\u00e9pondre \u00e0 vos besoins avec qualit\u00e9 et fiabilit\u00e9. D\u00e9couvrez la commodit\u00e9 et l&rsquo;efficacit\u00e9 de nos solutions de plomberie, con\u00e7ues pour d\u00e9passer vos attentes et am\u00e9liorer votre flux de travail dans n&rsquo;importe quel environnement.<\/p>\n<h3>Fonctionnalit\u00e9s standard :<\/h3>\n<ul>\n<li>Tuyau de mont\u00e9e de 20&Prime; <a href=\"https:\/\/thorinox.com\/equipment\/plumbing-and-faucets\/plumbing-parts\/riser-pipe\/\">Riser Pipe<\/a><\/li>\n<li><a href=\"https:\/\/thorinox.com\/equipment\/plumbing-and-faucets\/plumbing-parts\/faucet-wall-bracket\/\">Support mural de 6&Prime;<\/a><\/li>\n<li>Comprend une vanne de non-retour pour pr\u00e9venir les reflux<\/li>\n<li><a href=\"https:\/\/thorinox.com\/equipment\/plumbing-and-faucets\/plumbing-parts\/spray-valve\/\">Valve de pulv\u00e9risation<\/a> conforme \u00e0 la norme <a href=\"https:\/\/sn.astm.org\/features\/astm-canada-jf16.html#:~:text=Canada%2C%20the%20second%20largest%20country,Council%20of%20Canada%20in%202013.\" target=\"_blank\" rel=\"noopener\">ANSI\/ASTM F2324-03<\/a><\/li>\n<li>Tuyau flexible en acier inoxydable de 55&Prime; ou 68&Prime; <a href=\"https:\/\/thorinox.com\/equipment\/plumbing-and-faucets\/plumbing-parts\/flexible-hose\/\">Flexible<\/a>, tuyau int\u00e9rieur en Santopr\u00e8ne<\/li>\n<li>Approuv\u00e9 CSA et NSF<\/li>\n<li>Kit d&rsquo;installation de plomberie inclus<\/li>\n<li>Garantie de pi\u00e8ces de 3 ans<\/li>\n<li>Optionnel : Pistolet de pulv\u00e9risation \u00e0 faible d\u00e9bit de 0,65\/gpm<\/li>\n<\/ul>\n<h3>Pi\u00e8ces de plomberie :<\/h3>\n<ul>\n<li><a href=\"https:\/\/thorinox.com\/fr\/equipment\/plomberie-et-robinetterie\/pieces-de-plomberie\/ressort-helicoidal-pour-tuyau\/\">Ressort h\u00e9lico\u00efdal pour tuyau<\/a><\/li>\n<li><a href=\"https:\/\/thorinox.com\/fr\/equipment\/plomberie-et-robinetterie\/pieces-de-plomberie\/tuyau-flexible\/\">Tuyau flexible<\/a><\/li>\n<li><a href=\"https:\/\/thorinox.com\/fr\/equipment\/plomberie-et-robinetterie\/pieces-de-plomberie\/support-mural\/\">Support mural<\/a><\/li>\n<li><a href=\"https:\/\/thorinox.com\/fr\/equipment\/plomberie-et-robinetterie\/pieces-de-plomberie\/tuyau-montant-avec-crochet\/\">Tuyau montant (avec crochet)<\/a><\/li>\n<li><a href=\"https:\/\/thorinox.com\/fr\/equipment\/plomberie-et-robinetterie\/pieces-de-plomberie\/connecteur-de-tuyau\/\">Connecteur de tuyau<\/a><\/li>\n<li><a href=\"https:\/\/thorinox.com\/fr\/equipment\/plomberie-et-robinetterie\/pieces-de-plomberie\/connecteur-pivotant\/\">Connecteur pivotant<\/a><\/li>\n<li><a href=\"https:\/\/thorinox.com\/fr\/equipment\/plomberie-et-robinetterie\/pieces-de-plomberie\/valve-de-connexion\/\">Valve de connexion<\/a><\/li>\n<li><a href=\"https:\/\/thorinox.com\/fr\/equipment\/plomberie-et-robinetterie\/pieces-de-plomberie\/coude-et-embout\/\">Coude et embout<\/a><\/li>\n<li><a href=\"https:\/\/thorinox.com\/fr\/equipment\/plomberie-et-robinetterie\/pieces-de-plomberie\/poignee\/\">Poign\u00e9e<\/a><\/li>\n<li><a href=\"https:\/\/thorinox.com\/fr\/equipment\/plomberie-et-robinetterie\/pieces-de-plomberie\/valve-de-pulverisation\/\">Valve de pulv\u00e9risation<\/a><\/li>\n<li><a href=\"https:\/\/thorinox.com\/fr\/equipment\/plomberie-et-robinetterie\/pieces-de-plomberie\/valve-de-pulverisation-a-debit-reduit\/\">Valve de pulv\u00e9risation \u00e0 d\u00e9bit r\u00e9duit<\/a><\/li>\n<li><a href=\"https:\/\/thorinox.com\/fr\/equipment\/plomberie-et-robinetterie\/pieces-de-plomberie\/kit-de-reparation-de-valve-de-pulverisation\/\">Kit de R\u00e9paration de valve de pulv\u00e9risation<\/a><\/li>\n<li><a href=\"https:\/\/thorinox.com\/fr\/equipment\/plomberie-et-robinetterie\/pieces-de-plomberie\/joint-torique-pour-valve-de-pulverisation\/\">Joint torique pour valve de pulv\u00e9risation<\/a><\/li>\n<li><a href=\"https:\/\/thorinox.com\/fr\/equipment\/plomberie-et-robinetterie\/pieces-de-plomberie\/kit-de-reparation-de-poignee-a-levier\/\">Kit de r\u00e9paration de poign\u00e9e \u00e0 levier<\/a><\/li>\n<\/ul>\n<table>\n<thead>\n<tr>\n<th>Mod\u00e8le<\/th>\n<\/tr>\n<\/thead>\n<tbody>\n<tr>\n<td>0098-10<\/td>\n<\/tr>\n<\/tbody>\n<\/table>\n","protected":false},"excerpt":{"rendered":"<p>L&#8217;embout pour <a href=\"https:\/\/thorinox.com\/fr\/equipment\/plomberie-et-robinetterie\/robinets-de-garde-manger\/robinet-de-garde-manger-a-montage-central-de-8-avec-buse\/\">robinet DM<\/a> est destin\u00e9 aux postes de travail en acier inoxydable de haute qualit\u00e9, garantissant des performances durables dans les environnements commerciaux et industriels.<\/p>\n<h3>Caract\u00e9ristiques du robinet de pr\u00e9-rin\u00e7age\u00a0:<\/h3>\n<ul>\n<li>Tuyau montant de 20&Prime;<\/li>\n<li>Support mural de 6&Prime;<\/li>\n<li>Inclus une clapet anti-retour pour pr\u00e9venir les reflux<\/li>\n<li>Valve de pulv\u00e9risation conforme \u00e0 la norme <a href=\"https:\/\/sn.astm.org\/features\/astm-canada-jf16.html#:~:text=Canada%2C%20the%20second%20largest%20country,Council%20of%20Canada%20in%202013.\" target=\"_blank\" rel=\"noopener\">ANSI\/ASTM F2324-03<\/a><\/li>\n<li>Tuyau flexible en acier inoxydable de 55\u201d ou 68\u201d, avec tuyau int\u00e9rieur en santoprene<\/li>\n<li>Approuv\u00e9 CSA et NSF<\/li>\n<li>Kit d&rsquo;installation de plomberie inclus<\/li>\n<li>Garantie de 3 ans sur les pi\u00e8ces<\/li>\n<li>Optionnel : Pistolet de pulv\u00e9risation \u00e0 d\u00e9bit r\u00e9duit de 0.65\/gpm<\/li>\n<\/ul>\n<h3>Pi\u00e8ces de plomberie :<\/h3>\n<ul>\n<li><a href=\"https:\/\/thorinox.com\/fr\/equipment\/plomberie-et-robinetterie\/pieces-de-plomberie\/ressort-helicoidal-pour-tuyau\/\">Ressort h\u00e9lico\u00efdal pour tuyau<\/a><\/li>\n<li><a href=\"https:\/\/thorinox.com\/fr\/equipment\/plomberie-et-robinetterie\/pieces-de-plomberie\/tuyau-flexible\/\">Tuyau flexible<\/a><\/li>\n<li><a href=\"https:\/\/thorinox.com\/fr\/equipment\/plomberie-et-robinetterie\/pieces-de-plomberie\/support-mural\/\">Support mural<\/a><\/li>\n<li><a href=\"https:\/\/thorinox.com\/fr\/equipment\/plomberie-et-robinetterie\/pieces-de-plomberie\/tuyau-montant-avec-crochet\/\">Tuyau montant (avec crochet)<\/a><\/li>\n<li><a href=\"https:\/\/thorinox.com\/fr\/equipment\/plomberie-et-robinetterie\/pieces-de-plomberie\/connecteur-de-tuyau\/\">Connecteur de tuyau<\/a><\/li>\n<li><a href=\"https:\/\/thorinox.com\/fr\/equipment\/plomberie-et-robinetterie\/pieces-de-plomberie\/connecteur-pivotant\/\">Connecteur pivotant<\/a><\/li>\n<li><a href=\"https:\/\/thorinox.com\/fr\/equipment\/plomberie-et-robinetterie\/pieces-de-plomberie\/valve-de-connexion\/\">Valve de connexion<\/a><\/li>\n<li><a href=\"https:\/\/thorinox.com\/fr\/equipment\/plomberie-et-robinetterie\/pieces-de-plomberie\/coude-et-embout\/\">Coude et embout<\/a><\/li>\n<li><a href=\"https:\/\/thorinox.com\/fr\/equipment\/plomberie-et-robinetterie\/pieces-de-plomberie\/poignee\/\">Poign\u00e9e<\/a><\/li>\n<li><a href=\"https:\/\/thorinox.com\/fr\/equipment\/plomberie-et-robinetterie\/pieces-de-plomberie\/valve-de-pulverisation\/\">Valve de pulv\u00e9risation<\/a><\/li>\n<li><a href=\"https:\/\/thorinox.com\/fr\/equipment\/plomberie-et-robinetterie\/pieces-de-plomberie\/valve-de-pulverisation-a-debit-reduit\/\">Valve de pulv\u00e9risation \u00e0 d\u00e9bit r\u00e9duit<\/a><\/li>\n<li><a href=\"https:\/\/thorinox.com\/fr\/equipment\/plomberie-et-robinetterie\/pieces-de-plomberie\/kit-de-reparation-de-valve-de-pulverisation\/\">Kit de R\u00e9paration de valve de pulv\u00e9risation<\/a><\/li>\n<li><a href=\"https:\/\/thorinox.com\/fr\/equipment\/plomberie-et-robinetterie\/pieces-de-plomberie\/joint-torique-pour-valve-de-pulverisation\/\">Joint torique pour valve de pulv\u00e9risation<\/a><\/li>\n<li><a href=\"https:\/\/thorinox.com\/fr\/equipment\/plomberie-et-robinetterie\/pieces-de-plomberie\/kit-de-reparation-de-poignee-a-levier\/\">Kit de r\u00e9paration de poign\u00e9e \u00e0 levier<\/a><\/li>\n<\/ul>\n<table>\n<thead>\n<tr>\n<th>Mod\u00e8le<\/th>\n<\/tr>\n<\/thead>\n<tbody>\n<tr>\n<td>0098-10<\/td>\n<\/tr>\n<\/tbody>\n<\/table>\n","protected":false},"featured_media":9036,"comment_status":"open","ping_status":"closed","template":"","meta":[],"product_cat":[242],"product_tag":[],"yoast_head":"<!-- This site is optimized with the Yoast SEO plugin v23.3 - https:\/\/yoast.com\/wordpress\/plugins\/seo\/ -->\n<title>Embout pour robinet DM | Robinets commerciaux | Thorinox<\/title>\n<meta name=\"description\" content=\"L&#039;embout pour robinets DM est destin\u00e9 aux postes de travail en acier inoxydable de haute qualit\u00e9 garantissant des performances durables dans les environnements commerciaux et industriels.\" \/>\n<meta name=\"robots\" content=\"index, follow, max-snippet:-1, max-image-preview:large, max-video-preview:-1\" \/>\n<link rel=\"canonical\" href=\"https:\/\/thorinox.com\/fr\/equipment\/plomberie-et-robinetterie\/pieces-de-plomberie\/embout-pour-robinet-dm\/\" \/>\n<meta property=\"og:locale\" content=\"fr_FR\" \/>\n<meta property=\"og:type\" content=\"article\" \/>\n<meta property=\"og:title\" content=\"Embout pour robinet DM | Robinets commerciaux | Thorinox\" \/>\n<meta property=\"og:description\" content=\"L&#039;embout pour robinets DM est destin\u00e9 aux postes de travail en acier inoxydable de haute qualit\u00e9 garantissant des performances durables dans les environnements commerciaux et industriels.\" \/>\n<meta property=\"og:url\" content=\"https:\/\/thorinox.com\/fr\/equipment\/plomberie-et-robinetterie\/pieces-de-plomberie\/embout-pour-robinet-dm\/\" \/>\n<meta property=\"og:site_name\" content=\"Thorinox\" \/>\n<meta property=\"article:modified_time\" content=\"2024-04-22T18:53:54+00:00\" \/>\n<meta property=\"og:image\" content=\"https:\/\/thorinox.com\/wp-content\/uploads\/2024\/04\/Thorinox-high-quality-stainless-steel-commercial-kitchen-equipment-0098-10-nipple-for-dm-faucet.png\" \/>\n\t<meta property=\"og:image:width\" content=\"800\" \/>\n\t<meta property=\"og:image:height\" content=\"900\" \/>\n\t<meta property=\"og:image:type\" content=\"image\/png\" \/>\n<meta name=\"twitter:card\" content=\"summary_large_image\" \/>\n<meta name=\"twitter:label1\" content=\"Dur\u00e9e de lecture estim\u00e9e\" \/>\n\t<meta name=\"twitter:data1\" content=\"3 minutes\" \/>\n<script type=\"application\/ld+json\" class=\"yoast-schema-graph\">{\"@context\":\"https:\/\/schema.org\",\"@graph\":[{\"@type\":\"WebPage\",\"@id\":\"https:\/\/thorinox.com\/fr\/equipment\/plomberie-et-robinetterie\/pieces-de-plomberie\/embout-pour-robinet-dm\/\",\"url\":\"https:\/\/thorinox.com\/fr\/equipment\/plomberie-et-robinetterie\/pieces-de-plomberie\/embout-pour-robinet-dm\/\",\"name\":\"Embout pour robinet DM | Robinets commerciaux | Thorinox\",\"isPartOf\":{\"@id\":\"https:\/\/thorinox.com\/fr\/#website\"},\"primaryImageOfPage\":{\"@id\":\"https:\/\/thorinox.com\/fr\/equipment\/plomberie-et-robinetterie\/pieces-de-plomberie\/embout-pour-robinet-dm\/#primaryimage\"},\"image\":{\"@id\":\"https:\/\/thorinox.com\/fr\/equipment\/plomberie-et-robinetterie\/pieces-de-plomberie\/embout-pour-robinet-dm\/#primaryimage\"},\"thumbnailUrl\":\"https:\/\/thorinox.com\/wp-content\/uploads\/2024\/04\/Thorinox-high-quality-stainless-steel-commercial-kitchen-equipment-0098-10-nipple-for-dm-faucet.png\",\"datePublished\":\"2024-04-10T12:58:57+00:00\",\"dateModified\":\"2024-04-22T18:53:54+00:00\",\"description\":\"L'embout pour robinets DM est destin\u00e9 aux postes de travail en acier inoxydable de haute qualit\u00e9 garantissant des performances durables dans les environnements commerciaux et industriels.\",\"breadcrumb\":{\"@id\":\"https:\/\/thorinox.com\/fr\/equipment\/plomberie-et-robinetterie\/pieces-de-plomberie\/embout-pour-robinet-dm\/#breadcrumb\"},\"inLanguage\":\"fr-FR\",\"potentialAction\":[{\"@type\":\"ReadAction\",\"target\":[\"https:\/\/thorinox.com\/fr\/equipment\/plomberie-et-robinetterie\/pieces-de-plomberie\/embout-pour-robinet-dm\/\"]}]},{\"@type\":\"ImageObject\",\"inLanguage\":\"fr-FR\",\"@id\":\"https:\/\/thorinox.com\/fr\/equipment\/plomberie-et-robinetterie\/pieces-de-plomberie\/embout-pour-robinet-dm\/#primaryimage\",\"url\":\"https:\/\/thorinox.com\/wp-content\/uploads\/2024\/04\/Thorinox-high-quality-stainless-steel-commercial-kitchen-equipment-0098-10-nipple-for-dm-faucet.png\",\"contentUrl\":\"https:\/\/thorinox.com\/wp-content\/uploads\/2024\/04\/Thorinox-high-quality-stainless-steel-commercial-kitchen-equipment-0098-10-nipple-for-dm-faucet.png\",\"width\":800,\"height\":900,\"caption\":\"Ceci est une image d'un accessoire pour robinet de garde-manger de Thorinox. Thorinox est un \u00e9quipement en acier inoxydable de haute qualit\u00e9 destin\u00e9 aux restaurants et autres types de postes de travail.\"},{\"@type\":\"BreadcrumbList\",\"@id\":\"https:\/\/thorinox.com\/fr\/equipment\/plomberie-et-robinetterie\/pieces-de-plomberie\/embout-pour-robinet-dm\/#breadcrumb\",\"itemListElement\":[{\"@type\":\"ListItem\",\"position\":1,\"name\":\"Home\",\"item\":\"https:\/\/thorinox.com\/fr\/\"},{\"@type\":\"ListItem\",\"position\":2,\"name\":\"Produits\",\"item\":\"https:\/\/thorinox.com\/fr\/shop\/\"},{\"@type\":\"ListItem\",\"position\":3,\"name\":\"Embout pour robinet DM\"}]},{\"@type\":\"WebSite\",\"@id\":\"https:\/\/thorinox.com\/fr\/#website\",\"url\":\"https:\/\/thorinox.com\/fr\/\",\"name\":\"Thorinox\",\"description\":\"High Quality Stainless Steel Equipment\",\"publisher\":{\"@id\":\"https:\/\/thorinox.com\/fr\/#organization\"},\"potentialAction\":[{\"@type\":\"SearchAction\",\"target\":{\"@type\":\"EntryPoint\",\"urlTemplate\":\"https:\/\/thorinox.com\/fr\/?s={search_term_string}\"},\"query-input\":\"required name=search_term_string\"}],\"inLanguage\":\"fr-FR\"},{\"@type\":\"Organization\",\"@id\":\"https:\/\/thorinox.com\/fr\/#organization\",\"name\":\"Thorinox\",\"url\":\"https:\/\/thorinox.com\/fr\/\",\"logo\":{\"@type\":\"ImageObject\",\"inLanguage\":\"fr-FR\",\"@id\":\"https:\/\/thorinox.com\/fr\/#\/schema\/logo\/image\/\",\"url\":\"https:\/\/thorinox.com\/wp-content\/uploads\/2024\/02\/Thorinox-logo-high-quality-stainless-steel-equipment.png\",\"contentUrl\":\"https:\/\/thorinox.com\/wp-content\/uploads\/2024\/02\/Thorinox-logo-high-quality-stainless-steel-equipment.png\",\"width\":546,\"height\":100,\"caption\":\"Thorinox\"},\"image\":{\"@id\":\"https:\/\/thorinox.com\/fr\/#\/schema\/logo\/image\/\"}}]}<\/script>\n<!-- \/ Yoast SEO plugin. -->","yoast_head_json":{"title":"Embout pour robinet DM | Robinets commerciaux | Thorinox","description":"L'embout pour robinets DM est destin\u00e9 aux postes de travail en acier inoxydable de haute qualit\u00e9 garantissant des performances durables dans les environnements commerciaux et industriels.","robots":{"index":"index","follow":"follow","max-snippet":"max-snippet:-1","max-image-preview":"max-image-preview:large","max-video-preview":"max-video-preview:-1"},"canonical":"https:\/\/thorinox.com\/fr\/equipment\/plomberie-et-robinetterie\/pieces-de-plomberie\/embout-pour-robinet-dm\/","og_locale":"fr_FR","og_type":"article","og_title":"Embout pour robinet DM | Robinets commerciaux | Thorinox","og_description":"L'embout pour robinets DM est destin\u00e9 aux postes de travail en acier inoxydable de haute qualit\u00e9 garantissant des performances durables dans les environnements commerciaux et industriels.","og_url":"https:\/\/thorinox.com\/fr\/equipment\/plomberie-et-robinetterie\/pieces-de-plomberie\/embout-pour-robinet-dm\/","og_site_name":"Thorinox","article_modified_time":"2024-04-22T18:53:54+00:00","og_image":[{"width":800,"height":900,"url":"https:\/\/thorinox.com\/wp-content\/uploads\/2024\/04\/Thorinox-high-quality-stainless-steel-commercial-kitchen-equipment-0098-10-nipple-for-dm-faucet.png","type":"image\/png"}],"twitter_card":"summary_large_image","twitter_misc":{"Dur\u00e9e de lecture estim\u00e9e":"3 minutes"},"schema":{"@context":"https:\/\/schema.org","@graph":[{"@type":"WebPage","@id":"https:\/\/thorinox.com\/fr\/equipment\/plomberie-et-robinetterie\/pieces-de-plomberie\/embout-pour-robinet-dm\/","url":"https:\/\/thorinox.com\/fr\/equipment\/plomberie-et-robinetterie\/pieces-de-plomberie\/embout-pour-robinet-dm\/","name":"Embout pour robinet DM | Robinets commerciaux | Thorinox","isPartOf":{"@id":"https:\/\/thorinox.com\/fr\/#website"},"primaryImageOfPage":{"@id":"https:\/\/thorinox.com\/fr\/equipment\/plomberie-et-robinetterie\/pieces-de-plomberie\/embout-pour-robinet-dm\/#primaryimage"},"image":{"@id":"https:\/\/thorinox.com\/fr\/equipment\/plomberie-et-robinetterie\/pieces-de-plomberie\/embout-pour-robinet-dm\/#primaryimage"},"thumbnailUrl":"https:\/\/thorinox.com\/wp-content\/uploads\/2024\/04\/Thorinox-high-quality-stainless-steel-commercial-kitchen-equipment-0098-10-nipple-for-dm-faucet.png","datePublished":"2024-04-10T12:58:57+00:00","dateModified":"2024-04-22T18:53:54+00:00","description":"L'embout pour robinets DM est destin\u00e9 aux postes de travail en acier inoxydable de haute qualit\u00e9 garantissant des performances durables dans les environnements commerciaux et industriels.","breadcrumb":{"@id":"https:\/\/thorinox.com\/fr\/equipment\/plomberie-et-robinetterie\/pieces-de-plomberie\/embout-pour-robinet-dm\/#breadcrumb"},"inLanguage":"fr-FR","potentialAction":[{"@type":"ReadAction","target":["https:\/\/thorinox.com\/fr\/equipment\/plomberie-et-robinetterie\/pieces-de-plomberie\/embout-pour-robinet-dm\/"]}]},{"@type":"ImageObject","inLanguage":"fr-FR","@id":"https:\/\/thorinox.com\/fr\/equipment\/plomberie-et-robinetterie\/pieces-de-plomberie\/embout-pour-robinet-dm\/#primaryimage","url":"https:\/\/thorinox.com\/wp-content\/uploads\/2024\/04\/Thorinox-high-quality-stainless-steel-commercial-kitchen-equipment-0098-10-nipple-for-dm-faucet.png","contentUrl":"https:\/\/thorinox.com\/wp-content\/uploads\/2024\/04\/Thorinox-high-quality-stainless-steel-commercial-kitchen-equipment-0098-10-nipple-for-dm-faucet.png","width":800,"height":900,"caption":"Ceci est une image d'un accessoire pour robinet de garde-manger de Thorinox. Thorinox est un \u00e9quipement en acier inoxydable de haute qualit\u00e9 destin\u00e9 aux restaurants et autres types de postes de travail."},{"@type":"BreadcrumbList","@id":"https:\/\/thorinox.com\/fr\/equipment\/plomberie-et-robinetterie\/pieces-de-plomberie\/embout-pour-robinet-dm\/#breadcrumb","itemListElement":[{"@type":"ListItem","position":1,"name":"Home","item":"https:\/\/thorinox.com\/fr\/"},{"@type":"ListItem","position":2,"name":"Produits","item":"https:\/\/thorinox.com\/fr\/shop\/"},{"@type":"ListItem","position":3,"name":"Embout pour robinet DM"}]},{"@type":"WebSite","@id":"https:\/\/thorinox.com\/fr\/#website","url":"https:\/\/thorinox.com\/fr\/","name":"Thorinox","description":"High Quality Stainless Steel Equipment","publisher":{"@id":"https:\/\/thorinox.com\/fr\/#organization"},"potentialAction":[{"@type":"SearchAction","target":{"@type":"EntryPoint","urlTemplate":"https:\/\/thorinox.com\/fr\/?s={search_term_string}"},"query-input":"required name=search_term_string"}],"inLanguage":"fr-FR"},{"@type":"Organization","@id":"https:\/\/thorinox.com\/fr\/#organization","name":"Thorinox","url":"https:\/\/thorinox.com\/fr\/","logo":{"@type":"ImageObject","inLanguage":"fr-FR","@id":"https:\/\/thorinox.com\/fr\/#\/schema\/logo\/image\/","url":"https:\/\/thorinox.com\/wp-content\/uploads\/2024\/02\/Thorinox-logo-high-quality-stainless-steel-equipment.png","contentUrl":"https:\/\/thorinox.com\/wp-content\/uploads\/2024\/02\/Thorinox-logo-high-quality-stainless-steel-equipment.png","width":546,"height":100,"caption":"Thorinox"},"image":{"@id":"https:\/\/thorinox.com\/fr\/#\/schema\/logo\/image\/"}}]}},"_links":{"self":[{"href":"https:\/\/thorinox.com\/fr\/wp-json\/wp\/v2\/product\/10429"}],"collection":[{"href":"https:\/\/thorinox.com\/fr\/wp-json\/wp\/v2\/product"}],"about":[{"href":"https:\/\/thorinox.com\/fr\/wp-json\/wp\/v2\/types\/product"}],"replies":[{"embeddable":true,"href":"https:\/\/thorinox.com\/fr\/wp-json\/wp\/v2\/comments?post=10429"}],"wp:featuredmedia":[{"embeddable":true,"href":"https:\/\/thorinox.com\/fr\/wp-json\/wp\/v2\/media\/9036"}],"wp:attachment":[{"href":"https:\/\/thorinox.com\/fr\/wp-json\/wp\/v2\/media?parent=10429"}],"wp:term":[{"taxonomy":"product_cat","embeddable":true,"href":"https:\/\/thorinox.com\/fr\/wp-json\/wp\/v2\/product_cat?post=10429"},{"taxonomy":"product_tag","embeddable":true,"href":"https:\/\/thorinox.com\/fr\/wp-json\/wp\/v2\/product_tag?post=10429"}],"curies":[{"name":"wp","href":"https:\/\/api.w.org\/{rel}","templated":true}]}}