{"id":10405,"date":"2024-04-04T12:56:13","date_gmt":"2024-04-04T16:56:13","guid":{"rendered":"https:\/\/thorinox.com\/equipment\/non%20class\u00e9\/evier-de-genou\/"},"modified":"2026-02-18T11:59:48","modified_gmt":"2026-02-18T16:59:48","slug":"evier-de-genou","status":"publish","type":"product","link":"https:\/\/thorinox.com\/fr\/equipment\/eviers\/eviers-specialisees\/evier-de-genou\/","title":{"rendered":"\u00c9vier de genou"},"content":{"rendered":"<p>D\u00e9couvrez notre \u00e9vier \u00e0 genoux dans notre cat\u00e9gorie \u00e9viers autonomes. Ils sont m\u00e9ticuleusement con\u00e7us pour rationaliser les processus de lavage de la vaisselle et am\u00e9liorer l&rsquo;efficacit\u00e9 des \u00e9tablissements de services commerciaux. Cr\u00e9\u00e9e dans un souci de durabilit\u00e9 et de fonctionnalit\u00e9, notre cat\u00e9gorie d\u2019\u00e9quipement offre une vari\u00e9t\u00e9 d\u2019options adapt\u00e9es \u00e0 vos besoins.<\/p>\n<p>Notre \u00e9vier \u00e0 genoux est fabriqu\u00e9 en acier inoxydable de haute qualit\u00e9. Ils offrent une durabilit\u00e9 et une r\u00e9sistance \u00e0 la corrosion exceptionnelles. Ils garantissent des performances durables dans les environnements de cuisine exigeants. Le design \u00e9l\u00e9gant et homog\u00e8ne de nos tables facilite le nettoyage et l\u2019entretien. Cela permet donc un fonctionnement hygi\u00e9nique et sanitaire tout au long de la journ\u00e9e.<\/p>\n<h3>Caract\u00e9ristiques du lavabo \u00e0 genoux\u00a0:<\/h3>\n<ul>\n<li>Fabriqu\u00e9 en acier inoxydable 304 de calibre 18<\/li>\n<li>Coins incurv\u00e9s et bords roul\u00e9s<\/li>\n<li>Coutures soud\u00e9es bien polies<\/li>\n<\/ul>\n<p>Les pi\u00e8ces:<\/p>\n<ul>\n<li><a href=\"https:\/\/thorinox.com\/equipment\/plumbing-and-faucets\/plumbing-parts\/tks-valve\/\">TKS Valve<\/a><\/li>\n<\/ul>\n<h3>Taille du bol\u00a0:<\/h3>\n<table>\n<thead>\n<tr>\n<th>Mod\u00e8les<\/th>\n<th style=\"text-align: center;\">L\u00a0\u00bb<\/th>\n<th style=\"text-align: center;\">P\u00a0\u00bb<\/th>\n<th style=\"text-align: center;\">H\u00a0\u00bb<\/th>\n<\/tr>\n<\/thead>\n<tbody>\n<tr>\n<td>TKS-1<\/td>\n<td style=\"text-align: center;\">13.5&Prime;<\/td>\n<td style=\"text-align: center;\">9.6&Prime;<\/td>\n<td style=\"text-align: center;\">5&Prime;<\/td>\n<\/tr>\n<\/tbody>\n<\/table>\n<h3>Taille globale:<\/h3>\n<table>\n<thead>\n<tr>\n<th>Mod\u00e8les<\/th>\n<th style=\"text-align: center;\">L\u00a0\u00bb<\/th>\n<th style=\"text-align: center;\">P\u00a0\u00bb<\/th>\n<th style=\"text-align: center;\">H\u00a0\u00bb<\/th>\n<\/tr>\n<\/thead>\n<tbody>\n<tr>\n<td>TKS-1<\/td>\n<td style=\"text-align: center;\">17.3&Prime;<\/td>\n<td style=\"text-align: center;\">13&Prime;<\/td>\n<td style=\"text-align: center;\">19&Prime;<\/td>\n<\/tr>\n<\/tbody>\n<\/table>\n<p>D\u00e9couvrez la commodit\u00e9 et la fiabilit\u00e9 in\u00e9gal\u00e9es de notre \u00e9vier \u00e0 genou autonome, m\u00e9ticuleusement con\u00e7u pour r\u00e9pondre aux exigences exigeantes des environnements de cuisine commerciale. Fabriqu\u00e9s avec pr\u00e9cision et con\u00e7us pour durer, nos \u00e9viers offrent une solution optimale pour maintenir des normes d&rsquo;hygi\u00e8ne impeccables tout en rationalisant les op\u00e9rations quotidiennes.<\/p>\n<p>Que vous dirigiez un restaurant anim\u00e9, une caf\u00e9t\u00e9ria tr\u00e8s fr\u00e9quent\u00e9e ou un service de restauration \u00e0 volume \u00e9lev\u00e9, nos \u00e9viers sont le choix id\u00e9al pour garantir la propret\u00e9 et l&rsquo;efficacit\u00e9. Gr\u00e2ce \u00e0 leur construction robuste et leur conception ergonomique, ils offrent une exp\u00e9rience de lavage fiable et confortable aussi bien au personnel qu&rsquo;aux clients.<\/p>\n<p>Notre engagement envers la qualit\u00e9 et l&rsquo;innovation est \u00e9vident dans tous les aspects de nos \u00e9viers autonomes. Du choix de mat\u00e9riaux de haute qualit\u00e9 qui r\u00e9sistent \u00e0 la corrosion et \u00e0 l\u2019usure \u00e0 l\u2019inclusion de fonctionnalit\u00e9s r\u00e9fl\u00e9chies qui am\u00e9liorent la convivialit\u00e9, nous accordons la priorit\u00e9 \u00e0 l\u2019excellence pour offrir un produit de qualit\u00e9 sup\u00e9rieure qui d\u00e9passe les attentes.<\/p>\n<p>De plus, nos \u00e9viers \u00e0 genoux sont con\u00e7us dans un souci de flexibilit\u00e9, offrant diverses options de montage en fonction de votre espace et de vos pr\u00e9f\u00e9rences. Que vous ayez besoin d&rsquo;un \u00e9vier mural pour les espaces compacts ou d&rsquo;un mod\u00e8le autoportant pour plus de commodit\u00e9, nous avons la solution parfaite pour r\u00e9pondre \u00e0 vos besoins.<\/p>\n","protected":false},"excerpt":{"rendered":"<p>L&rsquo;\u00e9vier Thorinox Knee Sink est fabriqu\u00e9 en acier inoxydable de haute qualit\u00e9 pour les postes de travail commerciaux et industriels garantissant des performances durables.<\/p>\n<h3>Caract\u00e9ristiques standards:<\/h3>\n<ul>\n<li>Fabriqu\u00e9 en acier inoxydable 304 de calibre 18<\/li>\n<li>Coins incurv\u00e9s et bords roul\u00e9s<\/li>\n<li>Coutures soud\u00e9es bien polies<\/li>\n<\/ul>\n<h3>Les pi\u00e8ces :<\/h3>\n<ul>\n<li>Valve TKS-1<\/li>\n<\/ul>\n<h3>Taille du bol\u00a0:<\/h3>\n<table>\n<thead>\n<tr>\n<th>Mod\u00e8les<\/th>\n<th style=\"text-align: center;\">L\u00a0\u00bb<\/th>\n<th style=\"text-align: center;\">P\u00a0\u00bb<\/th>\n<th style=\"text-align: center;\">H\u00a0\u00bb<\/th>\n<\/tr>\n<\/thead>\n<tbody>\n<tr>\n<td><a href=\"https:\/\/thorinox.com\/wp-content\/uploads\/2026\/02\/TKS-1-FR.pdf\">TKS-1<\/a><\/td>\n<td style=\"text-align: center;\">13.5&Prime;<\/td>\n<td style=\"text-align: center;\">9.6&Prime;<\/td>\n<td style=\"text-align: center;\">5&Prime;<\/td>\n<\/tr>\n<\/tbody>\n<\/table>\n<h3>Taille globale:<\/h3>\n<table>\n<thead>\n<tr>\n<th>Mod\u00e8les<\/th>\n<th style=\"text-align: center;\">L\u00a0\u00bb<\/th>\n<th style=\"text-align: center;\">P\u00a0\u00bb<\/th>\n<th style=\"text-align: center;\">H\u00a0\u00bb<\/th>\n<\/tr>\n<\/thead>\n<tbody>\n<tr>\n<td><a href=\"https:\/\/thorinox.com\/wp-content\/uploads\/2026\/02\/TKS-1-FR.pdf\">TKS-1<\/a><\/td>\n<td style=\"text-align: center;\">17.3&Prime;<\/td>\n<td style=\"text-align: center;\">13&Prime;<\/td>\n<td style=\"text-align: center;\">19&Prime;<\/td>\n<\/tr>\n<\/tbody>\n<\/table>\n","protected":false},"featured_media":8371,"comment_status":"open","ping_status":"closed","template":"","meta":[],"product_cat":[253,259],"product_tag":[],"yoast_head":"<!-- This site is optimized with the Yoast SEO plugin v23.3 - https:\/\/yoast.com\/wordpress\/plugins\/seo\/ -->\n<title>\u00c9vier de genou | \u00c9vier commercial | Thorinox | Toronto, BC, Montr\u00e9al et Qu\u00e9bec<\/title>\n<meta name=\"description\" content=\"L&#039;\u00e9vier Thorinox Knee Sink est fabriqu\u00e9 en acier inoxydable de haute qualit\u00e9 pour les postes de travail garantissant des performances durables dans les environnements commerciaux et industriels.\" \/>\n<meta name=\"robots\" content=\"index, follow, max-snippet:-1, max-image-preview:large, max-video-preview:-1\" \/>\n<link rel=\"canonical\" href=\"https:\/\/thorinox.com\/fr\/equipment\/eviers\/eviers-specialisees\/evier-de-genou\/\" \/>\n<meta property=\"og:locale\" content=\"fr_FR\" \/>\n<meta property=\"og:type\" content=\"article\" \/>\n<meta property=\"og:title\" content=\"\u00c9vier de genou | \u00c9vier commercial | Thorinox | Toronto, BC, Montr\u00e9al et Qu\u00e9bec\" \/>\n<meta property=\"og:description\" content=\"L&#039;\u00e9vier Thorinox Knee Sink est fabriqu\u00e9 en acier inoxydable de haute qualit\u00e9 pour les postes de travail garantissant des performances durables dans les environnements commerciaux et industriels.\" \/>\n<meta property=\"og:url\" content=\"https:\/\/thorinox.com\/fr\/equipment\/eviers\/eviers-specialisees\/evier-de-genou\/\" \/>\n<meta property=\"og:site_name\" content=\"Thorinox\" \/>\n<meta property=\"article:modified_time\" content=\"2026-02-18T16:59:48+00:00\" \/>\n<meta property=\"og:image\" content=\"https:\/\/thorinox.com\/wp-content\/uploads\/2024\/04\/Thorinox-high-quality-stainless-steel-commercial-kitchen-equipment-knee-sink.png\" \/>\n\t<meta property=\"og:image:width\" content=\"800\" \/>\n\t<meta property=\"og:image:height\" content=\"900\" \/>\n\t<meta property=\"og:image:type\" content=\"image\/png\" \/>\n<meta name=\"twitter:card\" content=\"summary_large_image\" \/>\n<meta name=\"twitter:label1\" content=\"Dur\u00e9e de lecture estim\u00e9e\" \/>\n\t<meta name=\"twitter:data1\" content=\"2 minutes\" \/>\n<script type=\"application\/ld+json\" class=\"yoast-schema-graph\">{\"@context\":\"https:\/\/schema.org\",\"@graph\":[{\"@type\":\"WebPage\",\"@id\":\"https:\/\/thorinox.com\/fr\/equipment\/eviers\/eviers-specialisees\/evier-de-genou\/\",\"url\":\"https:\/\/thorinox.com\/fr\/equipment\/eviers\/eviers-specialisees\/evier-de-genou\/\",\"name\":\"\u00c9vier de genou | \u00c9vier commercial | Thorinox | Toronto, BC, Montr\u00e9al et Qu\u00e9bec\",\"isPartOf\":{\"@id\":\"https:\/\/thorinox.com\/fr\/#website\"},\"primaryImageOfPage\":{\"@id\":\"https:\/\/thorinox.com\/fr\/equipment\/eviers\/eviers-specialisees\/evier-de-genou\/#primaryimage\"},\"image\":{\"@id\":\"https:\/\/thorinox.com\/fr\/equipment\/eviers\/eviers-specialisees\/evier-de-genou\/#primaryimage\"},\"thumbnailUrl\":\"https:\/\/thorinox.com\/wp-content\/uploads\/2024\/04\/Thorinox-high-quality-stainless-steel-commercial-kitchen-equipment-knee-sink.png\",\"datePublished\":\"2024-04-04T16:56:13+00:00\",\"dateModified\":\"2026-02-18T16:59:48+00:00\",\"description\":\"L'\u00e9vier Thorinox Knee Sink est fabriqu\u00e9 en acier inoxydable de haute qualit\u00e9 pour les postes de travail garantissant des performances durables dans les environnements commerciaux et industriels.\",\"breadcrumb\":{\"@id\":\"https:\/\/thorinox.com\/fr\/equipment\/eviers\/eviers-specialisees\/evier-de-genou\/#breadcrumb\"},\"inLanguage\":\"fr-FR\",\"potentialAction\":[{\"@type\":\"ReadAction\",\"target\":[\"https:\/\/thorinox.com\/fr\/equipment\/eviers\/eviers-specialisees\/evier-de-genou\/\"]}]},{\"@type\":\"ImageObject\",\"inLanguage\":\"fr-FR\",\"@id\":\"https:\/\/thorinox.com\/fr\/equipment\/eviers\/eviers-specialisees\/evier-de-genou\/#primaryimage\",\"url\":\"https:\/\/thorinox.com\/wp-content\/uploads\/2024\/04\/Thorinox-high-quality-stainless-steel-commercial-kitchen-equipment-knee-sink.png\",\"contentUrl\":\"https:\/\/thorinox.com\/wp-content\/uploads\/2024\/04\/Thorinox-high-quality-stainless-steel-commercial-kitchen-equipment-knee-sink.png\",\"width\":800,\"height\":900,\"caption\":\"Ceci est une image d'un \u00e9vier \u00e0 genou en acier inoxydable de Thorinox. Thorinox est un \u00e9quipement en acier inoxydable de haute qualit\u00e9 destin\u00e9 aux restaurants et autres types de postes de travail.\"},{\"@type\":\"BreadcrumbList\",\"@id\":\"https:\/\/thorinox.com\/fr\/equipment\/eviers\/eviers-specialisees\/evier-de-genou\/#breadcrumb\",\"itemListElement\":[{\"@type\":\"ListItem\",\"position\":1,\"name\":\"Home\",\"item\":\"https:\/\/thorinox.com\/fr\/\"},{\"@type\":\"ListItem\",\"position\":2,\"name\":\"Produits\",\"item\":\"https:\/\/thorinox.com\/fr\/shop\/\"},{\"@type\":\"ListItem\",\"position\":3,\"name\":\"\u00c9vier de genou\"}]},{\"@type\":\"WebSite\",\"@id\":\"https:\/\/thorinox.com\/fr\/#website\",\"url\":\"https:\/\/thorinox.com\/fr\/\",\"name\":\"Thorinox\",\"description\":\"High Quality Stainless Steel Equipment\",\"publisher\":{\"@id\":\"https:\/\/thorinox.com\/fr\/#organization\"},\"potentialAction\":[{\"@type\":\"SearchAction\",\"target\":{\"@type\":\"EntryPoint\",\"urlTemplate\":\"https:\/\/thorinox.com\/fr\/?s={search_term_string}\"},\"query-input\":\"required name=search_term_string\"}],\"inLanguage\":\"fr-FR\"},{\"@type\":\"Organization\",\"@id\":\"https:\/\/thorinox.com\/fr\/#organization\",\"name\":\"Thorinox\",\"url\":\"https:\/\/thorinox.com\/fr\/\",\"logo\":{\"@type\":\"ImageObject\",\"inLanguage\":\"fr-FR\",\"@id\":\"https:\/\/thorinox.com\/fr\/#\/schema\/logo\/image\/\",\"url\":\"https:\/\/thorinox.com\/wp-content\/uploads\/2024\/02\/Thorinox-logo-high-quality-stainless-steel-equipment.png\",\"contentUrl\":\"https:\/\/thorinox.com\/wp-content\/uploads\/2024\/02\/Thorinox-logo-high-quality-stainless-steel-equipment.png\",\"width\":546,\"height\":100,\"caption\":\"Thorinox\"},\"image\":{\"@id\":\"https:\/\/thorinox.com\/fr\/#\/schema\/logo\/image\/\"}}]}<\/script>\n<!-- \/ Yoast SEO plugin. -->","yoast_head_json":{"title":"\u00c9vier de genou | \u00c9vier commercial | Thorinox | Toronto, BC, Montr\u00e9al et Qu\u00e9bec","description":"L'\u00e9vier Thorinox Knee Sink est fabriqu\u00e9 en acier inoxydable de haute qualit\u00e9 pour les postes de travail garantissant des performances durables dans les environnements commerciaux et industriels.","robots":{"index":"index","follow":"follow","max-snippet":"max-snippet:-1","max-image-preview":"max-image-preview:large","max-video-preview":"max-video-preview:-1"},"canonical":"https:\/\/thorinox.com\/fr\/equipment\/eviers\/eviers-specialisees\/evier-de-genou\/","og_locale":"fr_FR","og_type":"article","og_title":"\u00c9vier de genou | \u00c9vier commercial | Thorinox | Toronto, BC, Montr\u00e9al et Qu\u00e9bec","og_description":"L'\u00e9vier Thorinox Knee Sink est fabriqu\u00e9 en acier inoxydable de haute qualit\u00e9 pour les postes de travail garantissant des performances durables dans les environnements commerciaux et industriels.","og_url":"https:\/\/thorinox.com\/fr\/equipment\/eviers\/eviers-specialisees\/evier-de-genou\/","og_site_name":"Thorinox","article_modified_time":"2026-02-18T16:59:48+00:00","og_image":[{"width":800,"height":900,"url":"https:\/\/thorinox.com\/wp-content\/uploads\/2024\/04\/Thorinox-high-quality-stainless-steel-commercial-kitchen-equipment-knee-sink.png","type":"image\/png"}],"twitter_card":"summary_large_image","twitter_misc":{"Dur\u00e9e de lecture estim\u00e9e":"2 minutes"},"schema":{"@context":"https:\/\/schema.org","@graph":[{"@type":"WebPage","@id":"https:\/\/thorinox.com\/fr\/equipment\/eviers\/eviers-specialisees\/evier-de-genou\/","url":"https:\/\/thorinox.com\/fr\/equipment\/eviers\/eviers-specialisees\/evier-de-genou\/","name":"\u00c9vier de genou | \u00c9vier commercial | Thorinox | Toronto, BC, Montr\u00e9al et Qu\u00e9bec","isPartOf":{"@id":"https:\/\/thorinox.com\/fr\/#website"},"primaryImageOfPage":{"@id":"https:\/\/thorinox.com\/fr\/equipment\/eviers\/eviers-specialisees\/evier-de-genou\/#primaryimage"},"image":{"@id":"https:\/\/thorinox.com\/fr\/equipment\/eviers\/eviers-specialisees\/evier-de-genou\/#primaryimage"},"thumbnailUrl":"https:\/\/thorinox.com\/wp-content\/uploads\/2024\/04\/Thorinox-high-quality-stainless-steel-commercial-kitchen-equipment-knee-sink.png","datePublished":"2024-04-04T16:56:13+00:00","dateModified":"2026-02-18T16:59:48+00:00","description":"L'\u00e9vier Thorinox Knee Sink est fabriqu\u00e9 en acier inoxydable de haute qualit\u00e9 pour les postes de travail garantissant des performances durables dans les environnements commerciaux et industriels.","breadcrumb":{"@id":"https:\/\/thorinox.com\/fr\/equipment\/eviers\/eviers-specialisees\/evier-de-genou\/#breadcrumb"},"inLanguage":"fr-FR","potentialAction":[{"@type":"ReadAction","target":["https:\/\/thorinox.com\/fr\/equipment\/eviers\/eviers-specialisees\/evier-de-genou\/"]}]},{"@type":"ImageObject","inLanguage":"fr-FR","@id":"https:\/\/thorinox.com\/fr\/equipment\/eviers\/eviers-specialisees\/evier-de-genou\/#primaryimage","url":"https:\/\/thorinox.com\/wp-content\/uploads\/2024\/04\/Thorinox-high-quality-stainless-steel-commercial-kitchen-equipment-knee-sink.png","contentUrl":"https:\/\/thorinox.com\/wp-content\/uploads\/2024\/04\/Thorinox-high-quality-stainless-steel-commercial-kitchen-equipment-knee-sink.png","width":800,"height":900,"caption":"Ceci est une image d'un \u00e9vier \u00e0 genou en acier inoxydable de Thorinox. Thorinox est un \u00e9quipement en acier inoxydable de haute qualit\u00e9 destin\u00e9 aux restaurants et autres types de postes de travail."},{"@type":"BreadcrumbList","@id":"https:\/\/thorinox.com\/fr\/equipment\/eviers\/eviers-specialisees\/evier-de-genou\/#breadcrumb","itemListElement":[{"@type":"ListItem","position":1,"name":"Home","item":"https:\/\/thorinox.com\/fr\/"},{"@type":"ListItem","position":2,"name":"Produits","item":"https:\/\/thorinox.com\/fr\/shop\/"},{"@type":"ListItem","position":3,"name":"\u00c9vier de genou"}]},{"@type":"WebSite","@id":"https:\/\/thorinox.com\/fr\/#website","url":"https:\/\/thorinox.com\/fr\/","name":"Thorinox","description":"High Quality Stainless Steel Equipment","publisher":{"@id":"https:\/\/thorinox.com\/fr\/#organization"},"potentialAction":[{"@type":"SearchAction","target":{"@type":"EntryPoint","urlTemplate":"https:\/\/thorinox.com\/fr\/?s={search_term_string}"},"query-input":"required name=search_term_string"}],"inLanguage":"fr-FR"},{"@type":"Organization","@id":"https:\/\/thorinox.com\/fr\/#organization","name":"Thorinox","url":"https:\/\/thorinox.com\/fr\/","logo":{"@type":"ImageObject","inLanguage":"fr-FR","@id":"https:\/\/thorinox.com\/fr\/#\/schema\/logo\/image\/","url":"https:\/\/thorinox.com\/wp-content\/uploads\/2024\/02\/Thorinox-logo-high-quality-stainless-steel-equipment.png","contentUrl":"https:\/\/thorinox.com\/wp-content\/uploads\/2024\/02\/Thorinox-logo-high-quality-stainless-steel-equipment.png","width":546,"height":100,"caption":"Thorinox"},"image":{"@id":"https:\/\/thorinox.com\/fr\/#\/schema\/logo\/image\/"}}]}},"_links":{"self":[{"href":"https:\/\/thorinox.com\/fr\/wp-json\/wp\/v2\/product\/10405"}],"collection":[{"href":"https:\/\/thorinox.com\/fr\/wp-json\/wp\/v2\/product"}],"about":[{"href":"https:\/\/thorinox.com\/fr\/wp-json\/wp\/v2\/types\/product"}],"replies":[{"embeddable":true,"href":"https:\/\/thorinox.com\/fr\/wp-json\/wp\/v2\/comments?post=10405"}],"wp:featuredmedia":[{"embeddable":true,"href":"https:\/\/thorinox.com\/fr\/wp-json\/wp\/v2\/media\/8371"}],"wp:attachment":[{"href":"https:\/\/thorinox.com\/fr\/wp-json\/wp\/v2\/media?parent=10405"}],"wp:term":[{"taxonomy":"product_cat","embeddable":true,"href":"https:\/\/thorinox.com\/fr\/wp-json\/wp\/v2\/product_cat?post=10405"},{"taxonomy":"product_tag","embeddable":true,"href":"https:\/\/thorinox.com\/fr\/wp-json\/wp\/v2\/product_tag?post=10405"}],"curies":[{"name":"wp","href":"https:\/\/api.w.org\/{rel}","templated":true}]}}