{"id":10403,"date":"2024-04-04T13:15:30","date_gmt":"2024-04-04T17:15:30","guid":{"rendered":"https:\/\/thorinox.com\/equipment\/non class\u00e9\/bol-devier\/"},"modified":"2024-04-04T13:15:30","modified_gmt":"2024-04-04T17:15:30","slug":"bol-devier","status":"publish","type":"product","link":"https:\/\/thorinox.com\/fr\/equipment\/eviers\/eviers-encastrables\/bol-devier\/","title":{"rendered":"Bol d&rsquo;\u00e9vier"},"content":{"rendered":"<p>D\u00e9couvrez une commodit\u00e9 et une polyvalence in\u00e9gal\u00e9es avec notre cuvette d&rsquo;\u00e9vier. Cela comprend une gamme diversifi\u00e9e de cuvettes d&rsquo;\u00e9vier, d&rsquo;\u00e9viers encastrables et d&rsquo;\u00e9viers \u00e0 vadrouille con\u00e7us pour am\u00e9liorer l&rsquo;efficacit\u00e9 et la fonctionnalit\u00e9 dans les cuisines commerciales.<\/p>\n<p>Au c\u0153ur de notre cat\u00e9gorie Sink Bowl se trouve un engagement envers l\u2019excellence en mati\u00e8re de conception, de qualit\u00e9 et d\u2019innovation. Chaque produit est m\u00e9ticuleusement con\u00e7u pour offrir des performances, une durabilit\u00e9 et une facilit\u00e9 d&rsquo;utilisation exceptionnelles, vous permettant d&rsquo;optimiser vos op\u00e9rations de cuisine et d&rsquo;am\u00e9liorer votre productivit\u00e9.<\/p>\n<p>Faites confiance \u00e0 notre expertise et \u00e0 notre engagement \u00e0 fournir des solutions haut de gamme pour tous vos besoins en mati\u00e8re d&rsquo;\u00e9vier. D\u00e9couvrez la diff\u00e9rence que notre cat\u00e9gorie d&rsquo;\u00e9viers encastrables peut faire en am\u00e9liorant l&rsquo;efficacit\u00e9, l&rsquo;hygi\u00e8ne et la fonctionnalit\u00e9 de votre environnement de cuisine commerciale. Explorez notre gamme compl\u00e8te d\u00e8s aujourd&rsquo;hui et d\u00e9couvrez la solution parfaite pour r\u00e9pondre \u00e0 vos besoins.<\/p>\n<h3>Caract\u00e9ristiques de la cuvette d&rsquo;\u00e9vier\u00a0:<\/h3>\n<ul>\n<li>Fabriqu\u00e9 en acier inoxydable 304 de calibre 16<\/li>\n<li>Drain central de 3,5&Prime;<\/li>\n<li>Id\u00e9al pour souder dans des comptoirs en acier inoxydable<\/li>\n<li>En option\u00a0: disponible en acier inoxydable 304 de calibre 14<\/li>\n<\/ul>\n<table>\n<thead>\n<tr>\n<th>Mod\u00e8les<\/th>\n<th style=\"text-align: center;\">L\u00a0\u00bb<\/th>\n<th style=\"text-align: center;\">P\u00a0\u00bb<\/th>\n<th style=\"text-align: center;\">H\u00a0\u00bb<\/th>\n<\/tr>\n<\/thead>\n<tbody>\n<tr>\n<td>TSB-1016-10<\/td>\n<td style=\"text-align: center;\">16&Prime;<\/td>\n<td style=\"text-align: center;\">10&Prime;<\/td>\n<td style=\"text-align: center;\">10&Prime;<\/td>\n<\/tr>\n<tr>\n<td>TSB-1016-14<\/td>\n<td style=\"text-align: center;\">16&Prime;<\/td>\n<td style=\"text-align: center;\">10&Prime;<\/td>\n<td style=\"text-align: center;\">14&Prime;<\/td>\n<\/tr>\n<tr>\n<td>TSB-1616-10<\/td>\n<td style=\"text-align: center;\">16&Prime;<\/td>\n<td style=\"text-align: center;\">16&Prime;<\/td>\n<td style=\"text-align: center;\">10&Prime;<\/td>\n<\/tr>\n<tr>\n<td>TSB-1818-12<\/td>\n<td style=\"text-align: center;\">18&Prime;<\/td>\n<td style=\"text-align: center;\">18&Prime;<\/td>\n<td style=\"text-align: center;\">12&Prime;<\/td>\n<\/tr>\n<tr>\n<td>TSB-1818-14<\/td>\n<td style=\"text-align: center;\">18&Prime;<\/td>\n<td style=\"text-align: center;\">18&Prime;<\/td>\n<td style=\"text-align: center;\">14&Prime;<\/td>\n<\/tr>\n<tr>\n<td>TSB-2020-10<\/td>\n<td style=\"text-align: center;\">20&Prime;<\/td>\n<td style=\"text-align: center;\">20&Prime;<\/td>\n<td style=\"text-align: center;\">10&Prime;<\/td>\n<\/tr>\n<tr>\n<td>TSB-2424-12<\/td>\n<td style=\"text-align: center;\">24&Prime;<\/td>\n<td style=\"text-align: center;\">24&Prime;<\/td>\n<td style=\"text-align: center;\">12&Prime;<\/td>\n<\/tr>\n<tr>\n<td>TSB-2424-14<\/td>\n<td style=\"text-align: center;\">24&Prime;<\/td>\n<td style=\"text-align: center;\">24&Prime;<\/td>\n<td style=\"text-align: center;\">14&Prime;<\/td>\n<\/tr>\n<\/tbody>\n<\/table>\n<p>D\u00e9couvrez la commodit\u00e9 et la fiabilit\u00e9 in\u00e9gal\u00e9es de notre collection Sink Bowl, m\u00e9ticuleusement con\u00e7ue pour d\u00e9passer les exigences rigoureuses des environnements de cuisine commerciale. Fabriqu\u00e9s avec pr\u00e9cision et con\u00e7us pour une durabilit\u00e9 maximale, nos bols d&rsquo;\u00e9vier offrent une solution optimale pour maintenir des normes d&rsquo;hygi\u00e8ne impeccables tout en rationalisant de mani\u00e8re transparente les op\u00e9rations quotidiennes. Chaque cuvette d&rsquo;\u00e9vier de notre gamme est soigneusement con\u00e7ue pour non seulement r\u00e9pondre, mais aussi d\u00e9passer les attentes de l&rsquo;industrie, garantissant ainsi que votre cuisine fonctionne avec une efficacit\u00e9 maximale tout en respectant les normes les plus \u00e9lev\u00e9es de propret\u00e9 et de fonctionnalit\u00e9. En mettant l&rsquo;accent sur la qualit\u00e9 et l&rsquo;innovation, nos cuvettes d&rsquo;\u00e9vier t\u00e9moignent de notre engagement in\u00e9branlable \u00e0 fournir des solutions de premier ordre pour tous vos besoins en cuisine commerciale. Am\u00e9liorez votre exp\u00e9rience de cuisine aujourd&rsquo;hui avec notre collection Sink Bowl m\u00e9ticuleusement con\u00e7ue et d\u00e9couvrez la diff\u00e9rence que l&rsquo;ing\u00e9nierie de pr\u00e9cision peut faire dans l&rsquo;optimisation de votre espace de travail culinaire.<\/p>\n","protected":false},"excerpt":{"rendered":"<p>Le bol d&rsquo;\u00e9vier Thorinox est fabriqu\u00e9 en acier inoxydable de haute qualit\u00e9 pour les postes de travail commerciaux et industriels, garantissant des performances durables dans les entreprises telles que les restaurants, les caf\u00e9t\u00e9rias et autres \u00e9tablissements similaires.<\/p>\n<h3>Caract\u00e9ristiques standards :<\/h3>\n<ul>\n<li>Fabriqu\u00e9 en acier inoxydable 304 de calibre 16<\/li>\n<li>Drain central de 3,5&Prime;<\/li>\n<li>Id\u00e9al pour souder dans des comptoirs en acier inoxydable<\/li>\n<li>En option\u00a0: disponible en acier inoxydable 304 de calibre 14<\/li>\n<\/ul>\n<table>\n<thead>\n<tr>\n<th>Mod\u00e8les<\/th>\n<th style=\"text-align: center;\">L\u00a0\u00bb<\/th>\n<th style=\"text-align: center;\">P\u00a0\u00bb<\/th>\n<th style=\"text-align: center;\">H\u00a0\u00bb<\/th>\n<\/tr>\n<\/thead>\n<tbody>\n<tr>\n<td>TSB-1016-10<\/td>\n<td style=\"text-align: center;\">16&Prime;<\/td>\n<td style=\"text-align: center;\">10&Prime;<\/td>\n<td style=\"text-align: center;\">10&Prime;<\/td>\n<\/tr>\n<tr>\n<td>TSB-1016-14<\/td>\n<td style=\"text-align: center;\">16&Prime;<\/td>\n<td style=\"text-align: center;\">10&Prime;<\/td>\n<td style=\"text-align: center;\">14&Prime;<\/td>\n<\/tr>\n<tr>\n<td>TSB-1616-10<\/td>\n<td style=\"text-align: center;\">16&Prime;<\/td>\n<td style=\"text-align: center;\">16&Prime;<\/td>\n<td style=\"text-align: center;\">10&Prime;<\/td>\n<\/tr>\n<tr>\n<td>TSB-1818-12<\/td>\n<td style=\"text-align: center;\">18&Prime;<\/td>\n<td style=\"text-align: center;\">18&Prime;<\/td>\n<td style=\"text-align: center;\">12&Prime;<\/td>\n<\/tr>\n<tr>\n<td>TSB-1818-14<\/td>\n<td style=\"text-align: center;\">18&Prime;<\/td>\n<td style=\"text-align: center;\">18&Prime;<\/td>\n<td style=\"text-align: center;\">14&Prime;<\/td>\n<\/tr>\n<tr>\n<td>TSB-2020-10<\/td>\n<td style=\"text-align: center;\">20&Prime;<\/td>\n<td style=\"text-align: center;\">20&Prime;<\/td>\n<td style=\"text-align: center;\">10&Prime;<\/td>\n<\/tr>\n<tr>\n<td>TSB-2424-12<\/td>\n<td style=\"text-align: center;\">24&Prime;<\/td>\n<td style=\"text-align: center;\">24&Prime;<\/td>\n<td style=\"text-align: center;\">12&Prime;<\/td>\n<\/tr>\n<tr>\n<td>TSB-2424-14<\/td>\n<td style=\"text-align: center;\">24&Prime;<\/td>\n<td style=\"text-align: center;\">24&Prime;<\/td>\n<td style=\"text-align: center;\">14&Prime;<\/td>\n<\/tr>\n<\/tbody>\n<\/table>\n","protected":false},"featured_media":7506,"comment_status":"open","ping_status":"closed","template":"","meta":[],"product_cat":[253,255],"product_tag":[],"yoast_head":"<!-- This site is optimized with the Yoast SEO plugin v23.3 - https:\/\/yoast.com\/wordpress\/plugins\/seo\/ -->\n<title>Bol d&#039;\u00e9vier | \u00c9vier commercial | Thorinox | Toronto, BC, Montr\u00e9al et Qu\u00e9bec<\/title>\n<meta name=\"description\" content=\"Le bol d&#039;\u00e9vier Thorinox est fabriqu\u00e9 en acier inoxydable de haute qualit\u00e9 pour les postes de travail garantissant des performances durables dans les environnements commerciaux.\" \/>\n<meta name=\"robots\" content=\"index, follow, max-snippet:-1, max-image-preview:large, max-video-preview:-1\" \/>\n<link rel=\"canonical\" href=\"https:\/\/thorinox.com\/fr\/equipment\/eviers\/eviers-encastrables\/bol-devier\/\" \/>\n<meta property=\"og:locale\" content=\"fr_FR\" \/>\n<meta property=\"og:type\" content=\"article\" \/>\n<meta property=\"og:title\" content=\"Bol d&#039;\u00e9vier | \u00c9vier commercial | Thorinox | Toronto, BC, Montr\u00e9al et Qu\u00e9bec\" \/>\n<meta property=\"og:description\" content=\"Le bol d&#039;\u00e9vier Thorinox est fabriqu\u00e9 en acier inoxydable de haute qualit\u00e9 pour les postes de travail garantissant des performances durables dans les environnements commerciaux.\" \/>\n<meta property=\"og:url\" content=\"https:\/\/thorinox.com\/fr\/equipment\/eviers\/eviers-encastrables\/bol-devier\/\" \/>\n<meta property=\"og:site_name\" content=\"Thorinox\" \/>\n<meta property=\"og:image\" content=\"https:\/\/thorinox.com\/wp-content\/uploads\/2024\/03\/Thorinox-high-quality-stainless-steel-commercial-kitchen-equipment-sink-bowls.png\" \/>\n\t<meta property=\"og:image:width\" content=\"800\" \/>\n\t<meta property=\"og:image:height\" content=\"900\" \/>\n\t<meta property=\"og:image:type\" content=\"image\/png\" \/>\n<meta name=\"twitter:card\" content=\"summary_large_image\" \/>\n<meta name=\"twitter:label1\" content=\"Dur\u00e9e de lecture estim\u00e9e\" \/>\n\t<meta name=\"twitter:data1\" content=\"2 minutes\" \/>\n<script type=\"application\/ld+json\" class=\"yoast-schema-graph\">{\"@context\":\"https:\/\/schema.org\",\"@graph\":[{\"@type\":\"WebPage\",\"@id\":\"https:\/\/thorinox.com\/fr\/equipment\/eviers\/eviers-encastrables\/bol-devier\/\",\"url\":\"https:\/\/thorinox.com\/fr\/equipment\/eviers\/eviers-encastrables\/bol-devier\/\",\"name\":\"Bol d'\u00e9vier | \u00c9vier commercial | Thorinox | Toronto, BC, Montr\u00e9al et Qu\u00e9bec\",\"isPartOf\":{\"@id\":\"https:\/\/thorinox.com\/fr\/#website\"},\"primaryImageOfPage\":{\"@id\":\"https:\/\/thorinox.com\/fr\/equipment\/eviers\/eviers-encastrables\/bol-devier\/#primaryimage\"},\"image\":{\"@id\":\"https:\/\/thorinox.com\/fr\/equipment\/eviers\/eviers-encastrables\/bol-devier\/#primaryimage\"},\"thumbnailUrl\":\"https:\/\/thorinox.com\/wp-content\/uploads\/2024\/03\/Thorinox-high-quality-stainless-steel-commercial-kitchen-equipment-sink-bowls.png\",\"datePublished\":\"2024-04-04T17:15:30+00:00\",\"dateModified\":\"2024-04-04T17:15:30+00:00\",\"description\":\"Le bol d'\u00e9vier Thorinox est fabriqu\u00e9 en acier inoxydable de haute qualit\u00e9 pour les postes de travail garantissant des performances durables dans les environnements commerciaux.\",\"breadcrumb\":{\"@id\":\"https:\/\/thorinox.com\/fr\/equipment\/eviers\/eviers-encastrables\/bol-devier\/#breadcrumb\"},\"inLanguage\":\"fr-FR\",\"potentialAction\":[{\"@type\":\"ReadAction\",\"target\":[\"https:\/\/thorinox.com\/fr\/equipment\/eviers\/eviers-encastrables\/bol-devier\/\"]}]},{\"@type\":\"ImageObject\",\"inLanguage\":\"fr-FR\",\"@id\":\"https:\/\/thorinox.com\/fr\/equipment\/eviers\/eviers-encastrables\/bol-devier\/#primaryimage\",\"url\":\"https:\/\/thorinox.com\/wp-content\/uploads\/2024\/03\/Thorinox-high-quality-stainless-steel-commercial-kitchen-equipment-sink-bowls.png\",\"contentUrl\":\"https:\/\/thorinox.com\/wp-content\/uploads\/2024\/03\/Thorinox-high-quality-stainless-steel-commercial-kitchen-equipment-sink-bowls.png\",\"width\":800,\"height\":900,\"caption\":\"Ceci est une image d'un \u00e9vier en acier inoxydable de Thorinox. Thorinox est un \u00e9quipement en acier inoxydable de haute qualit\u00e9 destin\u00e9 aux restaurants et autres types de postes de travail.\"},{\"@type\":\"BreadcrumbList\",\"@id\":\"https:\/\/thorinox.com\/fr\/equipment\/eviers\/eviers-encastrables\/bol-devier\/#breadcrumb\",\"itemListElement\":[{\"@type\":\"ListItem\",\"position\":1,\"name\":\"Home\",\"item\":\"https:\/\/thorinox.com\/fr\/\"},{\"@type\":\"ListItem\",\"position\":2,\"name\":\"Produits\",\"item\":\"https:\/\/thorinox.com\/fr\/shop\/\"},{\"@type\":\"ListItem\",\"position\":3,\"name\":\"Bol d&rsquo;\u00e9vier\"}]},{\"@type\":\"WebSite\",\"@id\":\"https:\/\/thorinox.com\/fr\/#website\",\"url\":\"https:\/\/thorinox.com\/fr\/\",\"name\":\"Thorinox\",\"description\":\"High Quality Stainless Steel Equipment\",\"publisher\":{\"@id\":\"https:\/\/thorinox.com\/fr\/#organization\"},\"potentialAction\":[{\"@type\":\"SearchAction\",\"target\":{\"@type\":\"EntryPoint\",\"urlTemplate\":\"https:\/\/thorinox.com\/fr\/?s={search_term_string}\"},\"query-input\":\"required name=search_term_string\"}],\"inLanguage\":\"fr-FR\"},{\"@type\":\"Organization\",\"@id\":\"https:\/\/thorinox.com\/fr\/#organization\",\"name\":\"Thorinox\",\"url\":\"https:\/\/thorinox.com\/fr\/\",\"logo\":{\"@type\":\"ImageObject\",\"inLanguage\":\"fr-FR\",\"@id\":\"https:\/\/thorinox.com\/fr\/#\/schema\/logo\/image\/\",\"url\":\"https:\/\/thorinox.com\/wp-content\/uploads\/2024\/02\/Thorinox-logo-high-quality-stainless-steel-equipment.png\",\"contentUrl\":\"https:\/\/thorinox.com\/wp-content\/uploads\/2024\/02\/Thorinox-logo-high-quality-stainless-steel-equipment.png\",\"width\":546,\"height\":100,\"caption\":\"Thorinox\"},\"image\":{\"@id\":\"https:\/\/thorinox.com\/fr\/#\/schema\/logo\/image\/\"}}]}<\/script>\n<!-- \/ Yoast SEO plugin. -->","yoast_head_json":{"title":"Bol d'\u00e9vier | \u00c9vier commercial | Thorinox | Toronto, BC, Montr\u00e9al et Qu\u00e9bec","description":"Le bol d'\u00e9vier Thorinox est fabriqu\u00e9 en acier inoxydable de haute qualit\u00e9 pour les postes de travail garantissant des performances durables dans les environnements commerciaux.","robots":{"index":"index","follow":"follow","max-snippet":"max-snippet:-1","max-image-preview":"max-image-preview:large","max-video-preview":"max-video-preview:-1"},"canonical":"https:\/\/thorinox.com\/fr\/equipment\/eviers\/eviers-encastrables\/bol-devier\/","og_locale":"fr_FR","og_type":"article","og_title":"Bol d'\u00e9vier | \u00c9vier commercial | Thorinox | Toronto, BC, Montr\u00e9al et Qu\u00e9bec","og_description":"Le bol d'\u00e9vier Thorinox est fabriqu\u00e9 en acier inoxydable de haute qualit\u00e9 pour les postes de travail garantissant des performances durables dans les environnements commerciaux.","og_url":"https:\/\/thorinox.com\/fr\/equipment\/eviers\/eviers-encastrables\/bol-devier\/","og_site_name":"Thorinox","og_image":[{"width":800,"height":900,"url":"https:\/\/thorinox.com\/wp-content\/uploads\/2024\/03\/Thorinox-high-quality-stainless-steel-commercial-kitchen-equipment-sink-bowls.png","type":"image\/png"}],"twitter_card":"summary_large_image","twitter_misc":{"Dur\u00e9e de lecture estim\u00e9e":"2 minutes"},"schema":{"@context":"https:\/\/schema.org","@graph":[{"@type":"WebPage","@id":"https:\/\/thorinox.com\/fr\/equipment\/eviers\/eviers-encastrables\/bol-devier\/","url":"https:\/\/thorinox.com\/fr\/equipment\/eviers\/eviers-encastrables\/bol-devier\/","name":"Bol d'\u00e9vier | \u00c9vier commercial | Thorinox | Toronto, BC, Montr\u00e9al et Qu\u00e9bec","isPartOf":{"@id":"https:\/\/thorinox.com\/fr\/#website"},"primaryImageOfPage":{"@id":"https:\/\/thorinox.com\/fr\/equipment\/eviers\/eviers-encastrables\/bol-devier\/#primaryimage"},"image":{"@id":"https:\/\/thorinox.com\/fr\/equipment\/eviers\/eviers-encastrables\/bol-devier\/#primaryimage"},"thumbnailUrl":"https:\/\/thorinox.com\/wp-content\/uploads\/2024\/03\/Thorinox-high-quality-stainless-steel-commercial-kitchen-equipment-sink-bowls.png","datePublished":"2024-04-04T17:15:30+00:00","dateModified":"2024-04-04T17:15:30+00:00","description":"Le bol d'\u00e9vier Thorinox est fabriqu\u00e9 en acier inoxydable de haute qualit\u00e9 pour les postes de travail garantissant des performances durables dans les environnements commerciaux.","breadcrumb":{"@id":"https:\/\/thorinox.com\/fr\/equipment\/eviers\/eviers-encastrables\/bol-devier\/#breadcrumb"},"inLanguage":"fr-FR","potentialAction":[{"@type":"ReadAction","target":["https:\/\/thorinox.com\/fr\/equipment\/eviers\/eviers-encastrables\/bol-devier\/"]}]},{"@type":"ImageObject","inLanguage":"fr-FR","@id":"https:\/\/thorinox.com\/fr\/equipment\/eviers\/eviers-encastrables\/bol-devier\/#primaryimage","url":"https:\/\/thorinox.com\/wp-content\/uploads\/2024\/03\/Thorinox-high-quality-stainless-steel-commercial-kitchen-equipment-sink-bowls.png","contentUrl":"https:\/\/thorinox.com\/wp-content\/uploads\/2024\/03\/Thorinox-high-quality-stainless-steel-commercial-kitchen-equipment-sink-bowls.png","width":800,"height":900,"caption":"Ceci est une image d'un \u00e9vier en acier inoxydable de Thorinox. Thorinox est un \u00e9quipement en acier inoxydable de haute qualit\u00e9 destin\u00e9 aux restaurants et autres types de postes de travail."},{"@type":"BreadcrumbList","@id":"https:\/\/thorinox.com\/fr\/equipment\/eviers\/eviers-encastrables\/bol-devier\/#breadcrumb","itemListElement":[{"@type":"ListItem","position":1,"name":"Home","item":"https:\/\/thorinox.com\/fr\/"},{"@type":"ListItem","position":2,"name":"Produits","item":"https:\/\/thorinox.com\/fr\/shop\/"},{"@type":"ListItem","position":3,"name":"Bol d&rsquo;\u00e9vier"}]},{"@type":"WebSite","@id":"https:\/\/thorinox.com\/fr\/#website","url":"https:\/\/thorinox.com\/fr\/","name":"Thorinox","description":"High Quality Stainless Steel Equipment","publisher":{"@id":"https:\/\/thorinox.com\/fr\/#organization"},"potentialAction":[{"@type":"SearchAction","target":{"@type":"EntryPoint","urlTemplate":"https:\/\/thorinox.com\/fr\/?s={search_term_string}"},"query-input":"required name=search_term_string"}],"inLanguage":"fr-FR"},{"@type":"Organization","@id":"https:\/\/thorinox.com\/fr\/#organization","name":"Thorinox","url":"https:\/\/thorinox.com\/fr\/","logo":{"@type":"ImageObject","inLanguage":"fr-FR","@id":"https:\/\/thorinox.com\/fr\/#\/schema\/logo\/image\/","url":"https:\/\/thorinox.com\/wp-content\/uploads\/2024\/02\/Thorinox-logo-high-quality-stainless-steel-equipment.png","contentUrl":"https:\/\/thorinox.com\/wp-content\/uploads\/2024\/02\/Thorinox-logo-high-quality-stainless-steel-equipment.png","width":546,"height":100,"caption":"Thorinox"},"image":{"@id":"https:\/\/thorinox.com\/fr\/#\/schema\/logo\/image\/"}}]}},"_links":{"self":[{"href":"https:\/\/thorinox.com\/fr\/wp-json\/wp\/v2\/product\/10403"}],"collection":[{"href":"https:\/\/thorinox.com\/fr\/wp-json\/wp\/v2\/product"}],"about":[{"href":"https:\/\/thorinox.com\/fr\/wp-json\/wp\/v2\/types\/product"}],"replies":[{"embeddable":true,"href":"https:\/\/thorinox.com\/fr\/wp-json\/wp\/v2\/comments?post=10403"}],"wp:featuredmedia":[{"embeddable":true,"href":"https:\/\/thorinox.com\/fr\/wp-json\/wp\/v2\/media\/7506"}],"wp:attachment":[{"href":"https:\/\/thorinox.com\/fr\/wp-json\/wp\/v2\/media?parent=10403"}],"wp:term":[{"taxonomy":"product_cat","embeddable":true,"href":"https:\/\/thorinox.com\/fr\/wp-json\/wp\/v2\/product_cat?post=10403"},{"taxonomy":"product_tag","embeddable":true,"href":"https:\/\/thorinox.com\/fr\/wp-json\/wp\/v2\/product_tag?post=10403"}],"curies":[{"name":"wp","href":"https:\/\/api.w.org\/{rel}","templated":true}]}}