{"id":10401,"date":"2024-04-04T13:39:52","date_gmt":"2024-04-04T17:39:52","guid":{"rendered":"https:\/\/thorinox.com\/equipment\/non%20class\u00e9\/evier-a-vadrouille\/"},"modified":"2024-04-18T13:39:29","modified_gmt":"2024-04-18T17:39:29","slug":"evier-a-vadrouille","status":"publish","type":"product","link":"https:\/\/thorinox.com\/fr\/equipment\/eviers\/eviers-specialisees\/evier-a-vadrouille\/","title":{"rendered":"\u00c9vier \u00e0 vadrouille"},"content":{"rendered":"<p>D\u00e9couvrez une commodit\u00e9 et une polyvalence in\u00e9gal\u00e9es avec notre \u00e9vier \u00e0 vadrouille. Cette cat\u00e9gorie comprend \u00e9galement une gamme diversifi\u00e9e de cuvettes d&rsquo;\u00e9vier, d&rsquo;\u00e9viers encastrables et d&rsquo;\u00e9viers \u00e0 vadrouille con\u00e7us pour accro\u00eetre l&rsquo;efficacit\u00e9 et la fonctionnalit\u00e9 dans les cuisines commerciales.<\/p>\n<p>Au c\u0153ur de notre cat\u00e9gorie d&rsquo;\u00e9viers se trouve un engagement envers l&rsquo;excellence en mati\u00e8re de conception, de qualit\u00e9 et d&rsquo;innovation. Chaque produit est m\u00e9ticuleusement con\u00e7u pour offrir des performances, une durabilit\u00e9 et une facilit\u00e9 d&rsquo;utilisation exceptionnelles, vous permettant d&rsquo;optimiser vos op\u00e9rations de cuisine et d&rsquo;am\u00e9liorer votre productivit\u00e9.<\/p>\n<p>Faites confiance \u00e0 notre expertise et \u00e0 notre engagement \u00e0 fournir des solutions haut de gamme pour tous vos besoins en mati\u00e8re d&rsquo;\u00e9vier. D\u00e9couvrez la diff\u00e9rence que notre cat\u00e9gorie d&rsquo;\u00e9viers peut faire en am\u00e9liorant l&rsquo;efficacit\u00e9, l&rsquo;hygi\u00e8ne et la fonctionnalit\u00e9 de votre environnement de cuisine commerciale. Explorez notre gamme compl\u00e8te d\u00e8s aujourd&rsquo;hui et d\u00e9couvrez la solution parfaite pour r\u00e9pondre \u00e0 vos besoins.<\/p>\n<h3>Caract\u00e9ristiques de l&rsquo;\u00e9vier \u00e0 vadrouille :<\/h3>\n<ul>\n<li>Fabriqu\u00e9 avec un bol en acier inoxydable 304 de calibre 16<\/li>\n<li>Con\u00e7u pour un tuyau de vidange de 3&Prime;<\/li>\n<li>Fix\u00e9 au sol<\/li>\n<\/ul>\n<h3>Taille du bol&nbsp;:<\/h3>\n<table class=\"mce-item-table\">\n<thead>\n<tr>\n<th>Mod\u00e8les<\/th>\n<th style=\"text-align: center;\" data-mce-style=\"text-align: center;\">L\u00a0\u00bb<\/th>\n<th style=\"text-align: center;\" data-mce-style=\"text-align: center;\">P\u00a0\u00bb<\/th>\n<th style=\"text-align: center;\" data-mce-style=\"text-align: center;\">H\u00a0\u00bb<\/th>\n<\/tr>\n<\/thead>\n<tbody>\n<tr>\n<td>TMS-2126-10<\/td>\n<td style=\"text-align: center;\" data-mce-style=\"text-align: center;\">9&Prime;<\/td>\n<td style=\"text-align: center;\" data-mce-style=\"text-align: center;\">9&Prime;<\/td>\n<td style=\"text-align: center;\" data-mce-style=\"text-align: center;\">5&Prime;<\/td>\n<\/tr>\n<tr>\n<td>TMS-2533-10<\/td>\n<td style=\"text-align: center;\" data-mce-style=\"text-align: center;\">10&Prime;<\/td>\n<td style=\"text-align: center;\" data-mce-style=\"text-align: center;\">11&Prime;<\/td>\n<td style=\"text-align: center;\" data-mce-style=\"text-align: center;\">6&Prime;<\/td>\n<\/tr>\n<tr>\n<td>TMS-2126-16<\/td>\n<td style=\"text-align: center;\" data-mce-style=\"text-align: center;\">11&Prime;<\/td>\n<td style=\"text-align: center;\" data-mce-style=\"text-align: center;\">10&Prime;<\/td>\n<td style=\"text-align: center;\" data-mce-style=\"text-align: center;\">6&Prime;<\/td>\n<\/tr>\n<tr>\n<td>TMS-2533-16<\/td>\n<td style=\"text-align: center;\" data-mce-style=\"text-align: center;\">10&Prime;<\/td>\n<td style=\"text-align: center;\" data-mce-style=\"text-align: center;\">14&Prime;<\/td>\n<td style=\"text-align: center;\" data-mce-style=\"text-align: center;\">5&Prime;<\/td>\n<\/tr>\n<\/tbody>\n<\/table>\n<h3>Taille globale :<\/h3>\n<table class=\"mce-item-table\">\n<thead>\n<tr>\n<th>Mod\u00e8les<\/th>\n<th style=\"text-align: center;\" data-mce-style=\"text-align: center;\">L\u00a0\u00bb<\/th>\n<th style=\"text-align: center;\" data-mce-style=\"text-align: center;\">P\u00a0\u00bb<\/th>\n<th style=\"text-align: center;\" data-mce-style=\"text-align: center;\">H\u00a0\u00bb<\/th>\n<\/tr>\n<\/thead>\n<tbody>\n<tr>\n<td>TMS-2126-10<\/td>\n<td style=\"text-align: center;\" data-mce-style=\"text-align: center;\">25&Prime;<\/td>\n<td style=\"text-align: center;\" data-mce-style=\"text-align: center;\">21&Prime;<\/td>\n<td style=\"text-align: center;\" data-mce-style=\"text-align: center;\">10&Prime;<\/td>\n<\/tr>\n<tr>\n<td>TMS-2533-10<\/td>\n<td style=\"text-align: center;\" data-mce-style=\"text-align: center;\">33&Prime;<\/td>\n<td style=\"text-align: center;\" data-mce-style=\"text-align: center;\">25&Prime;<\/td>\n<td style=\"text-align: center;\" data-mce-style=\"text-align: center;\">10&Prime;<\/td>\n<\/tr>\n<tr>\n<td>TMS-2126-16<\/td>\n<td style=\"text-align: center;\" data-mce-style=\"text-align: center;\">25&Prime;<\/td>\n<td style=\"text-align: center;\" data-mce-style=\"text-align: center;\">21&Prime;<\/td>\n<td style=\"text-align: center;\" data-mce-style=\"text-align: center;\">16&Prime;<\/td>\n<\/tr>\n<tr>\n<td>TMS-2533-16<\/td>\n<td style=\"text-align: center;\" data-mce-style=\"text-align: center;\">33&Prime;<\/td>\n<td style=\"text-align: center;\" data-mce-style=\"text-align: center;\">25&Prime;<\/td>\n<td style=\"text-align: center;\" data-mce-style=\"text-align: center;\">16&Prime;<\/td>\n<\/tr>\n<\/tbody>\n<\/table>\n<p>D\u00e9couvrez la commodit\u00e9 et la fiabilit\u00e9 in\u00e9gal\u00e9es de nos Drop-ins, m\u00e9ticuleusement con\u00e7us pour d\u00e9passer les exigences rigoureuses des environnements de cuisine commerciale. Fabriqu\u00e9s avec pr\u00e9cision et con\u00e7us pour une durabilit\u00e9 maximale, nos bols d&rsquo;\u00e9vier offrent une solution optimale pour maintenir des normes d&rsquo;hygi\u00e8ne impeccables tout en rationalisant de mani\u00e8re transparente les op\u00e9rations quotidiennes. Chaque \u00e9vier de notre gamme est soigneusement con\u00e7u pour non seulement r\u00e9pondre, mais aussi d\u00e9passer les attentes de l&rsquo;industrie, garantissant ainsi que votre cuisine fonctionne avec une efficacit\u00e9 maximale tout en respectant les normes les plus \u00e9lev\u00e9es de propret\u00e9 et de fonctionnalit\u00e9. En mettant l&rsquo;accent sur la qualit\u00e9 et l&rsquo;innovation, nos cuvettes d&rsquo;\u00e9vier t\u00e9moignent de notre engagement in\u00e9branlable \u00e0 fournir des solutions de premier ordre pour tous vos besoins en cuisine commerciale. Am\u00e9liorez votre exp\u00e9rience de cuisine aujourd&rsquo;hui avec notre collection Mop Sink m\u00e9ticuleusement con\u00e7ue et d\u00e9couvrez la diff\u00e9rence que l&rsquo;ing\u00e9nierie de pr\u00e9cision peut faire dans l&rsquo;optimisation de votre espace de travail culinaire.<\/p>\n","protected":false},"excerpt":{"rendered":"<p>L&rsquo;\u00e9vier \u00e0 vadrouille Thorinox est fabriqu\u00e9 en acier inoxydable de haute qualit\u00e9 pour les stations de nettoyage garantissant des performances durables dans les \u00e9tablissements commerciaux et industriels, comme les \u00e9coles, les restaurants, les \u00e9piceries, les d\u00e9panneurs, etc.<\/p>\n<h3>Caract\u00e9ristiques standards :<\/h3>\n<ul>\n<li>Fabriqu\u00e9 avec un bol en acier inoxydable 304 de calibre 16<\/li>\n<li>Con\u00e7u pour un tuyau de vidange de 3&Prime;<\/li>\n<li>Fix\u00e9 au sol<\/li>\n<\/ul>\n<h3>Taille du bol&nbsp;:<\/h3>\n<table class=\"mce-item-table\">\n<thead>\n<tr>\n<th>Mod\u00e8les<\/th>\n<th style=\"text-align: center;\" data-mce-style=\"text-align: center;\">L\u00a0\u00bb<\/th>\n<th style=\"text-align: center;\" data-mce-style=\"text-align: center;\">P\u00a0\u00bb<\/th>\n<th style=\"text-align: center;\" data-mce-style=\"text-align: center;\">H\u00a0\u00bb<\/th>\n<\/tr>\n<\/thead>\n<tbody>\n<tr>\n<td>TMS-2126-10<\/td>\n<td style=\"text-align: center;\" data-mce-style=\"text-align: center;\">9&Prime;<\/td>\n<td style=\"text-align: center;\" data-mce-style=\"text-align: center;\">9&Prime;<\/td>\n<td style=\"text-align: center;\" data-mce-style=\"text-align: center;\">5&Prime;<\/td>\n<\/tr>\n<tr>\n<td>TMS-2533-10<\/td>\n<td style=\"text-align: center;\" data-mce-style=\"text-align: center;\">10&Prime;<\/td>\n<td style=\"text-align: center;\" data-mce-style=\"text-align: center;\">11&Prime;<\/td>\n<td style=\"text-align: center;\" data-mce-style=\"text-align: center;\">6&Prime;<\/td>\n<\/tr>\n<tr>\n<td>TMS-2126-16<\/td>\n<td style=\"text-align: center;\" data-mce-style=\"text-align: center;\">11&Prime;<\/td>\n<td style=\"text-align: center;\" data-mce-style=\"text-align: center;\">10&Prime;<\/td>\n<td style=\"text-align: center;\" data-mce-style=\"text-align: center;\">6&Prime;<\/td>\n<\/tr>\n<tr>\n<td>TMS-2533-16<\/td>\n<td style=\"text-align: center;\" data-mce-style=\"text-align: center;\">10&Prime;<\/td>\n<td style=\"text-align: center;\" data-mce-style=\"text-align: center;\">14&Prime;<\/td>\n<td style=\"text-align: center;\" data-mce-style=\"text-align: center;\">5&Prime;<\/td>\n<\/tr>\n<\/tbody>\n<\/table>\n<h3>Taille globale :<\/h3>\n<table class=\"mce-item-table\">\n<thead>\n<tr>\n<th>Mod\u00e8les<\/th>\n<th style=\"text-align: center;\" data-mce-style=\"text-align: center;\">L\u00a0\u00bb<\/th>\n<th style=\"text-align: center;\" data-mce-style=\"text-align: center;\">P\u00a0\u00bb<\/th>\n<th style=\"text-align: center;\" data-mce-style=\"text-align: center;\">H\u00a0\u00bb<\/th>\n<\/tr>\n<\/thead>\n<tbody>\n<tr>\n<td>TMS-2126-10<\/td>\n<td style=\"text-align: center;\" data-mce-style=\"text-align: center;\">25&Prime;<\/td>\n<td style=\"text-align: center;\" data-mce-style=\"text-align: center;\">21&Prime;<\/td>\n<td style=\"text-align: center;\" data-mce-style=\"text-align: center;\">10&Prime;<\/td>\n<\/tr>\n<tr>\n<td>TMS-2533-10<\/td>\n<td style=\"text-align: center;\" data-mce-style=\"text-align: center;\">33&Prime;<\/td>\n<td style=\"text-align: center;\" data-mce-style=\"text-align: center;\">25&Prime;<\/td>\n<td style=\"text-align: center;\" data-mce-style=\"text-align: center;\">10&Prime;<\/td>\n<\/tr>\n<tr>\n<td>TMS-2126-16<\/td>\n<td style=\"text-align: center;\" data-mce-style=\"text-align: center;\">25&Prime;<\/td>\n<td style=\"text-align: center;\" data-mce-style=\"text-align: center;\">21&Prime;<\/td>\n<td style=\"text-align: center;\" data-mce-style=\"text-align: center;\">16&Prime;<\/td>\n<\/tr>\n<tr>\n<td>TMS-2533-16<\/td>\n<td style=\"text-align: center;\" data-mce-style=\"text-align: center;\">33&Prime;<\/td>\n<td style=\"text-align: center;\" data-mce-style=\"text-align: center;\">25&Prime;<\/td>\n<td style=\"text-align: center;\" data-mce-style=\"text-align: center;\">16&Prime;<\/td>\n<\/tr>\n<\/tbody>\n<\/table>\n","protected":false},"featured_media":8379,"comment_status":"open","ping_status":"closed","template":"","meta":[],"product_cat":[253,259],"product_tag":[],"yoast_head":"<!-- This site is optimized with the Yoast SEO plugin v23.3 - https:\/\/yoast.com\/wordpress\/plugins\/seo\/ -->\n<title>\u00c9vier \u00e0 vadrouille | \u00c9vier commercial | Thorinox | Toronto, BC, Montr\u00e9al et Qu\u00e9bec<\/title>\n<meta name=\"description\" content=\"L&#039;\u00e9vier \u00e0 vadrouille Thorinox est fabriqu\u00e9 en acier inoxydable de haute qualit\u00e9 pour les stations de nettoyage dans les environnements commerciaux et industriels, comme les \u00e9coles et les restaurants.\" \/>\n<meta name=\"robots\" content=\"index, follow, max-snippet:-1, max-image-preview:large, max-video-preview:-1\" \/>\n<link rel=\"canonical\" href=\"https:\/\/thorinox.com\/fr\/equipment\/eviers\/eviers-specialisees\/evier-a-vadrouille\/\" \/>\n<meta property=\"og:locale\" content=\"fr_FR\" \/>\n<meta property=\"og:type\" content=\"article\" \/>\n<meta property=\"og:title\" content=\"\u00c9vier \u00e0 vadrouille | \u00c9vier commercial | Thorinox | Toronto, BC, Montr\u00e9al et Qu\u00e9bec\" \/>\n<meta property=\"og:description\" content=\"L&#039;\u00e9vier \u00e0 vadrouille Thorinox est fabriqu\u00e9 en acier inoxydable de haute qualit\u00e9 pour les stations de nettoyage dans les environnements commerciaux et industriels, comme les \u00e9coles et les restaurants.\" \/>\n<meta property=\"og:url\" content=\"https:\/\/thorinox.com\/fr\/equipment\/eviers\/eviers-specialisees\/evier-a-vadrouille\/\" \/>\n<meta property=\"og:site_name\" content=\"Thorinox\" \/>\n<meta property=\"article:modified_time\" content=\"2024-04-18T17:39:29+00:00\" \/>\n<meta property=\"og:image\" content=\"https:\/\/thorinox.com\/wp-content\/uploads\/2024\/04\/Thorinox-high-quality-stainless-steel-commercial-kitchen-equipment-stainless-steel-mop-sink-2.png\" \/>\n\t<meta property=\"og:image:width\" content=\"800\" \/>\n\t<meta property=\"og:image:height\" content=\"900\" \/>\n\t<meta property=\"og:image:type\" content=\"image\/png\" \/>\n<meta name=\"twitter:card\" content=\"summary_large_image\" \/>\n<meta name=\"twitter:label1\" content=\"Dur\u00e9e de lecture estim\u00e9e\" \/>\n\t<meta name=\"twitter:data1\" content=\"2 minutes\" \/>\n<script type=\"application\/ld+json\" class=\"yoast-schema-graph\">{\"@context\":\"https:\/\/schema.org\",\"@graph\":[{\"@type\":\"WebPage\",\"@id\":\"https:\/\/thorinox.com\/fr\/equipment\/eviers\/eviers-specialisees\/evier-a-vadrouille\/\",\"url\":\"https:\/\/thorinox.com\/fr\/equipment\/eviers\/eviers-specialisees\/evier-a-vadrouille\/\",\"name\":\"\u00c9vier \u00e0 vadrouille | \u00c9vier commercial | Thorinox | Toronto, BC, Montr\u00e9al et Qu\u00e9bec\",\"isPartOf\":{\"@id\":\"https:\/\/thorinox.com\/fr\/#website\"},\"primaryImageOfPage\":{\"@id\":\"https:\/\/thorinox.com\/fr\/equipment\/eviers\/eviers-specialisees\/evier-a-vadrouille\/#primaryimage\"},\"image\":{\"@id\":\"https:\/\/thorinox.com\/fr\/equipment\/eviers\/eviers-specialisees\/evier-a-vadrouille\/#primaryimage\"},\"thumbnailUrl\":\"https:\/\/thorinox.com\/wp-content\/uploads\/2024\/04\/Thorinox-high-quality-stainless-steel-commercial-kitchen-equipment-stainless-steel-mop-sink-2.png\",\"datePublished\":\"2024-04-04T17:39:52+00:00\",\"dateModified\":\"2024-04-18T17:39:29+00:00\",\"description\":\"L'\u00e9vier \u00e0 vadrouille Thorinox est fabriqu\u00e9 en acier inoxydable de haute qualit\u00e9 pour les stations de nettoyage dans les environnements commerciaux et industriels, comme les \u00e9coles et les restaurants.\",\"breadcrumb\":{\"@id\":\"https:\/\/thorinox.com\/fr\/equipment\/eviers\/eviers-specialisees\/evier-a-vadrouille\/#breadcrumb\"},\"inLanguage\":\"fr-FR\",\"potentialAction\":[{\"@type\":\"ReadAction\",\"target\":[\"https:\/\/thorinox.com\/fr\/equipment\/eviers\/eviers-specialisees\/evier-a-vadrouille\/\"]}]},{\"@type\":\"ImageObject\",\"inLanguage\":\"fr-FR\",\"@id\":\"https:\/\/thorinox.com\/fr\/equipment\/eviers\/eviers-specialisees\/evier-a-vadrouille\/#primaryimage\",\"url\":\"https:\/\/thorinox.com\/wp-content\/uploads\/2024\/04\/Thorinox-high-quality-stainless-steel-commercial-kitchen-equipment-stainless-steel-mop-sink-2.png\",\"contentUrl\":\"https:\/\/thorinox.com\/wp-content\/uploads\/2024\/04\/Thorinox-high-quality-stainless-steel-commercial-kitchen-equipment-stainless-steel-mop-sink-2.png\",\"width\":800,\"height\":900,\"caption\":\"Ceci est une image d'un \u00e9vier \u00e0 vadrouille en acier inoxydable de Thorinox. Thorinox est un \u00e9quipement en acier inoxydable de haute qualit\u00e9 destin\u00e9 aux restaurants et autres types de postes de travail.\"},{\"@type\":\"BreadcrumbList\",\"@id\":\"https:\/\/thorinox.com\/fr\/equipment\/eviers\/eviers-specialisees\/evier-a-vadrouille\/#breadcrumb\",\"itemListElement\":[{\"@type\":\"ListItem\",\"position\":1,\"name\":\"Home\",\"item\":\"https:\/\/thorinox.com\/fr\/\"},{\"@type\":\"ListItem\",\"position\":2,\"name\":\"Produits\",\"item\":\"https:\/\/thorinox.com\/fr\/shop\/\"},{\"@type\":\"ListItem\",\"position\":3,\"name\":\"\u00c9vier \u00e0 vadrouille\"}]},{\"@type\":\"WebSite\",\"@id\":\"https:\/\/thorinox.com\/fr\/#website\",\"url\":\"https:\/\/thorinox.com\/fr\/\",\"name\":\"Thorinox\",\"description\":\"High Quality Stainless Steel Equipment\",\"publisher\":{\"@id\":\"https:\/\/thorinox.com\/fr\/#organization\"},\"potentialAction\":[{\"@type\":\"SearchAction\",\"target\":{\"@type\":\"EntryPoint\",\"urlTemplate\":\"https:\/\/thorinox.com\/fr\/?s={search_term_string}\"},\"query-input\":\"required name=search_term_string\"}],\"inLanguage\":\"fr-FR\"},{\"@type\":\"Organization\",\"@id\":\"https:\/\/thorinox.com\/fr\/#organization\",\"name\":\"Thorinox\",\"url\":\"https:\/\/thorinox.com\/fr\/\",\"logo\":{\"@type\":\"ImageObject\",\"inLanguage\":\"fr-FR\",\"@id\":\"https:\/\/thorinox.com\/fr\/#\/schema\/logo\/image\/\",\"url\":\"https:\/\/thorinox.com\/wp-content\/uploads\/2024\/02\/Thorinox-logo-high-quality-stainless-steel-equipment.png\",\"contentUrl\":\"https:\/\/thorinox.com\/wp-content\/uploads\/2024\/02\/Thorinox-logo-high-quality-stainless-steel-equipment.png\",\"width\":546,\"height\":100,\"caption\":\"Thorinox\"},\"image\":{\"@id\":\"https:\/\/thorinox.com\/fr\/#\/schema\/logo\/image\/\"}}]}<\/script>\n<!-- \/ Yoast SEO plugin. -->","yoast_head_json":{"title":"\u00c9vier \u00e0 vadrouille | \u00c9vier commercial | Thorinox | Toronto, BC, Montr\u00e9al et Qu\u00e9bec","description":"L'\u00e9vier \u00e0 vadrouille Thorinox est fabriqu\u00e9 en acier inoxydable de haute qualit\u00e9 pour les stations de nettoyage dans les environnements commerciaux et industriels, comme les \u00e9coles et les restaurants.","robots":{"index":"index","follow":"follow","max-snippet":"max-snippet:-1","max-image-preview":"max-image-preview:large","max-video-preview":"max-video-preview:-1"},"canonical":"https:\/\/thorinox.com\/fr\/equipment\/eviers\/eviers-specialisees\/evier-a-vadrouille\/","og_locale":"fr_FR","og_type":"article","og_title":"\u00c9vier \u00e0 vadrouille | \u00c9vier commercial | Thorinox | Toronto, BC, Montr\u00e9al et Qu\u00e9bec","og_description":"L'\u00e9vier \u00e0 vadrouille Thorinox est fabriqu\u00e9 en acier inoxydable de haute qualit\u00e9 pour les stations de nettoyage dans les environnements commerciaux et industriels, comme les \u00e9coles et les restaurants.","og_url":"https:\/\/thorinox.com\/fr\/equipment\/eviers\/eviers-specialisees\/evier-a-vadrouille\/","og_site_name":"Thorinox","article_modified_time":"2024-04-18T17:39:29+00:00","og_image":[{"width":800,"height":900,"url":"https:\/\/thorinox.com\/wp-content\/uploads\/2024\/04\/Thorinox-high-quality-stainless-steel-commercial-kitchen-equipment-stainless-steel-mop-sink-2.png","type":"image\/png"}],"twitter_card":"summary_large_image","twitter_misc":{"Dur\u00e9e de lecture estim\u00e9e":"2 minutes"},"schema":{"@context":"https:\/\/schema.org","@graph":[{"@type":"WebPage","@id":"https:\/\/thorinox.com\/fr\/equipment\/eviers\/eviers-specialisees\/evier-a-vadrouille\/","url":"https:\/\/thorinox.com\/fr\/equipment\/eviers\/eviers-specialisees\/evier-a-vadrouille\/","name":"\u00c9vier \u00e0 vadrouille | \u00c9vier commercial | Thorinox | Toronto, BC, Montr\u00e9al et Qu\u00e9bec","isPartOf":{"@id":"https:\/\/thorinox.com\/fr\/#website"},"primaryImageOfPage":{"@id":"https:\/\/thorinox.com\/fr\/equipment\/eviers\/eviers-specialisees\/evier-a-vadrouille\/#primaryimage"},"image":{"@id":"https:\/\/thorinox.com\/fr\/equipment\/eviers\/eviers-specialisees\/evier-a-vadrouille\/#primaryimage"},"thumbnailUrl":"https:\/\/thorinox.com\/wp-content\/uploads\/2024\/04\/Thorinox-high-quality-stainless-steel-commercial-kitchen-equipment-stainless-steel-mop-sink-2.png","datePublished":"2024-04-04T17:39:52+00:00","dateModified":"2024-04-18T17:39:29+00:00","description":"L'\u00e9vier \u00e0 vadrouille Thorinox est fabriqu\u00e9 en acier inoxydable de haute qualit\u00e9 pour les stations de nettoyage dans les environnements commerciaux et industriels, comme les \u00e9coles et les restaurants.","breadcrumb":{"@id":"https:\/\/thorinox.com\/fr\/equipment\/eviers\/eviers-specialisees\/evier-a-vadrouille\/#breadcrumb"},"inLanguage":"fr-FR","potentialAction":[{"@type":"ReadAction","target":["https:\/\/thorinox.com\/fr\/equipment\/eviers\/eviers-specialisees\/evier-a-vadrouille\/"]}]},{"@type":"ImageObject","inLanguage":"fr-FR","@id":"https:\/\/thorinox.com\/fr\/equipment\/eviers\/eviers-specialisees\/evier-a-vadrouille\/#primaryimage","url":"https:\/\/thorinox.com\/wp-content\/uploads\/2024\/04\/Thorinox-high-quality-stainless-steel-commercial-kitchen-equipment-stainless-steel-mop-sink-2.png","contentUrl":"https:\/\/thorinox.com\/wp-content\/uploads\/2024\/04\/Thorinox-high-quality-stainless-steel-commercial-kitchen-equipment-stainless-steel-mop-sink-2.png","width":800,"height":900,"caption":"Ceci est une image d'un \u00e9vier \u00e0 vadrouille en acier inoxydable de Thorinox. Thorinox est un \u00e9quipement en acier inoxydable de haute qualit\u00e9 destin\u00e9 aux restaurants et autres types de postes de travail."},{"@type":"BreadcrumbList","@id":"https:\/\/thorinox.com\/fr\/equipment\/eviers\/eviers-specialisees\/evier-a-vadrouille\/#breadcrumb","itemListElement":[{"@type":"ListItem","position":1,"name":"Home","item":"https:\/\/thorinox.com\/fr\/"},{"@type":"ListItem","position":2,"name":"Produits","item":"https:\/\/thorinox.com\/fr\/shop\/"},{"@type":"ListItem","position":3,"name":"\u00c9vier \u00e0 vadrouille"}]},{"@type":"WebSite","@id":"https:\/\/thorinox.com\/fr\/#website","url":"https:\/\/thorinox.com\/fr\/","name":"Thorinox","description":"High Quality Stainless Steel Equipment","publisher":{"@id":"https:\/\/thorinox.com\/fr\/#organization"},"potentialAction":[{"@type":"SearchAction","target":{"@type":"EntryPoint","urlTemplate":"https:\/\/thorinox.com\/fr\/?s={search_term_string}"},"query-input":"required name=search_term_string"}],"inLanguage":"fr-FR"},{"@type":"Organization","@id":"https:\/\/thorinox.com\/fr\/#organization","name":"Thorinox","url":"https:\/\/thorinox.com\/fr\/","logo":{"@type":"ImageObject","inLanguage":"fr-FR","@id":"https:\/\/thorinox.com\/fr\/#\/schema\/logo\/image\/","url":"https:\/\/thorinox.com\/wp-content\/uploads\/2024\/02\/Thorinox-logo-high-quality-stainless-steel-equipment.png","contentUrl":"https:\/\/thorinox.com\/wp-content\/uploads\/2024\/02\/Thorinox-logo-high-quality-stainless-steel-equipment.png","width":546,"height":100,"caption":"Thorinox"},"image":{"@id":"https:\/\/thorinox.com\/fr\/#\/schema\/logo\/image\/"}}]}},"_links":{"self":[{"href":"https:\/\/thorinox.com\/fr\/wp-json\/wp\/v2\/product\/10401"}],"collection":[{"href":"https:\/\/thorinox.com\/fr\/wp-json\/wp\/v2\/product"}],"about":[{"href":"https:\/\/thorinox.com\/fr\/wp-json\/wp\/v2\/types\/product"}],"replies":[{"embeddable":true,"href":"https:\/\/thorinox.com\/fr\/wp-json\/wp\/v2\/comments?post=10401"}],"wp:featuredmedia":[{"embeddable":true,"href":"https:\/\/thorinox.com\/fr\/wp-json\/wp\/v2\/media\/8379"}],"wp:attachment":[{"href":"https:\/\/thorinox.com\/fr\/wp-json\/wp\/v2\/media?parent=10401"}],"wp:term":[{"taxonomy":"product_cat","embeddable":true,"href":"https:\/\/thorinox.com\/fr\/wp-json\/wp\/v2\/product_cat?post=10401"},{"taxonomy":"product_tag","embeddable":true,"href":"https:\/\/thorinox.com\/fr\/wp-json\/wp\/v2\/product_tag?post=10401"}],"curies":[{"name":"wp","href":"https:\/\/api.w.org\/{rel}","templated":true}]}}