{"id":10391,"date":"2024-04-05T09:16:46","date_gmt":"2024-04-05T13:16:46","guid":{"rendered":"https:\/\/thorinox.com\/equipment\/non%20class\u00e9\/support-central-de-8-avec-tuyau-flexible\/"},"modified":"2024-04-17T14:51:20","modified_gmt":"2024-04-17T18:51:20","slug":"support-central-de-8-avec-tuyau-flexible","status":"publish","type":"product","link":"https:\/\/thorinox.com\/fr\/equipment\/plomberie-et-robinetterie\/robinets-de-pre-rincage\/support-central-de-8-avec-tuyau-flexible\/","title":{"rendered":"Support central de 8&Prime; avec tuyau flexible"},"content":{"rendered":"<h3><strong>Pr\u00e9sentation du support central de 8&Prime; avec tuyau flexible : Am\u00e9lioration de l&rsquo;Efficacit\u00e9 dans les Cuisines Commerciales<\/strong><\/h3>\n<p>D\u00e9couvrez notre cat\u00e9gorie de Robinets Pr\u00e9-Rin\u00e7age, o\u00f9 nous vous proposons des solutions essentielles pour votre cuisine ou espace de travail commercial. Explorez notre gamme diversifi\u00e9e de produits de Plomberie, m\u00e9ticuleusement con\u00e7ue pour r\u00e9pondre aux exigences de diverses applications et environnements.<\/p>\n<p>Plongez dans notre section Robinets Pr\u00e9-Rin\u00e7age &amp; Pi\u00e8ces, pr\u00e9sentant notre Robinet Pr\u00e9-Rin\u00e7age unique Thorinox avec un pulv\u00e9risateur pivotant pour plus de commodit\u00e9 et de fonctionnalit\u00e9. Nos Robinets Pr\u00e9-Rin\u00e7age offrent des performances et une durabilit\u00e9 sup\u00e9rieures par rapport \u00e0 d&rsquo;autres options disponibles sur le march\u00e9. De plus, nous fournissons des pi\u00e8ces telles que le Ressort de Bobine pour Tuyau, le Tuyau Flexible, le Support Mural, le Tuyau de Montage avec crochet, le Connecteur de Tuyau, et bien plus encore pour garantir le bon fonctionnement de votre installation.<\/p>\n<p>Une partie de notre cat\u00e9gorie de Robinets comprend \u00e9galement des Robinets de Garde-Manger avec Montage Central de 8&Prime; avec Tuyau Flexible, fournissant un d\u00e9bit d&rsquo;eau fiable pour vos besoins de cuisine. Nous proposons une large gamme de pi\u00e8ces telles que des robinets d&rsquo;entr\u00e9e en laiton \u00e0 montage sur pont, des buses \u00e0 bec de cygne, des buses d&rsquo;\u00e9vier sur pied, des corps de robinet murale, des corps de robinet de garde-manger murale, des entr\u00e9es femelles, des entr\u00e9es m\u00e2les, des corps de robinet de pont, des vannes, et bien plus encore pour compl\u00e9ter votre installation de plomberie et garantir des performances optimales.<\/p>\n<p>Que vous ayez une cuisine commerciale, un restaurant ou un espace de travail culinaire, faites confiance \u00e0 notre \u00e9quipement de Plomberie pour r\u00e9pondre \u00e0 vos besoins avec qualit\u00e9 et fiabilit\u00e9. D\u00e9couvrez la commodit\u00e9 et l&rsquo;efficacit\u00e9 de nos solutions de Plomberie, con\u00e7ues pour d\u00e9passer vos attentes et am\u00e9liorer votre flux de travail dans n&rsquo;importe quel environnement.<\/p>\n<h3>Fonctionnalit\u00e9s Standard :<\/h3>\n<ul>\n<li>Tuyau montant de 20&Prime;<\/li>\n<li><a href=\"https:\/\/thorinox.com\/equipment\/plumbing-and-faucets\/plumbing-parts\/faucet-wall-bracket\/\">Support mural de 6&Prime;<\/a><\/li>\n<li>Inclus une clapet anti-retour pour pr\u00e9venir les reflux<\/li>\n<li><a href=\"https:\/\/thorinox.com\/equipment\/plumbing-and-faucets\/plumbing-parts\/spray-valve\/\">Valve de pulv\u00e9risation<\/a> conforme \u00e0 la norme <a href=\"https:\/\/sn.astm.org\/features\/astm-canada-jf16.html#:~:text=Canada%2C%20the%20second%20largest%20country,Council%20of%20Canada%20in%202013.\" target=\"_blank\" rel=\"noopener\">ANSI\/ASTM F2324-03<\/a><\/li>\n<li>Tuyau flexible en acier inoxydable de 55\u201d ou 68\u201d, avec tuyau int\u00e9rieur en santoprene<\/li>\n<li>Approuv\u00e9 CSA et NSF<\/li>\n<li>Kit d&rsquo;installation de plomberie inclus<\/li>\n<li>Garantie de 3 ans sur les pi\u00e8ces<\/li>\n<li>Optionnel : Pistolet de pulv\u00e9risation \u00e0 d\u00e9bit r\u00e9duit de 0.65\/gpm<\/li>\n<\/ul>\n<h3>Pi\u00e8ces de plomberie :<\/h3>\n<ul>\n<li><a href=\"https:\/\/thorinox.com\/fr\/categorie-produit\/plomberie-et-robinetterie\/pieces-de-plomberie\/ressort-de-bobine\/\">Ressort de bobine pour tuyau<\/a><\/li>\n<li><a href=\"https:\/\/thorinox.com\/fr\/categorie-produit\/plomberie-et-robinetterie\/pieces-de-plomberie\/tuyau-flexible\/\">Tuyau flexible<\/a><\/li>\n<li><a href=\"https:\/\/thorinox.com\/fr\/categorie-produit\/plomberie-et-robinetterie\/pieces-de-plomberie\/support-mural\/\">Support mural<\/a><\/li>\n<li><a href=\"https:\/\/thorinox.com\/fr\/categorie-produit\/plomberie-et-robinetterie\/pieces-de-plomberie\/tuyau-montant-avec-crochet\/\">Tuyau montant (avec crochet)<\/a><\/li>\n<li><a href=\"https:\/\/thorinox.com\/fr\/categorie-produit\/plomberie-et-robinetterie\/pieces-de-plomberie\/connecteur-de-tuyau\/\">Connecteur de tuyau<\/a><\/li>\n<li><a href=\"https:\/\/thorinox.com\/fr\/categorie-produit\/plomberie-et-robinetterie\/pieces-de-plomberie\/connecteur-pivotant\/\">Connecteur pivotant<\/a><\/li>\n<li><a href=\"https:\/\/thorinox.com\/fr\/categorie-produit\/plomberie-et-robinetterie\/pieces-de-plomberie\/valve-de-connection\/\">Valve de connexion<\/a><\/li>\n<li><a href=\"https:\/\/thorinox.com\/fr\/categorie-produit\/plomberie-et-robinetterie\/pieces-de-plomberie\/coude-et-embout\/\">Coude et embout<\/a><\/li>\n<li><a href=\"https:\/\/thorinox.com\/fr\/categorie-produit\/plomberie-et-robinetterie\/pieces-de-plomberie\/poignee\/\">Poign\u00e9e<\/a><\/li>\n<li><a href=\"https:\/\/thorinox.com\/fr\/categorie-produit\/plomberie-et-robinetterie\/pieces-de-plomberie\/valve-de-pulverisation\/\">Valve de pulv\u00e9risation<\/a><\/li>\n<li><a href=\"https:\/\/thorinox.com\/fr\/categorie-produit\/plomberie-et-robinetterie\/pieces-de-plomberie\/valve-de-pulverisation-de-debit-reduit\/\">Valve de pulv\u00e9risation \u00e0 d\u00e9bit r\u00e9duit<\/a><\/li>\n<li><a href=\"https:\/\/thorinox.com\/fr\/categorie-produit\/plomberie-et-robinetterie\/pieces-de-plomberie\/kit-de-reparation-de-valve-de-pulverisation\/\">Kit de R\u00e9paration de valve de pulv\u00e9risation<\/a><\/li>\n<li><a href=\"https:\/\/thorinox.com\/fr\/categorie-produit\/plomberie-et-robinetterie\/pieces-de-plomberie\/joint-torique-pour-valve-de-pulverisation\/\">Joint torique pour valve de pulv\u00e9risation<\/a><\/li>\n<li><a href=\"https:\/\/thorinox.com\/fr\/categorie-produit\/plomberie-et-robinetterie\/pieces-de-plomberie\/kit-de-reparation-de-poignee-a-levier\/\">Kit de r\u00e9paration de poign\u00e9e \u00e0 levier<\/a><\/li>\n<\/ul>\n<table>\n<thead>\n<tr>\n<th style=\"text-align: left;\">Mod\u00e8le<\/th>\n<\/tr>\n<\/thead>\n<tbody>\n<tr>\n<td>WM-100-55<\/td>\n<\/tr>\n<\/tbody>\n<\/table>\n<p>&nbsp;<\/p>\n","protected":false},"excerpt":{"rendered":"<p>Le support central de 8&Prime; avec tuyau flexible Thorinox avec buse et tuyau flexible est fabriqu\u00e9 en acier inoxydable de haute qualit\u00e9 pour les postes de travail garantissant des performances durables dans les environnements commerciaux, comme les restaurants, les food trucks et autres cuisines commerciales.<\/p>\n<h3>Fonctionnalit\u00e9s Standard :<\/h3>\n<ul>\n<li>Tuyau montant de 20&Prime;<\/li>\n<li>Support mural de 6&Prime;<\/li>\n<li>Inclus une clapet anti-retour pour pr\u00e9venir les reflux<\/li>\n<li>Valve de pulv\u00e9risation conforme \u00e0 la norme <a href=\"https:\/\/sn.astm.org\/features\/astm-canada-jf16.html#:~:text=Canada%2C%20the%20second%20largest%20country,Council%20of%20Canada%20in%202013.\" target=\"_blank\" rel=\"noopener\">ANSI\/ASTM F2324-03<\/a><\/li>\n<li>Tuyau flexible en acier inoxydable de 55\u201d ou 68\u201d, avec tuyau int\u00e9rieur en santoprene<\/li>\n<li>Approuv\u00e9 CSA et NSF<\/li>\n<li>Kit d&rsquo;installation de plomberie inclus<\/li>\n<li>Garantie de 3 ans sur les pi\u00e8ces<\/li>\n<li>Optionnel : Pistolet de pulv\u00e9risation \u00e0 d\u00e9bit r\u00e9duit de 0.65\/gpm<\/li>\n<\/ul>\n<h3>Pi\u00e8ces de plomberie :<\/h3>\n<ul>\n<li><a href=\"https:\/\/thorinox.com\/fr\/categorie-produit\/plomberie-et-robinetterie\/pieces-de-plomberie\/ressort-de-bobine\/\">Ressort de bobine pour tuyau<\/a><\/li>\n<li><a href=\"https:\/\/thorinox.com\/fr\/categorie-produit\/plomberie-et-robinetterie\/pieces-de-plomberie\/tuyau-flexible\/\">Tuyau flexible<\/a><\/li>\n<li><a href=\"https:\/\/thorinox.com\/fr\/categorie-produit\/plomberie-et-robinetterie\/pieces-de-plomberie\/support-mural\/\">Support mural<\/a><\/li>\n<li><a href=\"https:\/\/thorinox.com\/fr\/categorie-produit\/plomberie-et-robinetterie\/pieces-de-plomberie\/tuyau-montant-avec-crochet\/\">Tuyau montant (avec crochet)<\/a><\/li>\n<li><a href=\"https:\/\/thorinox.com\/fr\/categorie-produit\/plomberie-et-robinetterie\/pieces-de-plomberie\/connecteur-de-tuyau\/\">Connecteur de tuyau<\/a><\/li>\n<li><a href=\"https:\/\/thorinox.com\/fr\/categorie-produit\/plomberie-et-robinetterie\/pieces-de-plomberie\/connecteur-pivotant\/\">Connecteur pivotant<\/a><\/li>\n<li><a href=\"https:\/\/thorinox.com\/fr\/categorie-produit\/plomberie-et-robinetterie\/pieces-de-plomberie\/valve-de-connection\/\">Valve de connexion<\/a><\/li>\n<li><a href=\"https:\/\/thorinox.com\/fr\/categorie-produit\/plomberie-et-robinetterie\/pieces-de-plomberie\/coude-et-embout\/\">Coude et embout<\/a><\/li>\n<li><a href=\"https:\/\/thorinox.com\/fr\/categorie-produit\/plomberie-et-robinetterie\/pieces-de-plomberie\/poignee\/\">Poign\u00e9e<\/a><\/li>\n<li><a href=\"https:\/\/thorinox.com\/fr\/categorie-produit\/plomberie-et-robinetterie\/pieces-de-plomberie\/valve-de-pulverisation\/\">Valve de pulv\u00e9risation<\/a><\/li>\n<li><a href=\"https:\/\/thorinox.com\/fr\/categorie-produit\/plomberie-et-robinetterie\/pieces-de-plomberie\/valve-de-pulverisation-de-debit-reduit\/\">Valve de pulv\u00e9risation \u00e0 d\u00e9bit r\u00e9duit<\/a><\/li>\n<li><a href=\"https:\/\/thorinox.com\/fr\/categorie-produit\/plomberie-et-robinetterie\/pieces-de-plomberie\/kit-de-reparation-de-valve-de-pulverisation\/\">Kit de R\u00e9paration de valve de pulv\u00e9risation<\/a><\/li>\n<li><a href=\"https:\/\/thorinox.com\/fr\/categorie-produit\/plomberie-et-robinetterie\/pieces-de-plomberie\/joint-torique-pour-valve-de-pulverisation\/\">Joint torique pour valve de pulv\u00e9risation<\/a><\/li>\n<li><a href=\"https:\/\/thorinox.com\/fr\/categorie-produit\/plomberie-et-robinetterie\/pieces-de-plomberie\/kit-de-reparation-de-poignee-a-levier\/\">Kit de r\u00e9paration de poign\u00e9e \u00e0 levier<\/a><\/li>\n<\/ul>\n<table>\n<thead>\n<tr>\n<th style=\"text-align: left;\">Mod\u00e8le<\/th>\n<\/tr>\n<\/thead>\n<tbody>\n<tr>\n<td>WM-100-55<\/td>\n<\/tr>\n<\/tbody>\n<\/table>\n<p>&nbsp;<\/p>\n","protected":false},"featured_media":8428,"comment_status":"open","ping_status":"closed","template":"","meta":[],"product_cat":[240,243],"product_tag":[],"yoast_head":"<!-- This site is optimized with the Yoast SEO plugin v23.3 - https:\/\/yoast.com\/wordpress\/plugins\/seo\/ -->\n<title>Support central de 8&quot; avec tuyau flexible | Robinets commerciaux | Thorinox<\/title>\n<meta name=\"description\" content=\"Le support central de 8&quot; avec tuyau flexible est fabriqu\u00e9 en acier inoxydable de haute qualit\u00e9 pour les postes de travail garantissant des performances durables dans les environnements commerciaux.\" \/>\n<meta name=\"robots\" content=\"index, follow, max-snippet:-1, max-image-preview:large, max-video-preview:-1\" \/>\n<link rel=\"canonical\" href=\"https:\/\/thorinox.com\/fr\/equipment\/plomberie-et-robinetterie\/robinets-de-pre-rincage\/support-central-de-8-avec-tuyau-flexible\/\" \/>\n<meta property=\"og:locale\" content=\"fr_FR\" \/>\n<meta property=\"og:type\" content=\"article\" \/>\n<meta property=\"og:title\" content=\"Support central de 8&quot; avec tuyau flexible | Robinets commerciaux | Thorinox\" \/>\n<meta property=\"og:description\" content=\"Le support central de 8&quot; avec tuyau flexible est fabriqu\u00e9 en acier inoxydable de haute qualit\u00e9 pour les postes de travail garantissant des performances durables dans les environnements commerciaux.\" \/>\n<meta property=\"og:url\" content=\"https:\/\/thorinox.com\/fr\/equipment\/plomberie-et-robinetterie\/robinets-de-pre-rincage\/support-central-de-8-avec-tuyau-flexible\/\" \/>\n<meta property=\"og:site_name\" content=\"Thorinox\" \/>\n<meta property=\"article:modified_time\" content=\"2024-04-17T18:51:20+00:00\" \/>\n<meta property=\"og:image\" content=\"https:\/\/thorinox.com\/wp-content\/uploads\/2024\/04\/Thorinox-high-quality-stainless-steel-commercial-kitchen-equipment-WM-200-S8-center-mount-pre-rince-faucet.png\" \/>\n\t<meta property=\"og:image:width\" content=\"800\" \/>\n\t<meta property=\"og:image:height\" content=\"900\" \/>\n\t<meta property=\"og:image:type\" content=\"image\/png\" \/>\n<meta name=\"twitter:card\" content=\"summary_large_image\" \/>\n<meta name=\"twitter:label1\" content=\"Dur\u00e9e de lecture estim\u00e9e\" \/>\n\t<meta name=\"twitter:data1\" content=\"2 minutes\" \/>\n<script type=\"application\/ld+json\" class=\"yoast-schema-graph\">{\"@context\":\"https:\/\/schema.org\",\"@graph\":[{\"@type\":\"WebPage\",\"@id\":\"https:\/\/thorinox.com\/fr\/equipment\/plomberie-et-robinetterie\/robinets-de-pre-rincage\/support-central-de-8-avec-tuyau-flexible\/\",\"url\":\"https:\/\/thorinox.com\/fr\/equipment\/plomberie-et-robinetterie\/robinets-de-pre-rincage\/support-central-de-8-avec-tuyau-flexible\/\",\"name\":\"Support central de 8\\\" avec tuyau flexible | Robinets commerciaux | Thorinox\",\"isPartOf\":{\"@id\":\"https:\/\/thorinox.com\/fr\/#website\"},\"primaryImageOfPage\":{\"@id\":\"https:\/\/thorinox.com\/fr\/equipment\/plomberie-et-robinetterie\/robinets-de-pre-rincage\/support-central-de-8-avec-tuyau-flexible\/#primaryimage\"},\"image\":{\"@id\":\"https:\/\/thorinox.com\/fr\/equipment\/plomberie-et-robinetterie\/robinets-de-pre-rincage\/support-central-de-8-avec-tuyau-flexible\/#primaryimage\"},\"thumbnailUrl\":\"https:\/\/thorinox.com\/wp-content\/uploads\/2024\/04\/Thorinox-high-quality-stainless-steel-commercial-kitchen-equipment-WM-200-S8-center-mount-pre-rince-faucet.png\",\"datePublished\":\"2024-04-05T13:16:46+00:00\",\"dateModified\":\"2024-04-17T18:51:20+00:00\",\"description\":\"Le support central de 8\\\" avec tuyau flexible est fabriqu\u00e9 en acier inoxydable de haute qualit\u00e9 pour les postes de travail garantissant des performances durables dans les environnements commerciaux.\",\"breadcrumb\":{\"@id\":\"https:\/\/thorinox.com\/fr\/equipment\/plomberie-et-robinetterie\/robinets-de-pre-rincage\/support-central-de-8-avec-tuyau-flexible\/#breadcrumb\"},\"inLanguage\":\"fr-FR\",\"potentialAction\":[{\"@type\":\"ReadAction\",\"target\":[\"https:\/\/thorinox.com\/fr\/equipment\/plomberie-et-robinetterie\/robinets-de-pre-rincage\/support-central-de-8-avec-tuyau-flexible\/\"]}]},{\"@type\":\"ImageObject\",\"inLanguage\":\"fr-FR\",\"@id\":\"https:\/\/thorinox.com\/fr\/equipment\/plomberie-et-robinetterie\/robinets-de-pre-rincage\/support-central-de-8-avec-tuyau-flexible\/#primaryimage\",\"url\":\"https:\/\/thorinox.com\/wp-content\/uploads\/2024\/04\/Thorinox-high-quality-stainless-steel-commercial-kitchen-equipment-WM-200-S8-center-mount-pre-rince-faucet.png\",\"contentUrl\":\"https:\/\/thorinox.com\/wp-content\/uploads\/2024\/04\/Thorinox-high-quality-stainless-steel-commercial-kitchen-equipment-WM-200-S8-center-mount-pre-rince-faucet.png\",\"width\":800,\"height\":900,\"caption\":\"Ceci est une image d'un robinet de Thorinox. Thorinox est un \u00e9quipement en acier inoxydable de haute qualit\u00e9 destin\u00e9 aux restaurants et autres types de postes de travail.\"},{\"@type\":\"BreadcrumbList\",\"@id\":\"https:\/\/thorinox.com\/fr\/equipment\/plomberie-et-robinetterie\/robinets-de-pre-rincage\/support-central-de-8-avec-tuyau-flexible\/#breadcrumb\",\"itemListElement\":[{\"@type\":\"ListItem\",\"position\":1,\"name\":\"Home\",\"item\":\"https:\/\/thorinox.com\/fr\/\"},{\"@type\":\"ListItem\",\"position\":2,\"name\":\"Produits\",\"item\":\"https:\/\/thorinox.com\/fr\/shop\/\"},{\"@type\":\"ListItem\",\"position\":3,\"name\":\"Support central de 8&Prime; avec tuyau flexible\"}]},{\"@type\":\"WebSite\",\"@id\":\"https:\/\/thorinox.com\/fr\/#website\",\"url\":\"https:\/\/thorinox.com\/fr\/\",\"name\":\"Thorinox\",\"description\":\"High Quality Stainless Steel Equipment\",\"publisher\":{\"@id\":\"https:\/\/thorinox.com\/fr\/#organization\"},\"potentialAction\":[{\"@type\":\"SearchAction\",\"target\":{\"@type\":\"EntryPoint\",\"urlTemplate\":\"https:\/\/thorinox.com\/fr\/?s={search_term_string}\"},\"query-input\":\"required name=search_term_string\"}],\"inLanguage\":\"fr-FR\"},{\"@type\":\"Organization\",\"@id\":\"https:\/\/thorinox.com\/fr\/#organization\",\"name\":\"Thorinox\",\"url\":\"https:\/\/thorinox.com\/fr\/\",\"logo\":{\"@type\":\"ImageObject\",\"inLanguage\":\"fr-FR\",\"@id\":\"https:\/\/thorinox.com\/fr\/#\/schema\/logo\/image\/\",\"url\":\"https:\/\/thorinox.com\/wp-content\/uploads\/2024\/02\/Thorinox-logo-high-quality-stainless-steel-equipment.png\",\"contentUrl\":\"https:\/\/thorinox.com\/wp-content\/uploads\/2024\/02\/Thorinox-logo-high-quality-stainless-steel-equipment.png\",\"width\":546,\"height\":100,\"caption\":\"Thorinox\"},\"image\":{\"@id\":\"https:\/\/thorinox.com\/fr\/#\/schema\/logo\/image\/\"}}]}<\/script>\n<!-- \/ Yoast SEO plugin. -->","yoast_head_json":{"title":"Support central de 8\" avec tuyau flexible | Robinets commerciaux | Thorinox","description":"Le support central de 8\" avec tuyau flexible est fabriqu\u00e9 en acier inoxydable de haute qualit\u00e9 pour les postes de travail garantissant des performances durables dans les environnements commerciaux.","robots":{"index":"index","follow":"follow","max-snippet":"max-snippet:-1","max-image-preview":"max-image-preview:large","max-video-preview":"max-video-preview:-1"},"canonical":"https:\/\/thorinox.com\/fr\/equipment\/plomberie-et-robinetterie\/robinets-de-pre-rincage\/support-central-de-8-avec-tuyau-flexible\/","og_locale":"fr_FR","og_type":"article","og_title":"Support central de 8\" avec tuyau flexible | Robinets commerciaux | Thorinox","og_description":"Le support central de 8\" avec tuyau flexible est fabriqu\u00e9 en acier inoxydable de haute qualit\u00e9 pour les postes de travail garantissant des performances durables dans les environnements commerciaux.","og_url":"https:\/\/thorinox.com\/fr\/equipment\/plomberie-et-robinetterie\/robinets-de-pre-rincage\/support-central-de-8-avec-tuyau-flexible\/","og_site_name":"Thorinox","article_modified_time":"2024-04-17T18:51:20+00:00","og_image":[{"width":800,"height":900,"url":"https:\/\/thorinox.com\/wp-content\/uploads\/2024\/04\/Thorinox-high-quality-stainless-steel-commercial-kitchen-equipment-WM-200-S8-center-mount-pre-rince-faucet.png","type":"image\/png"}],"twitter_card":"summary_large_image","twitter_misc":{"Dur\u00e9e de lecture estim\u00e9e":"2 minutes"},"schema":{"@context":"https:\/\/schema.org","@graph":[{"@type":"WebPage","@id":"https:\/\/thorinox.com\/fr\/equipment\/plomberie-et-robinetterie\/robinets-de-pre-rincage\/support-central-de-8-avec-tuyau-flexible\/","url":"https:\/\/thorinox.com\/fr\/equipment\/plomberie-et-robinetterie\/robinets-de-pre-rincage\/support-central-de-8-avec-tuyau-flexible\/","name":"Support central de 8\" avec tuyau flexible | Robinets commerciaux | Thorinox","isPartOf":{"@id":"https:\/\/thorinox.com\/fr\/#website"},"primaryImageOfPage":{"@id":"https:\/\/thorinox.com\/fr\/equipment\/plomberie-et-robinetterie\/robinets-de-pre-rincage\/support-central-de-8-avec-tuyau-flexible\/#primaryimage"},"image":{"@id":"https:\/\/thorinox.com\/fr\/equipment\/plomberie-et-robinetterie\/robinets-de-pre-rincage\/support-central-de-8-avec-tuyau-flexible\/#primaryimage"},"thumbnailUrl":"https:\/\/thorinox.com\/wp-content\/uploads\/2024\/04\/Thorinox-high-quality-stainless-steel-commercial-kitchen-equipment-WM-200-S8-center-mount-pre-rince-faucet.png","datePublished":"2024-04-05T13:16:46+00:00","dateModified":"2024-04-17T18:51:20+00:00","description":"Le support central de 8\" avec tuyau flexible est fabriqu\u00e9 en acier inoxydable de haute qualit\u00e9 pour les postes de travail garantissant des performances durables dans les environnements commerciaux.","breadcrumb":{"@id":"https:\/\/thorinox.com\/fr\/equipment\/plomberie-et-robinetterie\/robinets-de-pre-rincage\/support-central-de-8-avec-tuyau-flexible\/#breadcrumb"},"inLanguage":"fr-FR","potentialAction":[{"@type":"ReadAction","target":["https:\/\/thorinox.com\/fr\/equipment\/plomberie-et-robinetterie\/robinets-de-pre-rincage\/support-central-de-8-avec-tuyau-flexible\/"]}]},{"@type":"ImageObject","inLanguage":"fr-FR","@id":"https:\/\/thorinox.com\/fr\/equipment\/plomberie-et-robinetterie\/robinets-de-pre-rincage\/support-central-de-8-avec-tuyau-flexible\/#primaryimage","url":"https:\/\/thorinox.com\/wp-content\/uploads\/2024\/04\/Thorinox-high-quality-stainless-steel-commercial-kitchen-equipment-WM-200-S8-center-mount-pre-rince-faucet.png","contentUrl":"https:\/\/thorinox.com\/wp-content\/uploads\/2024\/04\/Thorinox-high-quality-stainless-steel-commercial-kitchen-equipment-WM-200-S8-center-mount-pre-rince-faucet.png","width":800,"height":900,"caption":"Ceci est une image d'un robinet de Thorinox. Thorinox est un \u00e9quipement en acier inoxydable de haute qualit\u00e9 destin\u00e9 aux restaurants et autres types de postes de travail."},{"@type":"BreadcrumbList","@id":"https:\/\/thorinox.com\/fr\/equipment\/plomberie-et-robinetterie\/robinets-de-pre-rincage\/support-central-de-8-avec-tuyau-flexible\/#breadcrumb","itemListElement":[{"@type":"ListItem","position":1,"name":"Home","item":"https:\/\/thorinox.com\/fr\/"},{"@type":"ListItem","position":2,"name":"Produits","item":"https:\/\/thorinox.com\/fr\/shop\/"},{"@type":"ListItem","position":3,"name":"Support central de 8&Prime; avec tuyau flexible"}]},{"@type":"WebSite","@id":"https:\/\/thorinox.com\/fr\/#website","url":"https:\/\/thorinox.com\/fr\/","name":"Thorinox","description":"High Quality Stainless Steel Equipment","publisher":{"@id":"https:\/\/thorinox.com\/fr\/#organization"},"potentialAction":[{"@type":"SearchAction","target":{"@type":"EntryPoint","urlTemplate":"https:\/\/thorinox.com\/fr\/?s={search_term_string}"},"query-input":"required name=search_term_string"}],"inLanguage":"fr-FR"},{"@type":"Organization","@id":"https:\/\/thorinox.com\/fr\/#organization","name":"Thorinox","url":"https:\/\/thorinox.com\/fr\/","logo":{"@type":"ImageObject","inLanguage":"fr-FR","@id":"https:\/\/thorinox.com\/fr\/#\/schema\/logo\/image\/","url":"https:\/\/thorinox.com\/wp-content\/uploads\/2024\/02\/Thorinox-logo-high-quality-stainless-steel-equipment.png","contentUrl":"https:\/\/thorinox.com\/wp-content\/uploads\/2024\/02\/Thorinox-logo-high-quality-stainless-steel-equipment.png","width":546,"height":100,"caption":"Thorinox"},"image":{"@id":"https:\/\/thorinox.com\/fr\/#\/schema\/logo\/image\/"}}]}},"_links":{"self":[{"href":"https:\/\/thorinox.com\/fr\/wp-json\/wp\/v2\/product\/10391"}],"collection":[{"href":"https:\/\/thorinox.com\/fr\/wp-json\/wp\/v2\/product"}],"about":[{"href":"https:\/\/thorinox.com\/fr\/wp-json\/wp\/v2\/types\/product"}],"replies":[{"embeddable":true,"href":"https:\/\/thorinox.com\/fr\/wp-json\/wp\/v2\/comments?post=10391"}],"wp:featuredmedia":[{"embeddable":true,"href":"https:\/\/thorinox.com\/fr\/wp-json\/wp\/v2\/media\/8428"}],"wp:attachment":[{"href":"https:\/\/thorinox.com\/fr\/wp-json\/wp\/v2\/media?parent=10391"}],"wp:term":[{"taxonomy":"product_cat","embeddable":true,"href":"https:\/\/thorinox.com\/fr\/wp-json\/wp\/v2\/product_cat?post=10391"},{"taxonomy":"product_tag","embeddable":true,"href":"https:\/\/thorinox.com\/fr\/wp-json\/wp\/v2\/product_tag?post=10391"}],"curies":[{"name":"wp","href":"https:\/\/api.w.org\/{rel}","templated":true}]}}