{"id":10376,"date":"2024-04-04T11:14:18","date_gmt":"2024-04-04T15:14:18","guid":{"rendered":"https:\/\/thorinox.com\/equipment\/non class\u00e9\/evier-triple-24\/"},"modified":"2024-04-04T11:14:18","modified_gmt":"2024-04-04T15:14:18","slug":"evier-triple-24","status":"publish","type":"product","link":"https:\/\/thorinox.com\/fr\/equipment\/eviers\/eviers-standards\/evier-triple-24\/","title":{"rendered":"\u00c9vier triple 24&Prime;"},"content":{"rendered":"<h3><strong>Pr\u00e9sentation de l&rsquo;\u00e9vier triple en acier inoxydable de 24 pouces : Am\u00e9lioration de l&rsquo;efficacit\u00e9 dans les cuisines commerciales<\/strong><\/h3>\n<p>D\u00e9couvrez l&rsquo;\u00e9vier triple en acier inoxydable de 24 pouces de Thorinox dans notre cat\u00e9gorie \u00c9viers, o\u00f9 nous vous proposons des solutions essentielles pour votre cuisine, votre restaurant ou votre espace culinaire. Explorez notre large gamme d&rsquo;\u00e9viers, con\u00e7us avec minutie pour r\u00e9pondre aux exigences de diverses applications et environnements.<\/p>\n<p>D\u00e9couvrez notre table de travail de haute qualit\u00e9 avec \u00e9vier, offrant un espace de travail utile et une zone de lavage. Cr\u00e9\u00e9es avec pr\u00e9cision, ces tables de travail fournissent une surface durable et hygi\u00e9nique pour la pr\u00e9paration des aliments, associ\u00e9e \u00e0 un \u00e9vier pratique pour un nettoyage et un lavage efficaces.<\/p>\n<p>Pour des besoins de lavage individuels, explorez notre s\u00e9lection d&rsquo;\u00e9viers doubles de 24 pouces, disponibles dans diff\u00e9rentes tailles pour r\u00e9pondre \u00e0 vos besoins d&rsquo;espace. Am\u00e9liorez votre flux de travail avec nos options d&rsquo;\u00e9vier double, offrant une solution fiable pour laver la vaisselle, les ustensiles et les produits.<\/p>\n<p>Pour plus de commodit\u00e9, envisagez notre \u00e9vier double de 24 pouces avec \u00e9gouttoir, offrant une zone de s\u00e9chage int\u00e9gr\u00e9e pour rationaliser votre processus de lavage. Maximisez l&rsquo;efficacit\u00e9 avec nos options d&rsquo;\u00e9vier double, disponibles avec ou sans \u00e9gouttoirs, offrant un espace suffisant pour les t\u00e2ches de lavage et de rin\u00e7age.<\/p>\n<p>Pour les op\u00e9rations plus importantes, explorez nos options d&rsquo;\u00e9vier triple de 18 pouces avec \u00e9gouttoir, \u00e9galement disponibles avec ou sans \u00e9gouttoirs, offrant des solutions polyvalentes pour des besoins de lavage \u00e0 volume \u00e9lev\u00e9. Des accessoires optionnels tels que des paniers renforcent encore l&rsquo;organisation et l&rsquo;efficacit\u00e9 dans votre espace de travail.<\/p>\n<p>Inclus avec nos \u00e9viers se trouvent des composants essentiels tels que des supports muraux, des tamis, des trop-pleins, des drains et des kits de renfort, garantissant une installation facile et des performances fiables. De plus, nous proposons des \u00e9viers sp\u00e9cialement con\u00e7us pour les lave-vaisselle, disponibles en configurations simple ou double, complets avec des supports muraux et des drains pour une int\u00e9gration sans faille dans votre installation de lavage de vaisselle.<\/p>\n<h3>Caract\u00e9ristiques de l&rsquo;\u00e9vier triple de 24 pouces :<\/h3>\n<ul>\n<li>Fabriqu\u00e9 en acier inoxydable de calibre 18, 304<\/li>\n<li>Pieds, renforts et pieds ajustables en acier inoxydable<\/li>\n<li>Dosseret de 6,5 pouces avec un retour \u00e0 45\u00b0<\/li>\n<li>Coutures soud\u00e9es bien polies<\/li>\n<li>Coins arrondis et bords roul\u00e9s<\/li>\n<li>\u00c9gouttoirs estamp\u00e9s pour un drainage positif<\/li>\n<li>Trous de robinet \u00e0 8 po (deux jeux)<\/li>\n<\/ul>\n<h3><strong>Inclus en standard :<\/strong><\/h3>\n<ul>\n<li><a href=\"https:\/\/thorinox.com\/equipment\/sinks\/sink-accessories\/set-of-u-shaped-reinforcement-bars\/\">Ensemble de barres de renfort en forme de \u00ab\u00a0U\u00a0\u00bb<\/a><\/li>\n<li><a href=\"https:\/\/thorinox.com\/equipment\/sinks\/sink-accessories\/sink-wall-bracket\/\">Support mural pour \u00e9vier<\/a><\/li>\n<li><a href=\"https:\/\/thorinox.com\/equipment\/sinks\/sink-accessories\/stainless-steel-overflow\/\">Trop-plein en acier inoxydable<\/a><\/li>\n<li><a href=\"https:\/\/thorinox.com\/equipment\/sinks\/sink-accessories\/drain\/\">Drain<\/a><\/li>\n<li><a href=\"https:\/\/thorinox.com\/equipment\/sinks\/sink-accessories\/strainer\/\">Tamis<\/a><\/li>\n<\/ul>\n<h3><strong>Accessoires optionnels :<\/strong><\/h3>\n<ul>\n<li><a href=\"https:\/\/thorinox.com\/equipment\/work-tables\/sink-accessories\/standard-dish-basket\/\">Panier \u00e0 vaisselle standard<\/a><\/li>\n<\/ul>\n<h3><strong>Taille de la cuve :<\/strong><\/h3>\n<table>\n<thead>\n<tr>\n<th>Mod\u00e8les<\/th>\n<th>L\u00a0\u00bb<\/th>\n<th>P\u00a0\u00bb<\/th>\n<th>H\u00a0\u00bb<\/th>\n<\/tr>\n<\/thead>\n<tbody>\n<tr>\n<td>TTS-2424-0<\/td>\n<td style=\"text-align: center;\">24&Prime;<\/td>\n<td style=\"text-align: center;\">24&Prime;<\/td>\n<td style=\"text-align: center;\">14&Prime;<\/td>\n<\/tr>\n<\/tbody>\n<\/table>\n<h3>Taille globale :<\/h3>\n<table>\n<thead>\n<tr>\n<th>Mod\u00e8les<\/th>\n<th>L\u00a0\u00bb<\/th>\n<th>P\u00a0\u00bb<\/th>\n<th>H\u00a0\u00bb<\/th>\n<\/tr>\n<\/thead>\n<tbody>\n<tr>\n<td>TTS-2424-0<\/td>\n<td style=\"text-align: center;\">77&Prime;<\/td>\n<td style=\"text-align: center;\">29.5&Prime;<\/td>\n<td style=\"text-align: center;\">36.5&Prime;<\/td>\n<\/tr>\n<\/tbody>\n<\/table>\n<p><small>**La hauteur exclut le dosseret de 6,5\u00a0po<\/small><\/p>\n<p>Faites confiance \u00e0 nos \u00e9viers en acier inoxydable de haute qualit\u00e9 pour am\u00e9liorer la fonctionnalit\u00e9 et l&rsquo;efficacit\u00e9 de votre cuisine ou de votre espace de travail culinaire. Avec des fonctionnalit\u00e9s de qualit\u00e9 et compl\u00e8tes, nos \u00e9viers sont con\u00e7us pour r\u00e9pondre \u00e0 vos besoins et d\u00e9passer vos attentes dans n&rsquo;importe quelle application.<\/p>\n","protected":false},"excerpt":{"rendered":"<p>L&rsquo;\u00e9vier Thorinox Triple 24&Prime; est fabriqu\u00e9 en acier inoxydable de haute qualit\u00e9, garantissant une durabilit\u00e9 durable. Ils offrent des solutions de travail et d&rsquo;organisation efficaces pour les cuisines commerciales, les \u00e9tablissements de restauration, les environnements commerciaux et industriels.<\/p>\n<h3>Caract\u00e9ristiques standards :<\/h3>\n<ul>\n<li>Fabriqu\u00e9 en acier inoxydable de calibre 18, 304<\/li>\n<li>Pieds, renforts et pieds ajustables en acier inoxydable<\/li>\n<li>Dosseret de 6,5 pouces avec un retour \u00e0 45\u00b0<\/li>\n<li>Coutures soud\u00e9es bien polies<\/li>\n<li>Coins arrondis et bords roul\u00e9s<\/li>\n<li>\u00c9gouttoirs estamp\u00e9s pour un drainage positif<\/li>\n<li>Trous de robinet \u00e0 8 po (deux jeux)<\/li>\n<\/ul>\n<h3><strong>Inclus en standard :<\/strong><\/h3>\n<ul>\n<li><a href=\"https:\/\/thorinox.com\/equipment\/sinks\/sink-accessories\/set-of-u-shaped-reinforcement-bars\/\">Ensemble de barres de renfort en forme de \u00ab\u00a0U\u00a0\u00bb<\/a><\/li>\n<li><a href=\"https:\/\/thorinox.com\/equipment\/sinks\/sink-accessories\/sink-wall-bracket\/\">Support mural pour \u00e9vier<\/a><\/li>\n<li><a href=\"https:\/\/thorinox.com\/equipment\/sinks\/sink-accessories\/stainless-steel-overflow\/\">Trop-plein en acier inoxydable<\/a><\/li>\n<li><a href=\"https:\/\/thorinox.com\/equipment\/sinks\/sink-accessories\/drain\/\">Drain<\/a><\/li>\n<li><a href=\"https:\/\/thorinox.com\/equipment\/sinks\/sink-accessories\/strainer\/\">Tamis<\/a><\/li>\n<\/ul>\n<h3><strong>Accessoires optionnels :<\/strong><\/h3>\n<ul>\n<li><a href=\"https:\/\/thorinox.com\/equipment\/work-tables\/sink-accessories\/standard-dish-basket\/\">Panier \u00e0 vaisselle standard<\/a><\/li>\n<\/ul>\n<h3><strong>Taille de la cuve :<\/strong><\/h3>\n<table>\n<thead>\n<tr>\n<th>Mod\u00e8les<\/th>\n<th>L\u00a0\u00bb<\/th>\n<th>P\u00a0\u00bb<\/th>\n<th>H\u00a0\u00bb<\/th>\n<\/tr>\n<\/thead>\n<tbody>\n<tr>\n<td>TTS-2424-0<\/td>\n<td style=\"text-align: center;\">24&Prime;<\/td>\n<td style=\"text-align: center;\">24&Prime;<\/td>\n<td style=\"text-align: center;\">14&Prime;<\/td>\n<\/tr>\n<\/tbody>\n<\/table>\n<h3>Taille globale :<\/h3>\n<table>\n<thead>\n<tr>\n<th>Mod\u00e8les<\/th>\n<th>L\u00a0\u00bb<\/th>\n<th>P\u00a0\u00bb<\/th>\n<th>H\u00a0\u00bb<\/th>\n<\/tr>\n<\/thead>\n<tbody>\n<tr>\n<td>TTS-2424-0<\/td>\n<td style=\"text-align: center;\">77&Prime;<\/td>\n<td style=\"text-align: center;\">29.5&Prime;<\/td>\n<td style=\"text-align: center;\">36.5&Prime;<\/td>\n<\/tr>\n<\/tbody>\n<\/table>\n<p><small>**La hauteur exclut le dosseret de 6,5\u00a0po<\/small><\/p>\n","protected":false},"featured_media":8320,"comment_status":"open","ping_status":"closed","template":"","meta":[],"product_cat":[253,260],"product_tag":[],"yoast_head":"<!-- This site is optimized with the Yoast SEO plugin v23.3 - https:\/\/yoast.com\/wordpress\/plugins\/seo\/ -->\n<title>\u00c9vier triple 24&quot; | \u00c9vier commercial | Thorinox | Montr\u00e9al &amp; Qu\u00e9bec<\/title>\n<meta name=\"description\" content=\"L&#039;\u00e9vier Triple 24&quot; de Thorinox est fabriqu\u00e9 en acier inoxydable de haute qualit\u00e9 pour les cuisines commerciales, garantissant une durabilit\u00e9 et une organisation \u00e0 long terme.\" \/>\n<meta name=\"robots\" content=\"index, follow, max-snippet:-1, max-image-preview:large, max-video-preview:-1\" \/>\n<link rel=\"canonical\" href=\"https:\/\/thorinox.com\/fr\/equipment\/eviers\/eviers-standards\/evier-triple-24\/\" \/>\n<meta property=\"og:locale\" content=\"fr_FR\" \/>\n<meta property=\"og:type\" content=\"article\" \/>\n<meta property=\"og:title\" content=\"\u00c9vier triple 24&quot; | \u00c9vier commercial | Thorinox | Montr\u00e9al &amp; Qu\u00e9bec\" \/>\n<meta property=\"og:description\" content=\"L&#039;\u00e9vier Triple 24&quot; de Thorinox est fabriqu\u00e9 en acier inoxydable de haute qualit\u00e9 pour les cuisines commerciales, garantissant une durabilit\u00e9 et une organisation \u00e0 long terme.\" \/>\n<meta property=\"og:url\" content=\"https:\/\/thorinox.com\/fr\/equipment\/eviers\/eviers-standards\/evier-triple-24\/\" \/>\n<meta property=\"og:site_name\" content=\"Thorinox\" \/>\n<meta property=\"og:image\" content=\"https:\/\/thorinox.com\/wp-content\/uploads\/2024\/04\/Thorinox-high-quality-stainless-steel-commercial-kitchen-equipment-stainless-steel-triple-sink-24.png\" \/>\n\t<meta property=\"og:image:width\" content=\"800\" \/>\n\t<meta property=\"og:image:height\" content=\"900\" \/>\n\t<meta property=\"og:image:type\" content=\"image\/png\" \/>\n<meta name=\"twitter:card\" content=\"summary_large_image\" \/>\n<meta name=\"twitter:label1\" content=\"Dur\u00e9e de lecture estim\u00e9e\" \/>\n\t<meta name=\"twitter:data1\" content=\"3 minutes\" \/>\n<script type=\"application\/ld+json\" class=\"yoast-schema-graph\">{\"@context\":\"https:\/\/schema.org\",\"@graph\":[{\"@type\":\"WebPage\",\"@id\":\"https:\/\/thorinox.com\/fr\/equipment\/eviers\/eviers-standards\/evier-triple-24\/\",\"url\":\"https:\/\/thorinox.com\/fr\/equipment\/eviers\/eviers-standards\/evier-triple-24\/\",\"name\":\"\u00c9vier triple 24\\\" | \u00c9vier commercial | Thorinox | Montr\u00e9al & Qu\u00e9bec\",\"isPartOf\":{\"@id\":\"https:\/\/thorinox.com\/fr\/#website\"},\"primaryImageOfPage\":{\"@id\":\"https:\/\/thorinox.com\/fr\/equipment\/eviers\/eviers-standards\/evier-triple-24\/#primaryimage\"},\"image\":{\"@id\":\"https:\/\/thorinox.com\/fr\/equipment\/eviers\/eviers-standards\/evier-triple-24\/#primaryimage\"},\"thumbnailUrl\":\"https:\/\/thorinox.com\/wp-content\/uploads\/2024\/04\/Thorinox-high-quality-stainless-steel-commercial-kitchen-equipment-stainless-steel-triple-sink-24.png\",\"datePublished\":\"2024-04-04T15:14:18+00:00\",\"dateModified\":\"2024-04-04T15:14:18+00:00\",\"description\":\"L'\u00e9vier Triple 24\\\" de Thorinox est fabriqu\u00e9 en acier inoxydable de haute qualit\u00e9 pour les cuisines commerciales, garantissant une durabilit\u00e9 et une organisation \u00e0 long terme.\",\"breadcrumb\":{\"@id\":\"https:\/\/thorinox.com\/fr\/equipment\/eviers\/eviers-standards\/evier-triple-24\/#breadcrumb\"},\"inLanguage\":\"fr-FR\",\"potentialAction\":[{\"@type\":\"ReadAction\",\"target\":[\"https:\/\/thorinox.com\/fr\/equipment\/eviers\/eviers-standards\/evier-triple-24\/\"]}]},{\"@type\":\"ImageObject\",\"inLanguage\":\"fr-FR\",\"@id\":\"https:\/\/thorinox.com\/fr\/equipment\/eviers\/eviers-standards\/evier-triple-24\/#primaryimage\",\"url\":\"https:\/\/thorinox.com\/wp-content\/uploads\/2024\/04\/Thorinox-high-quality-stainless-steel-commercial-kitchen-equipment-stainless-steel-triple-sink-24.png\",\"contentUrl\":\"https:\/\/thorinox.com\/wp-content\/uploads\/2024\/04\/Thorinox-high-quality-stainless-steel-commercial-kitchen-equipment-stainless-steel-triple-sink-24.png\",\"width\":800,\"height\":900,\"caption\":\"Ceci est une image d'un \u00e9vier en acier inoxydable de Thorinox. Thorinox est un \u00e9quipement en acier inoxydable de haute qualit\u00e9 destin\u00e9 aux restaurants et autres types de postes de travail.\"},{\"@type\":\"BreadcrumbList\",\"@id\":\"https:\/\/thorinox.com\/fr\/equipment\/eviers\/eviers-standards\/evier-triple-24\/#breadcrumb\",\"itemListElement\":[{\"@type\":\"ListItem\",\"position\":1,\"name\":\"Home\",\"item\":\"https:\/\/thorinox.com\/fr\/\"},{\"@type\":\"ListItem\",\"position\":2,\"name\":\"Produits\",\"item\":\"https:\/\/thorinox.com\/fr\/shop\/\"},{\"@type\":\"ListItem\",\"position\":3,\"name\":\"\u00c9vier triple 24&Prime;\"}]},{\"@type\":\"WebSite\",\"@id\":\"https:\/\/thorinox.com\/fr\/#website\",\"url\":\"https:\/\/thorinox.com\/fr\/\",\"name\":\"Thorinox\",\"description\":\"High Quality Stainless Steel Equipment\",\"publisher\":{\"@id\":\"https:\/\/thorinox.com\/fr\/#organization\"},\"potentialAction\":[{\"@type\":\"SearchAction\",\"target\":{\"@type\":\"EntryPoint\",\"urlTemplate\":\"https:\/\/thorinox.com\/fr\/?s={search_term_string}\"},\"query-input\":\"required name=search_term_string\"}],\"inLanguage\":\"fr-FR\"},{\"@type\":\"Organization\",\"@id\":\"https:\/\/thorinox.com\/fr\/#organization\",\"name\":\"Thorinox\",\"url\":\"https:\/\/thorinox.com\/fr\/\",\"logo\":{\"@type\":\"ImageObject\",\"inLanguage\":\"fr-FR\",\"@id\":\"https:\/\/thorinox.com\/fr\/#\/schema\/logo\/image\/\",\"url\":\"https:\/\/thorinox.com\/wp-content\/uploads\/2024\/02\/Thorinox-logo-high-quality-stainless-steel-equipment.png\",\"contentUrl\":\"https:\/\/thorinox.com\/wp-content\/uploads\/2024\/02\/Thorinox-logo-high-quality-stainless-steel-equipment.png\",\"width\":546,\"height\":100,\"caption\":\"Thorinox\"},\"image\":{\"@id\":\"https:\/\/thorinox.com\/fr\/#\/schema\/logo\/image\/\"}}]}<\/script>\n<!-- \/ Yoast SEO plugin. -->","yoast_head_json":{"title":"\u00c9vier triple 24\" | \u00c9vier commercial | Thorinox | Montr\u00e9al & Qu\u00e9bec","description":"L'\u00e9vier Triple 24\" de Thorinox est fabriqu\u00e9 en acier inoxydable de haute qualit\u00e9 pour les cuisines commerciales, garantissant une durabilit\u00e9 et une organisation \u00e0 long terme.","robots":{"index":"index","follow":"follow","max-snippet":"max-snippet:-1","max-image-preview":"max-image-preview:large","max-video-preview":"max-video-preview:-1"},"canonical":"https:\/\/thorinox.com\/fr\/equipment\/eviers\/eviers-standards\/evier-triple-24\/","og_locale":"fr_FR","og_type":"article","og_title":"\u00c9vier triple 24\" | \u00c9vier commercial | Thorinox | Montr\u00e9al & Qu\u00e9bec","og_description":"L'\u00e9vier Triple 24\" de Thorinox est fabriqu\u00e9 en acier inoxydable de haute qualit\u00e9 pour les cuisines commerciales, garantissant une durabilit\u00e9 et une organisation \u00e0 long terme.","og_url":"https:\/\/thorinox.com\/fr\/equipment\/eviers\/eviers-standards\/evier-triple-24\/","og_site_name":"Thorinox","og_image":[{"width":800,"height":900,"url":"https:\/\/thorinox.com\/wp-content\/uploads\/2024\/04\/Thorinox-high-quality-stainless-steel-commercial-kitchen-equipment-stainless-steel-triple-sink-24.png","type":"image\/png"}],"twitter_card":"summary_large_image","twitter_misc":{"Dur\u00e9e de lecture estim\u00e9e":"3 minutes"},"schema":{"@context":"https:\/\/schema.org","@graph":[{"@type":"WebPage","@id":"https:\/\/thorinox.com\/fr\/equipment\/eviers\/eviers-standards\/evier-triple-24\/","url":"https:\/\/thorinox.com\/fr\/equipment\/eviers\/eviers-standards\/evier-triple-24\/","name":"\u00c9vier triple 24\" | \u00c9vier commercial | Thorinox | Montr\u00e9al & Qu\u00e9bec","isPartOf":{"@id":"https:\/\/thorinox.com\/fr\/#website"},"primaryImageOfPage":{"@id":"https:\/\/thorinox.com\/fr\/equipment\/eviers\/eviers-standards\/evier-triple-24\/#primaryimage"},"image":{"@id":"https:\/\/thorinox.com\/fr\/equipment\/eviers\/eviers-standards\/evier-triple-24\/#primaryimage"},"thumbnailUrl":"https:\/\/thorinox.com\/wp-content\/uploads\/2024\/04\/Thorinox-high-quality-stainless-steel-commercial-kitchen-equipment-stainless-steel-triple-sink-24.png","datePublished":"2024-04-04T15:14:18+00:00","dateModified":"2024-04-04T15:14:18+00:00","description":"L'\u00e9vier Triple 24\" de Thorinox est fabriqu\u00e9 en acier inoxydable de haute qualit\u00e9 pour les cuisines commerciales, garantissant une durabilit\u00e9 et une organisation \u00e0 long terme.","breadcrumb":{"@id":"https:\/\/thorinox.com\/fr\/equipment\/eviers\/eviers-standards\/evier-triple-24\/#breadcrumb"},"inLanguage":"fr-FR","potentialAction":[{"@type":"ReadAction","target":["https:\/\/thorinox.com\/fr\/equipment\/eviers\/eviers-standards\/evier-triple-24\/"]}]},{"@type":"ImageObject","inLanguage":"fr-FR","@id":"https:\/\/thorinox.com\/fr\/equipment\/eviers\/eviers-standards\/evier-triple-24\/#primaryimage","url":"https:\/\/thorinox.com\/wp-content\/uploads\/2024\/04\/Thorinox-high-quality-stainless-steel-commercial-kitchen-equipment-stainless-steel-triple-sink-24.png","contentUrl":"https:\/\/thorinox.com\/wp-content\/uploads\/2024\/04\/Thorinox-high-quality-stainless-steel-commercial-kitchen-equipment-stainless-steel-triple-sink-24.png","width":800,"height":900,"caption":"Ceci est une image d'un \u00e9vier en acier inoxydable de Thorinox. Thorinox est un \u00e9quipement en acier inoxydable de haute qualit\u00e9 destin\u00e9 aux restaurants et autres types de postes de travail."},{"@type":"BreadcrumbList","@id":"https:\/\/thorinox.com\/fr\/equipment\/eviers\/eviers-standards\/evier-triple-24\/#breadcrumb","itemListElement":[{"@type":"ListItem","position":1,"name":"Home","item":"https:\/\/thorinox.com\/fr\/"},{"@type":"ListItem","position":2,"name":"Produits","item":"https:\/\/thorinox.com\/fr\/shop\/"},{"@type":"ListItem","position":3,"name":"\u00c9vier triple 24&Prime;"}]},{"@type":"WebSite","@id":"https:\/\/thorinox.com\/fr\/#website","url":"https:\/\/thorinox.com\/fr\/","name":"Thorinox","description":"High Quality Stainless Steel Equipment","publisher":{"@id":"https:\/\/thorinox.com\/fr\/#organization"},"potentialAction":[{"@type":"SearchAction","target":{"@type":"EntryPoint","urlTemplate":"https:\/\/thorinox.com\/fr\/?s={search_term_string}"},"query-input":"required name=search_term_string"}],"inLanguage":"fr-FR"},{"@type":"Organization","@id":"https:\/\/thorinox.com\/fr\/#organization","name":"Thorinox","url":"https:\/\/thorinox.com\/fr\/","logo":{"@type":"ImageObject","inLanguage":"fr-FR","@id":"https:\/\/thorinox.com\/fr\/#\/schema\/logo\/image\/","url":"https:\/\/thorinox.com\/wp-content\/uploads\/2024\/02\/Thorinox-logo-high-quality-stainless-steel-equipment.png","contentUrl":"https:\/\/thorinox.com\/wp-content\/uploads\/2024\/02\/Thorinox-logo-high-quality-stainless-steel-equipment.png","width":546,"height":100,"caption":"Thorinox"},"image":{"@id":"https:\/\/thorinox.com\/fr\/#\/schema\/logo\/image\/"}}]}},"_links":{"self":[{"href":"https:\/\/thorinox.com\/fr\/wp-json\/wp\/v2\/product\/10376"}],"collection":[{"href":"https:\/\/thorinox.com\/fr\/wp-json\/wp\/v2\/product"}],"about":[{"href":"https:\/\/thorinox.com\/fr\/wp-json\/wp\/v2\/types\/product"}],"replies":[{"embeddable":true,"href":"https:\/\/thorinox.com\/fr\/wp-json\/wp\/v2\/comments?post=10376"}],"wp:featuredmedia":[{"embeddable":true,"href":"https:\/\/thorinox.com\/fr\/wp-json\/wp\/v2\/media\/8320"}],"wp:attachment":[{"href":"https:\/\/thorinox.com\/fr\/wp-json\/wp\/v2\/media?parent=10376"}],"wp:term":[{"taxonomy":"product_cat","embeddable":true,"href":"https:\/\/thorinox.com\/fr\/wp-json\/wp\/v2\/product_cat?post=10376"},{"taxonomy":"product_tag","embeddable":true,"href":"https:\/\/thorinox.com\/fr\/wp-json\/wp\/v2\/product_tag?post=10376"}],"curies":[{"name":"wp","href":"https:\/\/api.w.org\/{rel}","templated":true}]}}