{"id":10370,"date":"2024-04-04T12:06:47","date_gmt":"2024-04-04T16:06:47","guid":{"rendered":"https:\/\/thorinox.com\/equipment\/non%20class\u00e9\/table-a-vaisselle-sale\/"},"modified":"2024-04-17T12:08:28","modified_gmt":"2024-04-17T16:08:28","slug":"table-a-vaisselle-sale","status":"publish","type":"product","link":"https:\/\/thorinox.com\/fr\/equipment\/eviers\/tables-a-vaisselles\/table-a-vaisselle-sale\/","title":{"rendered":"Table \u00e0 vaisselle sale"},"content":{"rendered":"<h3>D\u00e9couvrez notre Table \u00e0 Vaisselle Sale<\/h3>\n<p>Elles sont minutieusement con\u00e7ues pour rationaliser les processus de lavage de la vaisselle et am\u00e9liorer l&rsquo;efficacit\u00e9 dans les cuisines commerciales, telles que les restaurants et les \u00e9tablissements de restauration. Elles sont fabriqu\u00e9es en gardant \u00e0 l&rsquo;esprit la durabilit\u00e9 et la fonctionnalit\u00e9. Nos tables offrent un espace de travail d\u00e9di\u00e9 pour laver, rincer et d\u00e9sinfecter la vaisselle, les ustensiles et le mat\u00e9riel de cuisine. Elles garantissent des op\u00e9rations sans heurts dans des environnements de cuisine anim\u00e9s.<\/p>\n<h3>Durabilit\u00e9 Exceptionnelle<\/h3>\n<p>Construites en acier inoxydable de haute qualit\u00e9, nos \u00e9quipements offrent une durabilit\u00e9 exceptionnelle et une r\u00e9sistance \u00e0 la corrosion. Ils garantissent des performances durables m\u00eame dans les environnements de cuisine les plus exigeants. Le design \u00e9l\u00e9gant et sans soudure de nos tables non seulement am\u00e9liore l&rsquo;attrait esth\u00e9tique, mais facilite \u00e9galement le nettoyage et l&rsquo;entretien, assurant un fonctionnement hygi\u00e9nique et sanitaire tout au long de la journ\u00e9e.<\/p>\n<h3>Confort et Fiabilit\u00e9 In\u00e9gal\u00e9s<\/h3>\n<p>Exp\u00e9rimentez le confort et la fiabilit\u00e9 in\u00e9gal\u00e9s de nos Tables \u00e0 Vaisselle, minutieusement con\u00e7ues pour r\u00e9pondre aux exigences rigoureuses des op\u00e9rations de cuisine commerciale. Que vous g\u00e9riez un restaurant anim\u00e9, une caf\u00e9t\u00e9ria occup\u00e9e ou un service de restauration \u00e0 volume \u00e9lev\u00e9, nos tables servent de solution ultime pour optimiser les processus de lavage de la vaisselle et maximiser la productivit\u00e9, vous offrant un flux de travail de cuisine fluide et efficace.<\/p>\n<h3>Design Ergonomique<\/h3>\n<p>Avec leurs vastes surfaces de travail et leurs compartiments strat\u00e9giquement plac\u00e9s, nos tables \u00e0 vaisselle sont con\u00e7ues de mani\u00e8re ergonomique pour am\u00e9liorer l&rsquo;efficacit\u00e9 du flux de travail et minimiser la contrainte physique sur le personnel de cuisine. Les unit\u00e9s d&rsquo;\u00e9vier int\u00e9gr\u00e9es sont \u00e9quip\u00e9es de puissantes buses de pulv\u00e9risation et de syst\u00e8mes de drainage efficaces, garantissant un nettoyage minutieux et un s\u00e9chage rapide de la vaisselle et des ustensiles.<\/p>\n<h3>Options Personnalisables<\/h3>\n<p>En plus de leur conception fonctionnelle, nos \u00e9quipements sont \u00e9galement personnalisables pour r\u00e9pondre \u00e0 vos besoins sp\u00e9cifiques. Choisissez parmi une vari\u00e9t\u00e9 de tailles, de configurations et d&rsquo;accessoires pour cr\u00e9er une station de lavage de la vaisselle sur mesure qui s&rsquo;int\u00e8gre parfaitement \u00e0 votre agencement de cuisine et \u00e0 vos besoins op\u00e9rationnels. Que vous ayez besoin d&rsquo;\u00e9tag\u00e8res de stockage suppl\u00e9mentaires, d&rsquo;unit\u00e9s de pulv\u00e9risation pr\u00e9-rin\u00e7age ou de syst\u00e8mes d&rsquo;\u00e9limination des d\u00e9chets, nous avons les options pour am\u00e9liorer la fonctionnalit\u00e9 de votre configuration de table \u00e0 vaisselle.<\/p>\n<h3>Investissez dans l&rsquo;Efficacit\u00e9<\/h3>\n<p>Investissez dans nos Tables \u00e0 Vaisselle d\u00e8s aujourd&rsquo;hui et d\u00e9couvrez la diff\u00e9rence qu&rsquo;elles peuvent apporter dans vos op\u00e9rations de cuisine. Avec leur construction durable, leur conception efficace et leurs fonctionnalit\u00e9s personnalisables, nos tables sont le choix parfait pour toute cuisine commerciale cherchant \u00e0 optimiser les processus de lavage de la vaisselle et \u00e0 am\u00e9liorer la productivit\u00e9 globale.<\/p>\n<h3>Caract\u00e9ristiques de la Table \u00e0 Vaisselle Sale :<\/h3>\n<ul>\n<li>L : va \u00e0 gauche du lave-vaisselle<\/li>\n<li>R : va \u00e0 droite du lave-vaisselle<\/li>\n<li>Pieds en acier inoxydable avec pieds r\u00e9glables<\/li>\n<li>Drain de 3,5&Prime; inclus<\/li>\n<li>Disponible pour robinet mont\u00e9 sur pont ou sur mur<\/li>\n<li>Corbeille \u00e0 vaisselle sale incluse !<\/li>\n<li>Dimensions du bac : 20&Prime; x 20&Prime; x 6&Prime;<\/li>\n<li>Profondeur de 30&Prime; &amp; Hauteur de 36,5&Prime;<\/li>\n<\/ul>\n<h3>Accessoires de la Table \u00e0 Vaisselle Sale :<\/h3>\n<ul>\n<li><a href=\"https:\/\/thorinox.com\/fr\/categorie-produit\/eviers\/accessoires-devier\/panier-a-vaisselle-sale\/\">Panier \u00e0 vaisselle sale<br \/>\n<\/a><\/li>\n<\/ul>\n<h3>Table \u00e0 vaisselle sale pour robinet mont\u00e9 sur pont\u00a0:<\/h3>\n<table>\n<thead>\n<tr>\n<th>Mod\u00e8les<\/th>\n<th>W\u00a0\u00bb<\/th>\n<\/tr>\n<\/thead>\n<tbody>\n<tr>\n<td>TSDT-3030-L<\/td>\n<td style=\"text-align: center;\">30&Prime;<\/td>\n<\/tr>\n<tr>\n<td>TSDT-3030-R<\/td>\n<td style=\"text-align: center;\">30&Prime;<\/td>\n<\/tr>\n<tr>\n<td>TSDT-3036-L<\/td>\n<td style=\"text-align: center;\">36&Prime;<\/td>\n<\/tr>\n<tr>\n<td>TSDT-3036-R<\/td>\n<td style=\"text-align: center;\">36&Prime;<\/td>\n<\/tr>\n<tr>\n<td>TSDT-3048-L<\/td>\n<td style=\"text-align: center;\">48&Prime;<\/td>\n<\/tr>\n<tr>\n<td>TSDT-3048-R<\/td>\n<td style=\"text-align: center;\">48&Prime;<\/td>\n<\/tr>\n<tr>\n<td>TSDT-3060-L<\/td>\n<td style=\"text-align: center;\">60&Prime;<\/td>\n<\/tr>\n<tr>\n<td>TSDT-3060-R<\/td>\n<td style=\"text-align: center;\">60<\/td>\n<\/tr>\n<tr>\n<td>TSDT-3072-L<\/td>\n<td style=\"text-align: center;\">72&Prime;<\/td>\n<\/tr>\n<tr>\n<td>TSDT-3072-R<\/td>\n<td style=\"text-align: center;\">72&Prime;<\/td>\n<\/tr>\n<\/tbody>\n<\/table>\n<p><small>**La hauteur exclut le dosseret de 6,5&Prime;<\/small><\/p>\n<h3>Table \u00e0 vaisselle sale pour robinet mural\u00a0:<\/h3>\n<table>\n<thead>\n<tr>\n<th>Mod\u00e8les<\/th>\n<th>W\u00a0\u00bb<\/th>\n<\/tr>\n<\/thead>\n<tbody>\n<tr>\n<td>TSDT-3030-LWM<\/td>\n<td style=\"text-align: center;\">30&Prime;<\/td>\n<\/tr>\n<tr>\n<td>TSDT-3030-RWM<\/td>\n<td style=\"text-align: center;\">30&Prime;<\/td>\n<\/tr>\n<tr>\n<td>TSDT-3036-LWM<\/td>\n<td style=\"text-align: center;\">36&Prime;<\/td>\n<\/tr>\n<tr>\n<td>TSDT-3036-RWM<\/td>\n<td style=\"text-align: center;\">36&Prime;<\/td>\n<\/tr>\n<tr>\n<td>TSDT-3048-LWM<\/td>\n<td style=\"text-align: center;\">48&Prime;<\/td>\n<\/tr>\n<tr>\n<td>TSDT-3048-RWM<\/td>\n<td style=\"text-align: center;\">48&Prime;<\/td>\n<\/tr>\n<tr>\n<td>TSDT-3060-LWM<\/td>\n<td style=\"text-align: center;\">60&Prime;<\/td>\n<\/tr>\n<tr>\n<td>TSDT-3060-RWM<\/td>\n<td style=\"text-align: center;\">60<\/td>\n<\/tr>\n<tr>\n<td>TSDT-3072-LWM<\/td>\n<td style=\"text-align: center;\">72&Prime;<\/td>\n<\/tr>\n<tr>\n<td>TSDT-3072-RWM<\/td>\n<td style=\"text-align: center;\">72&Prime;<\/td>\n<\/tr>\n<\/tbody>\n<\/table>\n<p><small>**La hauteur exclut le dosseret de 6,5&Prime;<\/small><\/p>\n","protected":false},"excerpt":{"rendered":"<p>La table \u00e0 vaisselle sale Thorinox est fabriqu\u00e9e en acier inoxydable de haute qualit\u00e9, garantissant une durabilit\u00e9 \u00e0 long terme. Ils offrent des solutions de travail et d&rsquo;organisation efficaces pour les cuisines commerciales, les \u00e9tablissements de restauration, les environnements commerciaux et industriels.<\/p>\n<ul>\n<li>L : va \u00e0 gauche du lave-vaisselle<\/li>\n<li>R : va \u00e0 droite du lave-vaisselle<\/li>\n<li>Pieds en acier inoxydable avec pieds r\u00e9glables<\/li>\n<li>Drain de 3,5&Prime; inclus<\/li>\n<li>Disponible pour robinet mont\u00e9 sur pont ou sur mur<\/li>\n<li>Corbeille \u00e0 vaisselle sale incluse !<\/li>\n<li>Dimensions du bac : 20&Prime; x 20&Prime; x 6&Prime;<\/li>\n<li>Profondeur de 30&Prime; &amp; Hauteur de 36,5&Prime;<\/li>\n<\/ul>\n<h3>Accessoire optionnel :<\/h3>\n<ul>\n<li><a href=\"https:\/\/thorinox.com\/fr\/categorie-produit\/eviers\/accessoires-devier\/panier-a-vaisselle-sale\/\">Panier \u00e0 vaisselle sale<\/a><\/li>\n<\/ul>\n<h3>Table \u00e0 vaisselle sale pour robinet mont\u00e9 sur pont\u00a0:<\/h3>\n<table>\n<thead>\n<tr>\n<th>Mod\u00e8les<\/th>\n<th>W&quot;<\/th>\n<\/tr>\n<\/thead>\n<tbody>\n<tr>\n<td>TSDT-3030-L<\/td>\n<td style=\"text-align: center;\">30&Prime;<\/td>\n<\/tr>\n<tr>\n<td>TSDT-3030-R<\/td>\n<td style=\"text-align: center;\">30&Prime;<\/td>\n<\/tr>\n<tr>\n<td>TSDT-3036-L<\/td>\n<td style=\"text-align: center;\">36&Prime;<\/td>\n<\/tr>\n<tr>\n<td>TSDT-3036-R<\/td>\n<td style=\"text-align: center;\">36&Prime;<\/td>\n<\/tr>\n<tr>\n<td>TSDT-3048-L<\/td>\n<td style=\"text-align: center;\">48&Prime;<\/td>\n<\/tr>\n<tr>\n<td>TSDT-3048-R<\/td>\n<td style=\"text-align: center;\">48&Prime;<\/td>\n<\/tr>\n<tr>\n<td>TSDT-3060-L<\/td>\n<td style=\"text-align: center;\">60&Prime;<\/td>\n<\/tr>\n<tr>\n<td>TSDT-3060-R<\/td>\n<td style=\"text-align: center;\">60<\/td>\n<\/tr>\n<tr>\n<td>TSDT-3072-L<\/td>\n<td style=\"text-align: center;\">72&Prime;<\/td>\n<\/tr>\n<tr>\n<td>TSDT-3072-R<\/td>\n<td style=\"text-align: center;\">72&Prime;<\/td>\n<\/tr>\n<\/tbody>\n<\/table>\n<p><small>**La hauteur exclut le dosseret de 6,5&Prime;<\/small><\/p>\n<h3>Table \u00e0 vaisselle sale pour robinet mural\u00a0:<\/h3>\n<table>\n<thead>\n<tr>\n<th>Mod\u00e8les<\/th>\n<th>W&quot;<\/th>\n<\/tr>\n<\/thead>\n<tbody>\n<tr>\n<td>TSDT-3030-LWM<\/td>\n<td style=\"text-align: center;\">30&Prime;<\/td>\n<\/tr>\n<tr>\n<td>TSDT-3030-RWM<\/td>\n<td style=\"text-align: center;\">30&Prime;<\/td>\n<\/tr>\n<tr>\n<td>TSDT-3036-LWM<\/td>\n<td style=\"text-align: center;\">36&Prime;<\/td>\n<\/tr>\n<tr>\n<td>TSDT-3036-RWM<\/td>\n<td style=\"text-align: center;\">36&Prime;<\/td>\n<\/tr>\n<tr>\n<td>TSDT-3048-LWM<\/td>\n<td style=\"text-align: center;\">48&Prime;<\/td>\n<\/tr>\n<tr>\n<td>TSDT-3048-RWM<\/td>\n<td style=\"text-align: center;\">48&Prime;<\/td>\n<\/tr>\n<tr>\n<td>TSDT-3060-LWM<\/td>\n<td style=\"text-align: center;\">60&Prime;<\/td>\n<\/tr>\n<tr>\n<td>TSDT-3060-RWM<\/td>\n<td style=\"text-align: center;\">60<\/td>\n<\/tr>\n<tr>\n<td>TSDT-3072-LWM<\/td>\n<td style=\"text-align: center;\">72&Prime;<\/td>\n<\/tr>\n<tr>\n<td>TSDT-3072-RWM<\/td>\n<td style=\"text-align: center;\">72&Prime;<\/td>\n<\/tr>\n<\/tbody>\n<\/table>\n<p><small>**La hauteur exclut le dosseret de 6,5&Prime;<\/small><\/p>\n","protected":false},"featured_media":8337,"comment_status":"open","ping_status":"closed","template":"","meta":[],"product_cat":[253,254],"product_tag":[],"yoast_head":"<!-- This site is optimized with the Yoast SEO plugin v23.3 - https:\/\/yoast.com\/wordpress\/plugins\/seo\/ -->\n<title>Table \u00e0 vaisselle sale | Cuisine commerciale | Thorinox | Toronto, BC, Montreal, Quebec<\/title>\n<meta name=\"description\" content=\"La table \u00e0 vaisselle sale Thorinox est fabriqu\u00e9e en acier inoxydable de haute qualit\u00e9 pour la cuisine commerciale, garantissant une durabilit\u00e9 et une organisation durables.\" \/>\n<meta name=\"robots\" content=\"index, follow, max-snippet:-1, max-image-preview:large, max-video-preview:-1\" \/>\n<link rel=\"canonical\" href=\"https:\/\/thorinox.com\/fr\/equipment\/eviers\/tables-a-vaisselles\/table-a-vaisselle-sale\/\" \/>\n<meta property=\"og:locale\" content=\"fr_FR\" \/>\n<meta property=\"og:type\" content=\"article\" \/>\n<meta property=\"og:title\" content=\"Table \u00e0 vaisselle sale | Cuisine commerciale | Thorinox | Toronto, BC, Montreal, Quebec\" \/>\n<meta property=\"og:description\" content=\"La table \u00e0 vaisselle sale Thorinox est fabriqu\u00e9e en acier inoxydable de haute qualit\u00e9 pour la cuisine commerciale, garantissant une durabilit\u00e9 et une organisation durables.\" \/>\n<meta property=\"og:url\" content=\"https:\/\/thorinox.com\/fr\/equipment\/eviers\/tables-a-vaisselles\/table-a-vaisselle-sale\/\" \/>\n<meta property=\"og:site_name\" content=\"Thorinox\" \/>\n<meta property=\"article:modified_time\" content=\"2024-04-17T16:08:28+00:00\" \/>\n<meta property=\"og:image\" content=\"https:\/\/thorinox.com\/wp-content\/uploads\/2024\/04\/Thorinox-high-quality-stainless-steel-commercial-kitchen-equipment-stainless-steel-dish-table-soiled-dish-table-2.png\" \/>\n\t<meta property=\"og:image:width\" content=\"800\" \/>\n\t<meta property=\"og:image:height\" content=\"900\" \/>\n\t<meta property=\"og:image:type\" content=\"image\/png\" \/>\n<meta name=\"twitter:card\" content=\"summary_large_image\" \/>\n<meta name=\"twitter:label1\" content=\"Dur\u00e9e de lecture estim\u00e9e\" \/>\n\t<meta name=\"twitter:data1\" content=\"3 minutes\" \/>\n<script type=\"application\/ld+json\" class=\"yoast-schema-graph\">{\"@context\":\"https:\/\/schema.org\",\"@graph\":[{\"@type\":\"WebPage\",\"@id\":\"https:\/\/thorinox.com\/fr\/equipment\/eviers\/tables-a-vaisselles\/table-a-vaisselle-sale\/\",\"url\":\"https:\/\/thorinox.com\/fr\/equipment\/eviers\/tables-a-vaisselles\/table-a-vaisselle-sale\/\",\"name\":\"Table \u00e0 vaisselle sale | Cuisine commerciale | Thorinox | Toronto, BC, Montreal, Quebec\",\"isPartOf\":{\"@id\":\"https:\/\/thorinox.com\/fr\/#website\"},\"primaryImageOfPage\":{\"@id\":\"https:\/\/thorinox.com\/fr\/equipment\/eviers\/tables-a-vaisselles\/table-a-vaisselle-sale\/#primaryimage\"},\"image\":{\"@id\":\"https:\/\/thorinox.com\/fr\/equipment\/eviers\/tables-a-vaisselles\/table-a-vaisselle-sale\/#primaryimage\"},\"thumbnailUrl\":\"https:\/\/thorinox.com\/wp-content\/uploads\/2024\/04\/Thorinox-high-quality-stainless-steel-commercial-kitchen-equipment-stainless-steel-dish-table-soiled-dish-table-2.png\",\"datePublished\":\"2024-04-04T16:06:47+00:00\",\"dateModified\":\"2024-04-17T16:08:28+00:00\",\"description\":\"La table \u00e0 vaisselle sale Thorinox est fabriqu\u00e9e en acier inoxydable de haute qualit\u00e9 pour la cuisine commerciale, garantissant une durabilit\u00e9 et une organisation durables.\",\"breadcrumb\":{\"@id\":\"https:\/\/thorinox.com\/fr\/equipment\/eviers\/tables-a-vaisselles\/table-a-vaisselle-sale\/#breadcrumb\"},\"inLanguage\":\"fr-FR\",\"potentialAction\":[{\"@type\":\"ReadAction\",\"target\":[\"https:\/\/thorinox.com\/fr\/equipment\/eviers\/tables-a-vaisselles\/table-a-vaisselle-sale\/\"]}]},{\"@type\":\"ImageObject\",\"inLanguage\":\"fr-FR\",\"@id\":\"https:\/\/thorinox.com\/fr\/equipment\/eviers\/tables-a-vaisselles\/table-a-vaisselle-sale\/#primaryimage\",\"url\":\"https:\/\/thorinox.com\/wp-content\/uploads\/2024\/04\/Thorinox-high-quality-stainless-steel-commercial-kitchen-equipment-stainless-steel-dish-table-soiled-dish-table-2.png\",\"contentUrl\":\"https:\/\/thorinox.com\/wp-content\/uploads\/2024\/04\/Thorinox-high-quality-stainless-steel-commercial-kitchen-equipment-stainless-steel-dish-table-soiled-dish-table-2.png\",\"width\":800,\"height\":900,\"caption\":\"Il s'agit d'une image d'une table \u00e0 vaisselle propre en acier inoxydable de Thorinox. Thorinox est un \u00e9quipement en acier inoxydable de haute qualit\u00e9 destin\u00e9 aux restaurants et autres types de postes de travail.\"},{\"@type\":\"BreadcrumbList\",\"@id\":\"https:\/\/thorinox.com\/fr\/equipment\/eviers\/tables-a-vaisselles\/table-a-vaisselle-sale\/#breadcrumb\",\"itemListElement\":[{\"@type\":\"ListItem\",\"position\":1,\"name\":\"Home\",\"item\":\"https:\/\/thorinox.com\/fr\/\"},{\"@type\":\"ListItem\",\"position\":2,\"name\":\"Produits\",\"item\":\"https:\/\/thorinox.com\/fr\/shop\/\"},{\"@type\":\"ListItem\",\"position\":3,\"name\":\"Table \u00e0 vaisselle sale\"}]},{\"@type\":\"WebSite\",\"@id\":\"https:\/\/thorinox.com\/fr\/#website\",\"url\":\"https:\/\/thorinox.com\/fr\/\",\"name\":\"Thorinox\",\"description\":\"High Quality Stainless Steel Equipment\",\"publisher\":{\"@id\":\"https:\/\/thorinox.com\/fr\/#organization\"},\"potentialAction\":[{\"@type\":\"SearchAction\",\"target\":{\"@type\":\"EntryPoint\",\"urlTemplate\":\"https:\/\/thorinox.com\/fr\/?s={search_term_string}\"},\"query-input\":\"required name=search_term_string\"}],\"inLanguage\":\"fr-FR\"},{\"@type\":\"Organization\",\"@id\":\"https:\/\/thorinox.com\/fr\/#organization\",\"name\":\"Thorinox\",\"url\":\"https:\/\/thorinox.com\/fr\/\",\"logo\":{\"@type\":\"ImageObject\",\"inLanguage\":\"fr-FR\",\"@id\":\"https:\/\/thorinox.com\/fr\/#\/schema\/logo\/image\/\",\"url\":\"https:\/\/thorinox.com\/wp-content\/uploads\/2024\/02\/Thorinox-logo-high-quality-stainless-steel-equipment.png\",\"contentUrl\":\"https:\/\/thorinox.com\/wp-content\/uploads\/2024\/02\/Thorinox-logo-high-quality-stainless-steel-equipment.png\",\"width\":546,\"height\":100,\"caption\":\"Thorinox\"},\"image\":{\"@id\":\"https:\/\/thorinox.com\/fr\/#\/schema\/logo\/image\/\"}}]}<\/script>\n<!-- \/ Yoast SEO plugin. -->","yoast_head_json":{"title":"Table \u00e0 vaisselle sale | Cuisine commerciale | Thorinox | Toronto, BC, Montreal, Quebec","description":"La table \u00e0 vaisselle sale Thorinox est fabriqu\u00e9e en acier inoxydable de haute qualit\u00e9 pour la cuisine commerciale, garantissant une durabilit\u00e9 et une organisation durables.","robots":{"index":"index","follow":"follow","max-snippet":"max-snippet:-1","max-image-preview":"max-image-preview:large","max-video-preview":"max-video-preview:-1"},"canonical":"https:\/\/thorinox.com\/fr\/equipment\/eviers\/tables-a-vaisselles\/table-a-vaisselle-sale\/","og_locale":"fr_FR","og_type":"article","og_title":"Table \u00e0 vaisselle sale | Cuisine commerciale | Thorinox | Toronto, BC, Montreal, Quebec","og_description":"La table \u00e0 vaisselle sale Thorinox est fabriqu\u00e9e en acier inoxydable de haute qualit\u00e9 pour la cuisine commerciale, garantissant une durabilit\u00e9 et une organisation durables.","og_url":"https:\/\/thorinox.com\/fr\/equipment\/eviers\/tables-a-vaisselles\/table-a-vaisselle-sale\/","og_site_name":"Thorinox","article_modified_time":"2024-04-17T16:08:28+00:00","og_image":[{"width":800,"height":900,"url":"https:\/\/thorinox.com\/wp-content\/uploads\/2024\/04\/Thorinox-high-quality-stainless-steel-commercial-kitchen-equipment-stainless-steel-dish-table-soiled-dish-table-2.png","type":"image\/png"}],"twitter_card":"summary_large_image","twitter_misc":{"Dur\u00e9e de lecture estim\u00e9e":"3 minutes"},"schema":{"@context":"https:\/\/schema.org","@graph":[{"@type":"WebPage","@id":"https:\/\/thorinox.com\/fr\/equipment\/eviers\/tables-a-vaisselles\/table-a-vaisselle-sale\/","url":"https:\/\/thorinox.com\/fr\/equipment\/eviers\/tables-a-vaisselles\/table-a-vaisselle-sale\/","name":"Table \u00e0 vaisselle sale | Cuisine commerciale | Thorinox | Toronto, BC, Montreal, Quebec","isPartOf":{"@id":"https:\/\/thorinox.com\/fr\/#website"},"primaryImageOfPage":{"@id":"https:\/\/thorinox.com\/fr\/equipment\/eviers\/tables-a-vaisselles\/table-a-vaisselle-sale\/#primaryimage"},"image":{"@id":"https:\/\/thorinox.com\/fr\/equipment\/eviers\/tables-a-vaisselles\/table-a-vaisselle-sale\/#primaryimage"},"thumbnailUrl":"https:\/\/thorinox.com\/wp-content\/uploads\/2024\/04\/Thorinox-high-quality-stainless-steel-commercial-kitchen-equipment-stainless-steel-dish-table-soiled-dish-table-2.png","datePublished":"2024-04-04T16:06:47+00:00","dateModified":"2024-04-17T16:08:28+00:00","description":"La table \u00e0 vaisselle sale Thorinox est fabriqu\u00e9e en acier inoxydable de haute qualit\u00e9 pour la cuisine commerciale, garantissant une durabilit\u00e9 et une organisation durables.","breadcrumb":{"@id":"https:\/\/thorinox.com\/fr\/equipment\/eviers\/tables-a-vaisselles\/table-a-vaisselle-sale\/#breadcrumb"},"inLanguage":"fr-FR","potentialAction":[{"@type":"ReadAction","target":["https:\/\/thorinox.com\/fr\/equipment\/eviers\/tables-a-vaisselles\/table-a-vaisselle-sale\/"]}]},{"@type":"ImageObject","inLanguage":"fr-FR","@id":"https:\/\/thorinox.com\/fr\/equipment\/eviers\/tables-a-vaisselles\/table-a-vaisselle-sale\/#primaryimage","url":"https:\/\/thorinox.com\/wp-content\/uploads\/2024\/04\/Thorinox-high-quality-stainless-steel-commercial-kitchen-equipment-stainless-steel-dish-table-soiled-dish-table-2.png","contentUrl":"https:\/\/thorinox.com\/wp-content\/uploads\/2024\/04\/Thorinox-high-quality-stainless-steel-commercial-kitchen-equipment-stainless-steel-dish-table-soiled-dish-table-2.png","width":800,"height":900,"caption":"Il s'agit d'une image d'une table \u00e0 vaisselle propre en acier inoxydable de Thorinox. Thorinox est un \u00e9quipement en acier inoxydable de haute qualit\u00e9 destin\u00e9 aux restaurants et autres types de postes de travail."},{"@type":"BreadcrumbList","@id":"https:\/\/thorinox.com\/fr\/equipment\/eviers\/tables-a-vaisselles\/table-a-vaisselle-sale\/#breadcrumb","itemListElement":[{"@type":"ListItem","position":1,"name":"Home","item":"https:\/\/thorinox.com\/fr\/"},{"@type":"ListItem","position":2,"name":"Produits","item":"https:\/\/thorinox.com\/fr\/shop\/"},{"@type":"ListItem","position":3,"name":"Table \u00e0 vaisselle sale"}]},{"@type":"WebSite","@id":"https:\/\/thorinox.com\/fr\/#website","url":"https:\/\/thorinox.com\/fr\/","name":"Thorinox","description":"High Quality Stainless Steel Equipment","publisher":{"@id":"https:\/\/thorinox.com\/fr\/#organization"},"potentialAction":[{"@type":"SearchAction","target":{"@type":"EntryPoint","urlTemplate":"https:\/\/thorinox.com\/fr\/?s={search_term_string}"},"query-input":"required name=search_term_string"}],"inLanguage":"fr-FR"},{"@type":"Organization","@id":"https:\/\/thorinox.com\/fr\/#organization","name":"Thorinox","url":"https:\/\/thorinox.com\/fr\/","logo":{"@type":"ImageObject","inLanguage":"fr-FR","@id":"https:\/\/thorinox.com\/fr\/#\/schema\/logo\/image\/","url":"https:\/\/thorinox.com\/wp-content\/uploads\/2024\/02\/Thorinox-logo-high-quality-stainless-steel-equipment.png","contentUrl":"https:\/\/thorinox.com\/wp-content\/uploads\/2024\/02\/Thorinox-logo-high-quality-stainless-steel-equipment.png","width":546,"height":100,"caption":"Thorinox"},"image":{"@id":"https:\/\/thorinox.com\/fr\/#\/schema\/logo\/image\/"}}]}},"_links":{"self":[{"href":"https:\/\/thorinox.com\/fr\/wp-json\/wp\/v2\/product\/10370"}],"collection":[{"href":"https:\/\/thorinox.com\/fr\/wp-json\/wp\/v2\/product"}],"about":[{"href":"https:\/\/thorinox.com\/fr\/wp-json\/wp\/v2\/types\/product"}],"replies":[{"embeddable":true,"href":"https:\/\/thorinox.com\/fr\/wp-json\/wp\/v2\/comments?post=10370"}],"wp:featuredmedia":[{"embeddable":true,"href":"https:\/\/thorinox.com\/fr\/wp-json\/wp\/v2\/media\/8337"}],"wp:attachment":[{"href":"https:\/\/thorinox.com\/fr\/wp-json\/wp\/v2\/media?parent=10370"}],"wp:term":[{"taxonomy":"product_cat","embeddable":true,"href":"https:\/\/thorinox.com\/fr\/wp-json\/wp\/v2\/product_cat?post=10370"},{"taxonomy":"product_tag","embeddable":true,"href":"https:\/\/thorinox.com\/fr\/wp-json\/wp\/v2\/product_tag?post=10370"}],"curies":[{"name":"wp","href":"https:\/\/api.w.org\/{rel}","templated":true}]}}