{"id":10367,"date":"2024-03-29T11:50:56","date_gmt":"2024-03-29T15:50:56","guid":{"rendered":"https:\/\/thorinox.com\/equipment\/non class\u00e9\/cabinet-murale-ferme\/"},"modified":"2024-03-29T11:50:56","modified_gmt":"2024-03-29T15:50:56","slug":"cabinet-murale-ferme","status":"publish","type":"product","link":"https:\/\/thorinox.com\/fr\/equipment\/cabinets\/cabinets-murales-en-acier-inoxydable\/cabinet-murale-ferme\/","title":{"rendered":"Cabinet murale ferm\u00e9"},"content":{"rendered":"<p>D\u00e9couvrez la polyvalence et la fonctionnalit\u00e9 de notre\u00a0 cabinet murale ferm\u00e9 Thorinox. Nous pr\u00e9sentons une gamme compl\u00e8te de solutions de stockage m\u00e9ticuleusement adapt\u00e9es pour r\u00e9pondre \u00e0 divers besoins dans les environnements commerciaux.<\/p>\n<h3><strong>Optimisation de l&rsquo;Espace<\/strong><\/h3>\n<p>Au c\u0153ur de notre cat\u00e9gorie se trouve le cabinet murale ferm\u00e9e en Acier Inoxydable. Elles sont con\u00e7ues avec minutie pour fournir non seulement du rangement. De plus, elles sont aussi une combinaison harmonieuse de commodit\u00e9 et d&rsquo;optimisation de l&rsquo;espace. Fabriqu\u00e9es en acier inoxydable de haute qualit\u00e9, ces cabinets incarnent la durabilit\u00e9 et la fiabilit\u00e9, de plus, d\u00e9gageant une esth\u00e9tique \u00e9l\u00e9gante qui ajoute une touche de sophistication \u00e0 tout environnement. Que ce soit dans une cuisine anim\u00e9e, un atelier dynamique, ou tout espace o\u00f9 le stockage efficace est primordial, nos cabinets sont pr\u00eats \u00e0 r\u00e9pondre et \u00e0 d\u00e9passer vos attentes.<\/p>\n<p>L&rsquo;une des caract\u00e9ristiques remarquables de nos cabinets est leur capacit\u00e9 \u00e0 optimiser l&rsquo;espace de stockage tout en maximisant l&rsquo;utilisation de l&rsquo;espace vertical. En montant strat\u00e9giquement ces cabinets sur vos murs, vous pouvez tirer le meilleur parti de l&rsquo;espace limit\u00e9, garantissant que chaque centim\u00e8tre compte. Cela en fait non seulement des solutions de stockage, mais aussi des merveilles d&rsquo;\u00e9conomie d&rsquo;espace qui contribuent \u00e0 un environnement sans encombrement et organis\u00e9.<\/p>\n<h3><strong>Polyvalence<\/strong><\/h3>\n<p>En plus de leur praticit\u00e9, nos cabinets de rangement ferm\u00e9s et Ouvertes offrent un niveau de polyvalence qui r\u00e9pond \u00e0 une myriade de besoins de stockage. \u00c9quip\u00e9es d&rsquo;\u00e9tag\u00e8res r\u00e9glables, ces cabinets peuvent facilement accueillir des objets de diff\u00e9rentes tailles, que ce soient des plats, des appareils \u00e9lectrom\u00e9nagers ou d&rsquo;autres \u00e9l\u00e9ments essentiels. Cette adaptabilit\u00e9 garantit que vous pouvez personnaliser votre configuration de stockage selon vos besoins sp\u00e9cifiques, ce qui fait de nos cabinets une solution polyvalente pour une large gamme d&rsquo;applications.<\/p>\n<h3><strong>Esth\u00e9tique en T\u00eate<\/strong><\/h3>\n<p>De plus, au-del\u00e0 de leurs aspects fonctionnels, nos cabinets sont con\u00e7ues en tenant compte de l&rsquo;esth\u00e9tique. Le design \u00e9l\u00e9gant et moderne de nos cabinets Murales Ouverts en Acier Inoxydable ajoute une touche d&rsquo;\u00e9l\u00e9gance \u00e0 tout espace, rehaussant son ambiance globale. Que vous \u00e9quipiez une cuisine professionnelle, un atelier ou un \u00e9tablissement commercial, nos armoires fournissent non seulement des solutions de stockage pratiques, mais contribuent \u00e9galement \u00e0 l&rsquo;attrait visuel de l&rsquo;environnement.<\/p>\n<p>En r\u00e9sum\u00e9, nos cabinets Murales Ferm\u00e9s Thorinox offrent plus que de simples solutions de stockage &#8211; elles offrent une addition polyvalente, fonctionnelle et esth\u00e9tiquement plaisante \u00e0 tout environnement commercial. Avec leur construction durable, leur design d&rsquo;\u00e9conomie d&rsquo;espace et leurs options de stockage personnalisables, nos armoires sont pr\u00eates \u00e0 am\u00e9liorer l&rsquo;efficacit\u00e9, l&rsquo;organisation et le style de votre espace. D\u00e9couvrez la diff\u00e9rence que nos armoires peuvent apporter et lib\u00e9rez tout le potentiel de vos besoins en mati\u00e8re de stockage d\u00e8s aujourd&rsquo;hui.<\/p>\n<h3><strong>Caract\u00e9ristiques :<\/strong><\/h3>\n<ul>\n<li>Fabriqu\u00e9es avec de l&rsquo;acier inoxydable 22 calibres, 430<\/li>\n<li>Livr\u00e9es en pi\u00e8ces d\u00e9tach\u00e9es<\/li>\n<li>\u00c9tag\u00e8re interm\u00e9diaire en acier inoxydable r\u00e9glable<\/li>\n<li>Serrure incluse<\/li>\n<\/ul>\n<h3>Mod\u00e8les :<\/h3>\n<ul>\n<li><a href=\"https:\/\/thorinox.com\/equipment\/cabinets\/stainless-steel-wall-cabinets\/open-wall-cabinet\/\">Armoires Murales Ouvertes<\/a><\/li>\n<li>Armoires Murales Ferm\u00e9es<\/li>\n<\/ul>\n<p>D\u00e9couvrez la commodit\u00e9 et la durabilit\u00e9 de nos cabinets, m\u00e9ticuleusement con\u00e7us pour r\u00e9pondre \u00e0 vos besoins en mati\u00e8re de stockage et am\u00e9liorer l&rsquo;efficacit\u00e9 de votre espace. Que vous \u00e9quipiez une cuisine commerciale, un garage ou un atelier, nos armoires offrent des solutions de stockage pratiques adapt\u00e9es \u00e0 vos besoins.<\/p>\n","protected":false},"excerpt":{"rendered":"<p>Le cabinet murale ferm\u00e9 Thorinox est fabriqu\u00e9 en acier inoxydable de haute qualit\u00e9 pour les postes de travail, garantissant des performances et une organisation durables dans les environnements commerciaux, comme les restaurants, les food trucks et autres cuisines commerciales.<\/p>\n<h3><strong>Caract\u00e9ristiques standards :<\/strong><\/h3>\n<ul>\n<li>Fabriqu\u00e9 en acier inoxydable 430 de calibre 22<\/li>\n<li>Livr\u00e9 d\u00e9mont\u00e9<\/li>\n<li>Tablette centrale r\u00e9glable en acier inoxydable<\/li>\n<li>Support de verrouillage<\/li>\n<\/ul>\n<h3>12&Prime; de profondeur et 24&Prime; de hauteur\u00a0:<\/h3>\n<table>\n<thead>\n<tr>\n<th style=\"text-align: left;\"><img decoding=\"async\" class=\"link-icon\" src=\"https:\/\/thorinox.com\/wp-content\/uploads\/2024\/04\/thorinox-link-icon-spec.png\" alt=\"link icon for specs\" width=\"14px\" height=\"14px\" \/>Mod\u00e8les<\/th>\n<th>W\u00a0\u00bb<\/th>\n<\/tr>\n<\/thead>\n<tbody>\n<tr>\n<td><a href=\"https:\/\/thorinox.com\/wp-content\/uploads\/2024\/04\/TWCA-1224-SS_FR.pdf\" target=\"_blank rel=\" rel=\"noopener\">TWCA-1224-SS<\/a><\/td>\n<td>24&Prime;<\/td>\n<\/tr>\n<tr>\n<td><a href=\"https:\/\/thorinox.com\/wp-content\/uploads\/2024\/04\/TWCA-1236-SS_FR.pdf\" target=\"_blank rel=\" rel=\"noopener\">TWCA-1236-SS<\/a><\/td>\n<td>36&Prime;<\/td>\n<\/tr>\n<tr>\n<td><a href=\"https:\/\/thorinox.com\/wp-content\/uploads\/2024\/04\/TWCA-1248-SS_FR.pdf\" target=\"_blank rel=\" rel=\"noopener\">TWCA-1248-SS<\/a><\/td>\n<td>48&Prime;<\/td>\n<\/tr>\n<tr>\n<td><a href=\"https:\/\/thorinox.com\/wp-content\/uploads\/2024\/04\/TWCA-1260-SS_FR.pdf\" rel=\"noopener\">TWCA-1260-SS<\/a><\/td>\n<td>60&Prime;<\/td>\n<\/tr>\n<\/tbody>\n<\/table>\n<h3>14&Prime; de profondeur et 24&Prime; de hauteur\u00a0:<\/h3>\n<table>\n<thead>\n<tr>\n<th style=\"text-align: left;\"><img decoding=\"async\" class=\"link-icon\" src=\"https:\/\/thorinox.com\/wp-content\/uploads\/2024\/04\/thorinox-link-icon-spec.png\" alt=\"link icon for specs\" width=\"14px\" height=\"14px\" \/>Mod\u00e8les<\/th>\n<th>W\u00a0\u00bb<\/th>\n<\/tr>\n<\/thead>\n<tbody>\n<tr>\n<td><a href=\"https:\/\/thorinox.com\/wp-content\/uploads\/2024\/04\/TWCA-1424-SS_FR.pdf\" target=\"_blank rel=\" rel=\"noopener\">TWCA-1424-SS<\/a><\/td>\n<td>24&Prime;<\/td>\n<\/tr>\n<tr>\n<td><a href=\"https:\/\/thorinox.com\/wp-content\/uploads\/2024\/04\/TWCA-1436-SS_FR.pdf\" target=\"_blank rel=\" rel=\"noopener\">TWCA-1436-SS<\/a><\/td>\n<td>36&Prime;<\/td>\n<\/tr>\n<tr>\n<td><a href=\"https:\/\/thorinox.com\/wp-content\/uploads\/2024\/04\/TWCA-1448-SS_FR.pdf\" target=\"_blank rel=\" rel=\"noopener\">TWCA-1448-SS<\/a><\/td>\n<td>48&Prime;<\/td>\n<\/tr>\n<tr>\n<td><a href=\"https:\/\/thorinox.com\/wp-content\/uploads\/2024\/04\/TWCA-1460-SS_FR.pdf\" target=\"_blank rel=\" rel=\"noopener\">TWCA-1460-SS<\/a><\/td>\n<td>60&Prime;<\/td>\n<\/tr>\n<\/tbody>\n<\/table>\n","protected":false},"featured_media":7310,"comment_status":"open","ping_status":"closed","template":"","meta":[],"product_cat":[234,237],"product_tag":[],"yoast_head":"<!-- This site is optimized with the Yoast SEO plugin v23.3 - https:\/\/yoast.com\/wordpress\/plugins\/seo\/ -->\n<title>Cabinet murale ferm\u00e9 | \u00c9quipement de restaurant | Thorinox<\/title>\n<meta name=\"description\" content=\"Le cabinet murale ferm\u00e9 Thorinox est fabriqu\u00e9 en acier inoxydable de haute qualit\u00e9, fait pour le rangement dans les postes de travail dans les \u00e9tablissements commerciaux et industriels.\" \/>\n<meta name=\"robots\" content=\"index, follow, max-snippet:-1, max-image-preview:large, max-video-preview:-1\" \/>\n<link rel=\"canonical\" href=\"https:\/\/thorinox.com\/fr\/equipment\/cabinets\/cabinets-murales-en-acier-inoxydable\/cabinet-murale-ferme\/\" \/>\n<meta property=\"og:locale\" content=\"fr_FR\" \/>\n<meta property=\"og:type\" content=\"article\" \/>\n<meta property=\"og:title\" content=\"Cabinet murale ferm\u00e9 | \u00c9quipement de restaurant | Thorinox\" \/>\n<meta property=\"og:description\" content=\"Le cabinet murale ferm\u00e9 Thorinox est fabriqu\u00e9 en acier inoxydable de haute qualit\u00e9, fait pour le rangement dans les postes de travail dans les \u00e9tablissements commerciaux et industriels.\" \/>\n<meta property=\"og:url\" content=\"https:\/\/thorinox.com\/fr\/equipment\/cabinets\/cabinets-murales-en-acier-inoxydable\/cabinet-murale-ferme\/\" \/>\n<meta property=\"og:site_name\" content=\"Thorinox\" \/>\n<meta property=\"og:image\" content=\"https:\/\/thorinox.com\/wp-content\/uploads\/2024\/03\/Thorinox-high-quality-stainless-steel-commercial-kitchen-equipment-wall-cabinet.png\" \/>\n\t<meta property=\"og:image:width\" content=\"800\" \/>\n\t<meta property=\"og:image:height\" content=\"900\" \/>\n\t<meta property=\"og:image:type\" content=\"image\/png\" \/>\n<meta name=\"twitter:card\" content=\"summary_large_image\" \/>\n<meta name=\"twitter:label1\" content=\"Dur\u00e9e de lecture estim\u00e9e\" \/>\n\t<meta name=\"twitter:data1\" content=\"3 minutes\" \/>\n<script type=\"application\/ld+json\" class=\"yoast-schema-graph\">{\"@context\":\"https:\/\/schema.org\",\"@graph\":[{\"@type\":\"WebPage\",\"@id\":\"https:\/\/thorinox.com\/fr\/equipment\/cabinets\/cabinets-murales-en-acier-inoxydable\/cabinet-murale-ferme\/\",\"url\":\"https:\/\/thorinox.com\/fr\/equipment\/cabinets\/cabinets-murales-en-acier-inoxydable\/cabinet-murale-ferme\/\",\"name\":\"Cabinet murale ferm\u00e9 | \u00c9quipement de restaurant | Thorinox\",\"isPartOf\":{\"@id\":\"https:\/\/thorinox.com\/fr\/#website\"},\"primaryImageOfPage\":{\"@id\":\"https:\/\/thorinox.com\/fr\/equipment\/cabinets\/cabinets-murales-en-acier-inoxydable\/cabinet-murale-ferme\/#primaryimage\"},\"image\":{\"@id\":\"https:\/\/thorinox.com\/fr\/equipment\/cabinets\/cabinets-murales-en-acier-inoxydable\/cabinet-murale-ferme\/#primaryimage\"},\"thumbnailUrl\":\"https:\/\/thorinox.com\/wp-content\/uploads\/2024\/03\/Thorinox-high-quality-stainless-steel-commercial-kitchen-equipment-wall-cabinet.png\",\"datePublished\":\"2024-03-29T15:50:56+00:00\",\"dateModified\":\"2024-03-29T15:50:56+00:00\",\"description\":\"Le cabinet murale ferm\u00e9 Thorinox est fabriqu\u00e9 en acier inoxydable de haute qualit\u00e9, fait pour le rangement dans les postes de travail dans les \u00e9tablissements commerciaux et industriels.\",\"breadcrumb\":{\"@id\":\"https:\/\/thorinox.com\/fr\/equipment\/cabinets\/cabinets-murales-en-acier-inoxydable\/cabinet-murale-ferme\/#breadcrumb\"},\"inLanguage\":\"fr-FR\",\"potentialAction\":[{\"@type\":\"ReadAction\",\"target\":[\"https:\/\/thorinox.com\/fr\/equipment\/cabinets\/cabinets-murales-en-acier-inoxydable\/cabinet-murale-ferme\/\"]}]},{\"@type\":\"ImageObject\",\"inLanguage\":\"fr-FR\",\"@id\":\"https:\/\/thorinox.com\/fr\/equipment\/cabinets\/cabinets-murales-en-acier-inoxydable\/cabinet-murale-ferme\/#primaryimage\",\"url\":\"https:\/\/thorinox.com\/wp-content\/uploads\/2024\/03\/Thorinox-high-quality-stainless-steel-commercial-kitchen-equipment-wall-cabinet.png\",\"contentUrl\":\"https:\/\/thorinox.com\/wp-content\/uploads\/2024\/03\/Thorinox-high-quality-stainless-steel-commercial-kitchen-equipment-wall-cabinet.png\",\"width\":800,\"height\":900,\"caption\":\"Ceci est une image d'une table de travail de Thorinox. Thorinox est un \u00e9quipement en acier inoxydable de haute qualit\u00e9 destin\u00e9 aux restaurants et autres types de postes de travail.\"},{\"@type\":\"BreadcrumbList\",\"@id\":\"https:\/\/thorinox.com\/fr\/equipment\/cabinets\/cabinets-murales-en-acier-inoxydable\/cabinet-murale-ferme\/#breadcrumb\",\"itemListElement\":[{\"@type\":\"ListItem\",\"position\":1,\"name\":\"Home\",\"item\":\"https:\/\/thorinox.com\/fr\/\"},{\"@type\":\"ListItem\",\"position\":2,\"name\":\"Produits\",\"item\":\"https:\/\/thorinox.com\/fr\/shop\/\"},{\"@type\":\"ListItem\",\"position\":3,\"name\":\"Cabinet murale ferm\u00e9\"}]},{\"@type\":\"WebSite\",\"@id\":\"https:\/\/thorinox.com\/fr\/#website\",\"url\":\"https:\/\/thorinox.com\/fr\/\",\"name\":\"Thorinox\",\"description\":\"High Quality Stainless Steel Equipment\",\"publisher\":{\"@id\":\"https:\/\/thorinox.com\/fr\/#organization\"},\"potentialAction\":[{\"@type\":\"SearchAction\",\"target\":{\"@type\":\"EntryPoint\",\"urlTemplate\":\"https:\/\/thorinox.com\/fr\/?s={search_term_string}\"},\"query-input\":\"required name=search_term_string\"}],\"inLanguage\":\"fr-FR\"},{\"@type\":\"Organization\",\"@id\":\"https:\/\/thorinox.com\/fr\/#organization\",\"name\":\"Thorinox\",\"url\":\"https:\/\/thorinox.com\/fr\/\",\"logo\":{\"@type\":\"ImageObject\",\"inLanguage\":\"fr-FR\",\"@id\":\"https:\/\/thorinox.com\/fr\/#\/schema\/logo\/image\/\",\"url\":\"https:\/\/thorinox.com\/wp-content\/uploads\/2024\/02\/Thorinox-logo-high-quality-stainless-steel-equipment.png\",\"contentUrl\":\"https:\/\/thorinox.com\/wp-content\/uploads\/2024\/02\/Thorinox-logo-high-quality-stainless-steel-equipment.png\",\"width\":546,\"height\":100,\"caption\":\"Thorinox\"},\"image\":{\"@id\":\"https:\/\/thorinox.com\/fr\/#\/schema\/logo\/image\/\"}}]}<\/script>\n<!-- \/ Yoast SEO plugin. -->","yoast_head_json":{"title":"Cabinet murale ferm\u00e9 | \u00c9quipement de restaurant | Thorinox","description":"Le cabinet murale ferm\u00e9 Thorinox est fabriqu\u00e9 en acier inoxydable de haute qualit\u00e9, fait pour le rangement dans les postes de travail dans les \u00e9tablissements commerciaux et industriels.","robots":{"index":"index","follow":"follow","max-snippet":"max-snippet:-1","max-image-preview":"max-image-preview:large","max-video-preview":"max-video-preview:-1"},"canonical":"https:\/\/thorinox.com\/fr\/equipment\/cabinets\/cabinets-murales-en-acier-inoxydable\/cabinet-murale-ferme\/","og_locale":"fr_FR","og_type":"article","og_title":"Cabinet murale ferm\u00e9 | \u00c9quipement de restaurant | Thorinox","og_description":"Le cabinet murale ferm\u00e9 Thorinox est fabriqu\u00e9 en acier inoxydable de haute qualit\u00e9, fait pour le rangement dans les postes de travail dans les \u00e9tablissements commerciaux et industriels.","og_url":"https:\/\/thorinox.com\/fr\/equipment\/cabinets\/cabinets-murales-en-acier-inoxydable\/cabinet-murale-ferme\/","og_site_name":"Thorinox","og_image":[{"width":800,"height":900,"url":"https:\/\/thorinox.com\/wp-content\/uploads\/2024\/03\/Thorinox-high-quality-stainless-steel-commercial-kitchen-equipment-wall-cabinet.png","type":"image\/png"}],"twitter_card":"summary_large_image","twitter_misc":{"Dur\u00e9e de lecture estim\u00e9e":"3 minutes"},"schema":{"@context":"https:\/\/schema.org","@graph":[{"@type":"WebPage","@id":"https:\/\/thorinox.com\/fr\/equipment\/cabinets\/cabinets-murales-en-acier-inoxydable\/cabinet-murale-ferme\/","url":"https:\/\/thorinox.com\/fr\/equipment\/cabinets\/cabinets-murales-en-acier-inoxydable\/cabinet-murale-ferme\/","name":"Cabinet murale ferm\u00e9 | \u00c9quipement de restaurant | Thorinox","isPartOf":{"@id":"https:\/\/thorinox.com\/fr\/#website"},"primaryImageOfPage":{"@id":"https:\/\/thorinox.com\/fr\/equipment\/cabinets\/cabinets-murales-en-acier-inoxydable\/cabinet-murale-ferme\/#primaryimage"},"image":{"@id":"https:\/\/thorinox.com\/fr\/equipment\/cabinets\/cabinets-murales-en-acier-inoxydable\/cabinet-murale-ferme\/#primaryimage"},"thumbnailUrl":"https:\/\/thorinox.com\/wp-content\/uploads\/2024\/03\/Thorinox-high-quality-stainless-steel-commercial-kitchen-equipment-wall-cabinet.png","datePublished":"2024-03-29T15:50:56+00:00","dateModified":"2024-03-29T15:50:56+00:00","description":"Le cabinet murale ferm\u00e9 Thorinox est fabriqu\u00e9 en acier inoxydable de haute qualit\u00e9, fait pour le rangement dans les postes de travail dans les \u00e9tablissements commerciaux et industriels.","breadcrumb":{"@id":"https:\/\/thorinox.com\/fr\/equipment\/cabinets\/cabinets-murales-en-acier-inoxydable\/cabinet-murale-ferme\/#breadcrumb"},"inLanguage":"fr-FR","potentialAction":[{"@type":"ReadAction","target":["https:\/\/thorinox.com\/fr\/equipment\/cabinets\/cabinets-murales-en-acier-inoxydable\/cabinet-murale-ferme\/"]}]},{"@type":"ImageObject","inLanguage":"fr-FR","@id":"https:\/\/thorinox.com\/fr\/equipment\/cabinets\/cabinets-murales-en-acier-inoxydable\/cabinet-murale-ferme\/#primaryimage","url":"https:\/\/thorinox.com\/wp-content\/uploads\/2024\/03\/Thorinox-high-quality-stainless-steel-commercial-kitchen-equipment-wall-cabinet.png","contentUrl":"https:\/\/thorinox.com\/wp-content\/uploads\/2024\/03\/Thorinox-high-quality-stainless-steel-commercial-kitchen-equipment-wall-cabinet.png","width":800,"height":900,"caption":"Ceci est une image d'une table de travail de Thorinox. Thorinox est un \u00e9quipement en acier inoxydable de haute qualit\u00e9 destin\u00e9 aux restaurants et autres types de postes de travail."},{"@type":"BreadcrumbList","@id":"https:\/\/thorinox.com\/fr\/equipment\/cabinets\/cabinets-murales-en-acier-inoxydable\/cabinet-murale-ferme\/#breadcrumb","itemListElement":[{"@type":"ListItem","position":1,"name":"Home","item":"https:\/\/thorinox.com\/fr\/"},{"@type":"ListItem","position":2,"name":"Produits","item":"https:\/\/thorinox.com\/fr\/shop\/"},{"@type":"ListItem","position":3,"name":"Cabinet murale ferm\u00e9"}]},{"@type":"WebSite","@id":"https:\/\/thorinox.com\/fr\/#website","url":"https:\/\/thorinox.com\/fr\/","name":"Thorinox","description":"High Quality Stainless Steel Equipment","publisher":{"@id":"https:\/\/thorinox.com\/fr\/#organization"},"potentialAction":[{"@type":"SearchAction","target":{"@type":"EntryPoint","urlTemplate":"https:\/\/thorinox.com\/fr\/?s={search_term_string}"},"query-input":"required name=search_term_string"}],"inLanguage":"fr-FR"},{"@type":"Organization","@id":"https:\/\/thorinox.com\/fr\/#organization","name":"Thorinox","url":"https:\/\/thorinox.com\/fr\/","logo":{"@type":"ImageObject","inLanguage":"fr-FR","@id":"https:\/\/thorinox.com\/fr\/#\/schema\/logo\/image\/","url":"https:\/\/thorinox.com\/wp-content\/uploads\/2024\/02\/Thorinox-logo-high-quality-stainless-steel-equipment.png","contentUrl":"https:\/\/thorinox.com\/wp-content\/uploads\/2024\/02\/Thorinox-logo-high-quality-stainless-steel-equipment.png","width":546,"height":100,"caption":"Thorinox"},"image":{"@id":"https:\/\/thorinox.com\/fr\/#\/schema\/logo\/image\/"}}]}},"_links":{"self":[{"href":"https:\/\/thorinox.com\/fr\/wp-json\/wp\/v2\/product\/10367"}],"collection":[{"href":"https:\/\/thorinox.com\/fr\/wp-json\/wp\/v2\/product"}],"about":[{"href":"https:\/\/thorinox.com\/fr\/wp-json\/wp\/v2\/types\/product"}],"replies":[{"embeddable":true,"href":"https:\/\/thorinox.com\/fr\/wp-json\/wp\/v2\/comments?post=10367"}],"wp:featuredmedia":[{"embeddable":true,"href":"https:\/\/thorinox.com\/fr\/wp-json\/wp\/v2\/media\/7310"}],"wp:attachment":[{"href":"https:\/\/thorinox.com\/fr\/wp-json\/wp\/v2\/media?parent=10367"}],"wp:term":[{"taxonomy":"product_cat","embeddable":true,"href":"https:\/\/thorinox.com\/fr\/wp-json\/wp\/v2\/product_cat?post=10367"},{"taxonomy":"product_tag","embeddable":true,"href":"https:\/\/thorinox.com\/fr\/wp-json\/wp\/v2\/product_tag?post=10367"}],"curies":[{"name":"wp","href":"https:\/\/api.w.org\/{rel}","templated":true}]}}