{"id":10362,"date":"2024-03-29T13:58:43","date_gmt":"2024-03-29T17:58:43","guid":{"rendered":"https:\/\/thorinox.com\/equipment\/non%20class\u00e9\/table-de-travail-dangle\/"},"modified":"2024-04-22T14:03:08","modified_gmt":"2024-04-22T18:03:08","slug":"table-de-travail-dangle","status":"publish","type":"product","link":"https:\/\/thorinox.com\/fr\/equipment\/tables-de-travail\/tables-en-coin\/table-de-travail-dangle\/","title":{"rendered":"Table de travail d&rsquo;angle"},"content":{"rendered":"<p>D\u00e9couvrez notre Table de Travail d&rsquo;Angle Thorinox de Haute Qualit\u00e9. Elles sont m\u00e9ticuleusement con\u00e7ues pour offrir des solutions de stockage efficaces pour les cuisines commerciales et les \u00e9tablissements de restauration.<\/p>\n<h3>Haute Qualit\u00e9<\/h3>\n<p>Con\u00e7ues avec pr\u00e9cision et fabriqu\u00e9es \u00e0 partir de mat\u00e9riaux de haute qualit\u00e9, ces \u00e9quipements sont l&rsquo;incarnation de la durabilit\u00e9 et de la fonctionnalit\u00e9. Con\u00e7ues pour r\u00e9sister aux rigueurs de l&rsquo;utilisation quotidienne dans les environnements de cuisine anim\u00e9s, ces tables offrent donc des performances exceptionnelles et une long\u00e9vit\u00e9.<\/p>\n<p>Id\u00e9ales pour une large gamme d&rsquo;applications, nos Tables de Travail d&rsquo;Angle en Acier Inoxydable sont des ajouts polyvalents \u00e0 toute cuisine commerciale ou \u00e9tablissement de restauration. Que vous dirigiez un restaurant anim\u00e9, g\u00e9rez une installation de restauration occup\u00e9e, ou exploitiez un food truck, ces tables sont des atouts inestimables qui rationalisent les op\u00e9rations et am\u00e9liorent la productivit\u00e9.<\/p>\n<h3>Poste de Travail pour la Pr\u00e9paration des Aliments<\/h3>\n<p>En outre, dans les cuisines commerciales, elles servent de postes de travail essentiels pour la pr\u00e9paration des aliments. Elles offrent un espace g\u00e9n\u00e9reux pour hacher, trancher et d\u00e9couper des ingr\u00e9dients. Leur construction robuste garantit la stabilit\u00e9, m\u00eame pendant les p\u00e9riodes les plus charg\u00e9es en cuisine, tandis que leur design \u00e9l\u00e9gant ajoute une touche de professionnalisme \u00e0 l&rsquo;espace de travail.<\/p>\n<p>De plus, nos Tables sont \u00e9galement comp\u00e9tentes en tant que solutions de stockage pour les ustensiles de cuisine, les petits appareils \u00e9lectrom\u00e9nagers et les ingr\u00e9dients. Avec leurs \u00e9tag\u00e8res inf\u00e9rieures int\u00e9gr\u00e9es et des accessoires optionnels tels que des tiroirs et des \u00e9tag\u00e8res surplombantes, ces tables maximisent la capacit\u00e9 de stockage et gardent les \u00e9l\u00e9ments essentiels \u00e0 port\u00e9e de main.<\/p>\n<h3>Organisation Efficace<\/h3>\n<p>Dans les installations de restauration et les \u00e9tablissements de restauration, nos Tables de Travail d&rsquo;Angle en Acier Inoxydable se distinguent en tant que zones de mise en sc\u00e8ne polyvalentes pour le dressage et le service. Leur conception compacte mais spacieuse permet une organisation efficace des plats, des plateaux et des ustensiles, facilitant un service fluide et assurant une livraison rapide des repas aux clients.<\/p>\n<p>Enfin, des restaurants anim\u00e9s aux op\u00e9rations de restauration en pleine effervescence, notre Table de Travail d&rsquo;Angle en Acier Inoxydable est la solution indispensable pour atteindre des performances optimales et une excellence op\u00e9rationnelle. Construites pour durer et con\u00e7ues pour l&rsquo;efficacit\u00e9, ces tables sont le compl\u00e9ment parfait \u00e0 toute cuisine commerciale ou \u00e9tablissement de restauration cherchant \u00e0 optimiser le flux de travail et \u00e0 maximiser l&rsquo;utilisation de l&rsquo;espace.<\/p>\n<h3><strong>Caract\u00e9ristiques :<\/strong><\/h3>\n<ul>\n<li>Fabriqu\u00e9 en acier inoxydable 430 de calibre 18<\/li>\n<li>A un dosseret de 5&Prime;<\/li>\n<li>Livr\u00e9 avec une \u00e9tag\u00e8re inf\u00e9rieure assortie<\/li>\n<li>Facile \u00e0 assembler<\/li>\n<li>Con\u00e7u pour correspondre au DSST-2424\/3030-BKSS<\/li>\n<\/ul>\n<h3>Accessoires optionnels:<\/h3>\n<ul>\n<li><a href=\"https:\/\/thorinox.com\/fr\/equipment\/tables-de-travail\/accessoires-de-table-de-travail\/tablette-inferieure-en-acier-inoxydable\/\">Tablette inf\u00e9rieure en acier inoxydable<\/a><\/li>\n<li><a href=\"https:\/\/thorinox.com\/fr\/equipment\/tables-de-travail\/accessoires-de-table-de-travail\/tablette-inferieure-en-acier-galvanise\/\">Tablette inf\u00e9rieure en acier galvanis\u00e9<\/a><\/li>\n<li><a href=\"https:\/\/thorinox.com\/fr\/equipment\/tables-de-travail\/accessoires-de-table-de-travail\/roulettes-pivotantes-2\/\">Roulettes pivotantes<\/a><\/li>\n<li><a href=\"https:\/\/thorinox.com\/fr\/categorie-produit\/tables-de-travail\/accessoires-de-table-de-travail\/renfort-en-acier-inoxydable\/\">Renfort en acier inoxydable<\/a><\/li>\n<li><a href=\"https:\/\/thorinox.com\/fr\/equipment\/tables-de-travail\/accessoires-de-table-de-travail\/renforts-en-acier-inoxydable\/\">Renfort en acier galvanis\u00e9<\/a><\/li>\n<li><a href=\"https:\/\/thorinox.com\/fr\/equipment\/tables-de-travail\/tablettes-passe-plat\/etagere-de-passage\/\">\u00c9tag\u00e8re de passage<\/a><\/li>\n<li><a href=\"https:\/\/thorinox.com\/fr\/equipment\/tables-de-travail\/accessoires-de-table-de-travail\/pieds-en-acier-inoxydable\/\">Pieds en acier inoxydable<\/a><\/li>\n<li><a href=\"https:\/\/thorinox.com\/fr\/equipment\/tables-de-travail\/accessoires-de-table-de-travail\/pieds-en-acier-galvanise\/\">Pieds en acier galvanis\u00e9<\/a><\/li>\n<li><a href=\"https:\/\/thorinox.com\/fr\/equipment\/tables-de-travail\/accessoires-de-table-de-travail\/tiroir-simple\/\">Tiroir simple<\/a><\/li>\n<li><a href=\"https:\/\/thorinox.com\/fr\/equipment\/tables-de-travail\/accessoires-de-table-de-travail\/tiroir-double\/\">Tiroir double<\/a><\/li>\n<\/ul>\n","protected":false},"excerpt":{"rendered":"<p>La table de travail d&rsquo;angle Thorinox est fabriqu\u00e9e en acier inoxydable de haute qualit\u00e9 pour les postes de travail, garantissant des performances durables dans les environnements commerciaux, comme les restaurants, les food trucks et autres cuisines commerciales.<\/p>\n<h3><strong>Caract\u00e9ristiques standards :<\/strong><\/h3>\n<ul>\n<li>Fabriqu\u00e9 en acier inoxydable 430 de calibre 18<\/li>\n<li>A un dosseret de 5&Prime;<\/li>\n<li>Livr\u00e9 avec une \u00e9tag\u00e8re inf\u00e9rieure assortie<\/li>\n<li>Facile \u00e0 assembler<\/li>\n<li>Con\u00e7u pour correspondre au DSST-2424\/3030-BKSS<\/li>\n<\/ul>\n<h3>Accessoires optionnels:<\/h3>\n<ul>\n<li><a href=\"https:\/\/thorinox.com\/fr\/equipment\/tables-de-travail\/accessoires-de-table-de-travail\/tablette-inferieure-en-acier-inoxydable\/\">Tablette inf\u00e9rieure en acier inoxydable<\/a><\/li>\n<li><a href=\"https:\/\/thorinox.com\/fr\/equipment\/tables-de-travail\/accessoires-de-table-de-travail\/tablette-inferieure-en-acier-galvanise\/\">Tablette inf\u00e9rieure en acier galvanis\u00e9<\/a><\/li>\n<li><a href=\"https:\/\/thorinox.com\/fr\/equipment\/tables-de-travail\/accessoires-de-table-de-travail\/roulettes-pivotantes-2\/\">Roulettes pivotantes<\/a><\/li>\n<li><a href=\"https:\/\/thorinox.com\/fr\/categorie-produit\/tables-de-travail\/accessoires-de-table-de-travail\/renfort-en-acier-inoxydable\/\">Renfort en acier inoxydable<\/a><\/li>\n<li><a href=\"https:\/\/thorinox.com\/fr\/equipment\/tables-de-travail\/accessoires-de-table-de-travail\/renforts-en-acier-inoxydable\/\">Renfort en acier galvanis\u00e9<\/a><\/li>\n<li><a href=\"https:\/\/thorinox.com\/fr\/equipment\/tables-de-travail\/tablettes-passe-plat\/etagere-de-passage\/\">\u00c9tag\u00e8re de passage<\/a><\/li>\n<li><a href=\"https:\/\/thorinox.com\/fr\/equipment\/tables-de-travail\/accessoires-de-table-de-travail\/pieds-en-acier-inoxydable\/\">Pieds en acier inoxydable<\/a><\/li>\n<li><a href=\"https:\/\/thorinox.com\/fr\/equipment\/tables-de-travail\/accessoires-de-table-de-travail\/pieds-en-acier-galvanise\/\">Pieds en acier galvanis\u00e9<\/a><\/li>\n<li><a href=\"https:\/\/thorinox.com\/fr\/equipment\/tables-de-travail\/accessoires-de-table-de-travail\/tiroir-simple\/\">Tiroir simple<\/a><\/li>\n<li><a href=\"https:\/\/thorinox.com\/fr\/equipment\/tables-de-travail\/accessoires-de-table-de-travail\/tiroir-double\/\">Tiroir double<\/a><\/li>\n<\/ul>\n","protected":false},"featured_media":7316,"comment_status":"open","ping_status":"closed","template":"","meta":[],"product_cat":[261,262],"product_tag":[],"yoast_head":"<!-- This site is optimized with the Yoast SEO plugin v23.3 - https:\/\/yoast.com\/wordpress\/plugins\/seo\/ -->\n<title>Table de travail | \u00c9quipement pour restaurant | Thorinox | Montr\u00e9al &amp; Qu\u00e9bec<\/title>\n<meta name=\"description\" content=\"La table de travail d&#039;angle Thorinox est fabriqu\u00e9e en acier inoxydable de haute qualit\u00e9, parfaite pour les \u00e9tablissements commerciaux et industriels.\" \/>\n<meta name=\"robots\" content=\"index, follow, max-snippet:-1, max-image-preview:large, max-video-preview:-1\" \/>\n<link rel=\"canonical\" href=\"https:\/\/thorinox.com\/fr\/equipment\/tables-de-travail\/tables-en-coin\/table-de-travail-dangle\/\" \/>\n<meta property=\"og:locale\" content=\"fr_FR\" \/>\n<meta property=\"og:type\" content=\"article\" \/>\n<meta property=\"og:title\" content=\"Table de travail | \u00c9quipement pour restaurant | Thorinox | Montr\u00e9al &amp; Qu\u00e9bec\" \/>\n<meta property=\"og:description\" content=\"La table de travail d&#039;angle Thorinox est fabriqu\u00e9e en acier inoxydable de haute qualit\u00e9, parfaite pour les \u00e9tablissements commerciaux et industriels.\" \/>\n<meta property=\"og:url\" content=\"https:\/\/thorinox.com\/fr\/equipment\/tables-de-travail\/tables-en-coin\/table-de-travail-dangle\/\" \/>\n<meta property=\"og:site_name\" content=\"Thorinox\" \/>\n<meta property=\"article:modified_time\" content=\"2024-04-22T18:03:08+00:00\" \/>\n<meta property=\"og:image\" content=\"https:\/\/thorinox.com\/wp-content\/uploads\/2024\/03\/Thorinox-high-quality-stainless-steel-commercial-kitchen-equipment-corner-work-table.png\" \/>\n\t<meta property=\"og:image:width\" content=\"800\" \/>\n\t<meta property=\"og:image:height\" content=\"900\" \/>\n\t<meta property=\"og:image:type\" content=\"image\/png\" \/>\n<meta name=\"twitter:card\" content=\"summary_large_image\" \/>\n<meta name=\"twitter:label1\" content=\"Dur\u00e9e de lecture estim\u00e9e\" \/>\n\t<meta name=\"twitter:data1\" content=\"3 minutes\" \/>\n<script type=\"application\/ld+json\" class=\"yoast-schema-graph\">{\"@context\":\"https:\/\/schema.org\",\"@graph\":[{\"@type\":\"WebPage\",\"@id\":\"https:\/\/thorinox.com\/fr\/equipment\/tables-de-travail\/tables-en-coin\/table-de-travail-dangle\/\",\"url\":\"https:\/\/thorinox.com\/fr\/equipment\/tables-de-travail\/tables-en-coin\/table-de-travail-dangle\/\",\"name\":\"Table de travail | \u00c9quipement pour restaurant | Thorinox | Montr\u00e9al & Qu\u00e9bec\",\"isPartOf\":{\"@id\":\"https:\/\/thorinox.com\/fr\/#website\"},\"primaryImageOfPage\":{\"@id\":\"https:\/\/thorinox.com\/fr\/equipment\/tables-de-travail\/tables-en-coin\/table-de-travail-dangle\/#primaryimage\"},\"image\":{\"@id\":\"https:\/\/thorinox.com\/fr\/equipment\/tables-de-travail\/tables-en-coin\/table-de-travail-dangle\/#primaryimage\"},\"thumbnailUrl\":\"https:\/\/thorinox.com\/wp-content\/uploads\/2024\/03\/Thorinox-high-quality-stainless-steel-commercial-kitchen-equipment-corner-work-table.png\",\"datePublished\":\"2024-03-29T17:58:43+00:00\",\"dateModified\":\"2024-04-22T18:03:08+00:00\",\"description\":\"La table de travail d'angle Thorinox est fabriqu\u00e9e en acier inoxydable de haute qualit\u00e9, parfaite pour les \u00e9tablissements commerciaux et industriels.\",\"breadcrumb\":{\"@id\":\"https:\/\/thorinox.com\/fr\/equipment\/tables-de-travail\/tables-en-coin\/table-de-travail-dangle\/#breadcrumb\"},\"inLanguage\":\"fr-FR\",\"potentialAction\":[{\"@type\":\"ReadAction\",\"target\":[\"https:\/\/thorinox.com\/fr\/equipment\/tables-de-travail\/tables-en-coin\/table-de-travail-dangle\/\"]}]},{\"@type\":\"ImageObject\",\"inLanguage\":\"fr-FR\",\"@id\":\"https:\/\/thorinox.com\/fr\/equipment\/tables-de-travail\/tables-en-coin\/table-de-travail-dangle\/#primaryimage\",\"url\":\"https:\/\/thorinox.com\/wp-content\/uploads\/2024\/03\/Thorinox-high-quality-stainless-steel-commercial-kitchen-equipment-corner-work-table.png\",\"contentUrl\":\"https:\/\/thorinox.com\/wp-content\/uploads\/2024\/03\/Thorinox-high-quality-stainless-steel-commercial-kitchen-equipment-corner-work-table.png\",\"width\":800,\"height\":900,\"caption\":\"Il s'agit d'une image d'une table d'angle de Thorinox. Thorinox est un \u00e9quipement en acier inoxydable de haute qualit\u00e9 destin\u00e9 aux restaurants et autres types de postes de travail.\"},{\"@type\":\"BreadcrumbList\",\"@id\":\"https:\/\/thorinox.com\/fr\/equipment\/tables-de-travail\/tables-en-coin\/table-de-travail-dangle\/#breadcrumb\",\"itemListElement\":[{\"@type\":\"ListItem\",\"position\":1,\"name\":\"Home\",\"item\":\"https:\/\/thorinox.com\/fr\/\"},{\"@type\":\"ListItem\",\"position\":2,\"name\":\"Produits\",\"item\":\"https:\/\/thorinox.com\/fr\/shop\/\"},{\"@type\":\"ListItem\",\"position\":3,\"name\":\"Table de travail d&#8217;angle\"}]},{\"@type\":\"WebSite\",\"@id\":\"https:\/\/thorinox.com\/fr\/#website\",\"url\":\"https:\/\/thorinox.com\/fr\/\",\"name\":\"Thorinox\",\"description\":\"High Quality Stainless Steel Equipment\",\"publisher\":{\"@id\":\"https:\/\/thorinox.com\/fr\/#organization\"},\"potentialAction\":[{\"@type\":\"SearchAction\",\"target\":{\"@type\":\"EntryPoint\",\"urlTemplate\":\"https:\/\/thorinox.com\/fr\/?s={search_term_string}\"},\"query-input\":\"required name=search_term_string\"}],\"inLanguage\":\"fr-FR\"},{\"@type\":\"Organization\",\"@id\":\"https:\/\/thorinox.com\/fr\/#organization\",\"name\":\"Thorinox\",\"url\":\"https:\/\/thorinox.com\/fr\/\",\"logo\":{\"@type\":\"ImageObject\",\"inLanguage\":\"fr-FR\",\"@id\":\"https:\/\/thorinox.com\/fr\/#\/schema\/logo\/image\/\",\"url\":\"https:\/\/thorinox.com\/wp-content\/uploads\/2024\/02\/Thorinox-logo-high-quality-stainless-steel-equipment.png\",\"contentUrl\":\"https:\/\/thorinox.com\/wp-content\/uploads\/2024\/02\/Thorinox-logo-high-quality-stainless-steel-equipment.png\",\"width\":546,\"height\":100,\"caption\":\"Thorinox\"},\"image\":{\"@id\":\"https:\/\/thorinox.com\/fr\/#\/schema\/logo\/image\/\"}}]}<\/script>\n<!-- \/ Yoast SEO plugin. -->","yoast_head_json":{"title":"Table de travail | \u00c9quipement pour restaurant | Thorinox | Montr\u00e9al & Qu\u00e9bec","description":"La table de travail d'angle Thorinox est fabriqu\u00e9e en acier inoxydable de haute qualit\u00e9, parfaite pour les \u00e9tablissements commerciaux et industriels.","robots":{"index":"index","follow":"follow","max-snippet":"max-snippet:-1","max-image-preview":"max-image-preview:large","max-video-preview":"max-video-preview:-1"},"canonical":"https:\/\/thorinox.com\/fr\/equipment\/tables-de-travail\/tables-en-coin\/table-de-travail-dangle\/","og_locale":"fr_FR","og_type":"article","og_title":"Table de travail | \u00c9quipement pour restaurant | Thorinox | Montr\u00e9al & Qu\u00e9bec","og_description":"La table de travail d'angle Thorinox est fabriqu\u00e9e en acier inoxydable de haute qualit\u00e9, parfaite pour les \u00e9tablissements commerciaux et industriels.","og_url":"https:\/\/thorinox.com\/fr\/equipment\/tables-de-travail\/tables-en-coin\/table-de-travail-dangle\/","og_site_name":"Thorinox","article_modified_time":"2024-04-22T18:03:08+00:00","og_image":[{"width":800,"height":900,"url":"https:\/\/thorinox.com\/wp-content\/uploads\/2024\/03\/Thorinox-high-quality-stainless-steel-commercial-kitchen-equipment-corner-work-table.png","type":"image\/png"}],"twitter_card":"summary_large_image","twitter_misc":{"Dur\u00e9e de lecture estim\u00e9e":"3 minutes"},"schema":{"@context":"https:\/\/schema.org","@graph":[{"@type":"WebPage","@id":"https:\/\/thorinox.com\/fr\/equipment\/tables-de-travail\/tables-en-coin\/table-de-travail-dangle\/","url":"https:\/\/thorinox.com\/fr\/equipment\/tables-de-travail\/tables-en-coin\/table-de-travail-dangle\/","name":"Table de travail | \u00c9quipement pour restaurant | Thorinox | Montr\u00e9al & Qu\u00e9bec","isPartOf":{"@id":"https:\/\/thorinox.com\/fr\/#website"},"primaryImageOfPage":{"@id":"https:\/\/thorinox.com\/fr\/equipment\/tables-de-travail\/tables-en-coin\/table-de-travail-dangle\/#primaryimage"},"image":{"@id":"https:\/\/thorinox.com\/fr\/equipment\/tables-de-travail\/tables-en-coin\/table-de-travail-dangle\/#primaryimage"},"thumbnailUrl":"https:\/\/thorinox.com\/wp-content\/uploads\/2024\/03\/Thorinox-high-quality-stainless-steel-commercial-kitchen-equipment-corner-work-table.png","datePublished":"2024-03-29T17:58:43+00:00","dateModified":"2024-04-22T18:03:08+00:00","description":"La table de travail d'angle Thorinox est fabriqu\u00e9e en acier inoxydable de haute qualit\u00e9, parfaite pour les \u00e9tablissements commerciaux et industriels.","breadcrumb":{"@id":"https:\/\/thorinox.com\/fr\/equipment\/tables-de-travail\/tables-en-coin\/table-de-travail-dangle\/#breadcrumb"},"inLanguage":"fr-FR","potentialAction":[{"@type":"ReadAction","target":["https:\/\/thorinox.com\/fr\/equipment\/tables-de-travail\/tables-en-coin\/table-de-travail-dangle\/"]}]},{"@type":"ImageObject","inLanguage":"fr-FR","@id":"https:\/\/thorinox.com\/fr\/equipment\/tables-de-travail\/tables-en-coin\/table-de-travail-dangle\/#primaryimage","url":"https:\/\/thorinox.com\/wp-content\/uploads\/2024\/03\/Thorinox-high-quality-stainless-steel-commercial-kitchen-equipment-corner-work-table.png","contentUrl":"https:\/\/thorinox.com\/wp-content\/uploads\/2024\/03\/Thorinox-high-quality-stainless-steel-commercial-kitchen-equipment-corner-work-table.png","width":800,"height":900,"caption":"Il s'agit d'une image d'une table d'angle de Thorinox. Thorinox est un \u00e9quipement en acier inoxydable de haute qualit\u00e9 destin\u00e9 aux restaurants et autres types de postes de travail."},{"@type":"BreadcrumbList","@id":"https:\/\/thorinox.com\/fr\/equipment\/tables-de-travail\/tables-en-coin\/table-de-travail-dangle\/#breadcrumb","itemListElement":[{"@type":"ListItem","position":1,"name":"Home","item":"https:\/\/thorinox.com\/fr\/"},{"@type":"ListItem","position":2,"name":"Produits","item":"https:\/\/thorinox.com\/fr\/shop\/"},{"@type":"ListItem","position":3,"name":"Table de travail d&#8217;angle"}]},{"@type":"WebSite","@id":"https:\/\/thorinox.com\/fr\/#website","url":"https:\/\/thorinox.com\/fr\/","name":"Thorinox","description":"High Quality Stainless Steel Equipment","publisher":{"@id":"https:\/\/thorinox.com\/fr\/#organization"},"potentialAction":[{"@type":"SearchAction","target":{"@type":"EntryPoint","urlTemplate":"https:\/\/thorinox.com\/fr\/?s={search_term_string}"},"query-input":"required name=search_term_string"}],"inLanguage":"fr-FR"},{"@type":"Organization","@id":"https:\/\/thorinox.com\/fr\/#organization","name":"Thorinox","url":"https:\/\/thorinox.com\/fr\/","logo":{"@type":"ImageObject","inLanguage":"fr-FR","@id":"https:\/\/thorinox.com\/fr\/#\/schema\/logo\/image\/","url":"https:\/\/thorinox.com\/wp-content\/uploads\/2024\/02\/Thorinox-logo-high-quality-stainless-steel-equipment.png","contentUrl":"https:\/\/thorinox.com\/wp-content\/uploads\/2024\/02\/Thorinox-logo-high-quality-stainless-steel-equipment.png","width":546,"height":100,"caption":"Thorinox"},"image":{"@id":"https:\/\/thorinox.com\/fr\/#\/schema\/logo\/image\/"}}]}},"_links":{"self":[{"href":"https:\/\/thorinox.com\/fr\/wp-json\/wp\/v2\/product\/10362"}],"collection":[{"href":"https:\/\/thorinox.com\/fr\/wp-json\/wp\/v2\/product"}],"about":[{"href":"https:\/\/thorinox.com\/fr\/wp-json\/wp\/v2\/types\/product"}],"replies":[{"embeddable":true,"href":"https:\/\/thorinox.com\/fr\/wp-json\/wp\/v2\/comments?post=10362"}],"wp:featuredmedia":[{"embeddable":true,"href":"https:\/\/thorinox.com\/fr\/wp-json\/wp\/v2\/media\/7316"}],"wp:attachment":[{"href":"https:\/\/thorinox.com\/fr\/wp-json\/wp\/v2\/media?parent=10362"}],"wp:term":[{"taxonomy":"product_cat","embeddable":true,"href":"https:\/\/thorinox.com\/fr\/wp-json\/wp\/v2\/product_cat?post=10362"},{"taxonomy":"product_tag","embeddable":true,"href":"https:\/\/thorinox.com\/fr\/wp-json\/wp\/v2\/product_tag?post=10362"}],"curies":[{"name":"wp","href":"https:\/\/api.w.org\/{rel}","templated":true}]}}