{"id":10361,"date":"2024-03-29T14:05:45","date_gmt":"2024-03-29T18:05:45","guid":{"rendered":"https:\/\/thorinox.com\/equipment\/non%20class\u00e9\/table-de-travail-avec-polytop\/"},"modified":"2024-04-22T14:04:02","modified_gmt":"2024-04-22T18:04:02","slug":"table-de-travail-avec-polytop","status":"publish","type":"product","link":"https:\/\/thorinox.com\/fr\/equipment\/tables-de-travail\/tables-de-travail-avec-polytop\/table-de-travail-avec-polytop\/","title":{"rendered":"Table de travail avec Polytop"},"content":{"rendered":"<h3><strong>Pr\u00e9sentation de la Table de Travail avec Polytop : Am\u00e9lioration de l&rsquo;Efficacit\u00e9 dans les Cuisines Commerciales<\/strong><\/h3>\n<p>Notre table de travail avec Polytop sont minutieusement con\u00e7ues pour offrir des solutions de travail efficaces et durables pour les cuisines commerciales et les \u00e9tablissements de restauration. Ces tables offrent un espace de travail g\u00e9n\u00e9reux pour diverses t\u00e2ches de pr\u00e9paration alimentaire. Nous les construisons en acier inoxydable de haute qualit\u00e9 et avec des surfaces polytop durables, garantissant ainsi des pieds renforc\u00e9s et une construction robuste, leur permettant de r\u00e9sister \u00e0 une utilisation intensive dans les environnements de cuisine anim\u00e9s. De plus, elles sont faciles \u00e0 nettoyer et \u00e0 entretenir, garantissant qu&rsquo;elles r\u00e9pondent constamment aux normes d&rsquo;hygi\u00e8ne. Elles sont disponibles dans une vari\u00e9t\u00e9 de tailles et de configurations, permettant une personnalisation pour r\u00e9pondre \u00e0 diff\u00e9rents besoins d&rsquo;espace de travail et de disposition.<\/p>\n<p>De plus, qu&rsquo;elles soient utilis\u00e9es comme postes de travail autonomes ou int\u00e9gr\u00e9es \u00e0 des configurations de cuisine existantes, nos tables de travail avec Polytop offrent polyvalence et fonctionnalit\u00e9. De la pr\u00e9paration et du dressage des aliments au stockage et \u00e0 l&rsquo;organisation, ces tables fournissent l&rsquo;espace de travail essentiel n\u00e9cessaire pour rationaliser les op\u00e9rations. De plus, elles am\u00e9liorent la productivit\u00e9 dans n&rsquo;importe quel environnement de service alimentaire. Fabriqu\u00e9es avec un savoir-faire de qualit\u00e9 et soutenues par notre engagement envers la satisfaction de la client\u00e8le, nos tables de travail sont con\u00e7ues pour offrir des performances exceptionnelles et une fiabilit\u00e9 pour les ann\u00e9es \u00e0 venir.<\/p>\n<p>Saviez-vous que garantir la s\u00e9curit\u00e9 alimentaire dans les cuisines commerciales d\u00e9pend fortement de l&rsquo;entretien appropri\u00e9 des planches \u00e0 d\u00e9couper ? Apr\u00e8s chaque utilisation, il est essentiel de laver et d\u00e9sinfecter soigneusement les planches \u00e0 d\u00e9couper. Un simple nettoyage \u00e0 l&rsquo;eau chaude et au savon peut ne pas \u00e9liminer efficacement les bact\u00e9ries. Pour les d\u00e9sinfecter, il est recommand\u00e9 d&rsquo;utiliser des solutions d\u00e9sinfectantes de qualit\u00e9 commerciale ou de les d\u00e9sinfecter au lave-vaisselle. De plus, apr\u00e8s le nettoyage et la d\u00e9sinfection, il est crucial de ranger les planches \u00e0 d\u00e9couper debout plut\u00f4t que de les empiler les unes sur les autres. Cette pratique aide \u00e0 pr\u00e9venir la contamination crois\u00e9e et \u00e0 maintenir les normes d&rsquo;hygi\u00e8ne dans les zones de pr\u00e9paration alimentaire.<\/p>\n<h3><strong>Caract\u00e9ristiques des tables de travail avec Polytop :<\/strong><\/h3>\n<ul>\n<li>Fabriqu\u00e9 en acier inoxydable 430 de calibre 18<\/li>\n<li>Tablette inf\u00e9rieure pour une meilleure stabilit\u00e9<\/li>\n<li>Facile \u00e0 assembler<\/li>\n<li>Planches \u00e0 d\u00e9couper disponibles en 0,75&Prime; et 1&Prime; d&rsquo;\u00e9paisseur<\/li>\n<\/ul>\n<h3><strong>Optional Accessories:<\/strong><\/h3>\n<ul>\n<li><a href=\"https:\/\/thorinox.com\/fr\/equipment\/tables-de-travail\/accessoires-de-table-de-travail\/tablette-inferieure-en-acier-inoxydable\/\">Tablette inf\u00e9rieure en acier inoxydable<\/a><\/li>\n<li><a href=\"https:\/\/thorinox.com\/fr\/equipment\/tables-de-travail\/accessoires-de-table-de-travail\/tablette-inferieure-en-acier-galvanise\/\">Tablette inf\u00e9rieure en acier galvanis\u00e9<\/a><\/li>\n<li><a href=\"https:\/\/thorinox.com\/fr\/equipment\/tables-de-travail\/accessoires-de-table-de-travail\/roulettes-pivotantes-2\/\">Roulettes pivotantes<\/a><\/li>\n<li><a href=\"https:\/\/thorinox.com\/fr\/categorie-produit\/tables-de-travail\/accessoires-de-table-de-travail\/renfort-en-acier-inoxydable\/\">Renfort en acier inoxydable<\/a><\/li>\n<li><a href=\"https:\/\/thorinox.com\/fr\/equipment\/tables-de-travail\/accessoires-de-table-de-travail\/renforts-en-acier-inoxydable\/\">Renfort en acier galvanis\u00e9<\/a><\/li>\n<li><a href=\"https:\/\/thorinox.com\/fr\/equipment\/tables-de-travail\/tablettes-passe-plat\/etagere-de-passage\/\">\u00c9tag\u00e8re de passage<\/a><\/li>\n<li><a href=\"https:\/\/thorinox.com\/fr\/equipment\/tables-de-travail\/accessoires-de-table-de-travail\/pieds-en-acier-inoxydable\/\">Pieds en acier inoxydable<\/a><\/li>\n<li><a href=\"https:\/\/thorinox.com\/fr\/equipment\/tables-de-travail\/accessoires-de-table-de-travail\/pieds-en-acier-galvanise\/\">Pieds en acier galvanis\u00e9<\/a><\/li>\n<li><a href=\"https:\/\/thorinox.com\/fr\/equipment\/tables-de-travail\/accessoires-de-table-de-travail\/tiroir-simple\/\">Tiroir simple<\/a><\/li>\n<li><a href=\"https:\/\/thorinox.com\/fr\/equipment\/tables-de-travail\/accessoires-de-table-de-travail\/tiroir-double\/\">Tiroir double<\/a><\/li>\n<\/ul>\n","protected":false},"excerpt":{"rendered":"<p>La table de travail avec Polytop Thorinox est con\u00e7ue pour les postes de travail commerciaux, garantissant des performances durables dans les environnements commerciaux, comme les restaurants, les food trucks et autres cuisines commerciales.<\/p>\n<h3><strong>Caract\u00e9ristiques des tables de travail avec Polytop :<\/strong><\/h3>\n<ul>\n<li>Fabriqu\u00e9 en acier inoxydable 430 de calibre 18<\/li>\n<li>Tablette inf\u00e9rieure pour une meilleure stabilit\u00e9<\/li>\n<li>Facile \u00e0 assembler<\/li>\n<li>Planches \u00e0 d\u00e9couper disponibles en 0,75&Prime; et 1&Prime; d&rsquo;\u00e9paisseur<\/li>\n<\/ul>\n<h3><strong>Optional Accessories:<\/strong><\/h3>\n<ul>\n<li><a href=\"https:\/\/thorinox.com\/fr\/equipment\/tables-de-travail\/accessoires-de-table-de-travail\/tablette-inferieure-en-acier-inoxydable\/\">Tablette inf\u00e9rieure en acier inoxydable<\/a><\/li>\n<li><a href=\"https:\/\/thorinox.com\/fr\/equipment\/tables-de-travail\/accessoires-de-table-de-travail\/tablette-inferieure-en-acier-galvanise\/\">Tablette inf\u00e9rieure en acier galvanis\u00e9<\/a><\/li>\n<li><a href=\"https:\/\/thorinox.com\/fr\/equipment\/tables-de-travail\/accessoires-de-table-de-travail\/roulettes-pivotantes-2\/\">Roulettes pivotantes<\/a><\/li>\n<li><a href=\"https:\/\/thorinox.com\/fr\/categorie-produit\/tables-de-travail\/accessoires-de-table-de-travail\/renfort-en-acier-inoxydable\/\">Renfort en acier inoxydable<\/a><\/li>\n<li><a href=\"https:\/\/thorinox.com\/fr\/equipment\/tables-de-travail\/accessoires-de-table-de-travail\/renforts-en-acier-inoxydable\/\">Renfort en acier galvanis\u00e9<\/a><\/li>\n<li><a href=\"https:\/\/thorinox.com\/fr\/equipment\/tables-de-travail\/tablettes-passe-plat\/etagere-de-passage\/\">\u00c9tag\u00e8re de passage<\/a><\/li>\n<li><a href=\"https:\/\/thorinox.com\/fr\/equipment\/tables-de-travail\/accessoires-de-table-de-travail\/pieds-en-acier-inoxydable\/\">Pieds en acier inoxydable<\/a><\/li>\n<li><a href=\"https:\/\/thorinox.com\/fr\/equipment\/tables-de-travail\/accessoires-de-table-de-travail\/pieds-en-acier-galvanise\/\">Pieds en acier galvanis\u00e9<\/a><\/li>\n<li><a href=\"https:\/\/thorinox.com\/fr\/equipment\/tables-de-travail\/accessoires-de-table-de-travail\/tiroir-simple\/\">Tiroir simple<\/a><\/li>\n<li><a href=\"https:\/\/thorinox.com\/fr\/equipment\/tables-de-travail\/accessoires-de-table-de-travail\/tiroir-double\/\">Tiroir double<\/a><\/li>\n<\/ul>\n<table>\n<thead>\n<tr>\n<th style=\"text-align: left;\">Mod\u00e8les<\/th>\n<\/tr>\n<\/thead>\n<tbody>\n<tr>\n<td>DSST-3036-PT<\/td>\n<\/tr>\n<tr>\n<td>DSST-3048-PT<\/td>\n<\/tr>\n<tr>\n<td>DSST-3060-PT<\/td>\n<\/tr>\n<tr>\n<td>DSST-3072-PT<\/td>\n<\/tr>\n<\/tbody>\n<\/table>\n<h3>Saviez-vous?<\/h3>\n<p>Les <a href=\"https:\/\/thorinox.com\/fr\/categorie-produit\/tables-de-travail\/accessoires-de-table-de-travail\/planche-a-decouper-polytop\/\">planches \u00e0 d\u00e9couper Polytop<\/a> doivent \u00eatre lav\u00e9es et d\u00e9sinfect\u00e9es apr\u00e8s chaque utilisation. Il suffit de nettoyer \u00e0 l&rsquo;eau ti\u00e8de et le savon ne tuera pas les bact\u00e9ries. Pour d\u00e9sinfecter, vous devez utiliser un d\u00e9sinfectant de qualit\u00e9 commerciale ou mettre la bouture planches au lave-vaisselle. Une fois les planches \u00e0 d\u00e9couper soigneusement nettoy\u00e9es et d\u00e9sinfect\u00e9es, rangez-les placez-les debout et non empil\u00e9s les uns sur les autres.<\/p>\n","protected":false},"featured_media":7332,"comment_status":"open","ping_status":"closed","template":"","meta":[],"product_cat":[261,266],"product_tag":[],"yoast_head":"<!-- This site is optimized with the Yoast SEO plugin v23.3 - https:\/\/yoast.com\/wordpress\/plugins\/seo\/ -->\n<title>Table de travail Polytop | \u00c9quipement pour restaurant | Thorinox | Montr\u00e9al<\/title>\n<meta name=\"description\" content=\"La table de travail avec Polytop Thorinox de haute qualit\u00e9, est parfaite pour les postes de travail dans les \u00e9tablissements commerciaux et industriels.\" \/>\n<meta name=\"robots\" content=\"index, follow, max-snippet:-1, max-image-preview:large, max-video-preview:-1\" \/>\n<link rel=\"canonical\" href=\"https:\/\/thorinox.com\/fr\/equipment\/tables-de-travail\/tables-de-travail-avec-polytop\/table-de-travail-avec-polytop\/\" \/>\n<meta property=\"og:locale\" content=\"fr_FR\" \/>\n<meta property=\"og:type\" content=\"article\" \/>\n<meta property=\"og:title\" content=\"Table de travail Polytop | \u00c9quipement pour restaurant | Thorinox | Montr\u00e9al\" \/>\n<meta property=\"og:description\" content=\"La table de travail avec Polytop Thorinox de haute qualit\u00e9, est parfaite pour les postes de travail dans les \u00e9tablissements commerciaux et industriels.\" \/>\n<meta property=\"og:url\" content=\"https:\/\/thorinox.com\/fr\/equipment\/tables-de-travail\/tables-de-travail-avec-polytop\/table-de-travail-avec-polytop\/\" \/>\n<meta property=\"og:site_name\" content=\"Thorinox\" \/>\n<meta property=\"article:modified_time\" content=\"2024-04-22T18:04:02+00:00\" \/>\n<meta property=\"og:image\" content=\"https:\/\/thorinox.com\/wp-content\/uploads\/2024\/03\/Thorinox-high-quality-stainless-steel-commercial-kitchen-equipment-work-table-with-polytop.png\" \/>\n\t<meta property=\"og:image:width\" content=\"800\" \/>\n\t<meta property=\"og:image:height\" content=\"900\" \/>\n\t<meta property=\"og:image:type\" content=\"image\/png\" \/>\n<meta name=\"twitter:card\" content=\"summary_large_image\" \/>\n<meta name=\"twitter:label1\" content=\"Dur\u00e9e de lecture estim\u00e9e\" \/>\n\t<meta name=\"twitter:data1\" content=\"3 minutes\" \/>\n<script type=\"application\/ld+json\" class=\"yoast-schema-graph\">{\"@context\":\"https:\/\/schema.org\",\"@graph\":[{\"@type\":\"WebPage\",\"@id\":\"https:\/\/thorinox.com\/fr\/equipment\/tables-de-travail\/tables-de-travail-avec-polytop\/table-de-travail-avec-polytop\/\",\"url\":\"https:\/\/thorinox.com\/fr\/equipment\/tables-de-travail\/tables-de-travail-avec-polytop\/table-de-travail-avec-polytop\/\",\"name\":\"Table de travail Polytop | \u00c9quipement pour restaurant | Thorinox | Montr\u00e9al\",\"isPartOf\":{\"@id\":\"https:\/\/thorinox.com\/fr\/#website\"},\"primaryImageOfPage\":{\"@id\":\"https:\/\/thorinox.com\/fr\/equipment\/tables-de-travail\/tables-de-travail-avec-polytop\/table-de-travail-avec-polytop\/#primaryimage\"},\"image\":{\"@id\":\"https:\/\/thorinox.com\/fr\/equipment\/tables-de-travail\/tables-de-travail-avec-polytop\/table-de-travail-avec-polytop\/#primaryimage\"},\"thumbnailUrl\":\"https:\/\/thorinox.com\/wp-content\/uploads\/2024\/03\/Thorinox-high-quality-stainless-steel-commercial-kitchen-equipment-work-table-with-polytop.png\",\"datePublished\":\"2024-03-29T18:05:45+00:00\",\"dateModified\":\"2024-04-22T18:04:02+00:00\",\"description\":\"La table de travail avec Polytop Thorinox de haute qualit\u00e9, est parfaite pour les postes de travail dans les \u00e9tablissements commerciaux et industriels.\",\"breadcrumb\":{\"@id\":\"https:\/\/thorinox.com\/fr\/equipment\/tables-de-travail\/tables-de-travail-avec-polytop\/table-de-travail-avec-polytop\/#breadcrumb\"},\"inLanguage\":\"fr-FR\",\"potentialAction\":[{\"@type\":\"ReadAction\",\"target\":[\"https:\/\/thorinox.com\/fr\/equipment\/tables-de-travail\/tables-de-travail-avec-polytop\/table-de-travail-avec-polytop\/\"]}]},{\"@type\":\"ImageObject\",\"inLanguage\":\"fr-FR\",\"@id\":\"https:\/\/thorinox.com\/fr\/equipment\/tables-de-travail\/tables-de-travail-avec-polytop\/table-de-travail-avec-polytop\/#primaryimage\",\"url\":\"https:\/\/thorinox.com\/wp-content\/uploads\/2024\/03\/Thorinox-high-quality-stainless-steel-commercial-kitchen-equipment-work-table-with-polytop.png\",\"contentUrl\":\"https:\/\/thorinox.com\/wp-content\/uploads\/2024\/03\/Thorinox-high-quality-stainless-steel-commercial-kitchen-equipment-work-table-with-polytop.png\",\"width\":800,\"height\":900,\"caption\":\"Ceci est une image d'une table en polytop de Thorinox. Thorinox est un \u00e9quipement en acier inoxydable de haute qualit\u00e9 destin\u00e9 aux restaurants et autres types de postes de travail.\"},{\"@type\":\"BreadcrumbList\",\"@id\":\"https:\/\/thorinox.com\/fr\/equipment\/tables-de-travail\/tables-de-travail-avec-polytop\/table-de-travail-avec-polytop\/#breadcrumb\",\"itemListElement\":[{\"@type\":\"ListItem\",\"position\":1,\"name\":\"Home\",\"item\":\"https:\/\/thorinox.com\/fr\/\"},{\"@type\":\"ListItem\",\"position\":2,\"name\":\"Produits\",\"item\":\"https:\/\/thorinox.com\/fr\/shop\/\"},{\"@type\":\"ListItem\",\"position\":3,\"name\":\"Table de travail avec Polytop\"}]},{\"@type\":\"WebSite\",\"@id\":\"https:\/\/thorinox.com\/fr\/#website\",\"url\":\"https:\/\/thorinox.com\/fr\/\",\"name\":\"Thorinox\",\"description\":\"High Quality Stainless Steel Equipment\",\"publisher\":{\"@id\":\"https:\/\/thorinox.com\/fr\/#organization\"},\"potentialAction\":[{\"@type\":\"SearchAction\",\"target\":{\"@type\":\"EntryPoint\",\"urlTemplate\":\"https:\/\/thorinox.com\/fr\/?s={search_term_string}\"},\"query-input\":\"required name=search_term_string\"}],\"inLanguage\":\"fr-FR\"},{\"@type\":\"Organization\",\"@id\":\"https:\/\/thorinox.com\/fr\/#organization\",\"name\":\"Thorinox\",\"url\":\"https:\/\/thorinox.com\/fr\/\",\"logo\":{\"@type\":\"ImageObject\",\"inLanguage\":\"fr-FR\",\"@id\":\"https:\/\/thorinox.com\/fr\/#\/schema\/logo\/image\/\",\"url\":\"https:\/\/thorinox.com\/wp-content\/uploads\/2024\/02\/Thorinox-logo-high-quality-stainless-steel-equipment.png\",\"contentUrl\":\"https:\/\/thorinox.com\/wp-content\/uploads\/2024\/02\/Thorinox-logo-high-quality-stainless-steel-equipment.png\",\"width\":546,\"height\":100,\"caption\":\"Thorinox\"},\"image\":{\"@id\":\"https:\/\/thorinox.com\/fr\/#\/schema\/logo\/image\/\"}}]}<\/script>\n<!-- \/ Yoast SEO plugin. -->","yoast_head_json":{"title":"Table de travail Polytop | \u00c9quipement pour restaurant | Thorinox | Montr\u00e9al","description":"La table de travail avec Polytop Thorinox de haute qualit\u00e9, est parfaite pour les postes de travail dans les \u00e9tablissements commerciaux et industriels.","robots":{"index":"index","follow":"follow","max-snippet":"max-snippet:-1","max-image-preview":"max-image-preview:large","max-video-preview":"max-video-preview:-1"},"canonical":"https:\/\/thorinox.com\/fr\/equipment\/tables-de-travail\/tables-de-travail-avec-polytop\/table-de-travail-avec-polytop\/","og_locale":"fr_FR","og_type":"article","og_title":"Table de travail Polytop | \u00c9quipement pour restaurant | Thorinox | Montr\u00e9al","og_description":"La table de travail avec Polytop Thorinox de haute qualit\u00e9, est parfaite pour les postes de travail dans les \u00e9tablissements commerciaux et industriels.","og_url":"https:\/\/thorinox.com\/fr\/equipment\/tables-de-travail\/tables-de-travail-avec-polytop\/table-de-travail-avec-polytop\/","og_site_name":"Thorinox","article_modified_time":"2024-04-22T18:04:02+00:00","og_image":[{"width":800,"height":900,"url":"https:\/\/thorinox.com\/wp-content\/uploads\/2024\/03\/Thorinox-high-quality-stainless-steel-commercial-kitchen-equipment-work-table-with-polytop.png","type":"image\/png"}],"twitter_card":"summary_large_image","twitter_misc":{"Dur\u00e9e de lecture estim\u00e9e":"3 minutes"},"schema":{"@context":"https:\/\/schema.org","@graph":[{"@type":"WebPage","@id":"https:\/\/thorinox.com\/fr\/equipment\/tables-de-travail\/tables-de-travail-avec-polytop\/table-de-travail-avec-polytop\/","url":"https:\/\/thorinox.com\/fr\/equipment\/tables-de-travail\/tables-de-travail-avec-polytop\/table-de-travail-avec-polytop\/","name":"Table de travail Polytop | \u00c9quipement pour restaurant | Thorinox | Montr\u00e9al","isPartOf":{"@id":"https:\/\/thorinox.com\/fr\/#website"},"primaryImageOfPage":{"@id":"https:\/\/thorinox.com\/fr\/equipment\/tables-de-travail\/tables-de-travail-avec-polytop\/table-de-travail-avec-polytop\/#primaryimage"},"image":{"@id":"https:\/\/thorinox.com\/fr\/equipment\/tables-de-travail\/tables-de-travail-avec-polytop\/table-de-travail-avec-polytop\/#primaryimage"},"thumbnailUrl":"https:\/\/thorinox.com\/wp-content\/uploads\/2024\/03\/Thorinox-high-quality-stainless-steel-commercial-kitchen-equipment-work-table-with-polytop.png","datePublished":"2024-03-29T18:05:45+00:00","dateModified":"2024-04-22T18:04:02+00:00","description":"La table de travail avec Polytop Thorinox de haute qualit\u00e9, est parfaite pour les postes de travail dans les \u00e9tablissements commerciaux et industriels.","breadcrumb":{"@id":"https:\/\/thorinox.com\/fr\/equipment\/tables-de-travail\/tables-de-travail-avec-polytop\/table-de-travail-avec-polytop\/#breadcrumb"},"inLanguage":"fr-FR","potentialAction":[{"@type":"ReadAction","target":["https:\/\/thorinox.com\/fr\/equipment\/tables-de-travail\/tables-de-travail-avec-polytop\/table-de-travail-avec-polytop\/"]}]},{"@type":"ImageObject","inLanguage":"fr-FR","@id":"https:\/\/thorinox.com\/fr\/equipment\/tables-de-travail\/tables-de-travail-avec-polytop\/table-de-travail-avec-polytop\/#primaryimage","url":"https:\/\/thorinox.com\/wp-content\/uploads\/2024\/03\/Thorinox-high-quality-stainless-steel-commercial-kitchen-equipment-work-table-with-polytop.png","contentUrl":"https:\/\/thorinox.com\/wp-content\/uploads\/2024\/03\/Thorinox-high-quality-stainless-steel-commercial-kitchen-equipment-work-table-with-polytop.png","width":800,"height":900,"caption":"Ceci est une image d'une table en polytop de Thorinox. Thorinox est un \u00e9quipement en acier inoxydable de haute qualit\u00e9 destin\u00e9 aux restaurants et autres types de postes de travail."},{"@type":"BreadcrumbList","@id":"https:\/\/thorinox.com\/fr\/equipment\/tables-de-travail\/tables-de-travail-avec-polytop\/table-de-travail-avec-polytop\/#breadcrumb","itemListElement":[{"@type":"ListItem","position":1,"name":"Home","item":"https:\/\/thorinox.com\/fr\/"},{"@type":"ListItem","position":2,"name":"Produits","item":"https:\/\/thorinox.com\/fr\/shop\/"},{"@type":"ListItem","position":3,"name":"Table de travail avec Polytop"}]},{"@type":"WebSite","@id":"https:\/\/thorinox.com\/fr\/#website","url":"https:\/\/thorinox.com\/fr\/","name":"Thorinox","description":"High Quality Stainless Steel Equipment","publisher":{"@id":"https:\/\/thorinox.com\/fr\/#organization"},"potentialAction":[{"@type":"SearchAction","target":{"@type":"EntryPoint","urlTemplate":"https:\/\/thorinox.com\/fr\/?s={search_term_string}"},"query-input":"required name=search_term_string"}],"inLanguage":"fr-FR"},{"@type":"Organization","@id":"https:\/\/thorinox.com\/fr\/#organization","name":"Thorinox","url":"https:\/\/thorinox.com\/fr\/","logo":{"@type":"ImageObject","inLanguage":"fr-FR","@id":"https:\/\/thorinox.com\/fr\/#\/schema\/logo\/image\/","url":"https:\/\/thorinox.com\/wp-content\/uploads\/2024\/02\/Thorinox-logo-high-quality-stainless-steel-equipment.png","contentUrl":"https:\/\/thorinox.com\/wp-content\/uploads\/2024\/02\/Thorinox-logo-high-quality-stainless-steel-equipment.png","width":546,"height":100,"caption":"Thorinox"},"image":{"@id":"https:\/\/thorinox.com\/fr\/#\/schema\/logo\/image\/"}}]}},"_links":{"self":[{"href":"https:\/\/thorinox.com\/fr\/wp-json\/wp\/v2\/product\/10361"}],"collection":[{"href":"https:\/\/thorinox.com\/fr\/wp-json\/wp\/v2\/product"}],"about":[{"href":"https:\/\/thorinox.com\/fr\/wp-json\/wp\/v2\/types\/product"}],"replies":[{"embeddable":true,"href":"https:\/\/thorinox.com\/fr\/wp-json\/wp\/v2\/comments?post=10361"}],"wp:featuredmedia":[{"embeddable":true,"href":"https:\/\/thorinox.com\/fr\/wp-json\/wp\/v2\/media\/7332"}],"wp:attachment":[{"href":"https:\/\/thorinox.com\/fr\/wp-json\/wp\/v2\/media?parent=10361"}],"wp:term":[{"taxonomy":"product_cat","embeddable":true,"href":"https:\/\/thorinox.com\/fr\/wp-json\/wp\/v2\/product_cat?post=10361"},{"taxonomy":"product_tag","embeddable":true,"href":"https:\/\/thorinox.com\/fr\/wp-json\/wp\/v2\/product_tag?post=10361"}],"curies":[{"name":"wp","href":"https:\/\/api.w.org\/{rel}","templated":true}]}}