{"id":10360,"date":"2024-03-29T14:12:11","date_gmt":"2024-03-29T18:12:11","guid":{"rendered":"https:\/\/thorinox.com\/equipment\/non%20class\u00e9\/planche-a-decouper-polytop\/"},"modified":"2024-04-22T13:59:10","modified_gmt":"2024-04-22T17:59:10","slug":"planche-a-decouper-polytop","status":"publish","type":"product","link":"https:\/\/thorinox.com\/fr\/equipment\/tables-de-travail\/accessoires-de-table-de-travail\/planche-a-decouper-polytop\/","title":{"rendered":"Planche \u00e0 d\u00e9couper Polytop"},"content":{"rendered":"<h3>Pr\u00e9sentation de la planche \u00e0 d\u00e9couper Polytop\u00a0: am\u00e9liorer l&rsquo;efficacit\u00e9 des cuisines commerciales<\/h3>\n<p>Nos tables de travail en acier inoxydable avec Polytop sont m\u00e9ticuleusement con\u00e7ues pour offrir des solutions de travail efficaces et durables aux cuisines commerciales et aux \u00e9tablissements de restauration. Ces tables offrent suffisamment d&rsquo;espace de travail pour diverses t\u00e2ches de pr\u00e9paration des aliments. Nous les fabriquons \u00e0 partir d&rsquo;acier inoxydable de haute qualit\u00e9 et de surfaces en polytop durables, garantissant qu&rsquo;ils disposent de pieds renforc\u00e9s et d&rsquo;une construction robuste, leur permettant de r\u00e9sister \u00e0 une utilisation intensive dans des environnements de cuisine tr\u00e8s fr\u00e9quent\u00e9s. De plus, ils sont faciles \u00e0 nettoyer et \u00e0 entretenir, garantissant ainsi qu\u2019ils r\u00e9pondent toujours aux normes d\u2019hygi\u00e8ne. Ils sont disponibles dans une vari\u00e9t\u00e9 de tailles et de configurations, permettant une personnalisation pour s&rsquo;adapter \u00e0 diff\u00e9rentes exigences et configurations d&rsquo;espace de travail.<\/p>\n<p>De plus, qu&rsquo;elles soient utilis\u00e9es comme postes de travail autonomes ou int\u00e9gr\u00e9es dans des configurations de cuisine existantes, nos tables de travail en acier inoxydable avec Polytop offrent polyvalence et fonctionnalit\u00e9. De la pr\u00e9paration et du dressage des aliments au stockage et \u00e0 l&rsquo;organisation, ces tables fournissent l&rsquo;espace de travail essentiel n\u00e9cessaire pour rationaliser les op\u00e9rations. De plus, ils am\u00e9liorent la productivit\u00e9 dans tout environnement de restauration. Fabriqu\u00e9es avec un savoir-faire de qualit\u00e9 et soutenues par notre engagement envers la satisfaction du client, nos tables de travail sont con\u00e7ues pour offrir des performances et une fiabilit\u00e9 exceptionnelles pour les ann\u00e9es \u00e0 venir.<\/p>\n<p>Saviez-vous que garantir la s\u00e9curit\u00e9 alimentaire dans les cuisines commerciales repose en grande partie sur un bon entretien des planches \u00e0 d\u00e9couper\u00a0? Apr\u00e8s chaque utilisation, il est essentiel de bien laver et d\u00e9sinfecter les planches \u00e0 d\u00e9couper. Le simple fait de les nettoyer avec de l\u2019eau ti\u00e8de et du savon ne peut pas \u00e9liminer efficacement les bact\u00e9ries. Pour les d\u00e9sinfecter, il est recommand\u00e9 d&rsquo;utiliser des solutions d\u00e9sinfectantes de qualit\u00e9 commerciale ou de les d\u00e9sinfecter au lave-vaisselle. De plus, apr\u00e8s le nettoyage et la d\u00e9sinfection, il est essentiel de ranger les planches \u00e0 d\u00e9couper \u00e0 la verticale plut\u00f4t que de les empiler les unes sur les autres. Cette pratique permet de pr\u00e9venir la contamination crois\u00e9e et de maintenir les normes d\u2019hygi\u00e8ne dans les zones de pr\u00e9paration des aliments.<\/p>\n<h3>Tables de travail avec Polytop Caract\u00e9ristiques\u00a0:<\/h3>\n<ul>\n<li>Fabriqu\u00e9 en acier inoxydable 430 de calibre 18<\/li>\n<li>Tablette inf\u00e9rieure pour une meilleure stabilit\u00e9<\/li>\n<li>Facile \u00e0 assembler<\/li>\n<li>Planches \u00e0 d\u00e9couper disponibles en 0,75&Prime; et 1&Prime; d&rsquo;\u00e9paisseur<\/li>\n<\/ul>\n<h3>Autres accessoires :<\/h3>\n<ul>\n<li><a href=\"https:\/\/thorinox.com\/fr\/equipment\/tables-de-travail\/accessoires-de-table-de-travail\/tablette-inferieure-en-acier-inoxydable\/\">Tablette inf\u00e9rieure en acier inoxydable<\/a><\/li>\n<li><a href=\"https:\/\/thorinox.com\/fr\/equipment\/tables-de-travail\/accessoires-de-table-de-travail\/tablette-inferieure-en-acier-galvanise\/\">Tablette inf\u00e9rieure en acier galvanis\u00e9<\/a><\/li>\n<li><a href=\"https:\/\/thorinox.com\/fr\/equipment\/tables-de-travail\/accessoires-de-table-de-travail\/roulettes-pivotantes-2\/\">Roulettes pivotantes<\/a><\/li>\n<li><a href=\"https:\/\/thorinox.com\/fr\/categorie-produit\/tables-de-travail\/accessoires-de-table-de-travail\/renfort-en-acier-inoxydable\/\">Renfort en acier inoxydable<\/a><\/li>\n<li><a href=\"https:\/\/thorinox.com\/fr\/equipment\/tables-de-travail\/accessoires-de-table-de-travail\/renforts-en-acier-inoxydable\/\">Renfort en acier galvanis\u00e9<\/a><\/li>\n<li><a href=\"https:\/\/thorinox.com\/fr\/equipment\/tables-de-travail\/tablettes-passe-plat\/etagere-de-passage\/\">\u00c9tag\u00e8re de passage<\/a><\/li>\n<li><a href=\"https:\/\/thorinox.com\/fr\/equipment\/tables-de-travail\/accessoires-de-table-de-travail\/pieds-en-acier-inoxydable\/\">Pieds en acier inoxydable<\/a><\/li>\n<li><a href=\"https:\/\/thorinox.com\/fr\/equipment\/tables-de-travail\/accessoires-de-table-de-travail\/pieds-en-acier-galvanise\/\">Pieds en acier galvanis\u00e9<\/a><\/li>\n<li><a href=\"https:\/\/thorinox.com\/fr\/equipment\/tables-de-travail\/accessoires-de-table-de-travail\/tiroir-simple\/\">Tiroir simple<\/a><\/li>\n<li><a href=\"https:\/\/thorinox.com\/fr\/equipment\/tables-de-travail\/accessoires-de-table-de-travail\/tiroir-double\/\">Tiroir double<\/a><\/li>\n<\/ul>\n","protected":false},"excerpt":{"rendered":"<p>La planche \u00e0 d\u00e9couper Polytop est con\u00e7ue pour les postes de travail commerciaux, garantissant des performances durables dans les environnements commerciaux, comme les restaurants, les food trucks et autres cuisines commerciales.<\/p>\n<h3>Caract\u00e9ristiques Standards :<\/h3>\n<ul>\n<li>Fabriqu\u00e9 en acier inoxydable 430 de calibre 18<\/li>\n<li>Tablette inf\u00e9rieure pour une meilleure stabilit\u00e9<\/li>\n<li>Facile \u00e0 assembler<\/li>\n<li><a href=\"https:\/\/thorinox.com\/fr\/categorie-produit\/tables-de-travail\/accessoires-de-table-de-travail\/planche-a-decouper-polytop\/\">Planches \u00e0 d\u00e9couper Polytop<\/a> disponibles en 0,75&Prime; et 1&Prime; d&rsquo;\u00e9paisseur<\/li>\n<\/ul>\n<h3>Autres accessoires :<\/h3>\n<ul>\n<li><a href=\"https:\/\/thorinox.com\/fr\/equipment\/tables-de-travail\/accessoires-de-table-de-travail\/tablette-inferieure-en-acier-inoxydable\/\">Tablette inf\u00e9rieure en acier inoxydable<\/a><\/li>\n<li><a href=\"https:\/\/thorinox.com\/fr\/equipment\/tables-de-travail\/accessoires-de-table-de-travail\/tablette-inferieure-en-acier-galvanise\/\">Tablette inf\u00e9rieure en acier galvanis\u00e9<\/a><\/li>\n<li><a href=\"https:\/\/thorinox.com\/fr\/equipment\/tables-de-travail\/accessoires-de-table-de-travail\/roulettes-pivotantes-2\/\">Roulettes pivotantes<\/a><\/li>\n<li><a href=\"https:\/\/thorinox.com\/fr\/categorie-produit\/tables-de-travail\/accessoires-de-table-de-travail\/renfort-en-acier-inoxydable\/\">Renfort en acier inoxydable<\/a><\/li>\n<li><a href=\"https:\/\/thorinox.com\/fr\/equipment\/tables-de-travail\/accessoires-de-table-de-travail\/renforts-en-acier-inoxydable\/\">Renfort en acier galvanis\u00e9<\/a><\/li>\n<li><a href=\"https:\/\/thorinox.com\/fr\/equipment\/tables-de-travail\/tablettes-passe-plat\/etagere-de-passage\/\">\u00c9tag\u00e8re de passage<\/a><\/li>\n<li><a href=\"https:\/\/thorinox.com\/fr\/equipment\/tables-de-travail\/accessoires-de-table-de-travail\/pieds-en-acier-inoxydable\/\">Pieds en acier inoxydable<\/a><\/li>\n<li><a href=\"https:\/\/thorinox.com\/fr\/equipment\/tables-de-travail\/accessoires-de-table-de-travail\/pieds-en-acier-galvanise\/\">Pieds en acier galvanis\u00e9<\/a><\/li>\n<li><a href=\"https:\/\/thorinox.com\/fr\/equipment\/tables-de-travail\/accessoires-de-table-de-travail\/tiroir-simple\/\">Tiroir simple<\/a><\/li>\n<li><a href=\"https:\/\/thorinox.com\/fr\/equipment\/tables-de-travail\/accessoires-de-table-de-travail\/tiroir-double\/\">Tiroir double<\/a><\/li>\n<\/ul>\n<h3>0,75&Prime; d&rsquo;\u00e9paisseur<\/h3>\n<table>\n<thead>\n<tr>\n<th style=\"text-align: left;\">Mod\u00e8les<\/th>\n<\/tr>\n<\/thead>\n<tbody>\n<tr>\n<td>TCB-3036-19<\/td>\n<\/tr>\n<tr>\n<td>TCB-3048-19<\/td>\n<\/tr>\n<tr>\n<td>TCB-3060-19<\/td>\n<\/tr>\n<tr>\n<td>TCB-3072-19<\/td>\n<\/tr>\n<\/tbody>\n<\/table>\n<h3>1&Prime; \u00c9paisseur<\/h3>\n<table>\n<thead>\n<tr>\n<th style=\"text-align: left;\">Mod\u00e8les<\/th>\n<\/tr>\n<\/thead>\n<tbody>\n<tr>\n<td>TCB-3036-25<\/td>\n<\/tr>\n<tr>\n<td>TCB-3048-25<\/td>\n<\/tr>\n<tr>\n<td>TCB-3060-25<\/td>\n<\/tr>\n<tr>\n<td>TCB-3072-25<\/td>\n<\/tr>\n<\/tbody>\n<\/table>\n<h3>Saviez-vous?<\/h3>\n<p>Les planches \u00e0 d\u00e9couper Polytop doivent \u00eatre lav\u00e9es et d\u00e9sinfect\u00e9es apr\u00e8s chaque utilisation. Il suffit de nettoyer \u00e0 l&rsquo;eau ti\u00e8de et le savon ne tuera pas les bact\u00e9ries. Pour d\u00e9sinfecter, vous devez utiliser un d\u00e9sinfectant de qualit\u00e9 commerciale ou mettre la bouture planches au lave-vaisselle. Une fois les planches \u00e0 d\u00e9couper soigneusement nettoy\u00e9es et d\u00e9sinfect\u00e9es, rangez-les placez-les debout et non empil\u00e9s les uns sur les autres.<\/p>\n","protected":false},"featured_media":8253,"comment_status":"open","ping_status":"closed","template":"","meta":[],"product_cat":[265,261,266],"product_tag":[],"yoast_head":"<!-- This site is optimized with the Yoast SEO plugin v23.3 - https:\/\/yoast.com\/wordpress\/plugins\/seo\/ -->\n<title>Planche \u00e0 d\u00e9couper Polytop | \u00c9quipement pour restaurant | Thorinox | Montr\u00e9al<\/title>\n<meta name=\"description\" content=\"La planche \u00e0 d\u00e9couper en Polytop Thorinox de haute qualit\u00e9, est parfaite pour les postes de travail dans les \u00e9tablissements commerciaux et industriels.\" \/>\n<meta name=\"robots\" content=\"index, follow, max-snippet:-1, max-image-preview:large, max-video-preview:-1\" \/>\n<link rel=\"canonical\" href=\"https:\/\/thorinox.com\/fr\/equipment\/tables-de-travail\/accessoires-de-table-de-travail\/planche-a-decouper-polytop\/\" \/>\n<meta property=\"og:locale\" content=\"fr_FR\" \/>\n<meta property=\"og:type\" content=\"article\" \/>\n<meta property=\"og:title\" content=\"Planche \u00e0 d\u00e9couper Polytop | \u00c9quipement pour restaurant | Thorinox | Montr\u00e9al\" \/>\n<meta property=\"og:description\" content=\"La planche \u00e0 d\u00e9couper en Polytop Thorinox de haute qualit\u00e9, est parfaite pour les postes de travail dans les \u00e9tablissements commerciaux et industriels.\" \/>\n<meta property=\"og:url\" content=\"https:\/\/thorinox.com\/fr\/equipment\/tables-de-travail\/accessoires-de-table-de-travail\/planche-a-decouper-polytop\/\" \/>\n<meta property=\"og:site_name\" content=\"Thorinox\" \/>\n<meta property=\"article:modified_time\" content=\"2024-04-22T17:59:10+00:00\" \/>\n<meta property=\"og:image\" content=\"https:\/\/thorinox.com\/wp-content\/uploads\/2024\/03\/Thorinox-high-quality-stainless-steel-commercial-kitchen-equipment-polytop.png\" \/>\n\t<meta property=\"og:image:width\" content=\"800\" \/>\n\t<meta property=\"og:image:height\" content=\"900\" \/>\n\t<meta property=\"og:image:type\" content=\"image\/png\" \/>\n<meta name=\"twitter:card\" content=\"summary_large_image\" \/>\n<meta name=\"twitter:label1\" content=\"Dur\u00e9e de lecture estim\u00e9e\" \/>\n\t<meta name=\"twitter:data1\" content=\"3 minutes\" \/>\n<script type=\"application\/ld+json\" class=\"yoast-schema-graph\">{\"@context\":\"https:\/\/schema.org\",\"@graph\":[{\"@type\":\"WebPage\",\"@id\":\"https:\/\/thorinox.com\/fr\/equipment\/tables-de-travail\/accessoires-de-table-de-travail\/planche-a-decouper-polytop\/\",\"url\":\"https:\/\/thorinox.com\/fr\/equipment\/tables-de-travail\/accessoires-de-table-de-travail\/planche-a-decouper-polytop\/\",\"name\":\"Planche \u00e0 d\u00e9couper Polytop | \u00c9quipement pour restaurant | Thorinox | Montr\u00e9al\",\"isPartOf\":{\"@id\":\"https:\/\/thorinox.com\/fr\/#website\"},\"primaryImageOfPage\":{\"@id\":\"https:\/\/thorinox.com\/fr\/equipment\/tables-de-travail\/accessoires-de-table-de-travail\/planche-a-decouper-polytop\/#primaryimage\"},\"image\":{\"@id\":\"https:\/\/thorinox.com\/fr\/equipment\/tables-de-travail\/accessoires-de-table-de-travail\/planche-a-decouper-polytop\/#primaryimage\"},\"thumbnailUrl\":\"https:\/\/thorinox.com\/wp-content\/uploads\/2024\/03\/Thorinox-high-quality-stainless-steel-commercial-kitchen-equipment-polytop.png\",\"datePublished\":\"2024-03-29T18:12:11+00:00\",\"dateModified\":\"2024-04-22T17:59:10+00:00\",\"description\":\"La planche \u00e0 d\u00e9couper en Polytop Thorinox de haute qualit\u00e9, est parfaite pour les postes de travail dans les \u00e9tablissements commerciaux et industriels.\",\"breadcrumb\":{\"@id\":\"https:\/\/thorinox.com\/fr\/equipment\/tables-de-travail\/accessoires-de-table-de-travail\/planche-a-decouper-polytop\/#breadcrumb\"},\"inLanguage\":\"fr-FR\",\"potentialAction\":[{\"@type\":\"ReadAction\",\"target\":[\"https:\/\/thorinox.com\/fr\/equipment\/tables-de-travail\/accessoires-de-table-de-travail\/planche-a-decouper-polytop\/\"]}]},{\"@type\":\"ImageObject\",\"inLanguage\":\"fr-FR\",\"@id\":\"https:\/\/thorinox.com\/fr\/equipment\/tables-de-travail\/accessoires-de-table-de-travail\/planche-a-decouper-polytop\/#primaryimage\",\"url\":\"https:\/\/thorinox.com\/wp-content\/uploads\/2024\/03\/Thorinox-high-quality-stainless-steel-commercial-kitchen-equipment-polytop.png\",\"contentUrl\":\"https:\/\/thorinox.com\/wp-content\/uploads\/2024\/03\/Thorinox-high-quality-stainless-steel-commercial-kitchen-equipment-polytop.png\",\"width\":800,\"height\":900,\"caption\":\"Ceci est une image d'une table en polytop de Thorinox. Thorinox est un \u00e9quipement en acier inoxydable de haute qualit\u00e9 destin\u00e9 aux restaurants et autres types de postes de travail.\"},{\"@type\":\"BreadcrumbList\",\"@id\":\"https:\/\/thorinox.com\/fr\/equipment\/tables-de-travail\/accessoires-de-table-de-travail\/planche-a-decouper-polytop\/#breadcrumb\",\"itemListElement\":[{\"@type\":\"ListItem\",\"position\":1,\"name\":\"Home\",\"item\":\"https:\/\/thorinox.com\/fr\/\"},{\"@type\":\"ListItem\",\"position\":2,\"name\":\"Produits\",\"item\":\"https:\/\/thorinox.com\/fr\/shop\/\"},{\"@type\":\"ListItem\",\"position\":3,\"name\":\"Planche \u00e0 d\u00e9couper Polytop\"}]},{\"@type\":\"WebSite\",\"@id\":\"https:\/\/thorinox.com\/fr\/#website\",\"url\":\"https:\/\/thorinox.com\/fr\/\",\"name\":\"Thorinox\",\"description\":\"High Quality Stainless Steel Equipment\",\"publisher\":{\"@id\":\"https:\/\/thorinox.com\/fr\/#organization\"},\"potentialAction\":[{\"@type\":\"SearchAction\",\"target\":{\"@type\":\"EntryPoint\",\"urlTemplate\":\"https:\/\/thorinox.com\/fr\/?s={search_term_string}\"},\"query-input\":\"required name=search_term_string\"}],\"inLanguage\":\"fr-FR\"},{\"@type\":\"Organization\",\"@id\":\"https:\/\/thorinox.com\/fr\/#organization\",\"name\":\"Thorinox\",\"url\":\"https:\/\/thorinox.com\/fr\/\",\"logo\":{\"@type\":\"ImageObject\",\"inLanguage\":\"fr-FR\",\"@id\":\"https:\/\/thorinox.com\/fr\/#\/schema\/logo\/image\/\",\"url\":\"https:\/\/thorinox.com\/wp-content\/uploads\/2024\/02\/Thorinox-logo-high-quality-stainless-steel-equipment.png\",\"contentUrl\":\"https:\/\/thorinox.com\/wp-content\/uploads\/2024\/02\/Thorinox-logo-high-quality-stainless-steel-equipment.png\",\"width\":546,\"height\":100,\"caption\":\"Thorinox\"},\"image\":{\"@id\":\"https:\/\/thorinox.com\/fr\/#\/schema\/logo\/image\/\"}}]}<\/script>\n<!-- \/ Yoast SEO plugin. -->","yoast_head_json":{"title":"Planche \u00e0 d\u00e9couper Polytop | \u00c9quipement pour restaurant | Thorinox | Montr\u00e9al","description":"La planche \u00e0 d\u00e9couper en Polytop Thorinox de haute qualit\u00e9, est parfaite pour les postes de travail dans les \u00e9tablissements commerciaux et industriels.","robots":{"index":"index","follow":"follow","max-snippet":"max-snippet:-1","max-image-preview":"max-image-preview:large","max-video-preview":"max-video-preview:-1"},"canonical":"https:\/\/thorinox.com\/fr\/equipment\/tables-de-travail\/accessoires-de-table-de-travail\/planche-a-decouper-polytop\/","og_locale":"fr_FR","og_type":"article","og_title":"Planche \u00e0 d\u00e9couper Polytop | \u00c9quipement pour restaurant | Thorinox | Montr\u00e9al","og_description":"La planche \u00e0 d\u00e9couper en Polytop Thorinox de haute qualit\u00e9, est parfaite pour les postes de travail dans les \u00e9tablissements commerciaux et industriels.","og_url":"https:\/\/thorinox.com\/fr\/equipment\/tables-de-travail\/accessoires-de-table-de-travail\/planche-a-decouper-polytop\/","og_site_name":"Thorinox","article_modified_time":"2024-04-22T17:59:10+00:00","og_image":[{"width":800,"height":900,"url":"https:\/\/thorinox.com\/wp-content\/uploads\/2024\/03\/Thorinox-high-quality-stainless-steel-commercial-kitchen-equipment-polytop.png","type":"image\/png"}],"twitter_card":"summary_large_image","twitter_misc":{"Dur\u00e9e de lecture estim\u00e9e":"3 minutes"},"schema":{"@context":"https:\/\/schema.org","@graph":[{"@type":"WebPage","@id":"https:\/\/thorinox.com\/fr\/equipment\/tables-de-travail\/accessoires-de-table-de-travail\/planche-a-decouper-polytop\/","url":"https:\/\/thorinox.com\/fr\/equipment\/tables-de-travail\/accessoires-de-table-de-travail\/planche-a-decouper-polytop\/","name":"Planche \u00e0 d\u00e9couper Polytop | \u00c9quipement pour restaurant | Thorinox | Montr\u00e9al","isPartOf":{"@id":"https:\/\/thorinox.com\/fr\/#website"},"primaryImageOfPage":{"@id":"https:\/\/thorinox.com\/fr\/equipment\/tables-de-travail\/accessoires-de-table-de-travail\/planche-a-decouper-polytop\/#primaryimage"},"image":{"@id":"https:\/\/thorinox.com\/fr\/equipment\/tables-de-travail\/accessoires-de-table-de-travail\/planche-a-decouper-polytop\/#primaryimage"},"thumbnailUrl":"https:\/\/thorinox.com\/wp-content\/uploads\/2024\/03\/Thorinox-high-quality-stainless-steel-commercial-kitchen-equipment-polytop.png","datePublished":"2024-03-29T18:12:11+00:00","dateModified":"2024-04-22T17:59:10+00:00","description":"La planche \u00e0 d\u00e9couper en Polytop Thorinox de haute qualit\u00e9, est parfaite pour les postes de travail dans les \u00e9tablissements commerciaux et industriels.","breadcrumb":{"@id":"https:\/\/thorinox.com\/fr\/equipment\/tables-de-travail\/accessoires-de-table-de-travail\/planche-a-decouper-polytop\/#breadcrumb"},"inLanguage":"fr-FR","potentialAction":[{"@type":"ReadAction","target":["https:\/\/thorinox.com\/fr\/equipment\/tables-de-travail\/accessoires-de-table-de-travail\/planche-a-decouper-polytop\/"]}]},{"@type":"ImageObject","inLanguage":"fr-FR","@id":"https:\/\/thorinox.com\/fr\/equipment\/tables-de-travail\/accessoires-de-table-de-travail\/planche-a-decouper-polytop\/#primaryimage","url":"https:\/\/thorinox.com\/wp-content\/uploads\/2024\/03\/Thorinox-high-quality-stainless-steel-commercial-kitchen-equipment-polytop.png","contentUrl":"https:\/\/thorinox.com\/wp-content\/uploads\/2024\/03\/Thorinox-high-quality-stainless-steel-commercial-kitchen-equipment-polytop.png","width":800,"height":900,"caption":"Ceci est une image d'une table en polytop de Thorinox. Thorinox est un \u00e9quipement en acier inoxydable de haute qualit\u00e9 destin\u00e9 aux restaurants et autres types de postes de travail."},{"@type":"BreadcrumbList","@id":"https:\/\/thorinox.com\/fr\/equipment\/tables-de-travail\/accessoires-de-table-de-travail\/planche-a-decouper-polytop\/#breadcrumb","itemListElement":[{"@type":"ListItem","position":1,"name":"Home","item":"https:\/\/thorinox.com\/fr\/"},{"@type":"ListItem","position":2,"name":"Produits","item":"https:\/\/thorinox.com\/fr\/shop\/"},{"@type":"ListItem","position":3,"name":"Planche \u00e0 d\u00e9couper Polytop"}]},{"@type":"WebSite","@id":"https:\/\/thorinox.com\/fr\/#website","url":"https:\/\/thorinox.com\/fr\/","name":"Thorinox","description":"High Quality Stainless Steel Equipment","publisher":{"@id":"https:\/\/thorinox.com\/fr\/#organization"},"potentialAction":[{"@type":"SearchAction","target":{"@type":"EntryPoint","urlTemplate":"https:\/\/thorinox.com\/fr\/?s={search_term_string}"},"query-input":"required name=search_term_string"}],"inLanguage":"fr-FR"},{"@type":"Organization","@id":"https:\/\/thorinox.com\/fr\/#organization","name":"Thorinox","url":"https:\/\/thorinox.com\/fr\/","logo":{"@type":"ImageObject","inLanguage":"fr-FR","@id":"https:\/\/thorinox.com\/fr\/#\/schema\/logo\/image\/","url":"https:\/\/thorinox.com\/wp-content\/uploads\/2024\/02\/Thorinox-logo-high-quality-stainless-steel-equipment.png","contentUrl":"https:\/\/thorinox.com\/wp-content\/uploads\/2024\/02\/Thorinox-logo-high-quality-stainless-steel-equipment.png","width":546,"height":100,"caption":"Thorinox"},"image":{"@id":"https:\/\/thorinox.com\/fr\/#\/schema\/logo\/image\/"}}]}},"_links":{"self":[{"href":"https:\/\/thorinox.com\/fr\/wp-json\/wp\/v2\/product\/10360"}],"collection":[{"href":"https:\/\/thorinox.com\/fr\/wp-json\/wp\/v2\/product"}],"about":[{"href":"https:\/\/thorinox.com\/fr\/wp-json\/wp\/v2\/types\/product"}],"replies":[{"embeddable":true,"href":"https:\/\/thorinox.com\/fr\/wp-json\/wp\/v2\/comments?post=10360"}],"wp:featuredmedia":[{"embeddable":true,"href":"https:\/\/thorinox.com\/fr\/wp-json\/wp\/v2\/media\/8253"}],"wp:attachment":[{"href":"https:\/\/thorinox.com\/fr\/wp-json\/wp\/v2\/media?parent=10360"}],"wp:term":[{"taxonomy":"product_cat","embeddable":true,"href":"https:\/\/thorinox.com\/fr\/wp-json\/wp\/v2\/product_cat?post=10360"},{"taxonomy":"product_tag","embeddable":true,"href":"https:\/\/thorinox.com\/fr\/wp-json\/wp\/v2\/product_tag?post=10360"}],"curies":[{"name":"wp","href":"https:\/\/api.w.org\/{rel}","templated":true}]}}