{"id":10349,"date":"2024-04-04T08:38:32","date_gmt":"2024-04-04T12:38:32","guid":{"rendered":"https:\/\/thorinox.com\/equipment\/non%20class\u00e9\/tablette-inferieure-en-acier-galvanise\/"},"modified":"2024-04-22T13:55:05","modified_gmt":"2024-04-22T17:55:05","slug":"tablette-inferieure-en-acier-galvanise","status":"publish","type":"product","link":"https:\/\/thorinox.com\/fr\/equipment\/tables-de-travail\/accessoires-de-table-de-travail\/tablette-inferieure-en-acier-galvanise\/","title":{"rendered":"Tablette inf\u00e9rieure en acier galvanis\u00e9"},"content":{"rendered":"<h3>Pr\u00e9sentation de la tablette inf\u00e9rieure en acier galvanis\u00e9 pour tables : am\u00e9liorer l&rsquo;efficacit\u00e9 des cuisines commerciales<\/h3>\n<p>La tablette inf\u00e9rieure en acier galvanis\u00e9 pour tables soestnt m\u00e9ticuleusement con\u00e7ue pour offrir des solutions de travail efficaces et durables. Ces accessoires sont sp\u00e9cialement destin\u00e9s aux cuisines commerciales et aux \u00e9tablissements de restauration. Ces tablettes inf\u00e9rieures offrent une organisation suffisante pour diverses t\u00e2ches de pr\u00e9paration des aliments. Nous les construisons \u00e0 partir d&rsquo;acier galvanis\u00e9 de haute qualit\u00e9 et durable, garantissant qu&rsquo;ils disposent de tables renforc\u00e9es et d&rsquo;une construction robuste. Cela leur permet de r\u00e9sister \u00e0 une utilisation intensive dans des environnements de cuisine tr\u00e8s fr\u00e9quent\u00e9s. De plus, ils sont faciles \u00e0 nettoyer et \u00e0 entretenir, garantissant ainsi qu\u2019ils r\u00e9pondent toujours aux normes d\u2019hygi\u00e8ne. Ils sont disponibles dans une vari\u00e9t\u00e9 de tailles et de configurations, permettant une personnalisation pour s&rsquo;adapter \u00e0 diff\u00e9rentes exigences et configurations d&rsquo;espace de travail.<\/p>\n<h3>Caract\u00e9ristiques standards :<\/h3>\n<ul>\n<li>Fabriqu\u00e9 en acier galvanis\u00e9<\/li>\n<li>Diff\u00e9rentes tailles pour r\u00e9pondre \u00e0 vos besoins<\/li>\n<li>Coins renforc\u00e9s et non soud\u00e9s<\/li>\n<\/ul>\n<h3>Pr\u00e9sentation de notre table de travail avec dosseret, pieds et tablette inf\u00e9rieure en acier galvanis\u00e9<\/h3>\n<p>Nos tables de travail standard en acier galvanis\u00e9 sont con\u00e7ues avec pr\u00e9cision et attention aux d\u00e9tails. M\u00e9ticuleusement con\u00e7us, ils offrent des solutions de stockage efficaces pour les cuisines commerciales et les \u00e9tablissements de restauration. Ces tables r\u00e9pondent aux exigences exigeantes des environnements professionnels, garantissant durabilit\u00e9 et fiabilit\u00e9 pour un usage intensif.<\/p>\n<h3>Conception \u00e9l\u00e9gante pour une int\u00e9gration transparente<\/h3>\n<p>Dot\u00e9es d&rsquo;un design \u00e9l\u00e9gant et moderne, nos tables de travail standard en acier galvanis\u00e9 s&rsquo;int\u00e8grent parfaitement \u00e0 n&rsquo;importe quel espace de travail, am\u00e9liorant ainsi l&rsquo;attrait esth\u00e9tique global. De plus, le mat\u00e9riau en acier galvanis\u00e9 ajoute non seulement une touche de sophistication mais offre \u00e9galement une excellente r\u00e9sistance \u00e0 la corrosion, garantissant long\u00e9vit\u00e9 et facilit\u00e9 d&rsquo;entretien. De plus, les tables se fondent sans effort dans le d\u00e9cor existant, am\u00e9liorant ainsi l&rsquo;attrait visuel de votre \u00e9tablissement.<\/p>\n<h3>Options de table de travail polyvalentes pour tous les besoins<\/h3>\n<p>Avec une vari\u00e9t\u00e9 de tailles et de configurations disponibles, vous pouvez choisir la table de travail parfaite pour r\u00e9pondre \u00e0 vos besoins sp\u00e9cifiques et \u00e0 vos contraintes d&rsquo;espace. Que vous ayez besoin de tables compactes pour des coins de cuisine restreints ou de vastes surfaces pour la pr\u00e9paration de plats \u00e0 grande \u00e9chelle, nous proposons des options pour r\u00e9pondre \u00e0 toutes les exigences. De plus, nos tables de travail peuvent \u00eatre personnalis\u00e9es avec des fonctionnalit\u00e9s optionnelles telles que des tablettes inf\u00e9rieures, des dosserets et des roulettes pour plus de polyvalence et de fonctionnalit\u00e9.<\/p>\n<h3>Con\u00e7u pour g\u00e9rer les environnements exigeants<\/h3>\n<p>Nos tables de travail standard en acier galvanis\u00e9 r\u00e9sistent aux exigences d\u2019un environnement de cuisine au rythme rapide. \u00c9quip\u00e9es pour g\u00e9rer toutes les t\u00e2ches qui leur sont confi\u00e9es, ces tables offrent l&rsquo;espace de travail fiable dont vous avez besoin pour rationaliser vos op\u00e9rations et fournir des r\u00e9sultats culinaires exceptionnels. Que vous dirigiez un restaurant anim\u00e9, une entreprise de restauration ou un food truck, nos tables garantissent un flux de travail efficace et des performances optimales.<\/p>\n<h3>Conception ergonomique pour une utilisation confortable<\/h3>\n<p>En plus de leur fonctionnalit\u00e9 pratique, nos tables de travail standard en acier galvanis\u00e9 sont con\u00e7ues dans un souci d&rsquo;ergonomie. La hauteur et les dimensions sont optimis\u00e9es pour une utilisation confortable, r\u00e9duisant ainsi la tension et la fatigue pendant les p\u00e9riodes prolong\u00e9es de pr\u00e9paration des aliments. Par cons\u00e9quent, cette conception ergonomique favorise un environnement de travail plus s\u00fbr et plus efficace pour votre personnel de cuisine, am\u00e9liorant ainsi la productivit\u00e9 et le moral. De plus, les caract\u00e9ristiques ergonomiques contribuent \u00e0 une exp\u00e9rience de travail plus agr\u00e9able et \u00e9panouissante pour votre \u00e9quipe.<\/p>\n<h3>Autres accessoires :<\/h3>\n<ul>\n<li><a href=\"https:\/\/thorinox.com\/fr\/equipment\/tables-de-travail\/accessoires-de-table-de-travail\/tablette-inferieure-en-acier-inoxydable\/\">Tablette inf\u00e9rieure en acier inoxydable<\/a><\/li>\n<li><a href=\"https:\/\/thorinox.com\/fr\/equipment\/tables-de-travail\/accessoires-de-table-de-travail\/tablette-inferieure-en-acier-galvanise\/\">Tablette inf\u00e9rieure en acier galvanis\u00e9<\/a><\/li>\n<li><a href=\"https:\/\/thorinox.com\/fr\/equipment\/tables-de-travail\/accessoires-de-table-de-travail\/roulettes-pivotantes-2\/\">Roulettes pivotantes<\/a><\/li>\n<li><a href=\"https:\/\/thorinox.com\/fr\/categorie-produit\/tables-de-travail\/accessoires-de-table-de-travail\/renfort-en-acier-inoxydable\/\">Renfort en acier inoxydable<\/a><\/li>\n<li><a href=\"https:\/\/thorinox.com\/fr\/equipment\/tables-de-travail\/accessoires-de-table-de-travail\/renforts-en-acier-inoxydable\/\">Renfort en acier galvanis\u00e9<\/a><\/li>\n<li><a href=\"https:\/\/thorinox.com\/fr\/equipment\/tables-de-travail\/tablettes-passe-plat\/etagere-de-passage\/\">\u00c9tag\u00e8re de passage<\/a><\/li>\n<li><a href=\"https:\/\/thorinox.com\/fr\/equipment\/tables-de-travail\/accessoires-de-table-de-travail\/pieds-en-acier-inoxydable\/\">Pieds en acier inoxydable<\/a><\/li>\n<li><a href=\"https:\/\/thorinox.com\/fr\/equipment\/tables-de-travail\/accessoires-de-table-de-travail\/pieds-en-acier-galvanise\/\">Pieds en acier galvanis\u00e9<\/a><\/li>\n<li><a href=\"https:\/\/thorinox.com\/fr\/equipment\/tables-de-travail\/accessoires-de-table-de-travail\/tiroir-simple\/\">Tiroir simple<\/a><\/li>\n<li><a href=\"https:\/\/thorinox.com\/fr\/equipment\/tables-de-travail\/accessoires-de-table-de-travail\/tiroir-double\/\">Tiroir double<\/a><\/li>\n<\/ul>\n","protected":false},"excerpt":{"rendered":"<p>La tablettes inf\u00e9rieure en acier galvanis\u00e9 Thorinox est fabriqu\u00e9e en acier galvanis\u00e9 de haute qualit\u00e9 pour les postes de travail, garantissant des performances durables dans les environnements commerciaux, comme les restaurants, les food trucks et autres cuisines commerciales.<\/p>\n<h3>Caract\u00e9ristiques standards :<\/h3>\n<ul>\n<li>Fabriqu\u00e9 en acier galvanis\u00e9<\/li>\n<li>Diff\u00e9rentes tailles pour r\u00e9pondre \u00e0 vos besoins<\/li>\n<li>Coins renforc\u00e9s et non soud\u00e9s<\/li>\n<\/ul>\n<h3>Autres accessoires :<\/h3>\n<ul>\n<li><a href=\"https:\/\/thorinox.com\/fr\/equipment\/tables-de-travail\/accessoires-de-table-de-travail\/tablette-inferieure-en-acier-inoxydable\/\">Tablette inf\u00e9rieure en acier inoxydable<\/a><\/li>\n<li><a href=\"https:\/\/thorinox.com\/fr\/equipment\/tables-de-travail\/accessoires-de-table-de-travail\/tablette-inferieure-en-acier-galvanise\/\">Tablette inf\u00e9rieure en acier galvanis\u00e9<\/a><\/li>\n<li><a href=\"https:\/\/thorinox.com\/fr\/equipment\/tables-de-travail\/accessoires-de-table-de-travail\/roulettes-pivotantes-2\/\">Roulettes pivotantes<\/a><\/li>\n<li><a href=\"https:\/\/thorinox.com\/fr\/categorie-produit\/tables-de-travail\/accessoires-de-table-de-travail\/renfort-en-acier-inoxydable\/\">Renfort en acier inoxydable<\/a><\/li>\n<li><a href=\"https:\/\/thorinox.com\/fr\/equipment\/tables-de-travail\/accessoires-de-table-de-travail\/renforts-en-acier-inoxydable\/\">Renfort en acier galvanis\u00e9<\/a><\/li>\n<li><a href=\"https:\/\/thorinox.com\/fr\/equipment\/tables-de-travail\/tablettes-passe-plat\/etagere-de-passage\/\">\u00c9tag\u00e8re de passage<\/a><\/li>\n<li><a href=\"https:\/\/thorinox.com\/fr\/equipment\/tables-de-travail\/accessoires-de-table-de-travail\/pieds-en-acier-inoxydable\/\">Pieds en acier inoxydable<\/a><\/li>\n<li><a href=\"https:\/\/thorinox.com\/fr\/equipment\/tables-de-travail\/accessoires-de-table-de-travail\/pieds-en-acier-galvanise\/\">Pieds en acier galvanis\u00e9<\/a><\/li>\n<li><a href=\"https:\/\/thorinox.com\/fr\/equipment\/tables-de-travail\/accessoires-de-table-de-travail\/tiroir-simple\/\">Tiroir simple<\/a><\/li>\n<li><a href=\"https:\/\/thorinox.com\/fr\/equipment\/tables-de-travail\/accessoires-de-table-de-travail\/tiroir-double\/\">Tiroir double<\/a><\/li>\n<\/ul>\n<h3>24&Prime; de profondeur<\/h3>\n<table>\n<thead>\n<tr>\n<th style=\"text-align: left;\">Mod\u00e8les<\/th>\n<th>W\u00a0\u00bb<\/th>\n<\/tr>\n<\/thead>\n<tbody>\n<tr>\n<td>DUS-2424-GS<\/td>\n<td>24&Prime;<\/td>\n<\/tr>\n<tr>\n<td>DUS-2430-GS<\/td>\n<td>30&Prime;<\/td>\n<\/tr>\n<tr>\n<td>DUS-2436-GS<\/td>\n<td>36&Prime;<\/td>\n<\/tr>\n<tr>\n<td>DUS-2448-GS<\/td>\n<td>48&Prime;<\/td>\n<\/tr>\n<tr>\n<td>DUS-2460-GS<\/td>\n<td>60&Prime;<\/td>\n<\/tr>\n<tr>\n<td>DUS-2472-GS<\/td>\n<td>72&Prime;<\/td>\n<\/tr>\n<tr>\n<td>DUS-2484-GS<\/td>\n<td>84&Prime;<\/td>\n<\/tr>\n<tr>\n<td>DUS-2496-GS<\/td>\n<td>96&Prime;<\/td>\n<\/tr>\n<\/tbody>\n<\/table>\n<h3>30&Prime; de profondeur<\/h3>\n<table>\n<thead>\n<tr>\n<th style=\"text-align: left;\">Mod\u00e8les<\/th>\n<th>W\u00a0\u00bb<\/th>\n<\/tr>\n<\/thead>\n<tbody>\n<tr>\n<td>DUS-3012-GS<\/td>\n<td>12&Prime;<\/td>\n<\/tr>\n<tr>\n<td>DUS-3015-GS<\/td>\n<td>15&Prime;<\/td>\n<\/tr>\n<tr>\n<td>DUS-3018-GS<\/td>\n<td>18&Prime;<\/td>\n<\/tr>\n<tr>\n<td>DUS-3024-GS<\/td>\n<td>24&Prime;<\/td>\n<\/tr>\n<tr>\n<td>DUS-3030-GS<\/td>\n<td>30&Prime;<\/td>\n<\/tr>\n<tr>\n<td>DUS-3036-GS<\/td>\n<td>36&Prime;<\/td>\n<\/tr>\n<tr>\n<td>DUS-3048-GS<\/td>\n<td>48&Prime;<\/td>\n<\/tr>\n<tr>\n<td>DUS-3060-GS<\/td>\n<td>60&Prime;<\/td>\n<\/tr>\n<tr>\n<td>DUS-3072-GS<\/td>\n<td>72&Prime;<\/td>\n<\/tr>\n<tr>\n<td>DUS-3084-GS<\/td>\n<td>84&Prime;<\/td>\n<\/tr>\n<tr>\n<td>DUS-3096-GS<\/td>\n<td>96&Prime;<\/td>\n<\/tr>\n<\/tbody>\n<\/table>\n","protected":false},"featured_media":8262,"comment_status":"open","ping_status":"closed","template":"","meta":[],"product_cat":[256,265],"product_tag":[],"yoast_head":"<!-- This site is optimized with the Yoast SEO plugin v23.3 - https:\/\/yoast.com\/wordpress\/plugins\/seo\/ -->\n<title>Tablette inf\u00e9rieure en acier galvanis\u00e9 | \u00c9quipement | Thorinox | Montr\u00e9al<\/title>\n<meta name=\"description\" content=\"La tablette inf\u00e9rieure en acier galvanis\u00e9 Thorinox est parfaite pour les postes de travail dans les \u00e9tablissements commerciaux et industriel.\" \/>\n<meta name=\"robots\" content=\"index, follow, max-snippet:-1, max-image-preview:large, max-video-preview:-1\" \/>\n<link rel=\"canonical\" href=\"https:\/\/thorinox.com\/fr\/equipment\/tables-de-travail\/accessoires-de-table-de-travail\/tablette-inferieure-en-acier-galvanise\/\" \/>\n<meta property=\"og:locale\" content=\"fr_FR\" \/>\n<meta property=\"og:type\" content=\"article\" \/>\n<meta property=\"og:title\" content=\"Tablette inf\u00e9rieure en acier galvanis\u00e9 | \u00c9quipement | Thorinox | Montr\u00e9al\" \/>\n<meta property=\"og:description\" content=\"La tablette inf\u00e9rieure en acier galvanis\u00e9 Thorinox est parfaite pour les postes de travail dans les \u00e9tablissements commerciaux et industriel.\" \/>\n<meta property=\"og:url\" content=\"https:\/\/thorinox.com\/fr\/equipment\/tables-de-travail\/accessoires-de-table-de-travail\/tablette-inferieure-en-acier-galvanise\/\" \/>\n<meta property=\"og:site_name\" content=\"Thorinox\" \/>\n<meta property=\"article:modified_time\" content=\"2024-04-22T17:55:05+00:00\" \/>\n<meta property=\"og:image\" content=\"https:\/\/thorinox.com\/wp-content\/uploads\/2024\/04\/Thorinox-high-quality-stainless-steel-commercial-kitchen-equipment-undershelf-1-4.png\" \/>\n\t<meta property=\"og:image:width\" content=\"800\" \/>\n\t<meta property=\"og:image:height\" content=\"900\" \/>\n\t<meta property=\"og:image:type\" content=\"image\/png\" \/>\n<meta name=\"twitter:card\" content=\"summary_large_image\" \/>\n<meta name=\"twitter:label1\" content=\"Dur\u00e9e de lecture estim\u00e9e\" \/>\n\t<meta name=\"twitter:data1\" content=\"3 minutes\" \/>\n<script type=\"application\/ld+json\" class=\"yoast-schema-graph\">{\"@context\":\"https:\/\/schema.org\",\"@graph\":[{\"@type\":\"WebPage\",\"@id\":\"https:\/\/thorinox.com\/fr\/equipment\/tables-de-travail\/accessoires-de-table-de-travail\/tablette-inferieure-en-acier-galvanise\/\",\"url\":\"https:\/\/thorinox.com\/fr\/equipment\/tables-de-travail\/accessoires-de-table-de-travail\/tablette-inferieure-en-acier-galvanise\/\",\"name\":\"Tablette inf\u00e9rieure en acier galvanis\u00e9 | \u00c9quipement | Thorinox | Montr\u00e9al\",\"isPartOf\":{\"@id\":\"https:\/\/thorinox.com\/fr\/#website\"},\"primaryImageOfPage\":{\"@id\":\"https:\/\/thorinox.com\/fr\/equipment\/tables-de-travail\/accessoires-de-table-de-travail\/tablette-inferieure-en-acier-galvanise\/#primaryimage\"},\"image\":{\"@id\":\"https:\/\/thorinox.com\/fr\/equipment\/tables-de-travail\/accessoires-de-table-de-travail\/tablette-inferieure-en-acier-galvanise\/#primaryimage\"},\"thumbnailUrl\":\"https:\/\/thorinox.com\/wp-content\/uploads\/2024\/04\/Thorinox-high-quality-stainless-steel-commercial-kitchen-equipment-undershelf-1-4.png\",\"datePublished\":\"2024-04-04T12:38:32+00:00\",\"dateModified\":\"2024-04-22T17:55:05+00:00\",\"description\":\"La tablette inf\u00e9rieure en acier galvanis\u00e9 Thorinox est parfaite pour les postes de travail dans les \u00e9tablissements commerciaux et industriel.\",\"breadcrumb\":{\"@id\":\"https:\/\/thorinox.com\/fr\/equipment\/tables-de-travail\/accessoires-de-table-de-travail\/tablette-inferieure-en-acier-galvanise\/#breadcrumb\"},\"inLanguage\":\"fr-FR\",\"potentialAction\":[{\"@type\":\"ReadAction\",\"target\":[\"https:\/\/thorinox.com\/fr\/equipment\/tables-de-travail\/accessoires-de-table-de-travail\/tablette-inferieure-en-acier-galvanise\/\"]}]},{\"@type\":\"ImageObject\",\"inLanguage\":\"fr-FR\",\"@id\":\"https:\/\/thorinox.com\/fr\/equipment\/tables-de-travail\/accessoires-de-table-de-travail\/tablette-inferieure-en-acier-galvanise\/#primaryimage\",\"url\":\"https:\/\/thorinox.com\/wp-content\/uploads\/2024\/04\/Thorinox-high-quality-stainless-steel-commercial-kitchen-equipment-undershelf-1-4.png\",\"contentUrl\":\"https:\/\/thorinox.com\/wp-content\/uploads\/2024\/04\/Thorinox-high-quality-stainless-steel-commercial-kitchen-equipment-undershelf-1-4.png\",\"width\":800,\"height\":900,\"caption\":\"Ceci est une image d'un support d'\u00e9quipement de Thorinox. Thorinox est un \u00e9quipement en acier inoxydable de haute qualit\u00e9 destin\u00e9 aux restaurants et autres types de postes de travail.\"},{\"@type\":\"BreadcrumbList\",\"@id\":\"https:\/\/thorinox.com\/fr\/equipment\/tables-de-travail\/accessoires-de-table-de-travail\/tablette-inferieure-en-acier-galvanise\/#breadcrumb\",\"itemListElement\":[{\"@type\":\"ListItem\",\"position\":1,\"name\":\"Home\",\"item\":\"https:\/\/thorinox.com\/fr\/\"},{\"@type\":\"ListItem\",\"position\":2,\"name\":\"Produits\",\"item\":\"https:\/\/thorinox.com\/fr\/shop\/\"},{\"@type\":\"ListItem\",\"position\":3,\"name\":\"Tablette inf\u00e9rieure en acier galvanis\u00e9\"}]},{\"@type\":\"WebSite\",\"@id\":\"https:\/\/thorinox.com\/fr\/#website\",\"url\":\"https:\/\/thorinox.com\/fr\/\",\"name\":\"Thorinox\",\"description\":\"High Quality Stainless Steel Equipment\",\"publisher\":{\"@id\":\"https:\/\/thorinox.com\/fr\/#organization\"},\"potentialAction\":[{\"@type\":\"SearchAction\",\"target\":{\"@type\":\"EntryPoint\",\"urlTemplate\":\"https:\/\/thorinox.com\/fr\/?s={search_term_string}\"},\"query-input\":\"required name=search_term_string\"}],\"inLanguage\":\"fr-FR\"},{\"@type\":\"Organization\",\"@id\":\"https:\/\/thorinox.com\/fr\/#organization\",\"name\":\"Thorinox\",\"url\":\"https:\/\/thorinox.com\/fr\/\",\"logo\":{\"@type\":\"ImageObject\",\"inLanguage\":\"fr-FR\",\"@id\":\"https:\/\/thorinox.com\/fr\/#\/schema\/logo\/image\/\",\"url\":\"https:\/\/thorinox.com\/wp-content\/uploads\/2024\/02\/Thorinox-logo-high-quality-stainless-steel-equipment.png\",\"contentUrl\":\"https:\/\/thorinox.com\/wp-content\/uploads\/2024\/02\/Thorinox-logo-high-quality-stainless-steel-equipment.png\",\"width\":546,\"height\":100,\"caption\":\"Thorinox\"},\"image\":{\"@id\":\"https:\/\/thorinox.com\/fr\/#\/schema\/logo\/image\/\"}}]}<\/script>\n<!-- \/ Yoast SEO plugin. -->","yoast_head_json":{"title":"Tablette inf\u00e9rieure en acier galvanis\u00e9 | \u00c9quipement | Thorinox | Montr\u00e9al","description":"La tablette inf\u00e9rieure en acier galvanis\u00e9 Thorinox est parfaite pour les postes de travail dans les \u00e9tablissements commerciaux et industriel.","robots":{"index":"index","follow":"follow","max-snippet":"max-snippet:-1","max-image-preview":"max-image-preview:large","max-video-preview":"max-video-preview:-1"},"canonical":"https:\/\/thorinox.com\/fr\/equipment\/tables-de-travail\/accessoires-de-table-de-travail\/tablette-inferieure-en-acier-galvanise\/","og_locale":"fr_FR","og_type":"article","og_title":"Tablette inf\u00e9rieure en acier galvanis\u00e9 | \u00c9quipement | Thorinox | Montr\u00e9al","og_description":"La tablette inf\u00e9rieure en acier galvanis\u00e9 Thorinox est parfaite pour les postes de travail dans les \u00e9tablissements commerciaux et industriel.","og_url":"https:\/\/thorinox.com\/fr\/equipment\/tables-de-travail\/accessoires-de-table-de-travail\/tablette-inferieure-en-acier-galvanise\/","og_site_name":"Thorinox","article_modified_time":"2024-04-22T17:55:05+00:00","og_image":[{"width":800,"height":900,"url":"https:\/\/thorinox.com\/wp-content\/uploads\/2024\/04\/Thorinox-high-quality-stainless-steel-commercial-kitchen-equipment-undershelf-1-4.png","type":"image\/png"}],"twitter_card":"summary_large_image","twitter_misc":{"Dur\u00e9e de lecture estim\u00e9e":"3 minutes"},"schema":{"@context":"https:\/\/schema.org","@graph":[{"@type":"WebPage","@id":"https:\/\/thorinox.com\/fr\/equipment\/tables-de-travail\/accessoires-de-table-de-travail\/tablette-inferieure-en-acier-galvanise\/","url":"https:\/\/thorinox.com\/fr\/equipment\/tables-de-travail\/accessoires-de-table-de-travail\/tablette-inferieure-en-acier-galvanise\/","name":"Tablette inf\u00e9rieure en acier galvanis\u00e9 | \u00c9quipement | Thorinox | Montr\u00e9al","isPartOf":{"@id":"https:\/\/thorinox.com\/fr\/#website"},"primaryImageOfPage":{"@id":"https:\/\/thorinox.com\/fr\/equipment\/tables-de-travail\/accessoires-de-table-de-travail\/tablette-inferieure-en-acier-galvanise\/#primaryimage"},"image":{"@id":"https:\/\/thorinox.com\/fr\/equipment\/tables-de-travail\/accessoires-de-table-de-travail\/tablette-inferieure-en-acier-galvanise\/#primaryimage"},"thumbnailUrl":"https:\/\/thorinox.com\/wp-content\/uploads\/2024\/04\/Thorinox-high-quality-stainless-steel-commercial-kitchen-equipment-undershelf-1-4.png","datePublished":"2024-04-04T12:38:32+00:00","dateModified":"2024-04-22T17:55:05+00:00","description":"La tablette inf\u00e9rieure en acier galvanis\u00e9 Thorinox est parfaite pour les postes de travail dans les \u00e9tablissements commerciaux et industriel.","breadcrumb":{"@id":"https:\/\/thorinox.com\/fr\/equipment\/tables-de-travail\/accessoires-de-table-de-travail\/tablette-inferieure-en-acier-galvanise\/#breadcrumb"},"inLanguage":"fr-FR","potentialAction":[{"@type":"ReadAction","target":["https:\/\/thorinox.com\/fr\/equipment\/tables-de-travail\/accessoires-de-table-de-travail\/tablette-inferieure-en-acier-galvanise\/"]}]},{"@type":"ImageObject","inLanguage":"fr-FR","@id":"https:\/\/thorinox.com\/fr\/equipment\/tables-de-travail\/accessoires-de-table-de-travail\/tablette-inferieure-en-acier-galvanise\/#primaryimage","url":"https:\/\/thorinox.com\/wp-content\/uploads\/2024\/04\/Thorinox-high-quality-stainless-steel-commercial-kitchen-equipment-undershelf-1-4.png","contentUrl":"https:\/\/thorinox.com\/wp-content\/uploads\/2024\/04\/Thorinox-high-quality-stainless-steel-commercial-kitchen-equipment-undershelf-1-4.png","width":800,"height":900,"caption":"Ceci est une image d'un support d'\u00e9quipement de Thorinox. Thorinox est un \u00e9quipement en acier inoxydable de haute qualit\u00e9 destin\u00e9 aux restaurants et autres types de postes de travail."},{"@type":"BreadcrumbList","@id":"https:\/\/thorinox.com\/fr\/equipment\/tables-de-travail\/accessoires-de-table-de-travail\/tablette-inferieure-en-acier-galvanise\/#breadcrumb","itemListElement":[{"@type":"ListItem","position":1,"name":"Home","item":"https:\/\/thorinox.com\/fr\/"},{"@type":"ListItem","position":2,"name":"Produits","item":"https:\/\/thorinox.com\/fr\/shop\/"},{"@type":"ListItem","position":3,"name":"Tablette inf\u00e9rieure en acier galvanis\u00e9"}]},{"@type":"WebSite","@id":"https:\/\/thorinox.com\/fr\/#website","url":"https:\/\/thorinox.com\/fr\/","name":"Thorinox","description":"High Quality Stainless Steel Equipment","publisher":{"@id":"https:\/\/thorinox.com\/fr\/#organization"},"potentialAction":[{"@type":"SearchAction","target":{"@type":"EntryPoint","urlTemplate":"https:\/\/thorinox.com\/fr\/?s={search_term_string}"},"query-input":"required name=search_term_string"}],"inLanguage":"fr-FR"},{"@type":"Organization","@id":"https:\/\/thorinox.com\/fr\/#organization","name":"Thorinox","url":"https:\/\/thorinox.com\/fr\/","logo":{"@type":"ImageObject","inLanguage":"fr-FR","@id":"https:\/\/thorinox.com\/fr\/#\/schema\/logo\/image\/","url":"https:\/\/thorinox.com\/wp-content\/uploads\/2024\/02\/Thorinox-logo-high-quality-stainless-steel-equipment.png","contentUrl":"https:\/\/thorinox.com\/wp-content\/uploads\/2024\/02\/Thorinox-logo-high-quality-stainless-steel-equipment.png","width":546,"height":100,"caption":"Thorinox"},"image":{"@id":"https:\/\/thorinox.com\/fr\/#\/schema\/logo\/image\/"}}]}},"_links":{"self":[{"href":"https:\/\/thorinox.com\/fr\/wp-json\/wp\/v2\/product\/10349"}],"collection":[{"href":"https:\/\/thorinox.com\/fr\/wp-json\/wp\/v2\/product"}],"about":[{"href":"https:\/\/thorinox.com\/fr\/wp-json\/wp\/v2\/types\/product"}],"replies":[{"embeddable":true,"href":"https:\/\/thorinox.com\/fr\/wp-json\/wp\/v2\/comments?post=10349"}],"wp:featuredmedia":[{"embeddable":true,"href":"https:\/\/thorinox.com\/fr\/wp-json\/wp\/v2\/media\/8262"}],"wp:attachment":[{"href":"https:\/\/thorinox.com\/fr\/wp-json\/wp\/v2\/media?parent=10349"}],"wp:term":[{"taxonomy":"product_cat","embeddable":true,"href":"https:\/\/thorinox.com\/fr\/wp-json\/wp\/v2\/product_cat?post=10349"},{"taxonomy":"product_tag","embeddable":true,"href":"https:\/\/thorinox.com\/fr\/wp-json\/wp\/v2\/product_tag?post=10349"}],"curies":[{"name":"wp","href":"https:\/\/api.w.org\/{rel}","templated":true}]}}