{"id":10346,"date":"2024-04-04T09:04:48","date_gmt":"2024-04-04T13:04:48","guid":{"rendered":"https:\/\/thorinox.com\/equipment\/non%20class\u00e9\/support-a-equipement-en-acier-galvanise\/"},"modified":"2024-04-22T14:06:45","modified_gmt":"2024-04-22T18:06:45","slug":"support-a-equipement-en-acier-galvanise","status":"publish","type":"product","link":"https:\/\/thorinox.com\/fr\/equipment\/supports-a-equipement\/support-a-equipement-en-acier-galvanise\/","title":{"rendered":"Support \u00e0 \u00e9quipement en acier galvanis\u00e9"},"content":{"rendered":"<h3>Pr\u00e9sentation du support \u00e0 \u00e9quipement en acier galvanis\u00e9 : am\u00e9liorer l&rsquo;efficacit\u00e9 des cuisines commerciales<\/h3>\n<p>D\u00e9couvrez notre cat\u00e9gorie de supports d&rsquo;\u00e9quipement en acier galvanis\u00e9 Thorinox, o\u00f9 nous fournissons des solutions essentielles pour une vari\u00e9t\u00e9 d&rsquo;applications. Explorez notre gamme diversifi\u00e9e de supports d&rsquo;\u00e9quipement, m\u00e9ticuleusement con\u00e7us pour r\u00e9pondre aux exigences de divers environnements, notamment les cuisines, les entreprises de toilettage pour animaux de compagnie, les garages et bien plus encore.<\/p>\n<p>Nos supports avec un dessus, des pieds et une \u00e9tag\u00e8re inf\u00e9rieurs galvanis\u00e9s offrent une durabilit\u00e9 et une hygi\u00e8ne in\u00e9gal\u00e9es. Que vous \u00e9quipiez une cuisine anim\u00e9e, un salon de toilettage pour animaux de compagnie ou un atelier de garage, ces supports offrent une surface robuste et fiable pour votre \u00e9quipement, garantissant stabilit\u00e9 et facilit\u00e9 de nettoyage dans n&rsquo;importe quel environnement.<\/p>\n<p>Pour ceux qui recherchent une combinaison de solidit\u00e9 et de prix abordable, explorez nos supports avec pieds et \u00e9tag\u00e8re inf\u00e9rieure en acier galvanis\u00e9. Ces supports sont suffisamment polyvalents pour \u00eatre utilis\u00e9s dans une vari\u00e9t\u00e9 de contextes, offrant une surface durable et facile \u00e0 nettoyer soutenue par des composants en acier galvanis\u00e9.<\/p>\n<p>En plus du support \u00e0 \u00e9quipement, nous proposons un support mural \u00e0 vaisselle en acier galvanis\u00e9, parfait pour organiser et ranger la vaisselle dans les cuisines. Ces \u00e9tag\u00e8res offrent des solutions de stockage efficaces tout en maximisant l&rsquo;espace et l&rsquo;accessibilit\u00e9 dans toute cuisine commerciale.<\/p>\n<p>Faites confiance \u00e0 nos supports d&rsquo;\u00e9quipement pour am\u00e9liorer la fonctionnalit\u00e9 et l&rsquo;efficacit\u00e9 de votre espace de travail, qu&rsquo;il s&rsquo;agisse d&rsquo;une cuisine, d&rsquo;une entreprise de toilettage pour animaux de compagnie, d&rsquo;un garage ou de tout autre environnement. Avec des mat\u00e9riaux de qualit\u00e9 et une conception polyvalente, nos supports sont construits pour r\u00e9pondre \u00e0 vos besoins et d\u00e9passer vos attentes dans n&rsquo;importe quelle application.<\/p>\n<h3>Autres accessoires :<\/h3>\n<ul>\n<li><a href=\"https:\/\/thorinox.com\/fr\/categorie-produit\/tables-de-travail\/accessoires-de-table-de-travail\/tablette-inferieure-en-acier-inoxydable\/\">Tablette inf\u00e9rieure en acier inoxydable<\/a><\/li>\n<li><a href=\"https:\/\/thorinox.com\/fr\/categorie-produit\/tables-de-travail\/accessoires-de-table-de-travail\/tablette-inferieure-en-acier-galvanise\/\">Tablette inf\u00e9rieure en acier galvanis\u00e9<\/a><\/li>\n<li><a href=\"https:\/\/thorinox.com\/fr\/categorie-produit\/tables-de-travail\/accessoires-de-table-de-travail\/tablette-inferieure-en-acier-inoxydable\/roulettes-pivotantes\">Roulettes pivotantes<\/a><\/li>\n<li><a href=\"https:\/\/thorinox.com\/fr\/categorie-produit\/tables-de-travail\/accessoires-de-table-de-travail\/renfort-en-acier-inoxydable\/\">Renfort en acier inoxydable<\/a><\/li>\n<li><a href=\"https:\/\/thorinox.com\/fr\/categorie-produit\/tables-de-travail\/accessoires-de-table-de-travail\/renfort-en-acier-galvanise\/\">Renfort en acier galvanis\u00e9<\/a><\/li>\n<li><a href=\"https:\/\/thorinox.com\/fr\/categorie-produit\/tables-de-travail\/accessoires-de-table-de-travail\/etagere-de-passage\/\">\u00c9tag\u00e8re de passage<\/a><\/li>\n<li><a href=\"https:\/\/thorinox.com\/fr\/categorie-produit\/tables-de-travail\/accessoires-de-table-de-travail\/pieds-en-acier-inoxydable-pour-table\/\">Pieds en acier inoxydable<\/a><\/li>\n<li><a href=\"https:\/\/thorinox.com\/fr\/categorie-produit\/tables-de-travail\/accessoires-de-table-de-travail\/pieds-en-acier-galvanise-pour-table\/\">Pieds acier galvanis\u00e9<\/a><\/li>\n<\/ul>\n","protected":false},"excerpt":{"rendered":"<p>Le support d&rsquo;\u00e9quipement en acier galvanis\u00e9 Thorinox est fabriqu\u00e9 en acier inoxydable de haute qualit\u00e9 pour les postes de travail, garantissant des performances durables dans les environnements commerciaux, comme les restaurants, les food trucks et autres cuisines commerciales.<\/p>\n<h3>Accessoires optionnels :<\/h3>\n<ul>\n<li><a href=\"https:\/\/thorinox.com\/fr\/equipment\/tables-de-travail\/accessoires-de-table-de-travail\/tablette-inferieure-en-acier-inoxydable\/\">Tablette inf\u00e9rieure en acier inoxydable<\/a><\/li>\n<li><a href=\"https:\/\/thorinox.com\/fr\/equipment\/tables-de-travail\/accessoires-de-table-de-travail\/tablette-inferieure-en-acier-galvanise\/\">Tablette inf\u00e9rieure en acier galvanis\u00e9<\/a><\/li>\n<li><a href=\"https:\/\/thorinox.com\/fr\/equipment\/tables-de-travail\/accessoires-de-table-de-travail\/roulettes-pivotantes-2\/\">Roulettes pivotantes<\/a><\/li>\n<\/ul>\n<h3>24&Prime; de profondeur et 22&Prime; de hauteur<\/h3>\n<table>\n<thead>\n<tr>\n<th style=\"text-align: left;\"><img decoding=\"async\" class=\"link-icon\" src=\"https:\/\/thorinox.com\/wp-content\/uploads\/2024\/04\/thorinox-link-icon-spec.png\" alt=\"link icon for specs\" width=\"14px\" height=\"14px\" \/>Mod\u00e8les<\/th>\n<th>W\u00a0\u00bb<\/th>\n<\/tr>\n<\/thead>\n<tbody>\n<tr>\n<td><a href=\"https:\/\/thorinox.com\/wp-content\/uploads\/2024\/04\/DSTAND-2412-GS_EN.pdf\" target=\"_blank rel=\" rel=\"noopener\">DSTAND-2412-GS<\/a><\/td>\n<td>12&Prime;<\/td>\n<\/tr>\n<tr>\n<td><a href=\"https:\/\/thorinox.com\/wp-content\/uploads\/2024\/04\/DSTAND-2415-GS_EN.pdf\" target=\"_blank rel=\" rel=\"noopener\">DSTAND-2415-GS<\/a><\/td>\n<td>15&Prime;<\/td>\n<\/tr>\n<tr>\n<td><a href=\"https:\/\/thorinox.com\/wp-content\/uploads\/2024\/04\/DSTAND-2418-GS_EN.pdf\" target=\"_blank rel=\" rel=\"noopener\">DSTAND-2418-GS<\/a><\/td>\n<td>18&Prime;<\/td>\n<\/tr>\n<tr>\n<td><a href=\"https:\/\/thorinox.com\/wp-content\/uploads\/2024\/04\/DSTAND-2424-GS_EN.pdf\" target=\"_blank rel=\" rel=\"noopener\">DSTAND-2424-GS<\/a><\/td>\n<td>24&Prime;<\/td>\n<\/tr>\n<tr>\n<td><a href=\"https:\/\/thorinox.com\/wp-content\/uploads\/2024\/04\/DSTAND-2430-GS_EN.pdf\" target=\"_blank rel=\" rel=\"noopener\">DSTAND-2430-GS<\/a><\/td>\n<td>30&Prime;<\/td>\n<\/tr>\n<tr>\n<td><a href=\"https:\/\/thorinox.com\/wp-content\/uploads\/2024\/04\/DSTAND-2436-GS_EN.pdf\" target=\"_blank rel=\" rel=\"noopener\">DSTAND-2436-GS<\/a><\/td>\n<td>36&Prime;<\/td>\n<\/tr>\n<tr>\n<td><a href=\"https:\/\/thorinox.com\/wp-content\/uploads\/2024\/04\/DSTAND-2448-GS_EN.pdf\" target=\"_blank rel=\" rel=\"noopener\">DSTAND-2448-GS<\/a><\/td>\n<td>48&Prime;<\/td>\n<\/tr>\n<tr>\n<td><a href=\"https:\/\/thorinox.com\/wp-content\/uploads\/2024\/04\/DSTAND-2460-GS_EN.pdf\" target=\"_blank rel=\" rel=\"noopener\">DSTAND-2460-GS<\/a><\/td>\n<td>60&Prime;<\/td>\n<\/tr>\n<tr>\n<td><a href=\"https:\/\/thorinox.com\/wp-content\/uploads\/2024\/04\/DSTAND-2472-GS_EN.pdf\" target=\"_blank rel=\" rel=\"noopener\">DSTAND-2472-GS<\/a><\/td>\n<td>72&Prime;<\/td>\n<\/tr>\n<\/tbody>\n<\/table>\n<h3>30&Prime; de profondeur et 22&Prime; de hauteur<\/h3>\n<table>\n<thead>\n<tr>\n<th style=\"text-align: left;\"><img decoding=\"async\" class=\"link-icon\" src=\"https:\/\/thorinox.com\/wp-content\/uploads\/2024\/04\/thorinox-link-icon-spec.png\" alt=\"link icon for specs\" width=\"14px\" height=\"14px\" \/>Mod\u00e8les<\/th>\n<th>W\u00a0\u00bb<\/th>\n<\/tr>\n<\/thead>\n<tbody>\n<tr>\n<td><a href=\"https:\/\/thorinox.com\/wp-content\/uploads\/2024\/04\/DSTAND-3012-GS_EN.pdf\" target=\"_blank rel=\" rel=\"noopener\">DSTAND-3012-GS<\/a><\/td>\n<td>12&Prime;<\/td>\n<\/tr>\n<tr>\n<td><a href=\"https:\/\/thorinox.com\/wp-content\/uploads\/2024\/04\/DSTAND-3015-GS_EN.pdf\" target=\"_blank rel=\" rel=\"noopener\">DSTAND-3015-GS<\/a><\/td>\n<td>15&Prime;<\/td>\n<\/tr>\n<tr>\n<td><a href=\"https:\/\/thorinox.com\/wp-content\/uploads\/2024\/04\/DSTAND-3018-GS_EN.pdf\" target=\"_blank rel=\" rel=\"noopener\">DSTAND-3018-GS<\/a><\/td>\n<td>18&Prime;<\/td>\n<\/tr>\n<tr>\n<td><a href=\"https:\/\/thorinox.com\/wp-content\/uploads\/2024\/04\/DSTAND-3024-GS_EN.pdf\" target=\"_blank rel=\" rel=\"noopener\">DSTAND-3024-GS<\/a><\/td>\n<td>24&Prime;<\/td>\n<\/tr>\n<tr>\n<td><a href=\"https:\/\/thorinox.com\/wp-content\/uploads\/2024\/04\/DSTAND-3030-GS_EN.pdf\" target=\"_blank rel=\" rel=\"noopener\">DSTAND-3030-GS<\/a><\/td>\n<td>30&Prime;<\/td>\n<\/tr>\n<tr>\n<td><a href=\"https:\/\/thorinox.com\/wp-content\/uploads\/2024\/04\/DSTAND-3036-GS_EN.pdf\" target=\"_blank rel=\" rel=\"noopener\">DSTAND-3036-GS<\/a><\/td>\n<td>36&Prime;<\/td>\n<\/tr>\n<tr>\n<td><a href=\"https:\/\/thorinox.com\/wp-content\/uploads\/2024\/04\/DSTAND-3048-GS_EN.pdf\" target=\"_blank rel=\" rel=\"noopener\">DSTAND-3048-GS<\/a><\/td>\n<td>48&Prime;<\/td>\n<\/tr>\n<tr>\n<td><a href=\"https:\/\/thorinox.com\/wp-content\/uploads\/2024\/04\/DSTAND-3060-GS_EN.pdf\" target=\"_blank rel=\" rel=\"noopener\">DSTAND-3060-GS<\/a><\/td>\n<td>60&Prime;<\/td>\n<\/tr>\n<tr>\n<td><a href=\"https:\/\/thorinox.com\/wp-content\/uploads\/2024\/04\/DSTAND-3072-GS_EN.pdf\" target=\"_blank rel=\" rel=\"noopener\">DSTAND-3072-GS<\/a><\/td>\n<td>72&Prime;<\/td>\n<\/tr>\n<\/tbody>\n<\/table>\n","protected":false},"featured_media":7318,"comment_status":"open","ping_status":"closed","template":"","meta":[],"product_cat":[238],"product_tag":[],"yoast_head":"<!-- This site is optimized with the Yoast SEO plugin v23.3 - https:\/\/yoast.com\/wordpress\/plugins\/seo\/ -->\n<title>Support \u00e0 \u00e9quipement | \u00c9quipement pour restaurant | Thorinox | Montr\u00e9al<\/title>\n<meta name=\"description\" content=\"Le support \u00e0 \u00e9quipement en acier galvanis\u00e9 Thorinox est fabriqu\u00e9 en acier inoxydable de haute qualit\u00e9, parfait pour les \u00e9tablissements commerciaux.\" \/>\n<meta name=\"robots\" content=\"index, follow, max-snippet:-1, max-image-preview:large, max-video-preview:-1\" \/>\n<link rel=\"canonical\" href=\"https:\/\/thorinox.com\/fr\/equipment\/supports-a-equipement\/support-a-equipement-en-acier-galvanise\/\" \/>\n<meta property=\"og:locale\" content=\"fr_FR\" \/>\n<meta property=\"og:type\" content=\"article\" \/>\n<meta property=\"og:title\" content=\"Support \u00e0 \u00e9quipement | \u00c9quipement pour restaurant | Thorinox | Montr\u00e9al\" \/>\n<meta property=\"og:description\" content=\"Le support \u00e0 \u00e9quipement en acier galvanis\u00e9 Thorinox est fabriqu\u00e9 en acier inoxydable de haute qualit\u00e9, parfait pour les \u00e9tablissements commerciaux.\" \/>\n<meta property=\"og:url\" content=\"https:\/\/thorinox.com\/fr\/equipment\/supports-a-equipement\/support-a-equipement-en-acier-galvanise\/\" \/>\n<meta property=\"og:site_name\" content=\"Thorinox\" \/>\n<meta property=\"article:modified_time\" content=\"2024-04-22T18:06:45+00:00\" \/>\n<meta property=\"og:image\" content=\"https:\/\/thorinox.com\/wp-content\/uploads\/2024\/03\/Thorinox-high-quality-stainless-steel-commercial-kitchen-equipment-stand-galvanized.png\" \/>\n\t<meta property=\"og:image:width\" content=\"800\" \/>\n\t<meta property=\"og:image:height\" content=\"900\" \/>\n\t<meta property=\"og:image:type\" content=\"image\/png\" \/>\n<meta name=\"twitter:card\" content=\"summary_large_image\" \/>\n<meta name=\"twitter:label1\" content=\"Dur\u00e9e de lecture estim\u00e9e\" \/>\n\t<meta name=\"twitter:data1\" content=\"2 minutes\" \/>\n<script type=\"application\/ld+json\" class=\"yoast-schema-graph\">{\"@context\":\"https:\/\/schema.org\",\"@graph\":[{\"@type\":\"WebPage\",\"@id\":\"https:\/\/thorinox.com\/fr\/equipment\/supports-a-equipement\/support-a-equipement-en-acier-galvanise\/\",\"url\":\"https:\/\/thorinox.com\/fr\/equipment\/supports-a-equipement\/support-a-equipement-en-acier-galvanise\/\",\"name\":\"Support \u00e0 \u00e9quipement | \u00c9quipement pour restaurant | Thorinox | Montr\u00e9al\",\"isPartOf\":{\"@id\":\"https:\/\/thorinox.com\/fr\/#website\"},\"primaryImageOfPage\":{\"@id\":\"https:\/\/thorinox.com\/fr\/equipment\/supports-a-equipement\/support-a-equipement-en-acier-galvanise\/#primaryimage\"},\"image\":{\"@id\":\"https:\/\/thorinox.com\/fr\/equipment\/supports-a-equipement\/support-a-equipement-en-acier-galvanise\/#primaryimage\"},\"thumbnailUrl\":\"https:\/\/thorinox.com\/wp-content\/uploads\/2024\/03\/Thorinox-high-quality-stainless-steel-commercial-kitchen-equipment-stand-galvanized.png\",\"datePublished\":\"2024-04-04T13:04:48+00:00\",\"dateModified\":\"2024-04-22T18:06:45+00:00\",\"description\":\"Le support \u00e0 \u00e9quipement en acier galvanis\u00e9 Thorinox est fabriqu\u00e9 en acier inoxydable de haute qualit\u00e9, parfait pour les \u00e9tablissements commerciaux.\",\"breadcrumb\":{\"@id\":\"https:\/\/thorinox.com\/fr\/equipment\/supports-a-equipement\/support-a-equipement-en-acier-galvanise\/#breadcrumb\"},\"inLanguage\":\"fr-FR\",\"potentialAction\":[{\"@type\":\"ReadAction\",\"target\":[\"https:\/\/thorinox.com\/fr\/equipment\/supports-a-equipement\/support-a-equipement-en-acier-galvanise\/\"]}]},{\"@type\":\"ImageObject\",\"inLanguage\":\"fr-FR\",\"@id\":\"https:\/\/thorinox.com\/fr\/equipment\/supports-a-equipement\/support-a-equipement-en-acier-galvanise\/#primaryimage\",\"url\":\"https:\/\/thorinox.com\/wp-content\/uploads\/2024\/03\/Thorinox-high-quality-stainless-steel-commercial-kitchen-equipment-stand-galvanized.png\",\"contentUrl\":\"https:\/\/thorinox.com\/wp-content\/uploads\/2024\/03\/Thorinox-high-quality-stainless-steel-commercial-kitchen-equipment-stand-galvanized.png\",\"width\":800,\"height\":900,\"caption\":\"Ceci est une image d'un support d'\u00e9quipement de Thorinox. Thorinox est un \u00e9quipement en acier inoxydable de haute qualit\u00e9 destin\u00e9 aux restaurants et autres types de postes de travail.\"},{\"@type\":\"BreadcrumbList\",\"@id\":\"https:\/\/thorinox.com\/fr\/equipment\/supports-a-equipement\/support-a-equipement-en-acier-galvanise\/#breadcrumb\",\"itemListElement\":[{\"@type\":\"ListItem\",\"position\":1,\"name\":\"Home\",\"item\":\"https:\/\/thorinox.com\/fr\/\"},{\"@type\":\"ListItem\",\"position\":2,\"name\":\"Produits\",\"item\":\"https:\/\/thorinox.com\/fr\/shop\/\"},{\"@type\":\"ListItem\",\"position\":3,\"name\":\"Support \u00e0 \u00e9quipement en acier galvanis\u00e9\"}]},{\"@type\":\"WebSite\",\"@id\":\"https:\/\/thorinox.com\/fr\/#website\",\"url\":\"https:\/\/thorinox.com\/fr\/\",\"name\":\"Thorinox\",\"description\":\"High Quality Stainless Steel Equipment\",\"publisher\":{\"@id\":\"https:\/\/thorinox.com\/fr\/#organization\"},\"potentialAction\":[{\"@type\":\"SearchAction\",\"target\":{\"@type\":\"EntryPoint\",\"urlTemplate\":\"https:\/\/thorinox.com\/fr\/?s={search_term_string}\"},\"query-input\":\"required name=search_term_string\"}],\"inLanguage\":\"fr-FR\"},{\"@type\":\"Organization\",\"@id\":\"https:\/\/thorinox.com\/fr\/#organization\",\"name\":\"Thorinox\",\"url\":\"https:\/\/thorinox.com\/fr\/\",\"logo\":{\"@type\":\"ImageObject\",\"inLanguage\":\"fr-FR\",\"@id\":\"https:\/\/thorinox.com\/fr\/#\/schema\/logo\/image\/\",\"url\":\"https:\/\/thorinox.com\/wp-content\/uploads\/2024\/02\/Thorinox-logo-high-quality-stainless-steel-equipment.png\",\"contentUrl\":\"https:\/\/thorinox.com\/wp-content\/uploads\/2024\/02\/Thorinox-logo-high-quality-stainless-steel-equipment.png\",\"width\":546,\"height\":100,\"caption\":\"Thorinox\"},\"image\":{\"@id\":\"https:\/\/thorinox.com\/fr\/#\/schema\/logo\/image\/\"}}]}<\/script>\n<!-- \/ Yoast SEO plugin. -->","yoast_head_json":{"title":"Support \u00e0 \u00e9quipement | \u00c9quipement pour restaurant | Thorinox | Montr\u00e9al","description":"Le support \u00e0 \u00e9quipement en acier galvanis\u00e9 Thorinox est fabriqu\u00e9 en acier inoxydable de haute qualit\u00e9, parfait pour les \u00e9tablissements commerciaux.","robots":{"index":"index","follow":"follow","max-snippet":"max-snippet:-1","max-image-preview":"max-image-preview:large","max-video-preview":"max-video-preview:-1"},"canonical":"https:\/\/thorinox.com\/fr\/equipment\/supports-a-equipement\/support-a-equipement-en-acier-galvanise\/","og_locale":"fr_FR","og_type":"article","og_title":"Support \u00e0 \u00e9quipement | \u00c9quipement pour restaurant | Thorinox | Montr\u00e9al","og_description":"Le support \u00e0 \u00e9quipement en acier galvanis\u00e9 Thorinox est fabriqu\u00e9 en acier inoxydable de haute qualit\u00e9, parfait pour les \u00e9tablissements commerciaux.","og_url":"https:\/\/thorinox.com\/fr\/equipment\/supports-a-equipement\/support-a-equipement-en-acier-galvanise\/","og_site_name":"Thorinox","article_modified_time":"2024-04-22T18:06:45+00:00","og_image":[{"width":800,"height":900,"url":"https:\/\/thorinox.com\/wp-content\/uploads\/2024\/03\/Thorinox-high-quality-stainless-steel-commercial-kitchen-equipment-stand-galvanized.png","type":"image\/png"}],"twitter_card":"summary_large_image","twitter_misc":{"Dur\u00e9e de lecture estim\u00e9e":"2 minutes"},"schema":{"@context":"https:\/\/schema.org","@graph":[{"@type":"WebPage","@id":"https:\/\/thorinox.com\/fr\/equipment\/supports-a-equipement\/support-a-equipement-en-acier-galvanise\/","url":"https:\/\/thorinox.com\/fr\/equipment\/supports-a-equipement\/support-a-equipement-en-acier-galvanise\/","name":"Support \u00e0 \u00e9quipement | \u00c9quipement pour restaurant | Thorinox | Montr\u00e9al","isPartOf":{"@id":"https:\/\/thorinox.com\/fr\/#website"},"primaryImageOfPage":{"@id":"https:\/\/thorinox.com\/fr\/equipment\/supports-a-equipement\/support-a-equipement-en-acier-galvanise\/#primaryimage"},"image":{"@id":"https:\/\/thorinox.com\/fr\/equipment\/supports-a-equipement\/support-a-equipement-en-acier-galvanise\/#primaryimage"},"thumbnailUrl":"https:\/\/thorinox.com\/wp-content\/uploads\/2024\/03\/Thorinox-high-quality-stainless-steel-commercial-kitchen-equipment-stand-galvanized.png","datePublished":"2024-04-04T13:04:48+00:00","dateModified":"2024-04-22T18:06:45+00:00","description":"Le support \u00e0 \u00e9quipement en acier galvanis\u00e9 Thorinox est fabriqu\u00e9 en acier inoxydable de haute qualit\u00e9, parfait pour les \u00e9tablissements commerciaux.","breadcrumb":{"@id":"https:\/\/thorinox.com\/fr\/equipment\/supports-a-equipement\/support-a-equipement-en-acier-galvanise\/#breadcrumb"},"inLanguage":"fr-FR","potentialAction":[{"@type":"ReadAction","target":["https:\/\/thorinox.com\/fr\/equipment\/supports-a-equipement\/support-a-equipement-en-acier-galvanise\/"]}]},{"@type":"ImageObject","inLanguage":"fr-FR","@id":"https:\/\/thorinox.com\/fr\/equipment\/supports-a-equipement\/support-a-equipement-en-acier-galvanise\/#primaryimage","url":"https:\/\/thorinox.com\/wp-content\/uploads\/2024\/03\/Thorinox-high-quality-stainless-steel-commercial-kitchen-equipment-stand-galvanized.png","contentUrl":"https:\/\/thorinox.com\/wp-content\/uploads\/2024\/03\/Thorinox-high-quality-stainless-steel-commercial-kitchen-equipment-stand-galvanized.png","width":800,"height":900,"caption":"Ceci est une image d'un support d'\u00e9quipement de Thorinox. Thorinox est un \u00e9quipement en acier inoxydable de haute qualit\u00e9 destin\u00e9 aux restaurants et autres types de postes de travail."},{"@type":"BreadcrumbList","@id":"https:\/\/thorinox.com\/fr\/equipment\/supports-a-equipement\/support-a-equipement-en-acier-galvanise\/#breadcrumb","itemListElement":[{"@type":"ListItem","position":1,"name":"Home","item":"https:\/\/thorinox.com\/fr\/"},{"@type":"ListItem","position":2,"name":"Produits","item":"https:\/\/thorinox.com\/fr\/shop\/"},{"@type":"ListItem","position":3,"name":"Support \u00e0 \u00e9quipement en acier galvanis\u00e9"}]},{"@type":"WebSite","@id":"https:\/\/thorinox.com\/fr\/#website","url":"https:\/\/thorinox.com\/fr\/","name":"Thorinox","description":"High Quality Stainless Steel Equipment","publisher":{"@id":"https:\/\/thorinox.com\/fr\/#organization"},"potentialAction":[{"@type":"SearchAction","target":{"@type":"EntryPoint","urlTemplate":"https:\/\/thorinox.com\/fr\/?s={search_term_string}"},"query-input":"required name=search_term_string"}],"inLanguage":"fr-FR"},{"@type":"Organization","@id":"https:\/\/thorinox.com\/fr\/#organization","name":"Thorinox","url":"https:\/\/thorinox.com\/fr\/","logo":{"@type":"ImageObject","inLanguage":"fr-FR","@id":"https:\/\/thorinox.com\/fr\/#\/schema\/logo\/image\/","url":"https:\/\/thorinox.com\/wp-content\/uploads\/2024\/02\/Thorinox-logo-high-quality-stainless-steel-equipment.png","contentUrl":"https:\/\/thorinox.com\/wp-content\/uploads\/2024\/02\/Thorinox-logo-high-quality-stainless-steel-equipment.png","width":546,"height":100,"caption":"Thorinox"},"image":{"@id":"https:\/\/thorinox.com\/fr\/#\/schema\/logo\/image\/"}}]}},"_links":{"self":[{"href":"https:\/\/thorinox.com\/fr\/wp-json\/wp\/v2\/product\/10346"}],"collection":[{"href":"https:\/\/thorinox.com\/fr\/wp-json\/wp\/v2\/product"}],"about":[{"href":"https:\/\/thorinox.com\/fr\/wp-json\/wp\/v2\/types\/product"}],"replies":[{"embeddable":true,"href":"https:\/\/thorinox.com\/fr\/wp-json\/wp\/v2\/comments?post=10346"}],"wp:featuredmedia":[{"embeddable":true,"href":"https:\/\/thorinox.com\/fr\/wp-json\/wp\/v2\/media\/7318"}],"wp:attachment":[{"href":"https:\/\/thorinox.com\/fr\/wp-json\/wp\/v2\/media?parent=10346"}],"wp:term":[{"taxonomy":"product_cat","embeddable":true,"href":"https:\/\/thorinox.com\/fr\/wp-json\/wp\/v2\/product_cat?post=10346"},{"taxonomy":"product_tag","embeddable":true,"href":"https:\/\/thorinox.com\/fr\/wp-json\/wp\/v2\/product_tag?post=10346"}],"curies":[{"name":"wp","href":"https:\/\/api.w.org\/{rel}","templated":true}]}}