{"id":10341,"date":"2024-03-29T11:11:01","date_gmt":"2024-03-29T15:11:01","guid":{"rendered":"https:\/\/thorinox.com\/equipment\/non%20class\u00e9\/roulettes-pivotantes\/"},"modified":"2024-04-22T14:36:57","modified_gmt":"2024-04-22T18:36:57","slug":"roulettes-pivotantes","status":"publish","type":"product","link":"https:\/\/thorinox.com\/fr\/equipment\/cabinets\/accessoires-de-cabinets\/roulettes-pivotantes\/","title":{"rendered":"Roulettes pivotantes"},"content":{"rendered":"<p>Pr\u00e9sentation de nos roulettes pivotantes pour nos armoires d\u00e9montables et murales en acier inoxydable, m\u00e9ticuleusement con\u00e7ues pour fournir des solutions de stockage efficaces pour les cuisines commerciales et les \u00e9tablissements de restauration\u00a0:<\/p>\n<p>Nos accessoires d&rsquo;armoires murales en acier inoxydable sont m\u00e9ticuleusement con\u00e7us pour offrir un rangement optimal tout en maximisant l&rsquo;utilisation de l&rsquo;espace vertical. Cr\u00e9\u00e9es en acier inoxydable de haute qualit\u00e9, ces armoires allient durabilit\u00e9 et esth\u00e9tique \u00e9l\u00e9gante, ce qui les rend id\u00e9ales pour les cuisines, les ateliers ou tout espace o\u00f9 un rangement efficace est essentiel.<\/p>\n<p>Nos armoires d\u00e9montables en acier inoxydable offrent une solution de rangement polyvalente et personnalisable. Faciles \u00e0 assembler et dot\u00e9es d&rsquo;une construction robuste, ces armoires offrent suffisamment d&rsquo;espace pour organiser les outils, l&rsquo;\u00e9quipement et les fournitures, garantissant ainsi un environnement sans encombrement.<\/p>\n<p>D\u00e9couvrez nos armoires avec tiroirs, dot\u00e9es d&rsquo;une construction \u00e9l\u00e9gante en acier inoxydable et de tiroirs coulissants pratiques. Ces armoires offrent un acc\u00e8s facile aux articles stock\u00e9s tout en conservant une apparence soign\u00e9e dans votre cuisine ou votre espace de travail.<\/p>\n<p>Optimisez votre espace de rangement avec nos armoires de rangement ouvertes, \u00e9quip\u00e9es de tablettes r\u00e9glables pour accueillir des articles de diff\u00e9rentes tailles. Parfaites pour ranger la vaisselle, les appareils \u00e9lectrom\u00e9nagers ou d&rsquo;autres objets essentiels, ces armoires offrent \u00e0 la fois fonctionnalit\u00e9 et style.<\/p>\n<p>D\u00e9couvrez la commodit\u00e9 et la durabilit\u00e9 de nos armoires, m\u00e9ticuleusement con\u00e7ues pour r\u00e9pondre \u00e0 vos besoins de rangement et am\u00e9liorer l&rsquo;efficacit\u00e9 de votre espace. Que vous \u00e9quipiez une cuisine commerciale, un garage ou un atelier, nos armoires offrent des solutions de rangement pratiques adapt\u00e9es \u00e0 vos besoins.<\/p>\n<h3>Caract\u00e9ristiques du\u00a0cabinet d\u00e9montable :<\/h3>\n<ul>\n<li>Fabriqu\u00e9 en acier inoxydable 430 de calibre 18<\/li>\n<li>Tablette int\u00e9rieure r\u00e9glable en acier inoxydable incluse<\/li>\n<li>Livr\u00e9 d\u00e9mont\u00e9<\/li>\n<li>Dosseret de 5&Prime; sur les mod\u00e8les TKCA-BK<\/li>\n<\/ul>\n<h3>Accessoires optionnels pour cabinet d\u00e9montable :<\/h3>\n<ul>\n<li>Roulettes pivotantes<\/li>\n<\/ul>\n<p>D\u00e9couvrez le pouvoir transformateur du rangement rationalis\u00e9 avec nos armoires polyvalentes et \u00e9levez votre cuisine ou votre espace de travail vers de nouveaux sommets de fonctionnalit\u00e9. Dites bonjour \u00e0 un environnement sans encombrement et adieu au temps perdu \u00e0 chercher des objets \u00e9gar\u00e9s. Choisissez nos armoires d\u00e9montables en acier inoxydable et lib\u00e9rez le potentiel de votre espace d\u00e8s aujourd&rsquo;hui.<\/p>\n","protected":false},"excerpt":{"rendered":"<p>Les roulettes pivotantes Thorinox sont fabriqu\u00e9es en acier inoxydable de haute qualit\u00e9 pour les postes de travail, garantissant des performances et une organisation durables dans les environnements commerciaux, comme les restaurants, les food trucks et autres cuisines commerciales.<\/p>\n<h3>Caract\u00e9ristiques standards :<\/h3>\n<ul>\n<li>Fabriqu\u00e9 en acier inoxydable 430 de calibre 18<\/li>\n<li>Tablette int\u00e9rieure r\u00e9glable en acier inoxydable incluse<\/li>\n<li>Livr\u00e9 d\u00e9mont\u00e9<\/li>\n<li>Dosseret de 5&Prime; sur les mod\u00e8les TKCA-BK<\/li>\n<\/ul>\n<h3>Accessoires optionnels:<\/h3>\n<ul>\n<li><a href=\"https:\/\/thorinox.com\/fr\/equipment\/cabinets\/accessoires-de-cabinets\/roulettes-pivotantes\/\">Roulettes pivotantes<\/a><\/li>\n<\/ul>\n<table>\n<thead>\n<tr>\n<th style=\"text-align: left;\">Mod\u00e8le<\/th>\n<\/tr>\n<\/thead>\n<tbody>\n<tr>\n<td>TCAD-CASTERS<\/td>\n<\/tr>\n<\/tbody>\n<\/table>\n","protected":false},"featured_media":10683,"comment_status":"open","ping_status":"closed","template":"","meta":[],"product_cat":[235],"product_tag":[],"yoast_head":"<!-- This site is optimized with the Yoast SEO plugin v23.3 - https:\/\/yoast.com\/wordpress\/plugins\/seo\/ -->\n<title>Roulettes pivotantes | \u00c9quipement pour restaurant | Thorinox | Montr\u00e9al<\/title>\n<meta name=\"description\" content=\"Les roulettes pivotantes Thorinox sont fabriqu\u00e9es en acier inoxydable de haute qualit\u00e9, parfaites pour les postes de travail dans les \u00e9tablissements commerciaux et industriels.\" \/>\n<meta name=\"robots\" content=\"index, follow, max-snippet:-1, max-image-preview:large, max-video-preview:-1\" \/>\n<link rel=\"canonical\" href=\"https:\/\/thorinox.com\/fr\/equipment\/cabinets\/accessoires-de-cabinets\/roulettes-pivotantes\/\" \/>\n<meta property=\"og:locale\" content=\"fr_FR\" \/>\n<meta property=\"og:type\" content=\"article\" \/>\n<meta property=\"og:title\" content=\"Roulettes pivotantes | \u00c9quipement pour restaurant | Thorinox | Montr\u00e9al\" \/>\n<meta property=\"og:description\" content=\"Les roulettes pivotantes Thorinox sont fabriqu\u00e9es en acier inoxydable de haute qualit\u00e9, parfaites pour les postes de travail dans les \u00e9tablissements commerciaux et industriels.\" \/>\n<meta property=\"og:url\" content=\"https:\/\/thorinox.com\/fr\/equipment\/cabinets\/accessoires-de-cabinets\/roulettes-pivotantes\/\" \/>\n<meta property=\"og:site_name\" content=\"Thorinox\" \/>\n<meta property=\"article:modified_time\" content=\"2024-04-22T18:36:57+00:00\" \/>\n<meta property=\"og:image\" content=\"https:\/\/thorinox.com\/wp-content\/uploads\/2024\/03\/thorinox-cabinet-swivel-casters.png\" \/>\n\t<meta property=\"og:image:width\" content=\"800\" \/>\n\t<meta property=\"og:image:height\" content=\"900\" \/>\n\t<meta property=\"og:image:type\" content=\"image\/png\" \/>\n<meta name=\"twitter:card\" content=\"summary_large_image\" \/>\n<meta name=\"twitter:label1\" content=\"Dur\u00e9e de lecture estim\u00e9e\" \/>\n\t<meta name=\"twitter:data1\" content=\"2 minutes\" \/>\n<script type=\"application\/ld+json\" class=\"yoast-schema-graph\">{\"@context\":\"https:\/\/schema.org\",\"@graph\":[{\"@type\":\"WebPage\",\"@id\":\"https:\/\/thorinox.com\/fr\/equipment\/cabinets\/accessoires-de-cabinets\/roulettes-pivotantes\/\",\"url\":\"https:\/\/thorinox.com\/fr\/equipment\/cabinets\/accessoires-de-cabinets\/roulettes-pivotantes\/\",\"name\":\"Roulettes pivotantes | \u00c9quipement pour restaurant | Thorinox | Montr\u00e9al\",\"isPartOf\":{\"@id\":\"https:\/\/thorinox.com\/fr\/#website\"},\"primaryImageOfPage\":{\"@id\":\"https:\/\/thorinox.com\/fr\/equipment\/cabinets\/accessoires-de-cabinets\/roulettes-pivotantes\/#primaryimage\"},\"image\":{\"@id\":\"https:\/\/thorinox.com\/fr\/equipment\/cabinets\/accessoires-de-cabinets\/roulettes-pivotantes\/#primaryimage\"},\"thumbnailUrl\":\"https:\/\/thorinox.com\/wp-content\/uploads\/2024\/03\/thorinox-cabinet-swivel-casters.png\",\"datePublished\":\"2024-03-29T15:11:01+00:00\",\"dateModified\":\"2024-04-22T18:36:57+00:00\",\"description\":\"Les roulettes pivotantes Thorinox sont fabriqu\u00e9es en acier inoxydable de haute qualit\u00e9, parfaites pour les postes de travail dans les \u00e9tablissements commerciaux et industriels.\",\"breadcrumb\":{\"@id\":\"https:\/\/thorinox.com\/fr\/equipment\/cabinets\/accessoires-de-cabinets\/roulettes-pivotantes\/#breadcrumb\"},\"inLanguage\":\"fr-FR\",\"potentialAction\":[{\"@type\":\"ReadAction\",\"target\":[\"https:\/\/thorinox.com\/fr\/equipment\/cabinets\/accessoires-de-cabinets\/roulettes-pivotantes\/\"]}]},{\"@type\":\"ImageObject\",\"inLanguage\":\"fr-FR\",\"@id\":\"https:\/\/thorinox.com\/fr\/equipment\/cabinets\/accessoires-de-cabinets\/roulettes-pivotantes\/#primaryimage\",\"url\":\"https:\/\/thorinox.com\/wp-content\/uploads\/2024\/03\/thorinox-cabinet-swivel-casters.png\",\"contentUrl\":\"https:\/\/thorinox.com\/wp-content\/uploads\/2024\/03\/thorinox-cabinet-swivel-casters.png\",\"width\":800,\"height\":900},{\"@type\":\"BreadcrumbList\",\"@id\":\"https:\/\/thorinox.com\/fr\/equipment\/cabinets\/accessoires-de-cabinets\/roulettes-pivotantes\/#breadcrumb\",\"itemListElement\":[{\"@type\":\"ListItem\",\"position\":1,\"name\":\"Home\",\"item\":\"https:\/\/thorinox.com\/fr\/\"},{\"@type\":\"ListItem\",\"position\":2,\"name\":\"Produits\",\"item\":\"https:\/\/thorinox.com\/fr\/shop\/\"},{\"@type\":\"ListItem\",\"position\":3,\"name\":\"Roulettes pivotantes\"}]},{\"@type\":\"WebSite\",\"@id\":\"https:\/\/thorinox.com\/fr\/#website\",\"url\":\"https:\/\/thorinox.com\/fr\/\",\"name\":\"Thorinox\",\"description\":\"High Quality Stainless Steel Equipment\",\"publisher\":{\"@id\":\"https:\/\/thorinox.com\/fr\/#organization\"},\"potentialAction\":[{\"@type\":\"SearchAction\",\"target\":{\"@type\":\"EntryPoint\",\"urlTemplate\":\"https:\/\/thorinox.com\/fr\/?s={search_term_string}\"},\"query-input\":\"required name=search_term_string\"}],\"inLanguage\":\"fr-FR\"},{\"@type\":\"Organization\",\"@id\":\"https:\/\/thorinox.com\/fr\/#organization\",\"name\":\"Thorinox\",\"url\":\"https:\/\/thorinox.com\/fr\/\",\"logo\":{\"@type\":\"ImageObject\",\"inLanguage\":\"fr-FR\",\"@id\":\"https:\/\/thorinox.com\/fr\/#\/schema\/logo\/image\/\",\"url\":\"https:\/\/thorinox.com\/wp-content\/uploads\/2024\/02\/Thorinox-logo-high-quality-stainless-steel-equipment.png\",\"contentUrl\":\"https:\/\/thorinox.com\/wp-content\/uploads\/2024\/02\/Thorinox-logo-high-quality-stainless-steel-equipment.png\",\"width\":546,\"height\":100,\"caption\":\"Thorinox\"},\"image\":{\"@id\":\"https:\/\/thorinox.com\/fr\/#\/schema\/logo\/image\/\"}}]}<\/script>\n<!-- \/ Yoast SEO plugin. -->","yoast_head_json":{"title":"Roulettes pivotantes | \u00c9quipement pour restaurant | Thorinox | Montr\u00e9al","description":"Les roulettes pivotantes Thorinox sont fabriqu\u00e9es en acier inoxydable de haute qualit\u00e9, parfaites pour les postes de travail dans les \u00e9tablissements commerciaux et industriels.","robots":{"index":"index","follow":"follow","max-snippet":"max-snippet:-1","max-image-preview":"max-image-preview:large","max-video-preview":"max-video-preview:-1"},"canonical":"https:\/\/thorinox.com\/fr\/equipment\/cabinets\/accessoires-de-cabinets\/roulettes-pivotantes\/","og_locale":"fr_FR","og_type":"article","og_title":"Roulettes pivotantes | \u00c9quipement pour restaurant | Thorinox | Montr\u00e9al","og_description":"Les roulettes pivotantes Thorinox sont fabriqu\u00e9es en acier inoxydable de haute qualit\u00e9, parfaites pour les postes de travail dans les \u00e9tablissements commerciaux et industriels.","og_url":"https:\/\/thorinox.com\/fr\/equipment\/cabinets\/accessoires-de-cabinets\/roulettes-pivotantes\/","og_site_name":"Thorinox","article_modified_time":"2024-04-22T18:36:57+00:00","og_image":[{"width":800,"height":900,"url":"https:\/\/thorinox.com\/wp-content\/uploads\/2024\/03\/thorinox-cabinet-swivel-casters.png","type":"image\/png"}],"twitter_card":"summary_large_image","twitter_misc":{"Dur\u00e9e de lecture estim\u00e9e":"2 minutes"},"schema":{"@context":"https:\/\/schema.org","@graph":[{"@type":"WebPage","@id":"https:\/\/thorinox.com\/fr\/equipment\/cabinets\/accessoires-de-cabinets\/roulettes-pivotantes\/","url":"https:\/\/thorinox.com\/fr\/equipment\/cabinets\/accessoires-de-cabinets\/roulettes-pivotantes\/","name":"Roulettes pivotantes | \u00c9quipement pour restaurant | Thorinox | Montr\u00e9al","isPartOf":{"@id":"https:\/\/thorinox.com\/fr\/#website"},"primaryImageOfPage":{"@id":"https:\/\/thorinox.com\/fr\/equipment\/cabinets\/accessoires-de-cabinets\/roulettes-pivotantes\/#primaryimage"},"image":{"@id":"https:\/\/thorinox.com\/fr\/equipment\/cabinets\/accessoires-de-cabinets\/roulettes-pivotantes\/#primaryimage"},"thumbnailUrl":"https:\/\/thorinox.com\/wp-content\/uploads\/2024\/03\/thorinox-cabinet-swivel-casters.png","datePublished":"2024-03-29T15:11:01+00:00","dateModified":"2024-04-22T18:36:57+00:00","description":"Les roulettes pivotantes Thorinox sont fabriqu\u00e9es en acier inoxydable de haute qualit\u00e9, parfaites pour les postes de travail dans les \u00e9tablissements commerciaux et industriels.","breadcrumb":{"@id":"https:\/\/thorinox.com\/fr\/equipment\/cabinets\/accessoires-de-cabinets\/roulettes-pivotantes\/#breadcrumb"},"inLanguage":"fr-FR","potentialAction":[{"@type":"ReadAction","target":["https:\/\/thorinox.com\/fr\/equipment\/cabinets\/accessoires-de-cabinets\/roulettes-pivotantes\/"]}]},{"@type":"ImageObject","inLanguage":"fr-FR","@id":"https:\/\/thorinox.com\/fr\/equipment\/cabinets\/accessoires-de-cabinets\/roulettes-pivotantes\/#primaryimage","url":"https:\/\/thorinox.com\/wp-content\/uploads\/2024\/03\/thorinox-cabinet-swivel-casters.png","contentUrl":"https:\/\/thorinox.com\/wp-content\/uploads\/2024\/03\/thorinox-cabinet-swivel-casters.png","width":800,"height":900},{"@type":"BreadcrumbList","@id":"https:\/\/thorinox.com\/fr\/equipment\/cabinets\/accessoires-de-cabinets\/roulettes-pivotantes\/#breadcrumb","itemListElement":[{"@type":"ListItem","position":1,"name":"Home","item":"https:\/\/thorinox.com\/fr\/"},{"@type":"ListItem","position":2,"name":"Produits","item":"https:\/\/thorinox.com\/fr\/shop\/"},{"@type":"ListItem","position":3,"name":"Roulettes pivotantes"}]},{"@type":"WebSite","@id":"https:\/\/thorinox.com\/fr\/#website","url":"https:\/\/thorinox.com\/fr\/","name":"Thorinox","description":"High Quality Stainless Steel Equipment","publisher":{"@id":"https:\/\/thorinox.com\/fr\/#organization"},"potentialAction":[{"@type":"SearchAction","target":{"@type":"EntryPoint","urlTemplate":"https:\/\/thorinox.com\/fr\/?s={search_term_string}"},"query-input":"required name=search_term_string"}],"inLanguage":"fr-FR"},{"@type":"Organization","@id":"https:\/\/thorinox.com\/fr\/#organization","name":"Thorinox","url":"https:\/\/thorinox.com\/fr\/","logo":{"@type":"ImageObject","inLanguage":"fr-FR","@id":"https:\/\/thorinox.com\/fr\/#\/schema\/logo\/image\/","url":"https:\/\/thorinox.com\/wp-content\/uploads\/2024\/02\/Thorinox-logo-high-quality-stainless-steel-equipment.png","contentUrl":"https:\/\/thorinox.com\/wp-content\/uploads\/2024\/02\/Thorinox-logo-high-quality-stainless-steel-equipment.png","width":546,"height":100,"caption":"Thorinox"},"image":{"@id":"https:\/\/thorinox.com\/fr\/#\/schema\/logo\/image\/"}}]}},"_links":{"self":[{"href":"https:\/\/thorinox.com\/fr\/wp-json\/wp\/v2\/product\/10341"}],"collection":[{"href":"https:\/\/thorinox.com\/fr\/wp-json\/wp\/v2\/product"}],"about":[{"href":"https:\/\/thorinox.com\/fr\/wp-json\/wp\/v2\/types\/product"}],"replies":[{"embeddable":true,"href":"https:\/\/thorinox.com\/fr\/wp-json\/wp\/v2\/comments?post=10341"}],"wp:featuredmedia":[{"embeddable":true,"href":"https:\/\/thorinox.com\/fr\/wp-json\/wp\/v2\/media\/10683"}],"wp:attachment":[{"href":"https:\/\/thorinox.com\/fr\/wp-json\/wp\/v2\/media?parent=10341"}],"wp:term":[{"taxonomy":"product_cat","embeddable":true,"href":"https:\/\/thorinox.com\/fr\/wp-json\/wp\/v2\/product_cat?post=10341"},{"taxonomy":"product_tag","embeddable":true,"href":"https:\/\/thorinox.com\/fr\/wp-json\/wp\/v2\/product_tag?post=10341"}],"curies":[{"name":"wp","href":"https:\/\/api.w.org\/{rel}","templated":true}]}}