{"id":10327,"date":"2024-03-29T07:58:01","date_gmt":"2024-03-29T11:58:01","guid":{"rendered":"https:\/\/thorinox.com\/equipment\/non%20class\u00e9\/rail-de-support\/"},"modified":"2024-04-22T13:39:18","modified_gmt":"2024-04-22T17:39:18","slug":"rail-de-support","status":"publish","type":"product","link":"https:\/\/thorinox.com\/fr\/equipment\/etageres\/accessoires-pour-etageres\/rail-de-support\/","title":{"rendered":"Rail de support"},"content":{"rendered":"<p>D\u00e9couvrez notre accessoire de rail de support pour \u00e9tag\u00e8res, m\u00e9ticuleusement con\u00e7ue pour fournir des solutions de rangement efficaces pour les cuisines commerciales et les \u00e9tablissements de restauration.<\/p>\n<p>En plus de nos \u00e9tag\u00e8res m\u00e9talliques au fini chrom\u00e9, nous sommes fiers de proposer une gamme d&rsquo;accessoires en option. Ils sont con\u00e7us pour am\u00e9liorer encore votre exp\u00e9rience de stockage. Explorez notre gamme compl\u00e8te d&rsquo;accessoires m\u00e9ticuleusement con\u00e7us pour am\u00e9liorer la fonctionnalit\u00e9, l&rsquo;organisation et la polyvalence dans n&rsquo;importe quel environnement. Ces accessoires sont parfaits pour optimiser l\u2019espace dans votre cuisine commerciale anim\u00e9e. De plus, ils sont id\u00e9aux pour rationaliser les op\u00e9rations dans votre garage ou pour am\u00e9liorer la pr\u00e9sentation des produits dans un environnement de vente au d\u00e9tail. Notre gamme d&rsquo;accessoires offre des possibilit\u00e9s infinies de personnalisation et d&rsquo;efficacit\u00e9. Des supports muraux pratiques aux s\u00e9parateurs d&rsquo;\u00e9tag\u00e8res pratiques, en passant par les roulettes \u00e0 roulement doux, les pieds robustes, les capuchons de protection, et bien plus encore. De plus, chaque accessoire est m\u00e9ticuleusement con\u00e7u dans un souci de pr\u00e9cision et de durabilit\u00e9.<\/p>\n<p>Avec ces accessoires \u00e0 votre disposition, vous pouvez adapter votre syst\u00e8me d&rsquo;\u00e9tag\u00e8res \u00e0 vos besoins et pr\u00e9f\u00e9rences uniques, lib\u00e9rant ainsi tout son potentiel. Transformez n&rsquo;importe quel espace en un centre de productivit\u00e9 bien organis\u00e9 et efficace gr\u00e2ce \u00e0 notre gamme diversifi\u00e9e d&rsquo;accessoires, garantissant que vos solutions de stockage r\u00e9pondent aux exigences de votre environnement dynamique.<\/p>\n<p>** Garantie annul\u00e9e si les \u00e9tag\u00e8res sont install\u00e9es dans un environnement humide ou sal\u00e9.<\/p>\n<p>En plus de nos \u00e9tag\u00e8res m\u00e9talliques au fini chrom\u00e9, nous sommes fiers de proposer une gamme d&rsquo;accessoires en option con\u00e7us pour am\u00e9liorer encore votre exp\u00e9rience de stockage. Explorez notre gamme compl\u00e8te d&rsquo;accessoires m\u00e9ticuleusement con\u00e7us pour am\u00e9liorer la fonctionnalit\u00e9, l&rsquo;organisation et la polyvalence dans n&rsquo;importe quel environnement. Que vous cherchiez \u00e0 optimiser l&rsquo;espace dans votre cuisine commerciale anim\u00e9e, \u00e0 rationaliser les op\u00e9rations dans votre garage ou \u00e0 am\u00e9liorer la pr\u00e9sentation des produits dans un environnement de vente au d\u00e9tail, notre gamme d&rsquo;accessoires offre des possibilit\u00e9s infinies de personnalisation et d&rsquo;efficacit\u00e9. Des supports muraux pratiques aux s\u00e9parateurs d&rsquo;\u00e9tag\u00e8res pratiques, en passant par les roulettes \u00e0 roulement doux, les pieds robustes, les capuchons de protection, et bien plus encore, chaque accessoire est m\u00e9ticuleusement con\u00e7u dans un souci de pr\u00e9cision et de durabilit\u00e9.<\/p>\n<p>Avec ces accessoires \u00e0 votre disposition, vous pouvez adapter votre syst\u00e8me d&rsquo;\u00e9tag\u00e8res pour qu&rsquo;il s&rsquo;adapte parfaitement \u00e0 vos besoins et pr\u00e9f\u00e9rences uniques, lib\u00e9rant ainsi tout son potentiel. Transformez n&rsquo;importe quel espace en un centre de productivit\u00e9 bien organis\u00e9 et efficace gr\u00e2ce \u00e0 notre gamme diversifi\u00e9e d&rsquo;accessoires, garantissant que vos solutions de stockage r\u00e9pondent aux exigences de votre environnement dynamique.<\/p>\n<h3><strong>Accessoires optionnels\u00a0:<\/strong><\/h3>\n<ul>\n<li><a href=\"https:\/\/thorinox.com\/fr\/equipment\/etageres\/accessoires-pour-etageres\/supports-muraux\/\">Supports muraux<\/a><\/li>\n<li><a href=\"https:\/\/thorinox.com\/fr\/equipment\/etageres\/accessoires-pour-etageres\/diviseurs-detagere\/\">Diviseurs d&rsquo;\u00e9tag\u00e8re<\/a><\/li>\n<li><a href=\"https:\/\/thorinox.com\/fr\/equipment\/etageres\/accessoires-pour-etageres\/pieds-de-balle\/\">Pieds de balle<\/a><\/li>\n<li><a href=\"https:\/\/thorinox.com\/fr\/equipment\/etageres\/accessoires-pour-etageres\/bouchons\/\">Bouchons<\/a><\/li>\n<li><a href=\"https:\/\/thorinox.com\/fr\/equipment\/etageres\/accessoires-pour-etageres\/rebords-pour-etageres\/\">Rebords pour \u00e9tag\u00e8res<\/a><\/li>\n<li><a href=\"https:\/\/thorinox.com\/fr\/equipment\/etageres\/accessoires-pour-etageres\/plaques-de-pied\/\">Plaques de pied<\/a><\/li>\n<li><a href=\"https:\/\/thorinox.com\/fr\/equipment\/etageres\/accessoires-pour-etageres\/clips-pour-etageres\/\">Clips<\/a><\/li>\n<li><a href=\"https:\/\/thorinox.com\/fr\/equipment\/etageres\/accessoires-pour-etageres\/rail-de-support\/\">Rails de support<\/a><\/li>\n<li><a href=\"https:\/\/thorinox.com\/fr\/equipment\/etageres\/accessoires-pour-etageres\/barre-de-soutien-en-u-simple\/\">Barre de soutien en U simple<\/a><\/li>\n<li><a href=\"https:\/\/thorinox.com\/fr\/equipment\/etageres\/accessoires-pour-etageres\/crochets-en-s\/\">Crochets en S<\/a><\/li>\n<li><a href=\"https:\/\/thorinox.com\/fr\/equipment\/etageres\/accessoires-pour-etageres\/pinces-de-serrage\/\">Pinces de serrage<\/a><\/li>\n<li><a href=\"https:\/\/thorinox.com\/fr\/equipment\/etageres\/accessoires-pour-etageres\/revetement-detagere-en-plastique\/\">Rev\u00eatement d&rsquo;\u00e9tag\u00e8re en plastique<\/a><\/li>\n<li><a href=\"https:\/\/thorinox.com\/fr\/equipment\/etageres\/accessoires-pour-etageres\/poignee-plate\/\">Poign\u00e9e plate (chrome ou \u00e9poxy)<\/a><\/li>\n<li><a href=\"https:\/\/thorinox.com\/fr\/equipment\/etageres\/accessoires-pour-etageres\/pare-choc-tws\/\">Pare-chocs<\/a><\/li>\n<\/ul>\n<p>Polyvalentes et adaptables, nos \u00e9tag\u00e8res m\u00e9talliques \u00e0 finition chrom\u00e9e conviennent \u00e0 une large gamme d&rsquo;applications dans diverses industries.<\/p>\n<h3><strong>Dans la cuisine\u00a0:<\/strong><\/h3>\n<p>Ces \u00e9tag\u00e8res offrent des solutions de stockage efficaces pour les ingr\u00e9dients, les ustensiles de cuisine et les petits appareils \u00e9lectrom\u00e9nagers, contribuant ainsi \u00e0 rationaliser les processus de pr\u00e9paration des aliments et \u00e0 optimiser le flux de travail.<\/p>\n<h3><strong>Dans votre entrep\u00f4t\u00a0:<\/strong><\/h3>\n<p>Dans les entrep\u00f4ts et les installations de stockage, ils offrent un stockage robuste et fiable pour les stocks, les \u00e9quipements et les fournitures, maximisant l&rsquo;espace disponible et facilitant l&rsquo;acc\u00e8s aux articles.<\/p>\n","protected":false},"excerpt":{"rendered":"<p>La rail de support de Thorinox est fabriqu\u00e9e d&rsquo;un mat\u00e9riau de haute qualit\u00e9 pour une durabilit\u00e9 durable et une organisation efficace dans les environnements commerciaux, industriels et r\u00e9sidentiels.<\/p>\n<h3>Fonctionnalit\u00e9s standards :<\/h3>\n<ul>\n<li>Disponible en rev\u00eatement chrom\u00e9<\/li>\n<li>Disponible en rev\u00eatement \u00e9poxy<\/li>\n<\/ul>\n<h3>Accessoires optionnels :<\/h3>\n<ul>\n<li><a href=\"https:\/\/thorinox.com\/fr\/equipment\/etageres\/accessoires-pour-etageres\/supports-muraux\/\">Supports muraux<\/a><\/li>\n<li><a href=\"https:\/\/thorinox.com\/fr\/equipment\/etageres\/accessoires-pour-etageres\/diviseurs-detagere\/\">Diviseurs d&rsquo;\u00e9tag\u00e8re<\/a><\/li>\n<li><a href=\"https:\/\/thorinox.com\/fr\/equipment\/etageres\/accessoires-pour-etageres\/pieds-de-balle\/\">Pieds de balle<\/a><\/li>\n<li><a href=\"https:\/\/thorinox.com\/fr\/equipment\/etageres\/accessoires-pour-etageres\/bouchons\/\">Bouchons<\/a><\/li>\n<li><a href=\"https:\/\/thorinox.com\/fr\/equipment\/etageres\/accessoires-pour-etageres\/rebords-pour-etageres\/\">Rebords pour \u00e9tag\u00e8res<\/a><\/li>\n<li><a href=\"https:\/\/thorinox.com\/fr\/equipment\/etageres\/accessoires-pour-etageres\/plaques-de-pied\/\">Plaques de pied<\/a><\/li>\n<li><a href=\"https:\/\/thorinox.com\/fr\/equipment\/etageres\/accessoires-pour-etageres\/clips-pour-etageres\/\">Clips<\/a><\/li>\n<li><a href=\"https:\/\/thorinox.com\/fr\/equipment\/etageres\/accessoires-pour-etageres\/rail-de-support\/\">Rails de support<\/a><\/li>\n<li><a href=\"https:\/\/thorinox.com\/fr\/equipment\/etageres\/accessoires-pour-etageres\/barre-de-soutien-en-u-simple\/\">Barre de soutien en U simple<\/a><\/li>\n<li><a href=\"https:\/\/thorinox.com\/fr\/equipment\/etageres\/accessoires-pour-etageres\/crochets-en-s\/\">Crochets en S<\/a><\/li>\n<li><a href=\"https:\/\/thorinox.com\/fr\/equipment\/etageres\/accessoires-pour-etageres\/pinces-de-serrage\/\">Pinces de serrage<\/a><\/li>\n<li><a href=\"https:\/\/thorinox.com\/fr\/equipment\/etageres\/accessoires-pour-etageres\/revetement-detagere-en-plastique\/\">Rev\u00eatement d&rsquo;\u00e9tag\u00e8re en plastique<\/a><\/li>\n<li><a href=\"https:\/\/thorinox.com\/fr\/equipment\/etageres\/accessoires-pour-etageres\/poignee-plate\/\">Poign\u00e9e plate (chrome ou \u00e9poxy)<\/a><\/li>\n<li><a href=\"https:\/\/thorinox.com\/fr\/equipment\/etageres\/accessoires-pour-etageres\/pare-choc-tws\/\">Pare-chocs<\/a><\/li>\n<\/ul>\n<h3>Pour les \u00e9tag\u00e8res chrom\u00e9es\u00a0:<\/h3>\n<table>\n<thead>\n<tr>\n<th style=\"text-align: left;\">Models<\/th>\n<\/tr>\n<\/thead>\n<tbody>\n<tr>\n<td>TCSR-18<\/td>\n<\/tr>\n<tr>\n<td>TCSR-24<\/td>\n<\/tr>\n<\/tbody>\n<\/table>\n<h3>Pour les \u00e9tag\u00e8res \u00e0 rev\u00eatement \u00e9poxy\u00a0:<\/h3>\n<table>\n<thead>\n<tr>\n<th style=\"text-align: left;\">Models<\/th>\n<\/tr>\n<\/thead>\n<tbody>\n<tr>\n<td>TESR-18<\/td>\n<\/tr>\n<tr>\n<td>TESR-24<\/td>\n<\/tr>\n<\/tbody>\n<\/table>\n","protected":false},"featured_media":8119,"comment_status":"open","ping_status":"closed","template":"","meta":[],"product_cat":[250],"product_tag":[],"yoast_head":"<!-- This site is optimized with the Yoast SEO plugin v23.3 - https:\/\/yoast.com\/wordpress\/plugins\/seo\/ -->\n<title>Rail de support | \u00c9tag\u00e8re en fil de fer | Thorinox | Montr\u00e9al, Laval, Qu\u00e9bec, Laurentides<\/title>\n<meta name=\"description\" content=\"La rail de support Thorinox est con\u00e7ue pour les \u00e9tag\u00e8res m\u00e9talliques de haute qualit\u00e9 utilis\u00e9es dans les \u00e9tablissements commerciaux et industriels pour l&#039;organisation.\" \/>\n<meta name=\"robots\" content=\"index, follow, max-snippet:-1, max-image-preview:large, max-video-preview:-1\" \/>\n<link rel=\"canonical\" href=\"https:\/\/thorinox.com\/fr\/equipment\/etageres\/accessoires-pour-etageres\/rail-de-support\/\" \/>\n<meta property=\"og:locale\" content=\"fr_FR\" \/>\n<meta property=\"og:type\" content=\"article\" \/>\n<meta property=\"og:title\" content=\"Rail de support | \u00c9tag\u00e8re en fil de fer | Thorinox | Montr\u00e9al, Laval, Qu\u00e9bec, Laurentides\" \/>\n<meta property=\"og:description\" content=\"La rail de support Thorinox est con\u00e7ue pour les \u00e9tag\u00e8res m\u00e9talliques de haute qualit\u00e9 utilis\u00e9es dans les \u00e9tablissements commerciaux et industriels pour l&#039;organisation.\" \/>\n<meta property=\"og:url\" content=\"https:\/\/thorinox.com\/fr\/equipment\/etageres\/accessoires-pour-etageres\/rail-de-support\/\" \/>\n<meta property=\"og:site_name\" content=\"Thorinox\" \/>\n<meta property=\"article:modified_time\" content=\"2024-04-22T17:39:18+00:00\" \/>\n<meta property=\"og:image\" content=\"https:\/\/thorinox.com\/wp-content\/uploads\/2024\/03\/Thorinox-high-quality-stainless-steel-commercial-kitchen-equipment-support-rail-1.png\" \/>\n\t<meta property=\"og:image:width\" content=\"800\" \/>\n\t<meta property=\"og:image:height\" content=\"900\" \/>\n\t<meta property=\"og:image:type\" content=\"image\/png\" \/>\n<meta name=\"twitter:card\" content=\"summary_large_image\" \/>\n<meta name=\"twitter:label1\" content=\"Dur\u00e9e de lecture estim\u00e9e\" \/>\n\t<meta name=\"twitter:data1\" content=\"3 minutes\" \/>\n<script type=\"application\/ld+json\" class=\"yoast-schema-graph\">{\"@context\":\"https:\/\/schema.org\",\"@graph\":[{\"@type\":\"WebPage\",\"@id\":\"https:\/\/thorinox.com\/fr\/equipment\/etageres\/accessoires-pour-etageres\/rail-de-support\/\",\"url\":\"https:\/\/thorinox.com\/fr\/equipment\/etageres\/accessoires-pour-etageres\/rail-de-support\/\",\"name\":\"Rail de support | \u00c9tag\u00e8re en fil de fer | Thorinox | Montr\u00e9al, Laval, Qu\u00e9bec, Laurentides\",\"isPartOf\":{\"@id\":\"https:\/\/thorinox.com\/fr\/#website\"},\"primaryImageOfPage\":{\"@id\":\"https:\/\/thorinox.com\/fr\/equipment\/etageres\/accessoires-pour-etageres\/rail-de-support\/#primaryimage\"},\"image\":{\"@id\":\"https:\/\/thorinox.com\/fr\/equipment\/etageres\/accessoires-pour-etageres\/rail-de-support\/#primaryimage\"},\"thumbnailUrl\":\"https:\/\/thorinox.com\/wp-content\/uploads\/2024\/03\/Thorinox-high-quality-stainless-steel-commercial-kitchen-equipment-support-rail-1.png\",\"datePublished\":\"2024-03-29T11:58:01+00:00\",\"dateModified\":\"2024-04-22T17:39:18+00:00\",\"description\":\"La rail de support Thorinox est con\u00e7ue pour les \u00e9tag\u00e8res m\u00e9talliques de haute qualit\u00e9 utilis\u00e9es dans les \u00e9tablissements commerciaux et industriels pour l'organisation.\",\"breadcrumb\":{\"@id\":\"https:\/\/thorinox.com\/fr\/equipment\/etageres\/accessoires-pour-etageres\/rail-de-support\/#breadcrumb\"},\"inLanguage\":\"fr-FR\",\"potentialAction\":[{\"@type\":\"ReadAction\",\"target\":[\"https:\/\/thorinox.com\/fr\/equipment\/etageres\/accessoires-pour-etageres\/rail-de-support\/\"]}]},{\"@type\":\"ImageObject\",\"inLanguage\":\"fr-FR\",\"@id\":\"https:\/\/thorinox.com\/fr\/equipment\/etageres\/accessoires-pour-etageres\/rail-de-support\/#primaryimage\",\"url\":\"https:\/\/thorinox.com\/wp-content\/uploads\/2024\/03\/Thorinox-high-quality-stainless-steel-commercial-kitchen-equipment-support-rail-1.png\",\"contentUrl\":\"https:\/\/thorinox.com\/wp-content\/uploads\/2024\/03\/Thorinox-high-quality-stainless-steel-commercial-kitchen-equipment-support-rail-1.png\",\"width\":800,\"height\":900,\"caption\":\"Ceci est une image des accessoires d'\u00e9quipement de Thorinox. Thorinox est un \u00e9quipement en acier inoxydable de haute qualit\u00e9 destin\u00e9 aux restaurants et autres types de postes de travail.\"},{\"@type\":\"BreadcrumbList\",\"@id\":\"https:\/\/thorinox.com\/fr\/equipment\/etageres\/accessoires-pour-etageres\/rail-de-support\/#breadcrumb\",\"itemListElement\":[{\"@type\":\"ListItem\",\"position\":1,\"name\":\"Home\",\"item\":\"https:\/\/thorinox.com\/fr\/\"},{\"@type\":\"ListItem\",\"position\":2,\"name\":\"Produits\",\"item\":\"https:\/\/thorinox.com\/fr\/shop\/\"},{\"@type\":\"ListItem\",\"position\":3,\"name\":\"Rail de support\"}]},{\"@type\":\"WebSite\",\"@id\":\"https:\/\/thorinox.com\/fr\/#website\",\"url\":\"https:\/\/thorinox.com\/fr\/\",\"name\":\"Thorinox\",\"description\":\"High Quality Stainless Steel Equipment\",\"publisher\":{\"@id\":\"https:\/\/thorinox.com\/fr\/#organization\"},\"potentialAction\":[{\"@type\":\"SearchAction\",\"target\":{\"@type\":\"EntryPoint\",\"urlTemplate\":\"https:\/\/thorinox.com\/fr\/?s={search_term_string}\"},\"query-input\":\"required name=search_term_string\"}],\"inLanguage\":\"fr-FR\"},{\"@type\":\"Organization\",\"@id\":\"https:\/\/thorinox.com\/fr\/#organization\",\"name\":\"Thorinox\",\"url\":\"https:\/\/thorinox.com\/fr\/\",\"logo\":{\"@type\":\"ImageObject\",\"inLanguage\":\"fr-FR\",\"@id\":\"https:\/\/thorinox.com\/fr\/#\/schema\/logo\/image\/\",\"url\":\"https:\/\/thorinox.com\/wp-content\/uploads\/2024\/02\/Thorinox-logo-high-quality-stainless-steel-equipment.png\",\"contentUrl\":\"https:\/\/thorinox.com\/wp-content\/uploads\/2024\/02\/Thorinox-logo-high-quality-stainless-steel-equipment.png\",\"width\":546,\"height\":100,\"caption\":\"Thorinox\"},\"image\":{\"@id\":\"https:\/\/thorinox.com\/fr\/#\/schema\/logo\/image\/\"}}]}<\/script>\n<!-- \/ Yoast SEO plugin. -->","yoast_head_json":{"title":"Rail de support | \u00c9tag\u00e8re en fil de fer | Thorinox | Montr\u00e9al, Laval, Qu\u00e9bec, Laurentides","description":"La rail de support Thorinox est con\u00e7ue pour les \u00e9tag\u00e8res m\u00e9talliques de haute qualit\u00e9 utilis\u00e9es dans les \u00e9tablissements commerciaux et industriels pour l'organisation.","robots":{"index":"index","follow":"follow","max-snippet":"max-snippet:-1","max-image-preview":"max-image-preview:large","max-video-preview":"max-video-preview:-1"},"canonical":"https:\/\/thorinox.com\/fr\/equipment\/etageres\/accessoires-pour-etageres\/rail-de-support\/","og_locale":"fr_FR","og_type":"article","og_title":"Rail de support | \u00c9tag\u00e8re en fil de fer | Thorinox | Montr\u00e9al, Laval, Qu\u00e9bec, Laurentides","og_description":"La rail de support Thorinox est con\u00e7ue pour les \u00e9tag\u00e8res m\u00e9talliques de haute qualit\u00e9 utilis\u00e9es dans les \u00e9tablissements commerciaux et industriels pour l'organisation.","og_url":"https:\/\/thorinox.com\/fr\/equipment\/etageres\/accessoires-pour-etageres\/rail-de-support\/","og_site_name":"Thorinox","article_modified_time":"2024-04-22T17:39:18+00:00","og_image":[{"width":800,"height":900,"url":"https:\/\/thorinox.com\/wp-content\/uploads\/2024\/03\/Thorinox-high-quality-stainless-steel-commercial-kitchen-equipment-support-rail-1.png","type":"image\/png"}],"twitter_card":"summary_large_image","twitter_misc":{"Dur\u00e9e de lecture estim\u00e9e":"3 minutes"},"schema":{"@context":"https:\/\/schema.org","@graph":[{"@type":"WebPage","@id":"https:\/\/thorinox.com\/fr\/equipment\/etageres\/accessoires-pour-etageres\/rail-de-support\/","url":"https:\/\/thorinox.com\/fr\/equipment\/etageres\/accessoires-pour-etageres\/rail-de-support\/","name":"Rail de support | \u00c9tag\u00e8re en fil de fer | Thorinox | Montr\u00e9al, Laval, Qu\u00e9bec, Laurentides","isPartOf":{"@id":"https:\/\/thorinox.com\/fr\/#website"},"primaryImageOfPage":{"@id":"https:\/\/thorinox.com\/fr\/equipment\/etageres\/accessoires-pour-etageres\/rail-de-support\/#primaryimage"},"image":{"@id":"https:\/\/thorinox.com\/fr\/equipment\/etageres\/accessoires-pour-etageres\/rail-de-support\/#primaryimage"},"thumbnailUrl":"https:\/\/thorinox.com\/wp-content\/uploads\/2024\/03\/Thorinox-high-quality-stainless-steel-commercial-kitchen-equipment-support-rail-1.png","datePublished":"2024-03-29T11:58:01+00:00","dateModified":"2024-04-22T17:39:18+00:00","description":"La rail de support Thorinox est con\u00e7ue pour les \u00e9tag\u00e8res m\u00e9talliques de haute qualit\u00e9 utilis\u00e9es dans les \u00e9tablissements commerciaux et industriels pour l'organisation.","breadcrumb":{"@id":"https:\/\/thorinox.com\/fr\/equipment\/etageres\/accessoires-pour-etageres\/rail-de-support\/#breadcrumb"},"inLanguage":"fr-FR","potentialAction":[{"@type":"ReadAction","target":["https:\/\/thorinox.com\/fr\/equipment\/etageres\/accessoires-pour-etageres\/rail-de-support\/"]}]},{"@type":"ImageObject","inLanguage":"fr-FR","@id":"https:\/\/thorinox.com\/fr\/equipment\/etageres\/accessoires-pour-etageres\/rail-de-support\/#primaryimage","url":"https:\/\/thorinox.com\/wp-content\/uploads\/2024\/03\/Thorinox-high-quality-stainless-steel-commercial-kitchen-equipment-support-rail-1.png","contentUrl":"https:\/\/thorinox.com\/wp-content\/uploads\/2024\/03\/Thorinox-high-quality-stainless-steel-commercial-kitchen-equipment-support-rail-1.png","width":800,"height":900,"caption":"Ceci est une image des accessoires d'\u00e9quipement de Thorinox. Thorinox est un \u00e9quipement en acier inoxydable de haute qualit\u00e9 destin\u00e9 aux restaurants et autres types de postes de travail."},{"@type":"BreadcrumbList","@id":"https:\/\/thorinox.com\/fr\/equipment\/etageres\/accessoires-pour-etageres\/rail-de-support\/#breadcrumb","itemListElement":[{"@type":"ListItem","position":1,"name":"Home","item":"https:\/\/thorinox.com\/fr\/"},{"@type":"ListItem","position":2,"name":"Produits","item":"https:\/\/thorinox.com\/fr\/shop\/"},{"@type":"ListItem","position":3,"name":"Rail de support"}]},{"@type":"WebSite","@id":"https:\/\/thorinox.com\/fr\/#website","url":"https:\/\/thorinox.com\/fr\/","name":"Thorinox","description":"High Quality Stainless Steel Equipment","publisher":{"@id":"https:\/\/thorinox.com\/fr\/#organization"},"potentialAction":[{"@type":"SearchAction","target":{"@type":"EntryPoint","urlTemplate":"https:\/\/thorinox.com\/fr\/?s={search_term_string}"},"query-input":"required name=search_term_string"}],"inLanguage":"fr-FR"},{"@type":"Organization","@id":"https:\/\/thorinox.com\/fr\/#organization","name":"Thorinox","url":"https:\/\/thorinox.com\/fr\/","logo":{"@type":"ImageObject","inLanguage":"fr-FR","@id":"https:\/\/thorinox.com\/fr\/#\/schema\/logo\/image\/","url":"https:\/\/thorinox.com\/wp-content\/uploads\/2024\/02\/Thorinox-logo-high-quality-stainless-steel-equipment.png","contentUrl":"https:\/\/thorinox.com\/wp-content\/uploads\/2024\/02\/Thorinox-logo-high-quality-stainless-steel-equipment.png","width":546,"height":100,"caption":"Thorinox"},"image":{"@id":"https:\/\/thorinox.com\/fr\/#\/schema\/logo\/image\/"}}]}},"_links":{"self":[{"href":"https:\/\/thorinox.com\/fr\/wp-json\/wp\/v2\/product\/10327"}],"collection":[{"href":"https:\/\/thorinox.com\/fr\/wp-json\/wp\/v2\/product"}],"about":[{"href":"https:\/\/thorinox.com\/fr\/wp-json\/wp\/v2\/types\/product"}],"replies":[{"embeddable":true,"href":"https:\/\/thorinox.com\/fr\/wp-json\/wp\/v2\/comments?post=10327"}],"wp:featuredmedia":[{"embeddable":true,"href":"https:\/\/thorinox.com\/fr\/wp-json\/wp\/v2\/media\/8119"}],"wp:attachment":[{"href":"https:\/\/thorinox.com\/fr\/wp-json\/wp\/v2\/media?parent=10327"}],"wp:term":[{"taxonomy":"product_cat","embeddable":true,"href":"https:\/\/thorinox.com\/fr\/wp-json\/wp\/v2\/product_cat?post=10327"},{"taxonomy":"product_tag","embeddable":true,"href":"https:\/\/thorinox.com\/fr\/wp-json\/wp\/v2\/product_tag?post=10327"}],"curies":[{"name":"wp","href":"https:\/\/api.w.org\/{rel}","templated":true}]}}