{"id":10318,"date":"2024-03-28T14:06:17","date_gmt":"2024-03-28T18:06:17","guid":{"rendered":"https:\/\/thorinox.com\/equipment\/non%20class\u00e9\/etagere-en-epoxy-vert\/"},"modified":"2024-04-22T13:43:26","modified_gmt":"2024-04-22T17:43:26","slug":"etagere-en-epoxy-vert","status":"publish","type":"product","link":"https:\/\/thorinox.com\/fr\/equipment\/etageres\/etageres-en-fil-de-fer\/etagere-en-epoxy-vert\/","title":{"rendered":"\u00c9tag\u00e8re en \u00e9poxy vert"},"content":{"rendered":"<p>Pr\u00e9sentation de notre \u00e9tag\u00e8re en \u00e9poxy vert, m\u00e9ticuleusement con\u00e7ue pour fournir des solutions de stockage efficaces pour les cuisines commerciales et les \u00e9tablissements de restauration :<\/p>\n<h3><strong>Caract\u00e9ristiques de l&rsquo;\u00e9tag\u00e8re en \u00e9poxy vert\u00a0:<\/strong><\/h3>\n<ul>\n<li>Diff\u00e9rentes tailles pour r\u00e9pondre \u00e0 vos besoins<\/li>\n<li>Facile \u00e0 assembler<\/li>\n<li>Postes num\u00e9rot\u00e9s, plusieurs hauteurs disponibles<\/li>\n<li>Renforc\u00e9 au milieu<\/li>\n<li>Vendu par lot de 4<\/li>\n<li>Clips noirs inclus<\/li>\n<li>Garantie 10\u00a0ans** sur le rev\u00eatement \u00e9poxy<\/li>\n<\/ul>\n<p>** Garantie annul\u00e9e si les \u00e9tag\u00e8res sont install\u00e9es dans un environnement humide ou sal\u00e9.<\/p>\n<h3><strong>Accessoires optionnels\u00a0:<\/strong><\/h3>\n<p>En plus de nos \u00e9tag\u00e8res en fil de fer en \u00e9poxy vert, nous sommes fiers de proposer une gamme d&rsquo;accessoires en option con\u00e7us pour am\u00e9liorer encore votre exp\u00e9rience de stockage. Explorez notre gamme compl\u00e8te d&rsquo;accessoires m\u00e9ticuleusement con\u00e7us pour am\u00e9liorer la fonctionnalit\u00e9, l&rsquo;organisation et la polyvalence dans n&rsquo;importe quel environnement. Que vous cherchiez \u00e0 optimiser l&rsquo;espace dans votre cuisine commerciale anim\u00e9e, \u00e0 rationaliser les op\u00e9rations dans votre garage ou \u00e0 am\u00e9liorer la pr\u00e9sentation des produits dans un environnement de vente au d\u00e9tail, notre gamme d&rsquo;accessoires offre des possibilit\u00e9s infinies de personnalisation et d&rsquo;efficacit\u00e9. Des supports muraux pratiques aux s\u00e9parateurs d&rsquo;\u00e9tag\u00e8res pratiques, en passant par les roulettes \u00e0 roulement doux, les pieds robustes, les capuchons de protection, et bien plus encore, chaque accessoire est m\u00e9ticuleusement con\u00e7u dans un souci de pr\u00e9cision et de durabilit\u00e9.<\/p>\n<p>Avec ces accessoires \u00e0 votre disposition, vous pouvez adapter votre syst\u00e8me d&rsquo;\u00e9tag\u00e8re pour qu&rsquo;il s&rsquo;adapte parfaitement \u00e0 vos besoins et pr\u00e9f\u00e9rences uniques, lib\u00e9rant ainsi tout son potentiel. Transformez n&rsquo;importe quel espace en un centre de productivit\u00e9 bien organis\u00e9 et efficace gr\u00e2ce \u00e0 notre gamme diversifi\u00e9e d&rsquo;accessoires, garantissant que vos solutions de stockage r\u00e9pondent aux exigences de votre environnement dynamique.<\/p>\n<ul>\n<li><a href=\"https:\/\/thorinox.com\/fr\/equipment\/etageres\/accessoires-pour-etageres\/supports-muraux\/\">Supports muraux<\/a><\/li>\n<li><a href=\"https:\/\/thorinox.com\/fr\/equipment\/etageres\/accessoires-pour-etageres\/diviseurs-detagere\/\">Diviseurs d&rsquo;\u00e9tag\u00e8re<\/a><\/li>\n<li><a href=\"https:\/\/thorinox.com\/fr\/equipment\/etageres\/accessoires-pour-etageres\/pieds-de-balle\/\">Pieds de balle<\/a><\/li>\n<li><a href=\"https:\/\/thorinox.com\/fr\/equipment\/etageres\/accessoires-pour-etageres\/bouchons\/\">Bouchons<\/a><\/li>\n<li><a href=\"https:\/\/thorinox.com\/fr\/equipment\/etageres\/accessoires-pour-etageres\/rebords-pour-etageres\/\">Rebords pour \u00e9tag\u00e8res<\/a><\/li>\n<li><a href=\"https:\/\/thorinox.com\/fr\/equipment\/etageres\/accessoires-pour-etageres\/plaques-de-pied\/\">Plaques de pied<\/a><\/li>\n<li><a href=\"https:\/\/thorinox.com\/fr\/equipment\/etageres\/accessoires-pour-etageres\/clips-pour-etageres\/\">Clips<\/a><\/li>\n<li><a href=\"https:\/\/thorinox.com\/fr\/equipment\/etageres\/accessoires-pour-etageres\/rail-de-support\/\">Rails de support<\/a><\/li>\n<li><a href=\"https:\/\/thorinox.com\/fr\/equipment\/etageres\/accessoires-pour-etageres\/barre-de-soutien-en-u-simple\/\">Barre de soutien en U simple<\/a><\/li>\n<li><a href=\"https:\/\/thorinox.com\/fr\/equipment\/etageres\/accessoires-pour-etageres\/crochets-en-s\/\">Crochets en S<\/a><\/li>\n<li><a href=\"https:\/\/thorinox.com\/fr\/equipment\/etageres\/accessoires-pour-etageres\/pinces-de-serrage\/\">Pinces de serrage<\/a><\/li>\n<li><a href=\"https:\/\/thorinox.com\/fr\/equipment\/etageres\/accessoires-pour-etageres\/revetement-detagere-en-plastique\/\">Rev\u00eatement d&rsquo;\u00e9tag\u00e8re en plastique<\/a><\/li>\n<li><a href=\"https:\/\/thorinox.com\/fr\/equipment\/etageres\/accessoires-pour-etageres\/poignee-plate\/\">Poign\u00e9e plate (chrome ou \u00e9poxy)<\/a><\/li>\n<li><a href=\"https:\/\/thorinox.com\/fr\/equipment\/etageres\/accessoires-pour-etageres\/pare-choc-tws\/\">Pare-chocs<\/a><\/li>\n<\/ul>\n<p>Polyvalentes et adaptables, nos \u00e9tag\u00e8res m\u00e9talliques \u00e0 finition chrom\u00e9e conviennent \u00e0 une large gamme d&rsquo;applications dans diverses industries.<\/p>\n<h3><strong>Dans la cuisine\u00a0:<\/strong><\/h3>\n<p>Ces \u00e9tag\u00e8res offrent des solutions de stockage efficaces pour les ingr\u00e9dients, les ustensiles de cuisine et les petits appareils \u00e9lectrom\u00e9nagers, contribuant ainsi \u00e0 rationaliser les processus de pr\u00e9paration des aliments et \u00e0 optimiser le flux de travail.<\/p>\n<h3><strong>Dans votre entrep\u00f4t\u00a0:<\/strong><\/h3>\n<p>Dans les entrep\u00f4ts et les installations de stockage, ils offrent un stockage robuste et fiable pour les stocks, les \u00e9quipements et les fournitures, maximisant l&rsquo;espace disponible et facilitant l&rsquo;acc\u00e8s aux articles.<\/p>\n<h3><strong>Environnements de vente au d\u00e9tail\u00a0:<\/strong><\/h3>\n<p>De plus, dans les environnements de vente au d\u00e9tail, ces \u00e9tag\u00e8res servent de pr\u00e9sentoirs attrayants pour les marchandises, pr\u00e9sentant les produits de mani\u00e8re organis\u00e9e et visuellement attrayante pour attirer les clients et stimuler les ventes.<\/p>\n<p>Que ce soit dans la cuisine anim\u00e9e d&rsquo;un restaurant, dans les all\u00e9es anim\u00e9es d&rsquo;un entrep\u00f4t ou dans la salle d&rsquo;exposition \u00e9l\u00e9gante d&rsquo;un magasin de d\u00e9tail, nos \u00e9tag\u00e8res en \u00e9poxy vert offrent la polyvalence et la fonctionnalit\u00e9 n\u00e9cessaires pour r\u00e9pondre \u00e0 divers besoins de stockage avec facilit\u00e9 et efficacit\u00e9.<\/p>\n","protected":false},"excerpt":{"rendered":"<p>L&rsquo;\u00e9tag\u00e8re en \u00e9poxy vert Thorinox est fabriqu\u00e9e d&rsquo;un mat\u00e9riau de haute qualit\u00e9 pour une durabilit\u00e9 durable et une organisation efficace dans les environnements commerciaux, industriels et r\u00e9sidentiels.<\/p>\n<h3>Fonctionnalit\u00e9s standards :<\/h3>\n<ul>\n<li>Diff\u00e9rentes tailles pour r\u00e9pondre \u00e0 vos besoins<\/li>\n<li>Facile \u00e0 assembler<\/li>\n<li>Postes num\u00e9rot\u00e9s, plusieurs hauteurs disponibles<\/li>\n<li>Renforc\u00e9 au milieu<\/li>\n<li>Vendu par lot de 4<\/li>\n<li>Clips noirs inclus<\/li>\n<\/ul>\n<h3>Accessoires optionnels :<\/h3>\n<ul>\n<li><a href=\"https:\/\/thorinox.com\/fr\/equipment\/etageres\/accessoires-pour-etageres\/supports-muraux\/\">Supports muraux<\/a><\/li>\n<li><a href=\"https:\/\/thorinox.com\/fr\/equipment\/etageres\/accessoires-pour-etageres\/diviseurs-detagere\/\">Diviseurs d&rsquo;\u00e9tag\u00e8re<\/a><\/li>\n<li><a href=\"https:\/\/thorinox.com\/fr\/equipment\/etageres\/accessoires-pour-etageres\/pieds-de-balle\/\">Pieds de balle<\/a><\/li>\n<li><a href=\"https:\/\/thorinox.com\/fr\/equipment\/etageres\/accessoires-pour-etageres\/bouchons\/\">Bouchons<\/a><\/li>\n<li><a href=\"https:\/\/thorinox.com\/fr\/equipment\/etageres\/accessoires-pour-etageres\/rebords-pour-etageres\/\">Rebords pour \u00e9tag\u00e8res<\/a><\/li>\n<li><a href=\"https:\/\/thorinox.com\/fr\/equipment\/etageres\/accessoires-pour-etageres\/plaques-de-pied\/\">Plaques de pied<\/a><\/li>\n<li><a href=\"https:\/\/thorinox.com\/fr\/equipment\/etageres\/accessoires-pour-etageres\/clips-pour-etageres\/\">Clips<\/a><\/li>\n<li><a href=\"https:\/\/thorinox.com\/fr\/equipment\/etageres\/accessoires-pour-etageres\/rail-de-support\/\">Rails de support<\/a><\/li>\n<li><a href=\"https:\/\/thorinox.com\/fr\/equipment\/etageres\/accessoires-pour-etageres\/barre-de-soutien-en-u-simple\/\">Barre de soutien en U simple<\/a><\/li>\n<li><a href=\"https:\/\/thorinox.com\/fr\/equipment\/etageres\/accessoires-pour-etageres\/crochets-en-s\/\">Crochets en S<\/a><\/li>\n<li><a href=\"https:\/\/thorinox.com\/fr\/equipment\/etageres\/accessoires-pour-etageres\/pinces-de-serrage\/\">Pinces de serrage<\/a><\/li>\n<li><a href=\"https:\/\/thorinox.com\/fr\/equipment\/etageres\/accessoires-pour-etageres\/revetement-detagere-en-plastique\/\">Rev\u00eatement d&rsquo;\u00e9tag\u00e8re en plastique<\/a><\/li>\n<li><a href=\"https:\/\/thorinox.com\/fr\/equipment\/etageres\/accessoires-pour-etageres\/poignee-plate\/\">Poign\u00e9e plate (chrome ou \u00e9poxy)<\/a><\/li>\n<li><a href=\"https:\/\/thorinox.com\/fr\/equipment\/etageres\/accessoires-pour-etageres\/pare-choc-tws\/\">Pare-chocs<\/a><\/li>\n<\/ul>\n<h3>14&Prime; de profondeur\u00a0:<\/h3>\n<table>\n<thead>\n<tr>\n<th style=\"text-align: left;\">Mod\u00e8les<\/th>\n<\/tr>\n<\/thead>\n<tbody>\n<tr>\n<td>TGES-1424<\/td>\n<\/tr>\n<tr>\n<td>TGES-1430<\/td>\n<\/tr>\n<tr>\n<td>TGES-1436<\/td>\n<\/tr>\n<tr>\n<td>TGES-1442<\/td>\n<\/tr>\n<tr>\n<td>TGES-1448<\/td>\n<\/tr>\n<tr>\n<td>TGES-1454<\/td>\n<\/tr>\n<tr>\n<td>TGES-1460<\/td>\n<\/tr>\n<tr>\n<td style=\"text-align: left;\">TGES-1472<\/td>\n<\/tr>\n<\/tbody>\n<\/table>\n<h3>18&Prime; de profondeur :<\/h3>\n<table>\n<thead>\n<tr>\n<th style=\"text-align: left;\">Mod\u00e8les<\/th>\n<\/tr>\n<\/thead>\n<tbody>\n<tr>\n<td>TGES-1824<\/td>\n<\/tr>\n<tr>\n<td>TGES-1830<\/td>\n<\/tr>\n<tr>\n<td>TGES-1836<\/td>\n<\/tr>\n<tr>\n<td>TGES-1842<\/td>\n<\/tr>\n<tr>\n<td>TGES-1848<\/td>\n<\/tr>\n<tr>\n<td>TGES-1854<\/td>\n<\/tr>\n<tr>\n<td>TGES-1860<\/td>\n<\/tr>\n<tr>\n<td style=\"text-align: left;\">TGES-1872<\/td>\n<\/tr>\n<\/tbody>\n<\/table>\n<h3>21&Prime; de profondeur :<\/h3>\n<table>\n<thead>\n<tr>\n<th style=\"text-align: left;\">Mod\u00e8les<\/th>\n<\/tr>\n<\/thead>\n<tbody>\n<tr>\n<td>TGES-2124<\/td>\n<\/tr>\n<tr>\n<td>TGES-2130<\/td>\n<\/tr>\n<tr>\n<td>TGES-2136<\/td>\n<\/tr>\n<tr>\n<td>TGES-2142<\/td>\n<\/tr>\n<tr>\n<td>TGES-2148<\/td>\n<\/tr>\n<tr>\n<td>TGES-2154<\/td>\n<\/tr>\n<tr>\n<td>TGES-2160<\/td>\n<\/tr>\n<tr>\n<td style=\"text-align: left;\">TGES-2172<\/td>\n<\/tr>\n<\/tbody>\n<\/table>\n<h3>24&Prime; de profondeur :<\/h3>\n<table>\n<thead>\n<tr>\n<th style=\"text-align: left;\">Mod\u00e8les<\/th>\n<\/tr>\n<\/thead>\n<tbody>\n<tr>\n<td>TGES-2424<\/td>\n<\/tr>\n<tr>\n<td>TGES-2430<\/td>\n<\/tr>\n<tr>\n<td>TGES-2436<\/td>\n<\/tr>\n<tr>\n<td>TGES-2442<\/td>\n<\/tr>\n<tr>\n<td>TGES-2448<\/td>\n<\/tr>\n<tr>\n<td>TGES-2454<\/td>\n<\/tr>\n<tr>\n<td>TGES-2460<\/td>\n<\/tr>\n<tr>\n<td style=\"text-align: left;\">TGES-2472<\/td>\n<\/tr>\n<\/tbody>\n<\/table>\n<h3>Poteau simple :<\/h3>\n<table>\n<thead>\n<tr>\n<th style=\"text-align: left;\">Mod\u00e8les<\/th>\n<\/tr>\n<\/thead>\n<tbody>\n<tr>\n<td>TGEP-13<\/td>\n<\/tr>\n<tr>\n<td>TGEP-34<\/td>\n<\/tr>\n<tr>\n<td>TGEP-54<\/td>\n<\/tr>\n<tr>\n<td>TGEP-64<\/td>\n<\/tr>\n<tr>\n<td>TGEP-72<\/td>\n<\/tr>\n<tr>\n<td style=\"text-align: left;\">TGEP-84<\/td>\n<\/tr>\n<\/tbody>\n<\/table>\n","protected":false},"featured_media":7296,"comment_status":"open","ping_status":"closed","template":"","meta":[],"product_cat":[249,252],"product_tag":[],"yoast_head":"<!-- This site is optimized with the Yoast SEO plugin v23.3 - https:\/\/yoast.com\/wordpress\/plugins\/seo\/ -->\n<title>\u00c9tag\u00e8re en \u00e9poxy vert | \u00c9tag\u00e8re en fil de fer | Thorinox | Montr\u00e9al &amp; Qu\u00e9bec<\/title>\n<meta name=\"description\" content=\"L&#039;\u00e9tag\u00e8re en \u00e9poxy vert Thorinox est fabriqu\u00e9e dans un mat\u00e9riau de haute qualit\u00e9 pour l&#039;organisation dans les \u00e9tablissements commerciaux &amp; industriels.\" \/>\n<meta name=\"robots\" content=\"index, follow, max-snippet:-1, max-image-preview:large, max-video-preview:-1\" \/>\n<link rel=\"canonical\" href=\"https:\/\/thorinox.com\/fr\/equipment\/etageres\/etageres-en-fil-de-fer\/etagere-en-epoxy-vert\/\" \/>\n<meta property=\"og:locale\" content=\"fr_FR\" \/>\n<meta property=\"og:type\" content=\"article\" \/>\n<meta property=\"og:title\" content=\"\u00c9tag\u00e8re en \u00e9poxy vert | \u00c9tag\u00e8re en fil de fer | Thorinox | Montr\u00e9al &amp; Qu\u00e9bec\" \/>\n<meta property=\"og:description\" content=\"L&#039;\u00e9tag\u00e8re en \u00e9poxy vert Thorinox est fabriqu\u00e9e dans un mat\u00e9riau de haute qualit\u00e9 pour l&#039;organisation dans les \u00e9tablissements commerciaux &amp; industriels.\" \/>\n<meta property=\"og:url\" content=\"https:\/\/thorinox.com\/fr\/equipment\/etageres\/etageres-en-fil-de-fer\/etagere-en-epoxy-vert\/\" \/>\n<meta property=\"og:site_name\" content=\"Thorinox\" \/>\n<meta property=\"article:modified_time\" content=\"2024-04-22T17:43:26+00:00\" \/>\n<meta property=\"og:image\" content=\"https:\/\/thorinox.com\/wp-content\/uploads\/2024\/03\/Thorinox-high-quality-stainless-steel-commercial-kitchen-equipment-epoxy-finish-wireshelf.png\" \/>\n\t<meta property=\"og:image:width\" content=\"800\" \/>\n\t<meta property=\"og:image:height\" content=\"900\" \/>\n\t<meta property=\"og:image:type\" content=\"image\/png\" \/>\n<meta name=\"twitter:card\" content=\"summary_large_image\" \/>\n<meta name=\"twitter:label1\" content=\"Dur\u00e9e de lecture estim\u00e9e\" \/>\n\t<meta name=\"twitter:data1\" content=\"3 minutes\" \/>\n<script type=\"application\/ld+json\" class=\"yoast-schema-graph\">{\"@context\":\"https:\/\/schema.org\",\"@graph\":[{\"@type\":\"WebPage\",\"@id\":\"https:\/\/thorinox.com\/fr\/equipment\/etageres\/etageres-en-fil-de-fer\/etagere-en-epoxy-vert\/\",\"url\":\"https:\/\/thorinox.com\/fr\/equipment\/etageres\/etageres-en-fil-de-fer\/etagere-en-epoxy-vert\/\",\"name\":\"\u00c9tag\u00e8re en \u00e9poxy vert | \u00c9tag\u00e8re en fil de fer | Thorinox | Montr\u00e9al & Qu\u00e9bec\",\"isPartOf\":{\"@id\":\"https:\/\/thorinox.com\/fr\/#website\"},\"primaryImageOfPage\":{\"@id\":\"https:\/\/thorinox.com\/fr\/equipment\/etageres\/etageres-en-fil-de-fer\/etagere-en-epoxy-vert\/#primaryimage\"},\"image\":{\"@id\":\"https:\/\/thorinox.com\/fr\/equipment\/etageres\/etageres-en-fil-de-fer\/etagere-en-epoxy-vert\/#primaryimage\"},\"thumbnailUrl\":\"https:\/\/thorinox.com\/wp-content\/uploads\/2024\/03\/Thorinox-high-quality-stainless-steel-commercial-kitchen-equipment-epoxy-finish-wireshelf.png\",\"datePublished\":\"2024-03-28T18:06:17+00:00\",\"dateModified\":\"2024-04-22T17:43:26+00:00\",\"description\":\"L'\u00e9tag\u00e8re en \u00e9poxy vert Thorinox est fabriqu\u00e9e dans un mat\u00e9riau de haute qualit\u00e9 pour l'organisation dans les \u00e9tablissements commerciaux & industriels.\",\"breadcrumb\":{\"@id\":\"https:\/\/thorinox.com\/fr\/equipment\/etageres\/etageres-en-fil-de-fer\/etagere-en-epoxy-vert\/#breadcrumb\"},\"inLanguage\":\"fr-FR\",\"potentialAction\":[{\"@type\":\"ReadAction\",\"target\":[\"https:\/\/thorinox.com\/fr\/equipment\/etageres\/etageres-en-fil-de-fer\/etagere-en-epoxy-vert\/\"]}]},{\"@type\":\"ImageObject\",\"inLanguage\":\"fr-FR\",\"@id\":\"https:\/\/thorinox.com\/fr\/equipment\/etageres\/etageres-en-fil-de-fer\/etagere-en-epoxy-vert\/#primaryimage\",\"url\":\"https:\/\/thorinox.com\/wp-content\/uploads\/2024\/03\/Thorinox-high-quality-stainless-steel-commercial-kitchen-equipment-epoxy-finish-wireshelf.png\",\"contentUrl\":\"https:\/\/thorinox.com\/wp-content\/uploads\/2024\/03\/Thorinox-high-quality-stainless-steel-commercial-kitchen-equipment-epoxy-finish-wireshelf.png\",\"width\":800,\"height\":900,\"caption\":\"Il s'agit d'une image d'une \u00e9tag\u00e8re m\u00e9tallique recouverte d'\u00e9poxy de Thorinox. Thorinox est un \u00e9quipement en acier inoxydable de haute qualit\u00e9 destin\u00e9 aux restaurants et autres types de postes de travail.\"},{\"@type\":\"BreadcrumbList\",\"@id\":\"https:\/\/thorinox.com\/fr\/equipment\/etageres\/etageres-en-fil-de-fer\/etagere-en-epoxy-vert\/#breadcrumb\",\"itemListElement\":[{\"@type\":\"ListItem\",\"position\":1,\"name\":\"Home\",\"item\":\"https:\/\/thorinox.com\/fr\/\"},{\"@type\":\"ListItem\",\"position\":2,\"name\":\"Produits\",\"item\":\"https:\/\/thorinox.com\/fr\/shop\/\"},{\"@type\":\"ListItem\",\"position\":3,\"name\":\"\u00c9tag\u00e8re en \u00e9poxy vert\"}]},{\"@type\":\"WebSite\",\"@id\":\"https:\/\/thorinox.com\/fr\/#website\",\"url\":\"https:\/\/thorinox.com\/fr\/\",\"name\":\"Thorinox\",\"description\":\"High Quality Stainless Steel Equipment\",\"publisher\":{\"@id\":\"https:\/\/thorinox.com\/fr\/#organization\"},\"potentialAction\":[{\"@type\":\"SearchAction\",\"target\":{\"@type\":\"EntryPoint\",\"urlTemplate\":\"https:\/\/thorinox.com\/fr\/?s={search_term_string}\"},\"query-input\":\"required name=search_term_string\"}],\"inLanguage\":\"fr-FR\"},{\"@type\":\"Organization\",\"@id\":\"https:\/\/thorinox.com\/fr\/#organization\",\"name\":\"Thorinox\",\"url\":\"https:\/\/thorinox.com\/fr\/\",\"logo\":{\"@type\":\"ImageObject\",\"inLanguage\":\"fr-FR\",\"@id\":\"https:\/\/thorinox.com\/fr\/#\/schema\/logo\/image\/\",\"url\":\"https:\/\/thorinox.com\/wp-content\/uploads\/2024\/02\/Thorinox-logo-high-quality-stainless-steel-equipment.png\",\"contentUrl\":\"https:\/\/thorinox.com\/wp-content\/uploads\/2024\/02\/Thorinox-logo-high-quality-stainless-steel-equipment.png\",\"width\":546,\"height\":100,\"caption\":\"Thorinox\"},\"image\":{\"@id\":\"https:\/\/thorinox.com\/fr\/#\/schema\/logo\/image\/\"}}]}<\/script>\n<!-- \/ Yoast SEO plugin. -->","yoast_head_json":{"title":"\u00c9tag\u00e8re en \u00e9poxy vert | \u00c9tag\u00e8re en fil de fer | Thorinox | Montr\u00e9al & Qu\u00e9bec","description":"L'\u00e9tag\u00e8re en \u00e9poxy vert Thorinox est fabriqu\u00e9e dans un mat\u00e9riau de haute qualit\u00e9 pour l'organisation dans les \u00e9tablissements commerciaux & industriels.","robots":{"index":"index","follow":"follow","max-snippet":"max-snippet:-1","max-image-preview":"max-image-preview:large","max-video-preview":"max-video-preview:-1"},"canonical":"https:\/\/thorinox.com\/fr\/equipment\/etageres\/etageres-en-fil-de-fer\/etagere-en-epoxy-vert\/","og_locale":"fr_FR","og_type":"article","og_title":"\u00c9tag\u00e8re en \u00e9poxy vert | \u00c9tag\u00e8re en fil de fer | Thorinox | Montr\u00e9al & Qu\u00e9bec","og_description":"L'\u00e9tag\u00e8re en \u00e9poxy vert Thorinox est fabriqu\u00e9e dans un mat\u00e9riau de haute qualit\u00e9 pour l'organisation dans les \u00e9tablissements commerciaux & industriels.","og_url":"https:\/\/thorinox.com\/fr\/equipment\/etageres\/etageres-en-fil-de-fer\/etagere-en-epoxy-vert\/","og_site_name":"Thorinox","article_modified_time":"2024-04-22T17:43:26+00:00","og_image":[{"width":800,"height":900,"url":"https:\/\/thorinox.com\/wp-content\/uploads\/2024\/03\/Thorinox-high-quality-stainless-steel-commercial-kitchen-equipment-epoxy-finish-wireshelf.png","type":"image\/png"}],"twitter_card":"summary_large_image","twitter_misc":{"Dur\u00e9e de lecture estim\u00e9e":"3 minutes"},"schema":{"@context":"https:\/\/schema.org","@graph":[{"@type":"WebPage","@id":"https:\/\/thorinox.com\/fr\/equipment\/etageres\/etageres-en-fil-de-fer\/etagere-en-epoxy-vert\/","url":"https:\/\/thorinox.com\/fr\/equipment\/etageres\/etageres-en-fil-de-fer\/etagere-en-epoxy-vert\/","name":"\u00c9tag\u00e8re en \u00e9poxy vert | \u00c9tag\u00e8re en fil de fer | Thorinox | Montr\u00e9al & Qu\u00e9bec","isPartOf":{"@id":"https:\/\/thorinox.com\/fr\/#website"},"primaryImageOfPage":{"@id":"https:\/\/thorinox.com\/fr\/equipment\/etageres\/etageres-en-fil-de-fer\/etagere-en-epoxy-vert\/#primaryimage"},"image":{"@id":"https:\/\/thorinox.com\/fr\/equipment\/etageres\/etageres-en-fil-de-fer\/etagere-en-epoxy-vert\/#primaryimage"},"thumbnailUrl":"https:\/\/thorinox.com\/wp-content\/uploads\/2024\/03\/Thorinox-high-quality-stainless-steel-commercial-kitchen-equipment-epoxy-finish-wireshelf.png","datePublished":"2024-03-28T18:06:17+00:00","dateModified":"2024-04-22T17:43:26+00:00","description":"L'\u00e9tag\u00e8re en \u00e9poxy vert Thorinox est fabriqu\u00e9e dans un mat\u00e9riau de haute qualit\u00e9 pour l'organisation dans les \u00e9tablissements commerciaux & industriels.","breadcrumb":{"@id":"https:\/\/thorinox.com\/fr\/equipment\/etageres\/etageres-en-fil-de-fer\/etagere-en-epoxy-vert\/#breadcrumb"},"inLanguage":"fr-FR","potentialAction":[{"@type":"ReadAction","target":["https:\/\/thorinox.com\/fr\/equipment\/etageres\/etageres-en-fil-de-fer\/etagere-en-epoxy-vert\/"]}]},{"@type":"ImageObject","inLanguage":"fr-FR","@id":"https:\/\/thorinox.com\/fr\/equipment\/etageres\/etageres-en-fil-de-fer\/etagere-en-epoxy-vert\/#primaryimage","url":"https:\/\/thorinox.com\/wp-content\/uploads\/2024\/03\/Thorinox-high-quality-stainless-steel-commercial-kitchen-equipment-epoxy-finish-wireshelf.png","contentUrl":"https:\/\/thorinox.com\/wp-content\/uploads\/2024\/03\/Thorinox-high-quality-stainless-steel-commercial-kitchen-equipment-epoxy-finish-wireshelf.png","width":800,"height":900,"caption":"Il s'agit d'une image d'une \u00e9tag\u00e8re m\u00e9tallique recouverte d'\u00e9poxy de Thorinox. Thorinox est un \u00e9quipement en acier inoxydable de haute qualit\u00e9 destin\u00e9 aux restaurants et autres types de postes de travail."},{"@type":"BreadcrumbList","@id":"https:\/\/thorinox.com\/fr\/equipment\/etageres\/etageres-en-fil-de-fer\/etagere-en-epoxy-vert\/#breadcrumb","itemListElement":[{"@type":"ListItem","position":1,"name":"Home","item":"https:\/\/thorinox.com\/fr\/"},{"@type":"ListItem","position":2,"name":"Produits","item":"https:\/\/thorinox.com\/fr\/shop\/"},{"@type":"ListItem","position":3,"name":"\u00c9tag\u00e8re en \u00e9poxy vert"}]},{"@type":"WebSite","@id":"https:\/\/thorinox.com\/fr\/#website","url":"https:\/\/thorinox.com\/fr\/","name":"Thorinox","description":"High Quality Stainless Steel Equipment","publisher":{"@id":"https:\/\/thorinox.com\/fr\/#organization"},"potentialAction":[{"@type":"SearchAction","target":{"@type":"EntryPoint","urlTemplate":"https:\/\/thorinox.com\/fr\/?s={search_term_string}"},"query-input":"required name=search_term_string"}],"inLanguage":"fr-FR"},{"@type":"Organization","@id":"https:\/\/thorinox.com\/fr\/#organization","name":"Thorinox","url":"https:\/\/thorinox.com\/fr\/","logo":{"@type":"ImageObject","inLanguage":"fr-FR","@id":"https:\/\/thorinox.com\/fr\/#\/schema\/logo\/image\/","url":"https:\/\/thorinox.com\/wp-content\/uploads\/2024\/02\/Thorinox-logo-high-quality-stainless-steel-equipment.png","contentUrl":"https:\/\/thorinox.com\/wp-content\/uploads\/2024\/02\/Thorinox-logo-high-quality-stainless-steel-equipment.png","width":546,"height":100,"caption":"Thorinox"},"image":{"@id":"https:\/\/thorinox.com\/fr\/#\/schema\/logo\/image\/"}}]}},"_links":{"self":[{"href":"https:\/\/thorinox.com\/fr\/wp-json\/wp\/v2\/product\/10318"}],"collection":[{"href":"https:\/\/thorinox.com\/fr\/wp-json\/wp\/v2\/product"}],"about":[{"href":"https:\/\/thorinox.com\/fr\/wp-json\/wp\/v2\/types\/product"}],"replies":[{"embeddable":true,"href":"https:\/\/thorinox.com\/fr\/wp-json\/wp\/v2\/comments?post=10318"}],"wp:featuredmedia":[{"embeddable":true,"href":"https:\/\/thorinox.com\/fr\/wp-json\/wp\/v2\/media\/7296"}],"wp:attachment":[{"href":"https:\/\/thorinox.com\/fr\/wp-json\/wp\/v2\/media?parent=10318"}],"wp:term":[{"taxonomy":"product_cat","embeddable":true,"href":"https:\/\/thorinox.com\/fr\/wp-json\/wp\/v2\/product_cat?post=10318"},{"taxonomy":"product_tag","embeddable":true,"href":"https:\/\/thorinox.com\/fr\/wp-json\/wp\/v2\/product_tag?post=10318"}],"curies":[{"name":"wp","href":"https:\/\/api.w.org\/{rel}","templated":true}]}}