{"id":10313,"date":"2024-03-28T12:57:36","date_gmt":"2024-03-28T16:57:36","guid":{"rendered":"https:\/\/thorinox.com\/equipment\/non%20class\u00e9\/pare-choc-pour-drack\/"},"modified":"2024-04-22T13:08:57","modified_gmt":"2024-04-22T17:08:57","slug":"pare-choc-pour-drack","status":"publish","type":"product","link":"https:\/\/thorinox.com\/fr\/equipment\/chariots\/accessoires-pour-chariots\/pare-choc-pour-drack\/","title":{"rendered":"Pare-choc pour DRACK"},"content":{"rendered":"<p>D\u00e9couvrez le Pare-choc pour DRACK <a href=\"https:\/\/thorinox.com\/\">Thorinox<\/a>, ainsi qu&rsquo;une vari\u00e9t\u00e9 de modules compl\u00e9mentaires con\u00e7us pour am\u00e9liorer vos configurations de rack dans les cuisines commerciales et les environnements de restauration.<\/p>\n<p>De la protection de vos articles stock\u00e9s \u00e0 l&rsquo;am\u00e9lioration de la commodit\u00e9 et de l&rsquo;adaptabilit\u00e9, nos accessoires pour racks r\u00e9pondent \u00e0 divers besoins et exigences.<\/p>\n<p>D\u00e9couvrez notre vaste gamme d&rsquo;accessoires, comprenant des pare-chocs pour une protection renforc\u00e9e, des roulettes pour une meilleure maniabilit\u00e9 et des housses pour maintenir la propret\u00e9 et l&rsquo;hygi\u00e8ne. Avec ces ajouts, adaptez vos configurations de rack pour une fonctionnalit\u00e9 optimale, en les int\u00e9grant de mani\u00e8re transparente dans votre flux de travail.<\/p>\n<p>D\u00e9couvrez nos accessoires pour apporter la touche finale parfaite \u00e0 vos installations, favorisant l&rsquo;efficacit\u00e9 et l&rsquo;organisation de vos op\u00e9rations culinaires :<\/p>\n<ul>\n<li><a href=\"https:\/\/thorinox.com\/fr\/equipment\/chariots\/accessoires-pour-chariots\/ensemble-de-vis\/\">Ensemble de vis (12 vis pour DRACK)<\/a><\/li>\n<li><a href=\"https:\/\/thorinox.com\/fr\/equipment\/chariots\/accessoires-pour-chariots\/boulon-hex-pour-drack\/\">Boulon hex pour DRACK<\/a><\/li>\n<li><a href=\"https:\/\/thorinox.com\/fr\/equipment\/chariots\/accessoires-pour-chariots\/barres-pour-drack\/\">Barres pour DRACK (15&Prime;, 18&Prime; et 20&Prime;)<\/a><\/li>\n<li><a href=\"https:\/\/thorinox.com\/fr\/categorie-produit\/chariots\/accessoires-pour-chariots\/housse-pour-DRACK\/\">Housse DRACK<\/a><\/li>\n<li><a href=\"https:\/\/thorinox.com\/fr\/categorie-produit\/chariots\/accessoires-pour-chariots\/pare-chocs\/\">Pare-chocs<\/a><\/li>\n<li><a href=\"https:\/\/thorinox.com\/fr\/categorie-produit\/chariots\/accessoires-pour-chariots\/roulettes\/\">Roulettes<\/a><\/li>\n<\/ul>\n<p>Nos accessoires sont fabriqu\u00e9s pour les diff\u00e9rents supports que nous proposons, adapt\u00e9s pour r\u00e9pondre aux besoins de votre cuisine commerciale. Notre s\u00e9lection comprend des grilles en acier inoxydable, en aluminium, sp\u00e9cialis\u00e9es et une gamme d&rsquo;accessoires de grille con\u00e7us pour am\u00e9liorer la fonctionnalit\u00e9 et l&rsquo;organisation de votre espace culinaire. Fabriqu\u00e9s dans un mat\u00e9riau durable et de haute qualit\u00e9, destin\u00e9s \u00e0 de multiples usages en cuisine, nous proposons diff\u00e9rents types de supports, tels que :<\/p>\n<ul>\n<li>Standard<\/li>\n<li>Double<\/li>\n<li>Sous comptoir<\/li>\n<li>Demi-taille<\/li>\n<li>Supports pour moules \u00e0 petits pains pour r\u00e9frig\u00e9rateurs et amp; Cong\u00e9lateurs<\/li>\n<li>Supports de four<\/li>\n<li>Grilles de four<\/li>\n<\/ul>\n<p>Que vous g\u00e9riez une cuisine commerciale, un restaurant ou un poste de travail culinaire, vous pouvez faire confiance aux \u00e9quipements en acier inoxydable de haute qualit\u00e9 de Thorinox pour r\u00e9pondre \u00e0 vos besoins avec pr\u00e9cision et fiabilit\u00e9. Am\u00e9liorez votre exp\u00e9rience culinaire avec nos produits haut de gamme con\u00e7us pour optimiser l&rsquo;efficacit\u00e9 et l&rsquo;organisation dans n&rsquo;importe quel environnement culinaire.<\/p>\n","protected":false},"excerpt":{"rendered":"<p>Le Pare-choc pour DRACK Thorinox est con\u00e7u pour les <a href=\"https:\/\/thorinox.com\/fr\/categorie-produit\/chariots\/\">chariots<\/a> en acier inoxydable de haute qualit\u00e9 destin\u00e9s aux cuisines commerciales, comme les boulangeries, les caf\u00e9s et autres \u00e9tablissements alimentaires.<\/p>\n<h3>Accessoires optionnels\u00a0:<\/h3>\n<ul>\n<li><a href=\"https:\/\/thorinox.com\/fr\/equipment\/chariots\/accessoires-pour-chariots\/ensemble-de-vis\/\">Ensemble de vis (12 vis pour DRACK)<\/a><\/li>\n<li><a href=\"https:\/\/thorinox.com\/fr\/equipment\/chariots\/accessoires-pour-chariots\/boulon-hex-pour-drack\/\">Boulon hex pour DRACK<\/a><\/li>\n<li><a href=\"https:\/\/thorinox.com\/fr\/equipment\/chariots\/accessoires-pour-chariots\/barres-pour-drack\/\">Barres pour DRACK (15&Prime;, 18&Prime; et 20&Prime;)<\/a><\/li>\n<li><a href=\"https:\/\/thorinox.com\/fr\/equipment\/chariots\/accessoires-pour-chariots\/housse-pour-drack\/\">Housse DRACK<\/a><\/li>\n<li><a href=\"https:\/\/thorinox.com\/fr\/equipment\/chariots\/accessoires-pour-chariots\/pare-choc-pour-drack\/\">Pare-chocs<\/a><\/li>\n<li><a href=\"https:\/\/thorinox.com\/fr\/equipment\/chariots\/accessoires-pour-chariots\/roulettes-pour-drack\/\">Roulettes<\/a><\/li>\n<\/ul>\n<table>\n<thead>\n<tr>\n<th style=\"text-align: left;\">Mod\u00e8le<\/th>\n<\/tr>\n<\/thead>\n<tbody>\n<tr>\n<td>DRACK-BUMPER<\/td>\n<\/tr>\n<\/tbody>\n<\/table>\n","protected":false},"featured_media":8014,"comment_status":"open","ping_status":"closed","template":"","meta":[],"product_cat":[246],"product_tag":[],"yoast_head":"<!-- This site is optimized with the Yoast SEO plugin v23.3 - https:\/\/yoast.com\/wordpress\/plugins\/seo\/ -->\n<title>Pare-choc pour DRACK | \u00c9quipement de restaurant | Thorinox | Montr\u00e9al<\/title>\n<meta name=\"description\" content=\"Le pare-choc pour DRACK Thorinox est con\u00e7u pour les chariots en acier inoxydable de haute qualit\u00e9 destin\u00e9es aux cuisines commerciales..\" \/>\n<meta name=\"robots\" content=\"index, follow, max-snippet:-1, max-image-preview:large, max-video-preview:-1\" \/>\n<link rel=\"canonical\" href=\"https:\/\/thorinox.com\/fr\/equipment\/chariots\/accessoires-pour-chariots\/pare-choc-pour-drack\/\" \/>\n<meta property=\"og:locale\" content=\"fr_FR\" \/>\n<meta property=\"og:type\" content=\"article\" \/>\n<meta property=\"og:title\" content=\"Pare-choc pour DRACK | \u00c9quipement de restaurant | Thorinox | Montr\u00e9al\" \/>\n<meta property=\"og:description\" content=\"Le pare-choc pour DRACK Thorinox est con\u00e7u pour les chariots en acier inoxydable de haute qualit\u00e9 destin\u00e9es aux cuisines commerciales..\" \/>\n<meta property=\"og:url\" content=\"https:\/\/thorinox.com\/fr\/equipment\/chariots\/accessoires-pour-chariots\/pare-choc-pour-drack\/\" \/>\n<meta property=\"og:site_name\" content=\"Thorinox\" \/>\n<meta property=\"article:modified_time\" content=\"2024-04-22T17:08:57+00:00\" \/>\n<meta property=\"og:image\" content=\"https:\/\/thorinox.com\/wp-content\/uploads\/2024\/03\/Thorinox-high-quality-stainless-steel-commercial-kitchen-equipment-DRACK-accessories-bumpers.png\" \/>\n\t<meta property=\"og:image:width\" content=\"800\" \/>\n\t<meta property=\"og:image:height\" content=\"900\" \/>\n\t<meta property=\"og:image:type\" content=\"image\/png\" \/>\n<meta name=\"twitter:card\" content=\"summary_large_image\" \/>\n<meta name=\"twitter:label1\" content=\"Dur\u00e9e de lecture estim\u00e9e\" \/>\n\t<meta name=\"twitter:data1\" content=\"2 minutes\" \/>\n<script type=\"application\/ld+json\" class=\"yoast-schema-graph\">{\"@context\":\"https:\/\/schema.org\",\"@graph\":[{\"@type\":\"WebPage\",\"@id\":\"https:\/\/thorinox.com\/fr\/equipment\/chariots\/accessoires-pour-chariots\/pare-choc-pour-drack\/\",\"url\":\"https:\/\/thorinox.com\/fr\/equipment\/chariots\/accessoires-pour-chariots\/pare-choc-pour-drack\/\",\"name\":\"Pare-choc pour DRACK | \u00c9quipement de restaurant | Thorinox | Montr\u00e9al\",\"isPartOf\":{\"@id\":\"https:\/\/thorinox.com\/fr\/#website\"},\"primaryImageOfPage\":{\"@id\":\"https:\/\/thorinox.com\/fr\/equipment\/chariots\/accessoires-pour-chariots\/pare-choc-pour-drack\/#primaryimage\"},\"image\":{\"@id\":\"https:\/\/thorinox.com\/fr\/equipment\/chariots\/accessoires-pour-chariots\/pare-choc-pour-drack\/#primaryimage\"},\"thumbnailUrl\":\"https:\/\/thorinox.com\/wp-content\/uploads\/2024\/03\/Thorinox-high-quality-stainless-steel-commercial-kitchen-equipment-DRACK-accessories-bumpers.png\",\"datePublished\":\"2024-03-28T16:57:36+00:00\",\"dateModified\":\"2024-04-22T17:08:57+00:00\",\"description\":\"Le pare-choc pour DRACK Thorinox est con\u00e7u pour les chariots en acier inoxydable de haute qualit\u00e9 destin\u00e9es aux cuisines commerciales..\",\"breadcrumb\":{\"@id\":\"https:\/\/thorinox.com\/fr\/equipment\/chariots\/accessoires-pour-chariots\/pare-choc-pour-drack\/#breadcrumb\"},\"inLanguage\":\"fr-FR\",\"potentialAction\":[{\"@type\":\"ReadAction\",\"target\":[\"https:\/\/thorinox.com\/fr\/equipment\/chariots\/accessoires-pour-chariots\/pare-choc-pour-drack\/\"]}]},{\"@type\":\"ImageObject\",\"inLanguage\":\"fr-FR\",\"@id\":\"https:\/\/thorinox.com\/fr\/equipment\/chariots\/accessoires-pour-chariots\/pare-choc-pour-drack\/#primaryimage\",\"url\":\"https:\/\/thorinox.com\/wp-content\/uploads\/2024\/03\/Thorinox-high-quality-stainless-steel-commercial-kitchen-equipment-DRACK-accessories-bumpers.png\",\"contentUrl\":\"https:\/\/thorinox.com\/wp-content\/uploads\/2024\/03\/Thorinox-high-quality-stainless-steel-commercial-kitchen-equipment-DRACK-accessories-bumpers.png\",\"width\":800,\"height\":900,\"caption\":\"Ceci est une image des accessoires d'\u00e9quipement de Thorinox. Thorinox est un \u00e9quipement en acier inoxydable de haute qualit\u00e9 destin\u00e9 aux restaurants et autres types de postes de travail.\"},{\"@type\":\"BreadcrumbList\",\"@id\":\"https:\/\/thorinox.com\/fr\/equipment\/chariots\/accessoires-pour-chariots\/pare-choc-pour-drack\/#breadcrumb\",\"itemListElement\":[{\"@type\":\"ListItem\",\"position\":1,\"name\":\"Home\",\"item\":\"https:\/\/thorinox.com\/fr\/\"},{\"@type\":\"ListItem\",\"position\":2,\"name\":\"Produits\",\"item\":\"https:\/\/thorinox.com\/fr\/shop\/\"},{\"@type\":\"ListItem\",\"position\":3,\"name\":\"Pare-choc pour DRACK\"}]},{\"@type\":\"WebSite\",\"@id\":\"https:\/\/thorinox.com\/fr\/#website\",\"url\":\"https:\/\/thorinox.com\/fr\/\",\"name\":\"Thorinox\",\"description\":\"High Quality Stainless Steel Equipment\",\"publisher\":{\"@id\":\"https:\/\/thorinox.com\/fr\/#organization\"},\"potentialAction\":[{\"@type\":\"SearchAction\",\"target\":{\"@type\":\"EntryPoint\",\"urlTemplate\":\"https:\/\/thorinox.com\/fr\/?s={search_term_string}\"},\"query-input\":\"required name=search_term_string\"}],\"inLanguage\":\"fr-FR\"},{\"@type\":\"Organization\",\"@id\":\"https:\/\/thorinox.com\/fr\/#organization\",\"name\":\"Thorinox\",\"url\":\"https:\/\/thorinox.com\/fr\/\",\"logo\":{\"@type\":\"ImageObject\",\"inLanguage\":\"fr-FR\",\"@id\":\"https:\/\/thorinox.com\/fr\/#\/schema\/logo\/image\/\",\"url\":\"https:\/\/thorinox.com\/wp-content\/uploads\/2024\/02\/Thorinox-logo-high-quality-stainless-steel-equipment.png\",\"contentUrl\":\"https:\/\/thorinox.com\/wp-content\/uploads\/2024\/02\/Thorinox-logo-high-quality-stainless-steel-equipment.png\",\"width\":546,\"height\":100,\"caption\":\"Thorinox\"},\"image\":{\"@id\":\"https:\/\/thorinox.com\/fr\/#\/schema\/logo\/image\/\"}}]}<\/script>\n<!-- \/ Yoast SEO plugin. -->","yoast_head_json":{"title":"Pare-choc pour DRACK | \u00c9quipement de restaurant | Thorinox | Montr\u00e9al","description":"Le pare-choc pour DRACK Thorinox est con\u00e7u pour les chariots en acier inoxydable de haute qualit\u00e9 destin\u00e9es aux cuisines commerciales..","robots":{"index":"index","follow":"follow","max-snippet":"max-snippet:-1","max-image-preview":"max-image-preview:large","max-video-preview":"max-video-preview:-1"},"canonical":"https:\/\/thorinox.com\/fr\/equipment\/chariots\/accessoires-pour-chariots\/pare-choc-pour-drack\/","og_locale":"fr_FR","og_type":"article","og_title":"Pare-choc pour DRACK | \u00c9quipement de restaurant | Thorinox | Montr\u00e9al","og_description":"Le pare-choc pour DRACK Thorinox est con\u00e7u pour les chariots en acier inoxydable de haute qualit\u00e9 destin\u00e9es aux cuisines commerciales..","og_url":"https:\/\/thorinox.com\/fr\/equipment\/chariots\/accessoires-pour-chariots\/pare-choc-pour-drack\/","og_site_name":"Thorinox","article_modified_time":"2024-04-22T17:08:57+00:00","og_image":[{"width":800,"height":900,"url":"https:\/\/thorinox.com\/wp-content\/uploads\/2024\/03\/Thorinox-high-quality-stainless-steel-commercial-kitchen-equipment-DRACK-accessories-bumpers.png","type":"image\/png"}],"twitter_card":"summary_large_image","twitter_misc":{"Dur\u00e9e de lecture estim\u00e9e":"2 minutes"},"schema":{"@context":"https:\/\/schema.org","@graph":[{"@type":"WebPage","@id":"https:\/\/thorinox.com\/fr\/equipment\/chariots\/accessoires-pour-chariots\/pare-choc-pour-drack\/","url":"https:\/\/thorinox.com\/fr\/equipment\/chariots\/accessoires-pour-chariots\/pare-choc-pour-drack\/","name":"Pare-choc pour DRACK | \u00c9quipement de restaurant | Thorinox | Montr\u00e9al","isPartOf":{"@id":"https:\/\/thorinox.com\/fr\/#website"},"primaryImageOfPage":{"@id":"https:\/\/thorinox.com\/fr\/equipment\/chariots\/accessoires-pour-chariots\/pare-choc-pour-drack\/#primaryimage"},"image":{"@id":"https:\/\/thorinox.com\/fr\/equipment\/chariots\/accessoires-pour-chariots\/pare-choc-pour-drack\/#primaryimage"},"thumbnailUrl":"https:\/\/thorinox.com\/wp-content\/uploads\/2024\/03\/Thorinox-high-quality-stainless-steel-commercial-kitchen-equipment-DRACK-accessories-bumpers.png","datePublished":"2024-03-28T16:57:36+00:00","dateModified":"2024-04-22T17:08:57+00:00","description":"Le pare-choc pour DRACK Thorinox est con\u00e7u pour les chariots en acier inoxydable de haute qualit\u00e9 destin\u00e9es aux cuisines commerciales..","breadcrumb":{"@id":"https:\/\/thorinox.com\/fr\/equipment\/chariots\/accessoires-pour-chariots\/pare-choc-pour-drack\/#breadcrumb"},"inLanguage":"fr-FR","potentialAction":[{"@type":"ReadAction","target":["https:\/\/thorinox.com\/fr\/equipment\/chariots\/accessoires-pour-chariots\/pare-choc-pour-drack\/"]}]},{"@type":"ImageObject","inLanguage":"fr-FR","@id":"https:\/\/thorinox.com\/fr\/equipment\/chariots\/accessoires-pour-chariots\/pare-choc-pour-drack\/#primaryimage","url":"https:\/\/thorinox.com\/wp-content\/uploads\/2024\/03\/Thorinox-high-quality-stainless-steel-commercial-kitchen-equipment-DRACK-accessories-bumpers.png","contentUrl":"https:\/\/thorinox.com\/wp-content\/uploads\/2024\/03\/Thorinox-high-quality-stainless-steel-commercial-kitchen-equipment-DRACK-accessories-bumpers.png","width":800,"height":900,"caption":"Ceci est une image des accessoires d'\u00e9quipement de Thorinox. Thorinox est un \u00e9quipement en acier inoxydable de haute qualit\u00e9 destin\u00e9 aux restaurants et autres types de postes de travail."},{"@type":"BreadcrumbList","@id":"https:\/\/thorinox.com\/fr\/equipment\/chariots\/accessoires-pour-chariots\/pare-choc-pour-drack\/#breadcrumb","itemListElement":[{"@type":"ListItem","position":1,"name":"Home","item":"https:\/\/thorinox.com\/fr\/"},{"@type":"ListItem","position":2,"name":"Produits","item":"https:\/\/thorinox.com\/fr\/shop\/"},{"@type":"ListItem","position":3,"name":"Pare-choc pour DRACK"}]},{"@type":"WebSite","@id":"https:\/\/thorinox.com\/fr\/#website","url":"https:\/\/thorinox.com\/fr\/","name":"Thorinox","description":"High Quality Stainless Steel Equipment","publisher":{"@id":"https:\/\/thorinox.com\/fr\/#organization"},"potentialAction":[{"@type":"SearchAction","target":{"@type":"EntryPoint","urlTemplate":"https:\/\/thorinox.com\/fr\/?s={search_term_string}"},"query-input":"required name=search_term_string"}],"inLanguage":"fr-FR"},{"@type":"Organization","@id":"https:\/\/thorinox.com\/fr\/#organization","name":"Thorinox","url":"https:\/\/thorinox.com\/fr\/","logo":{"@type":"ImageObject","inLanguage":"fr-FR","@id":"https:\/\/thorinox.com\/fr\/#\/schema\/logo\/image\/","url":"https:\/\/thorinox.com\/wp-content\/uploads\/2024\/02\/Thorinox-logo-high-quality-stainless-steel-equipment.png","contentUrl":"https:\/\/thorinox.com\/wp-content\/uploads\/2024\/02\/Thorinox-logo-high-quality-stainless-steel-equipment.png","width":546,"height":100,"caption":"Thorinox"},"image":{"@id":"https:\/\/thorinox.com\/fr\/#\/schema\/logo\/image\/"}}]}},"_links":{"self":[{"href":"https:\/\/thorinox.com\/fr\/wp-json\/wp\/v2\/product\/10313"}],"collection":[{"href":"https:\/\/thorinox.com\/fr\/wp-json\/wp\/v2\/product"}],"about":[{"href":"https:\/\/thorinox.com\/fr\/wp-json\/wp\/v2\/types\/product"}],"replies":[{"embeddable":true,"href":"https:\/\/thorinox.com\/fr\/wp-json\/wp\/v2\/comments?post=10313"}],"wp:featuredmedia":[{"embeddable":true,"href":"https:\/\/thorinox.com\/fr\/wp-json\/wp\/v2\/media\/8014"}],"wp:attachment":[{"href":"https:\/\/thorinox.com\/fr\/wp-json\/wp\/v2\/media?parent=10313"}],"wp:term":[{"taxonomy":"product_cat","embeddable":true,"href":"https:\/\/thorinox.com\/fr\/wp-json\/wp\/v2\/product_cat?post=10313"},{"taxonomy":"product_tag","embeddable":true,"href":"https:\/\/thorinox.com\/fr\/wp-json\/wp\/v2\/product_tag?post=10313"}],"curies":[{"name":"wp","href":"https:\/\/api.w.org\/{rel}","templated":true}]}}