{"id":10309,"date":"2024-03-28T11:01:41","date_gmt":"2024-03-28T15:01:41","guid":{"rendered":"https:\/\/thorinox.com\/equipment\/non%20class\u00e9\/chariot-double-sous-comptoir\/"},"modified":"2024-04-22T13:12:14","modified_gmt":"2024-04-22T17:12:14","slug":"chariot-double-sous-comptoir","status":"publish","type":"product","link":"https:\/\/thorinox.com\/fr\/equipment\/chariots\/chariots-en-aluminium\/chariot-double-sous-comptoir\/","title":{"rendered":"Chariot double sous-comptoir"},"content":{"rendered":"<p>D\u00e9couvrez notre chariot double sous-comptoir en aluminium <a href=\"https:\/\/thorinox.com\/\">Thorinox<\/a>, id\u00e9al pour ranger et transporter des articles de boulangerie, des outils, de la vaisselle et bien plus encore. Que vous ayez besoin de racks sous le comptoir, simples standard ou doubles sous le comptoir standard, nous avons des options disponibles pour r\u00e9pondre \u00e0 vos besoins sp\u00e9cifiques.<\/p>\n<p>Ces racks sont plus que de simples solutions de stockage\u00a0; ils incarnent l\u2019essence de l\u2019efficacit\u00e9 et de l\u2019organisation dans les environnements de cuisine anim\u00e9s. Imaginez l&rsquo;acc\u00e8s transparent et la disposition syst\u00e9matique de vos fournitures, permettant \u00e0 votre personnel de se concentrer sur la pr\u00e9paration de d\u00e9licieuses friandises pour vos clients. Avec des emplacements d\u00e9sign\u00e9s pour chaque article, nos doubles racks sous comptoir r\u00e9duisent l&rsquo;encombrement et minimisent les risques, am\u00e9liorant ainsi la s\u00e9curit\u00e9 et la productivit\u00e9.<\/p>\n<p>De plus, la polyvalence de nos Racks signifie qu\u2019ils s\u2019adaptent \u00e0 vos besoins \u00e9volutifs. Que vous \u00e9largissiez votre menu, r\u00e9organisiez l&rsquo;agencement de votre cuisine ou modernisiez votre \u00e9quipement, nos chariots doubles sous-comptoir restent des compagnons fid\u00e8les, pr\u00eats \u00e0 s&rsquo;ajuster et \u00e0 s&rsquo;adapter \u00e0 vos besoins changeants. Cette adaptabilit\u00e9 garantit un investissement durable qui \u00e9volue avec votre entreprise, offrant une valeur et un support durables.<\/p>\n<p>De plus, notre engagement envers la qualit\u00e9 s\u2019\u00e9tend au-del\u00e0 de la fonctionnalit\u00e9. Fabriqu\u00e9s \u00e0 partir de mat\u00e9riaux robustes, nos chariot double sous-comptoir sont con\u00e7us pour r\u00e9sister aux rigueurs d&rsquo;une utilisation quotidienne dans des environnements de cuisine exigeants. Vous pouvez faire confiance \u00e0 la durabilit\u00e9 et \u00e0 la fiabilit\u00e9 de nos racks, sachant qu&rsquo;ils continueront \u00e0 fonctionner jour apr\u00e8s jour, ann\u00e9e apr\u00e8s ann\u00e9e.<\/p>\n<p>En conclusion, notre chariot double sous-comptoir Thorinox offre plus qu&rsquo;un simple rangement : c&rsquo;est la pierre angulaire de l&rsquo;efficacit\u00e9, de l&rsquo;organisation et de la durabilit\u00e9 de toute cuisine commerciale. D\u00e9couvrez la diff\u00e9rence aujourd&rsquo;hui et \u00e9levez vos op\u00e9rations de cuisine vers de nouveaux sommets gr\u00e2ce \u00e0 nos supports fiables et polyvalents.<\/p>\n","protected":false},"excerpt":{"rendered":"<p>Le chariot double sous-comptoir Thorinox, fabriqu\u00e9 en aluminium de haute qualit\u00e9, est con\u00e7u pour les cuisines commerciales, comme les boulangeries, les caf\u00e9s et les d\u00e9panneurs.<\/p>\n<h3>Fonctionnalit\u00e9s standards<\/h3>\n<ul>\n<li>Fabriqu\u00e9 en aluminium neuf<\/li>\n<li>Livr\u00e9 d\u00e9mont\u00e9 (facile \u00e0 monter)<\/li>\n<li>Glissi\u00e8res \u00e0 plateaux doubles soud\u00e9es<\/li>\n<li>S&rsquo;adapte sous les comptoirs<\/li>\n<li>Les grilles peuvent accueillir des moules \u00e0 petits pains de 18\u00a0x 26\u00a0pouces<\/li>\n<li>Avec plateau plat en aluminium<\/li>\n<\/ul>\n<h3>Accessoires optionnels<\/h3>\n<ul>\n<li><a href=\"https:\/\/thorinox.com\/fr\/equipment\/chariots\/accessoires-pour-chariots\/pare-choc-pour-drack\/\">Pare-chocs<\/a><\/li>\n<li><a href=\"https:\/\/thorinox.com\/fr\/equipment\/chariots\/accessoires-pour-chariots\/roulettes-pour-drack\/\">Roulettes<\/a><\/li>\n<\/ul>\n<table>\n<thead>\n<tr>\n<th style=\"text-align: left;\"><img decoding=\"async\" class=\"link-icon\" src=\"https:\/\/thorinox.com\/wp-content\/uploads\/2024\/04\/thorinox-link-icon-spec.png\" alt=\"link icon for specs\" width=\"14px\" height=\"14px\" \/>Mod\u00e8le<\/th>\n<\/tr>\n<\/thead>\n<tbody>\n<tr>\n<td><a href=\"https:\/\/thorinox.com\/wp-content\/uploads\/2024\/04\/DRACK-0718-ALD_FR.pdf\" target=\"_blank rel=\" rel=\"noopener\">DRACK-0718-ALD<\/a><\/td>\n<\/tr>\n<\/tbody>\n<\/table>\n","protected":false},"featured_media":7276,"comment_status":"open","ping_status":"closed","template":"","meta":[],"product_cat":[244,245],"product_tag":[],"yoast_head":"<!-- This site is optimized with the Yoast SEO plugin v23.3 - https:\/\/yoast.com\/wordpress\/plugins\/seo\/ -->\n<title>Chariot double sous-comptoir | \u00c9quipement de restaurant | Thorinox | Montr\u00e9al<\/title>\n<meta name=\"description\" content=\"Le chariot de sous-comptoir, fabriqu\u00e9 en aluminium de haute qualit\u00e9, est con\u00e7u pour les cuisines commerciales, comme les boulangeries.\" \/>\n<meta name=\"robots\" content=\"index, follow, max-snippet:-1, max-image-preview:large, max-video-preview:-1\" \/>\n<link rel=\"canonical\" href=\"https:\/\/thorinox.com\/fr\/equipment\/chariots\/chariots-en-aluminium\/chariot-double-sous-comptoir\/\" \/>\n<meta property=\"og:locale\" content=\"fr_FR\" \/>\n<meta property=\"og:type\" content=\"article\" \/>\n<meta property=\"og:title\" content=\"Chariot double sous-comptoir | \u00c9quipement de restaurant | Thorinox | Montr\u00e9al\" \/>\n<meta property=\"og:description\" content=\"Le chariot de sous-comptoir, fabriqu\u00e9 en aluminium de haute qualit\u00e9, est con\u00e7u pour les cuisines commerciales, comme les boulangeries.\" \/>\n<meta property=\"og:url\" content=\"https:\/\/thorinox.com\/fr\/equipment\/chariots\/chariots-en-aluminium\/chariot-double-sous-comptoir\/\" \/>\n<meta property=\"og:site_name\" content=\"Thorinox\" \/>\n<meta property=\"article:modified_time\" content=\"2024-04-22T17:12:14+00:00\" \/>\n<meta property=\"og:image\" content=\"https:\/\/thorinox.com\/wp-content\/uploads\/2024\/03\/Thorinox-high-quality-stainless-steel-commercial-kitchen-equipment-aluminum-bun-pan-racks-undercounter-double-rack-DRACK-0718-ALD.png\" \/>\n\t<meta property=\"og:image:width\" content=\"800\" \/>\n\t<meta property=\"og:image:height\" content=\"900\" \/>\n\t<meta property=\"og:image:type\" content=\"image\/png\" \/>\n<meta name=\"twitter:card\" content=\"summary_large_image\" \/>\n<meta name=\"twitter:label1\" content=\"Dur\u00e9e de lecture estim\u00e9e\" \/>\n\t<meta name=\"twitter:data1\" content=\"2 minutes\" \/>\n<script type=\"application\/ld+json\" class=\"yoast-schema-graph\">{\"@context\":\"https:\/\/schema.org\",\"@graph\":[{\"@type\":\"WebPage\",\"@id\":\"https:\/\/thorinox.com\/fr\/equipment\/chariots\/chariots-en-aluminium\/chariot-double-sous-comptoir\/\",\"url\":\"https:\/\/thorinox.com\/fr\/equipment\/chariots\/chariots-en-aluminium\/chariot-double-sous-comptoir\/\",\"name\":\"Chariot double sous-comptoir | \u00c9quipement de restaurant | Thorinox | Montr\u00e9al\",\"isPartOf\":{\"@id\":\"https:\/\/thorinox.com\/fr\/#website\"},\"primaryImageOfPage\":{\"@id\":\"https:\/\/thorinox.com\/fr\/equipment\/chariots\/chariots-en-aluminium\/chariot-double-sous-comptoir\/#primaryimage\"},\"image\":{\"@id\":\"https:\/\/thorinox.com\/fr\/equipment\/chariots\/chariots-en-aluminium\/chariot-double-sous-comptoir\/#primaryimage\"},\"thumbnailUrl\":\"https:\/\/thorinox.com\/wp-content\/uploads\/2024\/03\/Thorinox-high-quality-stainless-steel-commercial-kitchen-equipment-aluminum-bun-pan-racks-undercounter-double-rack-DRACK-0718-ALD.png\",\"datePublished\":\"2024-03-28T15:01:41+00:00\",\"dateModified\":\"2024-04-22T17:12:14+00:00\",\"description\":\"Le chariot de sous-comptoir, fabriqu\u00e9 en aluminium de haute qualit\u00e9, est con\u00e7u pour les cuisines commerciales, comme les boulangeries.\",\"breadcrumb\":{\"@id\":\"https:\/\/thorinox.com\/fr\/equipment\/chariots\/chariots-en-aluminium\/chariot-double-sous-comptoir\/#breadcrumb\"},\"inLanguage\":\"fr-FR\",\"potentialAction\":[{\"@type\":\"ReadAction\",\"target\":[\"https:\/\/thorinox.com\/fr\/equipment\/chariots\/chariots-en-aluminium\/chariot-double-sous-comptoir\/\"]}]},{\"@type\":\"ImageObject\",\"inLanguage\":\"fr-FR\",\"@id\":\"https:\/\/thorinox.com\/fr\/equipment\/chariots\/chariots-en-aluminium\/chariot-double-sous-comptoir\/#primaryimage\",\"url\":\"https:\/\/thorinox.com\/wp-content\/uploads\/2024\/03\/Thorinox-high-quality-stainless-steel-commercial-kitchen-equipment-aluminum-bun-pan-racks-undercounter-double-rack-DRACK-0718-ALD.png\",\"contentUrl\":\"https:\/\/thorinox.com\/wp-content\/uploads\/2024\/03\/Thorinox-high-quality-stainless-steel-commercial-kitchen-equipment-aluminum-bun-pan-racks-undercounter-double-rack-DRACK-0718-ALD.png\",\"width\":800,\"height\":900,\"caption\":\"Il s'agit d'une image d'un chariot double sous-comptoir en aluminium de Thorinox. Thorinox est un \u00e9quipement en acier inoxydable de haute qualit\u00e9 destin\u00e9 aux restaurants et autres types de postes de travail.\"},{\"@type\":\"BreadcrumbList\",\"@id\":\"https:\/\/thorinox.com\/fr\/equipment\/chariots\/chariots-en-aluminium\/chariot-double-sous-comptoir\/#breadcrumb\",\"itemListElement\":[{\"@type\":\"ListItem\",\"position\":1,\"name\":\"Home\",\"item\":\"https:\/\/thorinox.com\/fr\/\"},{\"@type\":\"ListItem\",\"position\":2,\"name\":\"Produits\",\"item\":\"https:\/\/thorinox.com\/fr\/shop\/\"},{\"@type\":\"ListItem\",\"position\":3,\"name\":\"Chariot double sous-comptoir\"}]},{\"@type\":\"WebSite\",\"@id\":\"https:\/\/thorinox.com\/fr\/#website\",\"url\":\"https:\/\/thorinox.com\/fr\/\",\"name\":\"Thorinox\",\"description\":\"High Quality Stainless Steel Equipment\",\"publisher\":{\"@id\":\"https:\/\/thorinox.com\/fr\/#organization\"},\"potentialAction\":[{\"@type\":\"SearchAction\",\"target\":{\"@type\":\"EntryPoint\",\"urlTemplate\":\"https:\/\/thorinox.com\/fr\/?s={search_term_string}\"},\"query-input\":\"required name=search_term_string\"}],\"inLanguage\":\"fr-FR\"},{\"@type\":\"Organization\",\"@id\":\"https:\/\/thorinox.com\/fr\/#organization\",\"name\":\"Thorinox\",\"url\":\"https:\/\/thorinox.com\/fr\/\",\"logo\":{\"@type\":\"ImageObject\",\"inLanguage\":\"fr-FR\",\"@id\":\"https:\/\/thorinox.com\/fr\/#\/schema\/logo\/image\/\",\"url\":\"https:\/\/thorinox.com\/wp-content\/uploads\/2024\/02\/Thorinox-logo-high-quality-stainless-steel-equipment.png\",\"contentUrl\":\"https:\/\/thorinox.com\/wp-content\/uploads\/2024\/02\/Thorinox-logo-high-quality-stainless-steel-equipment.png\",\"width\":546,\"height\":100,\"caption\":\"Thorinox\"},\"image\":{\"@id\":\"https:\/\/thorinox.com\/fr\/#\/schema\/logo\/image\/\"}}]}<\/script>\n<!-- \/ Yoast SEO plugin. -->","yoast_head_json":{"title":"Chariot double sous-comptoir | \u00c9quipement de restaurant | Thorinox | Montr\u00e9al","description":"Le chariot de sous-comptoir, fabriqu\u00e9 en aluminium de haute qualit\u00e9, est con\u00e7u pour les cuisines commerciales, comme les boulangeries.","robots":{"index":"index","follow":"follow","max-snippet":"max-snippet:-1","max-image-preview":"max-image-preview:large","max-video-preview":"max-video-preview:-1"},"canonical":"https:\/\/thorinox.com\/fr\/equipment\/chariots\/chariots-en-aluminium\/chariot-double-sous-comptoir\/","og_locale":"fr_FR","og_type":"article","og_title":"Chariot double sous-comptoir | \u00c9quipement de restaurant | Thorinox | Montr\u00e9al","og_description":"Le chariot de sous-comptoir, fabriqu\u00e9 en aluminium de haute qualit\u00e9, est con\u00e7u pour les cuisines commerciales, comme les boulangeries.","og_url":"https:\/\/thorinox.com\/fr\/equipment\/chariots\/chariots-en-aluminium\/chariot-double-sous-comptoir\/","og_site_name":"Thorinox","article_modified_time":"2024-04-22T17:12:14+00:00","og_image":[{"width":800,"height":900,"url":"https:\/\/thorinox.com\/wp-content\/uploads\/2024\/03\/Thorinox-high-quality-stainless-steel-commercial-kitchen-equipment-aluminum-bun-pan-racks-undercounter-double-rack-DRACK-0718-ALD.png","type":"image\/png"}],"twitter_card":"summary_large_image","twitter_misc":{"Dur\u00e9e de lecture estim\u00e9e":"2 minutes"},"schema":{"@context":"https:\/\/schema.org","@graph":[{"@type":"WebPage","@id":"https:\/\/thorinox.com\/fr\/equipment\/chariots\/chariots-en-aluminium\/chariot-double-sous-comptoir\/","url":"https:\/\/thorinox.com\/fr\/equipment\/chariots\/chariots-en-aluminium\/chariot-double-sous-comptoir\/","name":"Chariot double sous-comptoir | \u00c9quipement de restaurant | Thorinox | Montr\u00e9al","isPartOf":{"@id":"https:\/\/thorinox.com\/fr\/#website"},"primaryImageOfPage":{"@id":"https:\/\/thorinox.com\/fr\/equipment\/chariots\/chariots-en-aluminium\/chariot-double-sous-comptoir\/#primaryimage"},"image":{"@id":"https:\/\/thorinox.com\/fr\/equipment\/chariots\/chariots-en-aluminium\/chariot-double-sous-comptoir\/#primaryimage"},"thumbnailUrl":"https:\/\/thorinox.com\/wp-content\/uploads\/2024\/03\/Thorinox-high-quality-stainless-steel-commercial-kitchen-equipment-aluminum-bun-pan-racks-undercounter-double-rack-DRACK-0718-ALD.png","datePublished":"2024-03-28T15:01:41+00:00","dateModified":"2024-04-22T17:12:14+00:00","description":"Le chariot de sous-comptoir, fabriqu\u00e9 en aluminium de haute qualit\u00e9, est con\u00e7u pour les cuisines commerciales, comme les boulangeries.","breadcrumb":{"@id":"https:\/\/thorinox.com\/fr\/equipment\/chariots\/chariots-en-aluminium\/chariot-double-sous-comptoir\/#breadcrumb"},"inLanguage":"fr-FR","potentialAction":[{"@type":"ReadAction","target":["https:\/\/thorinox.com\/fr\/equipment\/chariots\/chariots-en-aluminium\/chariot-double-sous-comptoir\/"]}]},{"@type":"ImageObject","inLanguage":"fr-FR","@id":"https:\/\/thorinox.com\/fr\/equipment\/chariots\/chariots-en-aluminium\/chariot-double-sous-comptoir\/#primaryimage","url":"https:\/\/thorinox.com\/wp-content\/uploads\/2024\/03\/Thorinox-high-quality-stainless-steel-commercial-kitchen-equipment-aluminum-bun-pan-racks-undercounter-double-rack-DRACK-0718-ALD.png","contentUrl":"https:\/\/thorinox.com\/wp-content\/uploads\/2024\/03\/Thorinox-high-quality-stainless-steel-commercial-kitchen-equipment-aluminum-bun-pan-racks-undercounter-double-rack-DRACK-0718-ALD.png","width":800,"height":900,"caption":"Il s'agit d'une image d'un chariot double sous-comptoir en aluminium de Thorinox. Thorinox est un \u00e9quipement en acier inoxydable de haute qualit\u00e9 destin\u00e9 aux restaurants et autres types de postes de travail."},{"@type":"BreadcrumbList","@id":"https:\/\/thorinox.com\/fr\/equipment\/chariots\/chariots-en-aluminium\/chariot-double-sous-comptoir\/#breadcrumb","itemListElement":[{"@type":"ListItem","position":1,"name":"Home","item":"https:\/\/thorinox.com\/fr\/"},{"@type":"ListItem","position":2,"name":"Produits","item":"https:\/\/thorinox.com\/fr\/shop\/"},{"@type":"ListItem","position":3,"name":"Chariot double sous-comptoir"}]},{"@type":"WebSite","@id":"https:\/\/thorinox.com\/fr\/#website","url":"https:\/\/thorinox.com\/fr\/","name":"Thorinox","description":"High Quality Stainless Steel Equipment","publisher":{"@id":"https:\/\/thorinox.com\/fr\/#organization"},"potentialAction":[{"@type":"SearchAction","target":{"@type":"EntryPoint","urlTemplate":"https:\/\/thorinox.com\/fr\/?s={search_term_string}"},"query-input":"required name=search_term_string"}],"inLanguage":"fr-FR"},{"@type":"Organization","@id":"https:\/\/thorinox.com\/fr\/#organization","name":"Thorinox","url":"https:\/\/thorinox.com\/fr\/","logo":{"@type":"ImageObject","inLanguage":"fr-FR","@id":"https:\/\/thorinox.com\/fr\/#\/schema\/logo\/image\/","url":"https:\/\/thorinox.com\/wp-content\/uploads\/2024\/02\/Thorinox-logo-high-quality-stainless-steel-equipment.png","contentUrl":"https:\/\/thorinox.com\/wp-content\/uploads\/2024\/02\/Thorinox-logo-high-quality-stainless-steel-equipment.png","width":546,"height":100,"caption":"Thorinox"},"image":{"@id":"https:\/\/thorinox.com\/fr\/#\/schema\/logo\/image\/"}}]}},"_links":{"self":[{"href":"https:\/\/thorinox.com\/fr\/wp-json\/wp\/v2\/product\/10309"}],"collection":[{"href":"https:\/\/thorinox.com\/fr\/wp-json\/wp\/v2\/product"}],"about":[{"href":"https:\/\/thorinox.com\/fr\/wp-json\/wp\/v2\/types\/product"}],"replies":[{"embeddable":true,"href":"https:\/\/thorinox.com\/fr\/wp-json\/wp\/v2\/comments?post=10309"}],"wp:featuredmedia":[{"embeddable":true,"href":"https:\/\/thorinox.com\/fr\/wp-json\/wp\/v2\/media\/7276"}],"wp:attachment":[{"href":"https:\/\/thorinox.com\/fr\/wp-json\/wp\/v2\/media?parent=10309"}],"wp:term":[{"taxonomy":"product_cat","embeddable":true,"href":"https:\/\/thorinox.com\/fr\/wp-json\/wp\/v2\/product_cat?post=10309"},{"taxonomy":"product_tag","embeddable":true,"href":"https:\/\/thorinox.com\/fr\/wp-json\/wp\/v2\/product_tag?post=10309"}],"curies":[{"name":"wp","href":"https:\/\/api.w.org\/{rel}","templated":true}]}}