{"id":10308,"date":"2024-03-28T10:47:55","date_gmt":"2024-03-28T14:47:55","guid":{"rendered":"https:\/\/thorinox.com\/equipment\/non%20class\u00e9\/support-de-four\/"},"modified":"2024-04-16T11:59:11","modified_gmt":"2024-04-16T15:59:11","slug":"support-de-four","status":"publish","type":"product","link":"https:\/\/thorinox.com\/fr\/equipment\/chariots\/chariots-specialises\/support-de-four\/","title":{"rendered":"Support de four"},"content":{"rendered":"<p>D\u00e9couvrez notre support de four <a href=\"https:\/\/thorinox.com\/\">Thorinox<\/a> en acier inoxydable, id\u00e9al pour cuisiner. Si vous avez besoin de cet \u00e9quipement pour vos <a href=\"https:\/\/brikaequipment.ca\/categorie-produit\/four-combi\/\">fours combin\u00e9s Brika Bistrot<\/a> et les <a href=\"https:\/\/brikaequipment.ca\/categorie-produit\/four-combi\/\" target=\"_blank\" rel=\"noopener\">Fours Combi Mistral<\/a>, cet \u00e9quipement est fabriqu\u00e9 sp\u00e9cifiquement pour vos besoins.<\/p>\n<h3>Fours Brika\u00a0:<\/h3>\n<p>Premi\u00e8rement, le support de four n&rsquo;est pas seulement une solution de cuisson. Il incarne la qualit\u00e9 et l\u2019efficacit\u00e9 dans toute cuisine commerciale ou boulangerie.<\/p>\n<p>De plus, servant d&rsquo;accessoires parfaits pour les <a href=\"https:\/\/brikaequipment.ca\/en\/products-categories\/combi-ovens\/\" target=\"_blank\" rel=\"noopener\">fours combis Brika Bistrot<\/a> et les <a href=\"https:\/\/brikaequipment.ca\/categorie-produit\/four-combi\/\" target=\"_blank\" rel=\"noopener\">fours combis Mistral<\/a>. Ces supports offrent des solutions de stockage pratiques dans la configuration de votre four. Fabriqu\u00e9s en acier inoxydable de premi\u00e8re qualit\u00e9, ils sont con\u00e7us pour r\u00e9sister \u00e0 des temp\u00e9ratures \u00e9lev\u00e9es et \u00e0 une utilisation intensive. Ils garantissent une longue dur\u00e9e de vie. En utilisant ces supports, vous pouvez rationaliser vos processus de cuisson et de p\u00e2tisserie, en gardant les ingr\u00e9dients et ustensiles essentiels \u00e0 port\u00e9e de main pour une pr\u00e9paration de repas fluide.<\/p>\n<h3>\u00c9quipement de qualit\u00e9\u00a0:<\/h3>\n<p>De plus, notre engagement envers la qualit\u00e9 s\u2019\u00e9tend au-del\u00e0 de la fonctionnalit\u00e9. Nous comprenons l\u2019importance de la durabilit\u00e9 dans les environnements de cuisine exigeants. Par cons\u00e9quent, nos supports de four en acier inoxydable sont fabriqu\u00e9s \u00e0 partir d\u2019un mat\u00e9riau m\u00e9tallique \u00e9pais. Ils sont construits pour r\u00e9sister aux rigueurs d\u2019une utilisation quotidienne. Vous pouvez faire confiance \u00e0 la fiabilit\u00e9 de nos racks sp\u00e9cialis\u00e9s, sachant qu&rsquo;ils continueront \u00e0 fonctionner jour apr\u00e8s jour, ann\u00e9e apr\u00e8s ann\u00e9e.<\/p>\n<p>En conclusion, nos supports de four transcendent les simples accessoires de four. Ils constituent la pierre angulaire de l\u2019efficacit\u00e9 et de la durabilit\u00e9 de toute cuisine commerciale. D\u00e9couvrez la diff\u00e9rence aujourd&rsquo;hui et \u00e9levez vos op\u00e9rations de cuisine vers de nouveaux sommets gr\u00e2ce \u00e0 nos supports de four fiables et polyvalents.<\/p>\n<p>Que vous pr\u00e9pariez des p\u00e2tisseries d\u00e9licates ou r\u00f4tissiez des viandes succulentes, nos supports offrent le soutien et la durabilit\u00e9 n\u00e9cessaires pour des r\u00e9sultats constants. Avec leur construction robuste et leur conception pr\u00e9cise, vous pouvez faire confiance \u00e0 nos supports pour offrir des performances exceptionnelles \u00e0 chaque fois.<\/p>\n<p>Am\u00e9liorez la configuration de votre cuisine avec nos supports de four en acier inoxydable Thorinox d\u00e8s aujourd&rsquo;hui et soyez t\u00e9moin de la diff\u00e9rence qu&rsquo;ils font dans vos processus de cuisson.<\/p>\n","protected":false},"excerpt":{"rendered":"<p>Le support de four Thorinox, fabriqu\u00e9 en acier inoxydable de haute qualit\u00e9, est destin\u00e9 \u00e0 maintenir votre four professionnel dans les cuisines commerciales comme les restaurants et les boulangeries. Que vous ayez besoin de cet \u00e9quipement pour vos <a href=\"https:\/\/brikaequipment.ca\/en\/products-categories\/combi-ovens\/\" target=\"_blank\" rel=\"noopener\">fours combis Brika Bistrot<\/a> et les <a href=\"https:\/\/brikaequipment.ca\/en\/products-categories\/combi-ovens\/\" target=\"_blank\" rel=\"noopener\">fours combis Mistral<\/a>.<\/p>\n<h3>Fonctionnalit\u00e9s standards<\/h3>\n<ul>\n<li>Id\u00e9al pour les fours de 24\u00a0\u00e0 40\u00a0pouces de large<\/li>\n<li>Support \u00e0 casseroles int\u00e9gr\u00e9<\/li>\n<li>Roulettes standard de 5&Prime;<\/li>\n<li>Rebord sur 3\u00a0c\u00f4t\u00e9s (en haut)<\/li>\n<li>Barres de soutien suppl\u00e9mentaires pour plus de force<\/li>\n<\/ul>\n<h3>Compatible avec\u00a0:<\/h3>\n<ul>\n<li><a href=\"https:\/\/brikaequipment.ca\/categorie-produit\/four-combi\/\" target=\"_blank\" rel=\"noopener\">Fours combis Brika Bistrot<\/a><\/li>\n<li><a href=\"https:\/\/brikaequipment.ca\/categorie-produit\/four-combi\/\" target=\"_blank\" rel=\"noopener\">Fours combis Mistral<\/a><\/li>\n<\/ul>\n<table>\n<thead>\n<tr>\n<th style=\"text-align: left;\"><img decoding=\"async\" class=\"link-icon\" src=\"https:\/\/thorinox.com\/wp-content\/uploads\/2024\/04\/thorinox-link-icon-spec.png\" alt=\"link icon for specs\" width=\"14px\" height=\"14px\" \/>Mod\u00e8les<\/th>\n<\/tr>\n<\/thead>\n<tbody>\n<tr>\n<td><a href=\"https:\/\/thorinox.com\/wp-content\/uploads\/2024\/04\/TOS-3235-SS_FR.pdf\" target=\"_blank\" rel=\"noopener\">TOS-3235-SS<\/a><\/td>\n<\/tr>\n<tr>\n<td><a href=\"https:\/\/thorinox.com\/wp-content\/uploads\/2024\/04\/TOS-3935-SS_FR.pdf\" target=\"_blank\" rel=\"noopener\">TOS-3935-SS<\/a><\/td>\n<\/tr>\n<tr>\n<td><a href=\"https:\/\/thorinox.com\/wp-content\/uploads\/2024\/04\/TOS-3925-SS_FR.pdf\" target=\"_blank\" rel=\"noopener\">TOS-3925-SS<\/a><\/td>\n<\/tr>\n<\/tbody>\n<\/table>\n","protected":false},"featured_media":7286,"comment_status":"open","ping_status":"closed","template":"","meta":[],"product_cat":[244,248,247,238],"product_tag":[],"yoast_head":"<!-- This site is optimized with the Yoast SEO plugin v23.3 - https:\/\/yoast.com\/wordpress\/plugins\/seo\/ -->\n<title>Support de four | \u00c9quipement de restaurant | Thorinox | Montr\u00e9al &amp; Qu\u00e9bec<\/title>\n<meta name=\"description\" content=\"Le support de four Thorinox, fabriqu\u00e9 en acier inoxydable de haute qualit\u00e9, est destin\u00e9 \u00e0 maintenir votre four professionnel dans les cuisines commerciales comme les restaurants et les boulangeries.\" \/>\n<meta name=\"robots\" content=\"index, follow, max-snippet:-1, max-image-preview:large, max-video-preview:-1\" \/>\n<link rel=\"canonical\" href=\"https:\/\/thorinox.com\/fr\/equipment\/chariots\/chariots-specialises\/support-de-four\/\" \/>\n<meta property=\"og:locale\" content=\"fr_FR\" \/>\n<meta property=\"og:type\" content=\"article\" \/>\n<meta property=\"og:title\" content=\"Support de four | \u00c9quipement de restaurant | Thorinox | Montr\u00e9al &amp; Qu\u00e9bec\" \/>\n<meta property=\"og:description\" content=\"Le support de four Thorinox, fabriqu\u00e9 en acier inoxydable de haute qualit\u00e9, est destin\u00e9 \u00e0 maintenir votre four professionnel dans les cuisines commerciales comme les restaurants et les boulangeries.\" \/>\n<meta property=\"og:url\" content=\"https:\/\/thorinox.com\/fr\/equipment\/chariots\/chariots-specialises\/support-de-four\/\" \/>\n<meta property=\"og:site_name\" content=\"Thorinox\" \/>\n<meta property=\"article:modified_time\" content=\"2024-04-16T15:59:11+00:00\" \/>\n<meta property=\"og:image\" content=\"https:\/\/thorinox.com\/wp-content\/uploads\/2024\/03\/Thorinox-high-quality-stainless-steel-commercial-kitchen-equipment-stainless-steel-specialty-oven-stand-TOS-3235-SS.png\" \/>\n\t<meta property=\"og:image:width\" content=\"800\" \/>\n\t<meta property=\"og:image:height\" content=\"900\" \/>\n\t<meta property=\"og:image:type\" content=\"image\/png\" \/>\n<meta name=\"twitter:card\" content=\"summary_large_image\" \/>\n<meta name=\"twitter:label1\" content=\"Dur\u00e9e de lecture estim\u00e9e\" \/>\n\t<meta name=\"twitter:data1\" content=\"2 minutes\" \/>\n<script type=\"application\/ld+json\" class=\"yoast-schema-graph\">{\"@context\":\"https:\/\/schema.org\",\"@graph\":[{\"@type\":\"WebPage\",\"@id\":\"https:\/\/thorinox.com\/fr\/equipment\/chariots\/chariots-specialises\/support-de-four\/\",\"url\":\"https:\/\/thorinox.com\/fr\/equipment\/chariots\/chariots-specialises\/support-de-four\/\",\"name\":\"Support de four | \u00c9quipement de restaurant | Thorinox | Montr\u00e9al & Qu\u00e9bec\",\"isPartOf\":{\"@id\":\"https:\/\/thorinox.com\/fr\/#website\"},\"primaryImageOfPage\":{\"@id\":\"https:\/\/thorinox.com\/fr\/equipment\/chariots\/chariots-specialises\/support-de-four\/#primaryimage\"},\"image\":{\"@id\":\"https:\/\/thorinox.com\/fr\/equipment\/chariots\/chariots-specialises\/support-de-four\/#primaryimage\"},\"thumbnailUrl\":\"https:\/\/thorinox.com\/wp-content\/uploads\/2024\/03\/Thorinox-high-quality-stainless-steel-commercial-kitchen-equipment-stainless-steel-specialty-oven-stand-TOS-3235-SS.png\",\"datePublished\":\"2024-03-28T14:47:55+00:00\",\"dateModified\":\"2024-04-16T15:59:11+00:00\",\"description\":\"Le support de four Thorinox, fabriqu\u00e9 en acier inoxydable de haute qualit\u00e9, est destin\u00e9 \u00e0 maintenir votre four professionnel dans les cuisines commerciales comme les restaurants et les boulangeries.\",\"breadcrumb\":{\"@id\":\"https:\/\/thorinox.com\/fr\/equipment\/chariots\/chariots-specialises\/support-de-four\/#breadcrumb\"},\"inLanguage\":\"fr-FR\",\"potentialAction\":[{\"@type\":\"ReadAction\",\"target\":[\"https:\/\/thorinox.com\/fr\/equipment\/chariots\/chariots-specialises\/support-de-four\/\"]}]},{\"@type\":\"ImageObject\",\"inLanguage\":\"fr-FR\",\"@id\":\"https:\/\/thorinox.com\/fr\/equipment\/chariots\/chariots-specialises\/support-de-four\/#primaryimage\",\"url\":\"https:\/\/thorinox.com\/wp-content\/uploads\/2024\/03\/Thorinox-high-quality-stainless-steel-commercial-kitchen-equipment-stainless-steel-specialty-oven-stand-TOS-3235-SS.png\",\"contentUrl\":\"https:\/\/thorinox.com\/wp-content\/uploads\/2024\/03\/Thorinox-high-quality-stainless-steel-commercial-kitchen-equipment-stainless-steel-specialty-oven-stand-TOS-3235-SS.png\",\"width\":800,\"height\":900,\"caption\":\"Ceci est une image d'une grille de support de four de Thorinox. Thorinox est un \u00e9quipement en acier inoxydable de haute qualit\u00e9 destin\u00e9 aux restaurants et autres types de postes de travail.\"},{\"@type\":\"BreadcrumbList\",\"@id\":\"https:\/\/thorinox.com\/fr\/equipment\/chariots\/chariots-specialises\/support-de-four\/#breadcrumb\",\"itemListElement\":[{\"@type\":\"ListItem\",\"position\":1,\"name\":\"Home\",\"item\":\"https:\/\/thorinox.com\/fr\/\"},{\"@type\":\"ListItem\",\"position\":2,\"name\":\"Produits\",\"item\":\"https:\/\/thorinox.com\/fr\/shop\/\"},{\"@type\":\"ListItem\",\"position\":3,\"name\":\"Support de four\"}]},{\"@type\":\"WebSite\",\"@id\":\"https:\/\/thorinox.com\/fr\/#website\",\"url\":\"https:\/\/thorinox.com\/fr\/\",\"name\":\"Thorinox\",\"description\":\"High Quality Stainless Steel Equipment\",\"publisher\":{\"@id\":\"https:\/\/thorinox.com\/fr\/#organization\"},\"potentialAction\":[{\"@type\":\"SearchAction\",\"target\":{\"@type\":\"EntryPoint\",\"urlTemplate\":\"https:\/\/thorinox.com\/fr\/?s={search_term_string}\"},\"query-input\":\"required name=search_term_string\"}],\"inLanguage\":\"fr-FR\"},{\"@type\":\"Organization\",\"@id\":\"https:\/\/thorinox.com\/fr\/#organization\",\"name\":\"Thorinox\",\"url\":\"https:\/\/thorinox.com\/fr\/\",\"logo\":{\"@type\":\"ImageObject\",\"inLanguage\":\"fr-FR\",\"@id\":\"https:\/\/thorinox.com\/fr\/#\/schema\/logo\/image\/\",\"url\":\"https:\/\/thorinox.com\/wp-content\/uploads\/2024\/02\/Thorinox-logo-high-quality-stainless-steel-equipment.png\",\"contentUrl\":\"https:\/\/thorinox.com\/wp-content\/uploads\/2024\/02\/Thorinox-logo-high-quality-stainless-steel-equipment.png\",\"width\":546,\"height\":100,\"caption\":\"Thorinox\"},\"image\":{\"@id\":\"https:\/\/thorinox.com\/fr\/#\/schema\/logo\/image\/\"}}]}<\/script>\n<!-- \/ Yoast SEO plugin. -->","yoast_head_json":{"title":"Support de four | \u00c9quipement de restaurant | Thorinox | Montr\u00e9al & Qu\u00e9bec","description":"Le support de four Thorinox, fabriqu\u00e9 en acier inoxydable de haute qualit\u00e9, est destin\u00e9 \u00e0 maintenir votre four professionnel dans les cuisines commerciales comme les restaurants et les boulangeries.","robots":{"index":"index","follow":"follow","max-snippet":"max-snippet:-1","max-image-preview":"max-image-preview:large","max-video-preview":"max-video-preview:-1"},"canonical":"https:\/\/thorinox.com\/fr\/equipment\/chariots\/chariots-specialises\/support-de-four\/","og_locale":"fr_FR","og_type":"article","og_title":"Support de four | \u00c9quipement de restaurant | Thorinox | Montr\u00e9al & Qu\u00e9bec","og_description":"Le support de four Thorinox, fabriqu\u00e9 en acier inoxydable de haute qualit\u00e9, est destin\u00e9 \u00e0 maintenir votre four professionnel dans les cuisines commerciales comme les restaurants et les boulangeries.","og_url":"https:\/\/thorinox.com\/fr\/equipment\/chariots\/chariots-specialises\/support-de-four\/","og_site_name":"Thorinox","article_modified_time":"2024-04-16T15:59:11+00:00","og_image":[{"width":800,"height":900,"url":"https:\/\/thorinox.com\/wp-content\/uploads\/2024\/03\/Thorinox-high-quality-stainless-steel-commercial-kitchen-equipment-stainless-steel-specialty-oven-stand-TOS-3235-SS.png","type":"image\/png"}],"twitter_card":"summary_large_image","twitter_misc":{"Dur\u00e9e de lecture estim\u00e9e":"2 minutes"},"schema":{"@context":"https:\/\/schema.org","@graph":[{"@type":"WebPage","@id":"https:\/\/thorinox.com\/fr\/equipment\/chariots\/chariots-specialises\/support-de-four\/","url":"https:\/\/thorinox.com\/fr\/equipment\/chariots\/chariots-specialises\/support-de-four\/","name":"Support de four | \u00c9quipement de restaurant | Thorinox | Montr\u00e9al & Qu\u00e9bec","isPartOf":{"@id":"https:\/\/thorinox.com\/fr\/#website"},"primaryImageOfPage":{"@id":"https:\/\/thorinox.com\/fr\/equipment\/chariots\/chariots-specialises\/support-de-four\/#primaryimage"},"image":{"@id":"https:\/\/thorinox.com\/fr\/equipment\/chariots\/chariots-specialises\/support-de-four\/#primaryimage"},"thumbnailUrl":"https:\/\/thorinox.com\/wp-content\/uploads\/2024\/03\/Thorinox-high-quality-stainless-steel-commercial-kitchen-equipment-stainless-steel-specialty-oven-stand-TOS-3235-SS.png","datePublished":"2024-03-28T14:47:55+00:00","dateModified":"2024-04-16T15:59:11+00:00","description":"Le support de four Thorinox, fabriqu\u00e9 en acier inoxydable de haute qualit\u00e9, est destin\u00e9 \u00e0 maintenir votre four professionnel dans les cuisines commerciales comme les restaurants et les boulangeries.","breadcrumb":{"@id":"https:\/\/thorinox.com\/fr\/equipment\/chariots\/chariots-specialises\/support-de-four\/#breadcrumb"},"inLanguage":"fr-FR","potentialAction":[{"@type":"ReadAction","target":["https:\/\/thorinox.com\/fr\/equipment\/chariots\/chariots-specialises\/support-de-four\/"]}]},{"@type":"ImageObject","inLanguage":"fr-FR","@id":"https:\/\/thorinox.com\/fr\/equipment\/chariots\/chariots-specialises\/support-de-four\/#primaryimage","url":"https:\/\/thorinox.com\/wp-content\/uploads\/2024\/03\/Thorinox-high-quality-stainless-steel-commercial-kitchen-equipment-stainless-steel-specialty-oven-stand-TOS-3235-SS.png","contentUrl":"https:\/\/thorinox.com\/wp-content\/uploads\/2024\/03\/Thorinox-high-quality-stainless-steel-commercial-kitchen-equipment-stainless-steel-specialty-oven-stand-TOS-3235-SS.png","width":800,"height":900,"caption":"Ceci est une image d'une grille de support de four de Thorinox. Thorinox est un \u00e9quipement en acier inoxydable de haute qualit\u00e9 destin\u00e9 aux restaurants et autres types de postes de travail."},{"@type":"BreadcrumbList","@id":"https:\/\/thorinox.com\/fr\/equipment\/chariots\/chariots-specialises\/support-de-four\/#breadcrumb","itemListElement":[{"@type":"ListItem","position":1,"name":"Home","item":"https:\/\/thorinox.com\/fr\/"},{"@type":"ListItem","position":2,"name":"Produits","item":"https:\/\/thorinox.com\/fr\/shop\/"},{"@type":"ListItem","position":3,"name":"Support de four"}]},{"@type":"WebSite","@id":"https:\/\/thorinox.com\/fr\/#website","url":"https:\/\/thorinox.com\/fr\/","name":"Thorinox","description":"High Quality Stainless Steel Equipment","publisher":{"@id":"https:\/\/thorinox.com\/fr\/#organization"},"potentialAction":[{"@type":"SearchAction","target":{"@type":"EntryPoint","urlTemplate":"https:\/\/thorinox.com\/fr\/?s={search_term_string}"},"query-input":"required name=search_term_string"}],"inLanguage":"fr-FR"},{"@type":"Organization","@id":"https:\/\/thorinox.com\/fr\/#organization","name":"Thorinox","url":"https:\/\/thorinox.com\/fr\/","logo":{"@type":"ImageObject","inLanguage":"fr-FR","@id":"https:\/\/thorinox.com\/fr\/#\/schema\/logo\/image\/","url":"https:\/\/thorinox.com\/wp-content\/uploads\/2024\/02\/Thorinox-logo-high-quality-stainless-steel-equipment.png","contentUrl":"https:\/\/thorinox.com\/wp-content\/uploads\/2024\/02\/Thorinox-logo-high-quality-stainless-steel-equipment.png","width":546,"height":100,"caption":"Thorinox"},"image":{"@id":"https:\/\/thorinox.com\/fr\/#\/schema\/logo\/image\/"}}]}},"_links":{"self":[{"href":"https:\/\/thorinox.com\/fr\/wp-json\/wp\/v2\/product\/10308"}],"collection":[{"href":"https:\/\/thorinox.com\/fr\/wp-json\/wp\/v2\/product"}],"about":[{"href":"https:\/\/thorinox.com\/fr\/wp-json\/wp\/v2\/types\/product"}],"replies":[{"embeddable":true,"href":"https:\/\/thorinox.com\/fr\/wp-json\/wp\/v2\/comments?post=10308"}],"wp:featuredmedia":[{"embeddable":true,"href":"https:\/\/thorinox.com\/fr\/wp-json\/wp\/v2\/media\/7286"}],"wp:attachment":[{"href":"https:\/\/thorinox.com\/fr\/wp-json\/wp\/v2\/media?parent=10308"}],"wp:term":[{"taxonomy":"product_cat","embeddable":true,"href":"https:\/\/thorinox.com\/fr\/wp-json\/wp\/v2\/product_cat?post=10308"},{"taxonomy":"product_tag","embeddable":true,"href":"https:\/\/thorinox.com\/fr\/wp-json\/wp\/v2\/product_tag?post=10308"}],"curies":[{"name":"wp","href":"https:\/\/api.w.org\/{rel}","templated":true}]}}