{"id":10307,"date":"2024-03-28T10:32:33","date_gmt":"2024-03-28T14:32:33","guid":{"rendered":"https:\/\/thorinox.com\/equipment\/non%20class\u00e9\/grille-de-four-en-acier-inoxydable\/"},"modified":"2024-04-16T11:59:16","modified_gmt":"2024-04-16T15:59:16","slug":"grille-de-four-en-acier-inoxydable","status":"publish","type":"product","link":"https:\/\/thorinox.com\/fr\/equipment\/chariots\/chariots-en-acier-inoxydable\/grille-de-four-en-acier-inoxydable\/","title":{"rendered":"Grille de four en acier inoxydable"},"content":{"rendered":"<p>D\u00e9couvrez notre grille de four <a href=\"https:\/\/thorinox.com\/\">Thorinox<\/a> en acier inoxydable, id\u00e9ale pour cuisiner, que vous ayez besoin de cet \u00e9quipement pour votre <a href=\"https:\/\/brikaequipment.ca\/categorie-produit\/four-combi\/\" target=\"_blank\" rel=\"noopener\">Fours combin\u00e9s Brika Bistrot<\/a> et <a href=\"https:\/\/brikaequipment.ca\/categorie-produit\/four-combi\/\" target=\"_blank\" rel=\"noopener\">Fours combin\u00e9s Mistral<\/a>.<\/p>\n<h3>Fours Brika\u00a0:<\/h3>\n<p>Ces grilles ne sont pas seulement des solutions de cuisson. Ils sont la quintessence de la qualit\u00e9 et de l\u2019efficacit\u00e9 dans toute cuisine commerciale ou boulangerie.<\/p>\n<p>De plus, comme les supports de four Thorinox, ils constituent des accessoires parfaits pour <a href=\"https:\/\/brikaequipment.ca\/categorie-produit\/four-combi\/\" target=\"_blank\" rel=\"noopener\">Brika. Fours combin\u00e9s Bistrot<\/a> et <a href=\"https:\/\/brikaequipment.ca\/categorie-produit\/four-combi\/\" target=\"_blank\" rel=\"noopener\">Fours combin\u00e9s Mistral<\/a> . Ces grilles offrent des solutions de stockage pratiques dans la configuration de votre four. Fabriqu\u00e9s en acier inoxydable de qualit\u00e9 sup\u00e9rieure, ils sont con\u00e7us pour r\u00e9sister \u00e0 des temp\u00e9ratures \u00e9lev\u00e9es et \u00e0 une utilisation intensive, garantissant ainsi une durabilit\u00e9 \u00e0 long terme.<\/p>\n<h3>\u00c9quipement de qualit\u00e9\u00a0:<\/h3>\n<p>De plus, notre engagement envers la qualit\u00e9 s\u2019\u00e9tend au-del\u00e0 de la fonctionnalit\u00e9. Nous comprenons l\u2019importance de la durabilit\u00e9 dans les environnements de cuisine exigeants. C&rsquo;est pourquoi nos grilles de four en acier inoxydable sont fabriqu\u00e9es \u00e0 partir d&rsquo;un mat\u00e9riau m\u00e9tallique \u00e9pais, con\u00e7u pour r\u00e9sister aux rigueurs d&rsquo;une utilisation quotidienne. Vous pouvez faire confiance \u00e0 la fiabilit\u00e9 de nos racks, sachant qu&rsquo;ils continueront \u00e0 fonctionner jour apr\u00e8s jour, ann\u00e9e apr\u00e8s ann\u00e9e.<\/p>\n<p>En conclusion, nos grilles de four en acier inoxydable sont plus qu&rsquo;un simple accessoire de four. Ils constituent la pierre angulaire de l\u2019efficacit\u00e9 et de la durabilit\u00e9 de toute cuisine commerciale. D\u00e9couvrez la diff\u00e9rence aujourd&rsquo;hui et \u00e9levez vos op\u00e9rations de cuisine vers de nouveaux sommets gr\u00e2ce \u00e0 nos supports fiables et sp\u00e9cialis\u00e9s.<\/p>\n<p>Que vous pr\u00e9pariez des p\u00e2tisseries d\u00e9licates ou r\u00f4tissiez des viandes succulentes, nos grilles offrent le soutien et la durabilit\u00e9 n\u00e9cessaires pour des r\u00e9sultats constants. Gr\u00e2ce \u00e0 leur construction robuste et leur conception pr\u00e9cise, vous pouvez faire confiance \u00e0 nos racks pour offrir des performances exceptionnelles \u00e0 chaque fois.<\/p>\n<p>Am\u00e9liorez la configuration de votre cuisine avec nos <a href=\"https:\/\/thorinox.com\/\">Thorinox<\/a> grilles de four en acier inoxydable d\u00e8s aujourd&rsquo;hui et voyez la diff\u00e9rence qu&rsquo;elles font dans vos processus de cuisson.<\/p>\n","protected":false},"excerpt":{"rendered":"<p>La grille de four Thorinox en acier inoxydable, fabriqu\u00e9e en acier inoxydable de haute qualit\u00e9, est destin\u00e9e \u00e0 la cuisson dans votre four commercial dans les cuisines commerciales comme les restaurants et les boulangeries. Que vous ayez besoin de cet \u00e9quipement pour vos <a href=\"https:\/\/brikaequipment.ca\/en\/products-categories\/combi-ovens\/\" target=\"_blank\" rel=\"noopener\">Fours combin\u00e9s Brika Bistrot&lt;\/a &gt; et les <\/a><a href=\"https:\/\/brikaequipment.ca\/en\/products-categories\/combi-ovens\/\" target=\"_blank\" rel=\"noopener\">Fours combin\u00e9s Mistral<\/a><a href=\"https:\/\/brikaequipment.ca\/en\/products-categories\/combi-ovens\/\" target=\"_blank\" rel=\"noopener\">, ces grilles permettent une cuisson pratique solutions dans la configuration de votre four.<\/a><\/p>\n<h3>Fonctionnalit\u00e9s standards<\/h3>\n<ul>\n<li>Acier inoxydable 430<\/li>\n<li>Cadre m\u00e9tallique de 5\u00a0mm d&rsquo;\u00e9paisseur avec barres transversales de 3\u00a0mm<\/li>\n<\/ul>\n<h3>Compatible avec\u00a0:<\/h3>\n<ul>\n<li><a href=\"https:\/\/brikaequipment.ca\/categorie-produit\/four-combi\/\" target=\"_blank\" rel=\"noopener\">Fours combin\u00e9s Brika Bistrot<\/a><\/li>\n<li><a href=\"https:\/\/brikaequipment.ca\/categorie-produit\/four-combi\/\" target=\"_blank\" rel=\"noopener\">Fours combin\u00e9s Mistral<\/a><\/li>\n<\/ul>\n<table>\n<thead>\n<tr>\n<th style=\"text-align: left;\"><img decoding=\"async\" class=\"link-icon\" src=\"https:\/\/thorinox.com\/wp-content\/uploads\/2024\/04\/thorinox-link-icon-spec.png\" alt=\"link icon for specs\" width=\"14px\" height=\"14px\" \/>Mod\u00e8le<\/th>\n<\/tr>\n<\/thead>\n<tbody>\n<tr>\n<td><a href=\"https:\/\/thorinox.com\/wp-content\/uploads\/2024\/04\/TOR-1826-SS_FR.pdf\" target=\"_blank\" rel=\"noopener\">TOR-1826-SS<\/a><\/td>\n<\/tr>\n<\/tbody>\n<\/table>\n","protected":false},"featured_media":8003,"comment_status":"open","ping_status":"closed","template":"","meta":[],"product_cat":[244,248],"product_tag":[],"yoast_head":"<!-- This site is optimized with the Yoast SEO plugin v23.3 - https:\/\/yoast.com\/wordpress\/plugins\/seo\/ -->\n<title>Grille de four en acier inoxydable | \u00c9quipement de restaurant | Thorinox | Montr\u00e9al &amp; Qu\u00e9bec<\/title>\n<meta name=\"description\" content=\"La grille de four en acier inoxydable est parfaite pour cuire ou cuire des aliments dans votre four commercial pour votre restaurant, boulangerie ou tout autre \u00e9tablissement alimentaire.\" \/>\n<meta name=\"robots\" content=\"index, follow, max-snippet:-1, max-image-preview:large, max-video-preview:-1\" \/>\n<link rel=\"canonical\" href=\"https:\/\/thorinox.com\/fr\/equipment\/chariots\/chariots-en-acier-inoxydable\/grille-de-four-en-acier-inoxydable\/\" \/>\n<meta property=\"og:locale\" content=\"fr_FR\" \/>\n<meta property=\"og:type\" content=\"article\" \/>\n<meta property=\"og:title\" content=\"Grille de four en acier inoxydable | \u00c9quipement de restaurant | Thorinox | Montr\u00e9al &amp; Qu\u00e9bec\" \/>\n<meta property=\"og:description\" content=\"La grille de four en acier inoxydable est parfaite pour cuire ou cuire des aliments dans votre four commercial pour votre restaurant, boulangerie ou tout autre \u00e9tablissement alimentaire.\" \/>\n<meta property=\"og:url\" content=\"https:\/\/thorinox.com\/fr\/equipment\/chariots\/chariots-en-acier-inoxydable\/grille-de-four-en-acier-inoxydable\/\" \/>\n<meta property=\"og:site_name\" content=\"Thorinox\" \/>\n<meta property=\"article:modified_time\" content=\"2024-04-16T15:59:16+00:00\" \/>\n<meta property=\"og:image\" content=\"https:\/\/thorinox.com\/wp-content\/uploads\/2024\/03\/Thorinox-high-quality-stainless-steel-commercial-kitchen-equipment-stainless-steel-oven-rack-TOR-1826-SS.png\" \/>\n\t<meta property=\"og:image:width\" content=\"800\" \/>\n\t<meta property=\"og:image:height\" content=\"900\" \/>\n\t<meta property=\"og:image:type\" content=\"image\/png\" \/>\n<meta name=\"twitter:card\" content=\"summary_large_image\" \/>\n<meta name=\"twitter:label1\" content=\"Dur\u00e9e de lecture estim\u00e9e\" \/>\n\t<meta name=\"twitter:data1\" content=\"2 minutes\" \/>\n<script type=\"application\/ld+json\" class=\"yoast-schema-graph\">{\"@context\":\"https:\/\/schema.org\",\"@graph\":[{\"@type\":\"WebPage\",\"@id\":\"https:\/\/thorinox.com\/fr\/equipment\/chariots\/chariots-en-acier-inoxydable\/grille-de-four-en-acier-inoxydable\/\",\"url\":\"https:\/\/thorinox.com\/fr\/equipment\/chariots\/chariots-en-acier-inoxydable\/grille-de-four-en-acier-inoxydable\/\",\"name\":\"Grille de four en acier inoxydable | \u00c9quipement de restaurant | Thorinox | Montr\u00e9al & Qu\u00e9bec\",\"isPartOf\":{\"@id\":\"https:\/\/thorinox.com\/fr\/#website\"},\"primaryImageOfPage\":{\"@id\":\"https:\/\/thorinox.com\/fr\/equipment\/chariots\/chariots-en-acier-inoxydable\/grille-de-four-en-acier-inoxydable\/#primaryimage\"},\"image\":{\"@id\":\"https:\/\/thorinox.com\/fr\/equipment\/chariots\/chariots-en-acier-inoxydable\/grille-de-four-en-acier-inoxydable\/#primaryimage\"},\"thumbnailUrl\":\"https:\/\/thorinox.com\/wp-content\/uploads\/2024\/03\/Thorinox-high-quality-stainless-steel-commercial-kitchen-equipment-stainless-steel-oven-rack-TOR-1826-SS.png\",\"datePublished\":\"2024-03-28T14:32:33+00:00\",\"dateModified\":\"2024-04-16T15:59:16+00:00\",\"description\":\"La grille de four en acier inoxydable est parfaite pour cuire ou cuire des aliments dans votre four commercial pour votre restaurant, boulangerie ou tout autre \u00e9tablissement alimentaire.\",\"breadcrumb\":{\"@id\":\"https:\/\/thorinox.com\/fr\/equipment\/chariots\/chariots-en-acier-inoxydable\/grille-de-four-en-acier-inoxydable\/#breadcrumb\"},\"inLanguage\":\"fr-FR\",\"potentialAction\":[{\"@type\":\"ReadAction\",\"target\":[\"https:\/\/thorinox.com\/fr\/equipment\/chariots\/chariots-en-acier-inoxydable\/grille-de-four-en-acier-inoxydable\/\"]}]},{\"@type\":\"ImageObject\",\"inLanguage\":\"fr-FR\",\"@id\":\"https:\/\/thorinox.com\/fr\/equipment\/chariots\/chariots-en-acier-inoxydable\/grille-de-four-en-acier-inoxydable\/#primaryimage\",\"url\":\"https:\/\/thorinox.com\/wp-content\/uploads\/2024\/03\/Thorinox-high-quality-stainless-steel-commercial-kitchen-equipment-stainless-steel-oven-rack-TOR-1826-SS.png\",\"contentUrl\":\"https:\/\/thorinox.com\/wp-content\/uploads\/2024\/03\/Thorinox-high-quality-stainless-steel-commercial-kitchen-equipment-stainless-steel-oven-rack-TOR-1826-SS.png\",\"width\":800,\"height\":900,\"caption\":\"Ceci est une image d'une grille de four de Thorinox. Thorinox est un \u00e9quipement en acier inoxydable de haute qualit\u00e9 destin\u00e9 aux restaurants et autres types de postes de travail.\"},{\"@type\":\"BreadcrumbList\",\"@id\":\"https:\/\/thorinox.com\/fr\/equipment\/chariots\/chariots-en-acier-inoxydable\/grille-de-four-en-acier-inoxydable\/#breadcrumb\",\"itemListElement\":[{\"@type\":\"ListItem\",\"position\":1,\"name\":\"Home\",\"item\":\"https:\/\/thorinox.com\/fr\/\"},{\"@type\":\"ListItem\",\"position\":2,\"name\":\"Produits\",\"item\":\"https:\/\/thorinox.com\/fr\/shop\/\"},{\"@type\":\"ListItem\",\"position\":3,\"name\":\"Grille de four en acier inoxydable\"}]},{\"@type\":\"WebSite\",\"@id\":\"https:\/\/thorinox.com\/fr\/#website\",\"url\":\"https:\/\/thorinox.com\/fr\/\",\"name\":\"Thorinox\",\"description\":\"High Quality Stainless Steel Equipment\",\"publisher\":{\"@id\":\"https:\/\/thorinox.com\/fr\/#organization\"},\"potentialAction\":[{\"@type\":\"SearchAction\",\"target\":{\"@type\":\"EntryPoint\",\"urlTemplate\":\"https:\/\/thorinox.com\/fr\/?s={search_term_string}\"},\"query-input\":\"required name=search_term_string\"}],\"inLanguage\":\"fr-FR\"},{\"@type\":\"Organization\",\"@id\":\"https:\/\/thorinox.com\/fr\/#organization\",\"name\":\"Thorinox\",\"url\":\"https:\/\/thorinox.com\/fr\/\",\"logo\":{\"@type\":\"ImageObject\",\"inLanguage\":\"fr-FR\",\"@id\":\"https:\/\/thorinox.com\/fr\/#\/schema\/logo\/image\/\",\"url\":\"https:\/\/thorinox.com\/wp-content\/uploads\/2024\/02\/Thorinox-logo-high-quality-stainless-steel-equipment.png\",\"contentUrl\":\"https:\/\/thorinox.com\/wp-content\/uploads\/2024\/02\/Thorinox-logo-high-quality-stainless-steel-equipment.png\",\"width\":546,\"height\":100,\"caption\":\"Thorinox\"},\"image\":{\"@id\":\"https:\/\/thorinox.com\/fr\/#\/schema\/logo\/image\/\"}}]}<\/script>\n<!-- \/ Yoast SEO plugin. -->","yoast_head_json":{"title":"Grille de four en acier inoxydable | \u00c9quipement de restaurant | Thorinox | Montr\u00e9al & Qu\u00e9bec","description":"La grille de four en acier inoxydable est parfaite pour cuire ou cuire des aliments dans votre four commercial pour votre restaurant, boulangerie ou tout autre \u00e9tablissement alimentaire.","robots":{"index":"index","follow":"follow","max-snippet":"max-snippet:-1","max-image-preview":"max-image-preview:large","max-video-preview":"max-video-preview:-1"},"canonical":"https:\/\/thorinox.com\/fr\/equipment\/chariots\/chariots-en-acier-inoxydable\/grille-de-four-en-acier-inoxydable\/","og_locale":"fr_FR","og_type":"article","og_title":"Grille de four en acier inoxydable | \u00c9quipement de restaurant | Thorinox | Montr\u00e9al & Qu\u00e9bec","og_description":"La grille de four en acier inoxydable est parfaite pour cuire ou cuire des aliments dans votre four commercial pour votre restaurant, boulangerie ou tout autre \u00e9tablissement alimentaire.","og_url":"https:\/\/thorinox.com\/fr\/equipment\/chariots\/chariots-en-acier-inoxydable\/grille-de-four-en-acier-inoxydable\/","og_site_name":"Thorinox","article_modified_time":"2024-04-16T15:59:16+00:00","og_image":[{"width":800,"height":900,"url":"https:\/\/thorinox.com\/wp-content\/uploads\/2024\/03\/Thorinox-high-quality-stainless-steel-commercial-kitchen-equipment-stainless-steel-oven-rack-TOR-1826-SS.png","type":"image\/png"}],"twitter_card":"summary_large_image","twitter_misc":{"Dur\u00e9e de lecture estim\u00e9e":"2 minutes"},"schema":{"@context":"https:\/\/schema.org","@graph":[{"@type":"WebPage","@id":"https:\/\/thorinox.com\/fr\/equipment\/chariots\/chariots-en-acier-inoxydable\/grille-de-four-en-acier-inoxydable\/","url":"https:\/\/thorinox.com\/fr\/equipment\/chariots\/chariots-en-acier-inoxydable\/grille-de-four-en-acier-inoxydable\/","name":"Grille de four en acier inoxydable | \u00c9quipement de restaurant | Thorinox | Montr\u00e9al & Qu\u00e9bec","isPartOf":{"@id":"https:\/\/thorinox.com\/fr\/#website"},"primaryImageOfPage":{"@id":"https:\/\/thorinox.com\/fr\/equipment\/chariots\/chariots-en-acier-inoxydable\/grille-de-four-en-acier-inoxydable\/#primaryimage"},"image":{"@id":"https:\/\/thorinox.com\/fr\/equipment\/chariots\/chariots-en-acier-inoxydable\/grille-de-four-en-acier-inoxydable\/#primaryimage"},"thumbnailUrl":"https:\/\/thorinox.com\/wp-content\/uploads\/2024\/03\/Thorinox-high-quality-stainless-steel-commercial-kitchen-equipment-stainless-steel-oven-rack-TOR-1826-SS.png","datePublished":"2024-03-28T14:32:33+00:00","dateModified":"2024-04-16T15:59:16+00:00","description":"La grille de four en acier inoxydable est parfaite pour cuire ou cuire des aliments dans votre four commercial pour votre restaurant, boulangerie ou tout autre \u00e9tablissement alimentaire.","breadcrumb":{"@id":"https:\/\/thorinox.com\/fr\/equipment\/chariots\/chariots-en-acier-inoxydable\/grille-de-four-en-acier-inoxydable\/#breadcrumb"},"inLanguage":"fr-FR","potentialAction":[{"@type":"ReadAction","target":["https:\/\/thorinox.com\/fr\/equipment\/chariots\/chariots-en-acier-inoxydable\/grille-de-four-en-acier-inoxydable\/"]}]},{"@type":"ImageObject","inLanguage":"fr-FR","@id":"https:\/\/thorinox.com\/fr\/equipment\/chariots\/chariots-en-acier-inoxydable\/grille-de-four-en-acier-inoxydable\/#primaryimage","url":"https:\/\/thorinox.com\/wp-content\/uploads\/2024\/03\/Thorinox-high-quality-stainless-steel-commercial-kitchen-equipment-stainless-steel-oven-rack-TOR-1826-SS.png","contentUrl":"https:\/\/thorinox.com\/wp-content\/uploads\/2024\/03\/Thorinox-high-quality-stainless-steel-commercial-kitchen-equipment-stainless-steel-oven-rack-TOR-1826-SS.png","width":800,"height":900,"caption":"Ceci est une image d'une grille de four de Thorinox. Thorinox est un \u00e9quipement en acier inoxydable de haute qualit\u00e9 destin\u00e9 aux restaurants et autres types de postes de travail."},{"@type":"BreadcrumbList","@id":"https:\/\/thorinox.com\/fr\/equipment\/chariots\/chariots-en-acier-inoxydable\/grille-de-four-en-acier-inoxydable\/#breadcrumb","itemListElement":[{"@type":"ListItem","position":1,"name":"Home","item":"https:\/\/thorinox.com\/fr\/"},{"@type":"ListItem","position":2,"name":"Produits","item":"https:\/\/thorinox.com\/fr\/shop\/"},{"@type":"ListItem","position":3,"name":"Grille de four en acier inoxydable"}]},{"@type":"WebSite","@id":"https:\/\/thorinox.com\/fr\/#website","url":"https:\/\/thorinox.com\/fr\/","name":"Thorinox","description":"High Quality Stainless Steel Equipment","publisher":{"@id":"https:\/\/thorinox.com\/fr\/#organization"},"potentialAction":[{"@type":"SearchAction","target":{"@type":"EntryPoint","urlTemplate":"https:\/\/thorinox.com\/fr\/?s={search_term_string}"},"query-input":"required name=search_term_string"}],"inLanguage":"fr-FR"},{"@type":"Organization","@id":"https:\/\/thorinox.com\/fr\/#organization","name":"Thorinox","url":"https:\/\/thorinox.com\/fr\/","logo":{"@type":"ImageObject","inLanguage":"fr-FR","@id":"https:\/\/thorinox.com\/fr\/#\/schema\/logo\/image\/","url":"https:\/\/thorinox.com\/wp-content\/uploads\/2024\/02\/Thorinox-logo-high-quality-stainless-steel-equipment.png","contentUrl":"https:\/\/thorinox.com\/wp-content\/uploads\/2024\/02\/Thorinox-logo-high-quality-stainless-steel-equipment.png","width":546,"height":100,"caption":"Thorinox"},"image":{"@id":"https:\/\/thorinox.com\/fr\/#\/schema\/logo\/image\/"}}]}},"_links":{"self":[{"href":"https:\/\/thorinox.com\/fr\/wp-json\/wp\/v2\/product\/10307"}],"collection":[{"href":"https:\/\/thorinox.com\/fr\/wp-json\/wp\/v2\/product"}],"about":[{"href":"https:\/\/thorinox.com\/fr\/wp-json\/wp\/v2\/types\/product"}],"replies":[{"embeddable":true,"href":"https:\/\/thorinox.com\/fr\/wp-json\/wp\/v2\/comments?post=10307"}],"wp:featuredmedia":[{"embeddable":true,"href":"https:\/\/thorinox.com\/fr\/wp-json\/wp\/v2\/media\/8003"}],"wp:attachment":[{"href":"https:\/\/thorinox.com\/fr\/wp-json\/wp\/v2\/media?parent=10307"}],"wp:term":[{"taxonomy":"product_cat","embeddable":true,"href":"https:\/\/thorinox.com\/fr\/wp-json\/wp\/v2\/product_cat?post=10307"},{"taxonomy":"product_tag","embeddable":true,"href":"https:\/\/thorinox.com\/fr\/wp-json\/wp\/v2\/product_tag?post=10307"}],"curies":[{"name":"wp","href":"https:\/\/api.w.org\/{rel}","templated":true}]}}