{"id":10306,"date":"2024-03-28T10:14:26","date_gmt":"2024-03-28T14:14:26","guid":{"rendered":"https:\/\/thorinox.com\/equipment\/non%20class\u00e9\/chariot-pour-refrigerateur-congelateur\/"},"modified":"2024-04-22T13:12:41","modified_gmt":"2024-04-22T17:12:41","slug":"chariot-pour-refrigerateur-congelateur","status":"publish","type":"product","link":"https:\/\/thorinox.com\/fr\/equipment\/chariots\/chariots-specialises\/chariot-pour-refrigerateur-congelateur\/","title":{"rendered":"Chariot pour r\u00e9frig\u00e9rateur &#038; cong\u00e9lateur"},"content":{"rendered":"<p>D\u00e9couvrez notre chariot pour r\u00e9frig\u00e9rateur &amp; cong\u00e9lateur <a href=\"https:\/\/thorinox.com\/\">Thorinox<\/a>, id\u00e9al pour stocker et transporter des produits de boulangerie ou pour conserver des aliments. Que vous ayez besoin de cet \u00e9quipement pour votre r\u00e9frig\u00e9rateur ou cong\u00e9lateur commercial, nous avons l&rsquo;option disponible pour r\u00e9pondre \u00e0 vos besoins sp\u00e9cifiques.<\/p>\n<h3><a href=\"https:\/\/newairrefrigeration.ca\/categorie-produit\/refrigerateurs-et-congelateurs-en-acier-inoxydable\/\" target=\"_blank\" rel=\"noopener\">Nouveau r\u00e9frig\u00e9rateur et amp; Cong\u00e9lateur<\/a><\/h3>\n<p>Ces racks ne sont pas seulement des solutions de stockage. Ils sont la quintessence de l&rsquo;organisation et de l&rsquo;efficacit\u00e9 dans toute cuisine commerciale ou boulangerie. Imaginez la facilit\u00e9 d&rsquo;acc\u00e8s et la disposition syst\u00e9matique de vos provisions directement dans votre r\u00e9frig\u00e9rateur ou cong\u00e9lateur. Cela permet \u00e0 votre personnel de se concentrer sur ce qu\u2019il fait le mieux : cr\u00e9er de d\u00e9licieuses friandises pour vos clients. Avec nos chariot pour r\u00e9frig\u00e9rateur &amp; cong\u00e9lateur, chaque article a sa place d\u00e9sign\u00e9e, r\u00e9duisant ainsi l&rsquo;encombrement et minimisant le risque d&rsquo;accidents dans un environnement de cuisine anim\u00e9.<\/p>\n<p>Sp\u00e9cialement con\u00e7us pour les r\u00e9frig\u00e9rateurs et les cong\u00e9lateurs, ces racks s&rsquo;int\u00e8grent parfaitement aux unit\u00e9s de r\u00e9frig\u00e9ration. Fabriqu\u00e9s en acier inoxydable de haute qualit\u00e9, ils maximisent l&rsquo;espace de stockage et l&rsquo;organisation. De plus, ils sont parfaitement compatibles avec les appareils <a href=\"https:\/\/newairrefrigeration.ca\/\" target=\"_blank\" rel=\"noopener\">New Air Refrigeration<\/a> (<a href=\"https:\/\/newairrefrigeration.ca\/categorie-produit\/refrigerateurs-et-congelateurs-en-acier-inoxydable\/\" target=\"_blank\" rel=\"noopener\">NSR et NSF<\/a>), assurant un ajustement parfait et des performances fiables . Avec ces chariots, vous pouvez garder vos ingr\u00e9dients et aliments pr\u00e9par\u00e9s bien organis\u00e9s et facilement accessibles, optimisant ainsi l&rsquo;efficacit\u00e9 du flux de travail de votre cuisine.<\/p>\n<p>De plus, la polyvalence de nos racks leur permet de s\u2019adapter \u00e0 vos besoins \u00e9volutifs. Que vous \u00e9largissiez votre menu, r\u00e9organisiez l&rsquo;agencement de votre cuisine ou modernisiez votre \u00e9quipement, nos r\u00e9frig\u00e9rateurs et amp; Les chariots pour r\u00e9frig\u00e9rateur &amp; cong\u00e9lateur restent des compagnons fid\u00e8les. Ils sont pr\u00eats \u00e0 s\u2019adapter et \u00e0 s\u2019adapter \u00e0 vos besoins changeants. Cette adaptabilit\u00e9 garantit un investissement durable qui \u00e9volue avec votre entreprise.<\/p>\n<h3>\u00c9quipement de qualit\u00e9<\/h3>\n<p>De plus, notre engagement envers la qualit\u00e9 s\u2019\u00e9tend au-del\u00e0 de la fonctionnalit\u00e9. Nous comprenons l\u2019importance de la durabilit\u00e9 dans les environnements de cuisine exigeants. C&rsquo;est pourquoi notre r\u00e9frig\u00e9rateur et amp; Les chariot pour r\u00e9frig\u00e9rateur &amp; cong\u00e9lateur sont fabriqu\u00e9s \u00e0 partir de mat\u00e9riaux robustes, con\u00e7us pour r\u00e9sister aux rigueurs d&rsquo;une utilisation quotidienne. Vous pouvez faire confiance \u00e0 la fiabilit\u00e9 de nos racks, sachant qu&rsquo;ils continueront \u00e0 fonctionner jour apr\u00e8s jour, ann\u00e9e apr\u00e8s ann\u00e9e.<\/p>\n<p>En conclusion, notre chariot pour r\u00e9frig\u00e9rateur &amp; cong\u00e9lateur offre plus qu&rsquo;un simple stockage. Ils constituent la pierre angulaire de l\u2019efficacit\u00e9, de l\u2019organisation et de la durabilit\u00e9 de toute cuisine commerciale. D\u00e9couvrez la diff\u00e9rence aujourd&rsquo;hui et \u00e9levez vos op\u00e9rations de cuisine vers de nouveaux sommets gr\u00e2ce \u00e0 nos supports \u00e0 petits pains fiables et polyvalents.<\/p>\n","protected":false},"excerpt":{"rendered":"<p>Le chariot pour r\u00e9frig\u00e9rateur &amp; cong\u00e9lateur <a href=\"https:\/\/thorinox.com\/\">Thorinox<\/a>, fabriqu\u00e9 en acier inoxydable de haute qualit\u00e9, est con\u00e7u pour les cuisines commerciales, comme les boulangeries, les caf\u00e9s et les d\u00e9panneurs.<\/p>\n<h3>Fonctionnalit\u00e9s standards\u00a0:<\/h3>\n<ul>\n<li>Tout en acier inoxydable<\/li>\n<li>Calibre 18, acier inoxydable 201<\/li>\n<li>Livr\u00e9 d\u00e9mont\u00e9 (facile \u00e0 monter)<\/li>\n<li>Glissi\u00e8res \u00e0 plateaux doubles soud\u00e9es<\/li>\n<li>Les grilles peuvent accueillir des moules \u00e0 petits pains de 18\u00a0x 26\u00a0pouces<\/li>\n<\/ul>\n<h3>Compatible avec\u00a0:<\/h3>\n<ul>\n<li><a href=\"https:\/\/newairrefrigeration.ca\/categorie-produit\/refrigerateurs-et-congelateurs-en-acier-inoxydable\/refrigerateurs-en-acier-inoxidable\/\" target=\"_blank\" rel=\"noopener\"> Nouveau r\u00e9frig\u00e9rateur \u00e0 r\u00e9frig\u00e9ration \u00e0 air NSR<\/a><\/li>\n<li><a href=\"https:\/\/newairrefrigeration.ca\/categorie-produit\/refrigerateurs-et-congelateurs-en-acier-inoxydable\/congelateurs-en-acier-inoxydable\/\" target=\"_blank\" rel=\"noopener\"> Nouveau cong\u00e9lateur \u00e0 r\u00e9frig\u00e9ration \u00e0 air NSF<\/a><\/li>\n<\/ul>\n<table>\n<thead>\n<tr>\n<th style=\"text-align: left;\"><img decoding=\"async\" class=\"link-icon\" src=\"https:\/\/thorinox.com\/wp-content\/uploads\/2024\/04\/thorinox-link-icon-spec.png\" alt=\"link icon for specs\" width=\"14px\" height=\"14px\" \/>Mod\u00e8le<\/th>\n<\/tr>\n<\/thead>\n<tbody>\n<tr>\n<td>TRACK-1418-SS<\/td>\n<\/tr>\n<\/tbody>\n<\/table>\n","protected":false},"featured_media":7288,"comment_status":"open","ping_status":"closed","template":"","meta":[],"product_cat":[244,248,247],"product_tag":[],"yoast_head":"<!-- This site is optimized with the Yoast SEO plugin v23.3 - https:\/\/yoast.com\/wordpress\/plugins\/seo\/ -->\n<title>Chariot pour r\u00e9frig\u00e9rateur &amp; cong\u00e9lateur | \u00c9quipement de restaurant | Thorinox<\/title>\n<meta name=\"description\" content=\"Le chariot pour r\u00e9frig\u00e9rateur &amp; cong\u00e9lateur, fabriqu\u00e9 en acier inoxydable de haute qualit\u00e9, est con\u00e7u pour les cuisines commerciales.\" \/>\n<meta name=\"robots\" content=\"index, follow, max-snippet:-1, max-image-preview:large, max-video-preview:-1\" \/>\n<link rel=\"canonical\" href=\"https:\/\/thorinox.com\/fr\/equipment\/chariots\/chariots-specialises\/chariot-pour-refrigerateur-congelateur\/\" \/>\n<meta property=\"og:locale\" content=\"fr_FR\" \/>\n<meta property=\"og:type\" content=\"article\" \/>\n<meta property=\"og:title\" content=\"Chariot pour r\u00e9frig\u00e9rateur &amp; cong\u00e9lateur | \u00c9quipement de restaurant | Thorinox\" \/>\n<meta property=\"og:description\" content=\"Le chariot pour r\u00e9frig\u00e9rateur &amp; cong\u00e9lateur, fabriqu\u00e9 en acier inoxydable de haute qualit\u00e9, est con\u00e7u pour les cuisines commerciales.\" \/>\n<meta property=\"og:url\" content=\"https:\/\/thorinox.com\/fr\/equipment\/chariots\/chariots-specialises\/chariot-pour-refrigerateur-congelateur\/\" \/>\n<meta property=\"og:site_name\" content=\"Thorinox\" \/>\n<meta property=\"article:modified_time\" content=\"2024-04-22T17:12:41+00:00\" \/>\n<meta property=\"og:image\" content=\"https:\/\/thorinox.com\/wp-content\/uploads\/2024\/03\/Thorinox-high-quality-stainless-steel-commercial-kitchen-equipment-stainless-steel-specialty-rack-for-refrigerators-and-freezers-TRACK.png\" \/>\n\t<meta property=\"og:image:width\" content=\"800\" \/>\n\t<meta property=\"og:image:height\" content=\"900\" \/>\n\t<meta property=\"og:image:type\" content=\"image\/png\" \/>\n<meta name=\"twitter:card\" content=\"summary_large_image\" \/>\n<meta name=\"twitter:label1\" content=\"Dur\u00e9e de lecture estim\u00e9e\" \/>\n\t<meta name=\"twitter:data1\" content=\"2 minutes\" \/>\n<script type=\"application\/ld+json\" class=\"yoast-schema-graph\">{\"@context\":\"https:\/\/schema.org\",\"@graph\":[{\"@type\":\"WebPage\",\"@id\":\"https:\/\/thorinox.com\/fr\/equipment\/chariots\/chariots-specialises\/chariot-pour-refrigerateur-congelateur\/\",\"url\":\"https:\/\/thorinox.com\/fr\/equipment\/chariots\/chariots-specialises\/chariot-pour-refrigerateur-congelateur\/\",\"name\":\"Chariot pour r\u00e9frig\u00e9rateur & cong\u00e9lateur | \u00c9quipement de restaurant | Thorinox\",\"isPartOf\":{\"@id\":\"https:\/\/thorinox.com\/fr\/#website\"},\"primaryImageOfPage\":{\"@id\":\"https:\/\/thorinox.com\/fr\/equipment\/chariots\/chariots-specialises\/chariot-pour-refrigerateur-congelateur\/#primaryimage\"},\"image\":{\"@id\":\"https:\/\/thorinox.com\/fr\/equipment\/chariots\/chariots-specialises\/chariot-pour-refrigerateur-congelateur\/#primaryimage\"},\"thumbnailUrl\":\"https:\/\/thorinox.com\/wp-content\/uploads\/2024\/03\/Thorinox-high-quality-stainless-steel-commercial-kitchen-equipment-stainless-steel-specialty-rack-for-refrigerators-and-freezers-TRACK.png\",\"datePublished\":\"2024-03-28T14:14:26+00:00\",\"dateModified\":\"2024-04-22T17:12:41+00:00\",\"description\":\"Le chariot pour r\u00e9frig\u00e9rateur & cong\u00e9lateur, fabriqu\u00e9 en acier inoxydable de haute qualit\u00e9, est con\u00e7u pour les cuisines commerciales.\",\"breadcrumb\":{\"@id\":\"https:\/\/thorinox.com\/fr\/equipment\/chariots\/chariots-specialises\/chariot-pour-refrigerateur-congelateur\/#breadcrumb\"},\"inLanguage\":\"fr-FR\",\"potentialAction\":[{\"@type\":\"ReadAction\",\"target\":[\"https:\/\/thorinox.com\/fr\/equipment\/chariots\/chariots-specialises\/chariot-pour-refrigerateur-congelateur\/\"]}]},{\"@type\":\"ImageObject\",\"inLanguage\":\"fr-FR\",\"@id\":\"https:\/\/thorinox.com\/fr\/equipment\/chariots\/chariots-specialises\/chariot-pour-refrigerateur-congelateur\/#primaryimage\",\"url\":\"https:\/\/thorinox.com\/wp-content\/uploads\/2024\/03\/Thorinox-high-quality-stainless-steel-commercial-kitchen-equipment-stainless-steel-specialty-rack-for-refrigerators-and-freezers-TRACK.png\",\"contentUrl\":\"https:\/\/thorinox.com\/wp-content\/uploads\/2024\/03\/Thorinox-high-quality-stainless-steel-commercial-kitchen-equipment-stainless-steel-specialty-rack-for-refrigerators-and-freezers-TRACK.png\",\"width\":800,\"height\":900,\"caption\":\"Il s'agit d'une image d'un chariot pour r\u00e9frig\u00e9rateur & cong\u00e9lateur. Thorinox est un \u00e9quipement en acier inoxydable de haute qualit\u00e9 destin\u00e9 aux restaurants et autres types de postes de travail.\"},{\"@type\":\"BreadcrumbList\",\"@id\":\"https:\/\/thorinox.com\/fr\/equipment\/chariots\/chariots-specialises\/chariot-pour-refrigerateur-congelateur\/#breadcrumb\",\"itemListElement\":[{\"@type\":\"ListItem\",\"position\":1,\"name\":\"Home\",\"item\":\"https:\/\/thorinox.com\/fr\/\"},{\"@type\":\"ListItem\",\"position\":2,\"name\":\"Produits\",\"item\":\"https:\/\/thorinox.com\/fr\/shop\/\"},{\"@type\":\"ListItem\",\"position\":3,\"name\":\"Chariot pour r\u00e9frig\u00e9rateur &#038; cong\u00e9lateur\"}]},{\"@type\":\"WebSite\",\"@id\":\"https:\/\/thorinox.com\/fr\/#website\",\"url\":\"https:\/\/thorinox.com\/fr\/\",\"name\":\"Thorinox\",\"description\":\"High Quality Stainless Steel Equipment\",\"publisher\":{\"@id\":\"https:\/\/thorinox.com\/fr\/#organization\"},\"potentialAction\":[{\"@type\":\"SearchAction\",\"target\":{\"@type\":\"EntryPoint\",\"urlTemplate\":\"https:\/\/thorinox.com\/fr\/?s={search_term_string}\"},\"query-input\":\"required name=search_term_string\"}],\"inLanguage\":\"fr-FR\"},{\"@type\":\"Organization\",\"@id\":\"https:\/\/thorinox.com\/fr\/#organization\",\"name\":\"Thorinox\",\"url\":\"https:\/\/thorinox.com\/fr\/\",\"logo\":{\"@type\":\"ImageObject\",\"inLanguage\":\"fr-FR\",\"@id\":\"https:\/\/thorinox.com\/fr\/#\/schema\/logo\/image\/\",\"url\":\"https:\/\/thorinox.com\/wp-content\/uploads\/2024\/02\/Thorinox-logo-high-quality-stainless-steel-equipment.png\",\"contentUrl\":\"https:\/\/thorinox.com\/wp-content\/uploads\/2024\/02\/Thorinox-logo-high-quality-stainless-steel-equipment.png\",\"width\":546,\"height\":100,\"caption\":\"Thorinox\"},\"image\":{\"@id\":\"https:\/\/thorinox.com\/fr\/#\/schema\/logo\/image\/\"}}]}<\/script>\n<!-- \/ Yoast SEO plugin. -->","yoast_head_json":{"title":"Chariot pour r\u00e9frig\u00e9rateur & cong\u00e9lateur | \u00c9quipement de restaurant | Thorinox","description":"Le chariot pour r\u00e9frig\u00e9rateur & cong\u00e9lateur, fabriqu\u00e9 en acier inoxydable de haute qualit\u00e9, est con\u00e7u pour les cuisines commerciales.","robots":{"index":"index","follow":"follow","max-snippet":"max-snippet:-1","max-image-preview":"max-image-preview:large","max-video-preview":"max-video-preview:-1"},"canonical":"https:\/\/thorinox.com\/fr\/equipment\/chariots\/chariots-specialises\/chariot-pour-refrigerateur-congelateur\/","og_locale":"fr_FR","og_type":"article","og_title":"Chariot pour r\u00e9frig\u00e9rateur & cong\u00e9lateur | \u00c9quipement de restaurant | Thorinox","og_description":"Le chariot pour r\u00e9frig\u00e9rateur & cong\u00e9lateur, fabriqu\u00e9 en acier inoxydable de haute qualit\u00e9, est con\u00e7u pour les cuisines commerciales.","og_url":"https:\/\/thorinox.com\/fr\/equipment\/chariots\/chariots-specialises\/chariot-pour-refrigerateur-congelateur\/","og_site_name":"Thorinox","article_modified_time":"2024-04-22T17:12:41+00:00","og_image":[{"width":800,"height":900,"url":"https:\/\/thorinox.com\/wp-content\/uploads\/2024\/03\/Thorinox-high-quality-stainless-steel-commercial-kitchen-equipment-stainless-steel-specialty-rack-for-refrigerators-and-freezers-TRACK.png","type":"image\/png"}],"twitter_card":"summary_large_image","twitter_misc":{"Dur\u00e9e de lecture estim\u00e9e":"2 minutes"},"schema":{"@context":"https:\/\/schema.org","@graph":[{"@type":"WebPage","@id":"https:\/\/thorinox.com\/fr\/equipment\/chariots\/chariots-specialises\/chariot-pour-refrigerateur-congelateur\/","url":"https:\/\/thorinox.com\/fr\/equipment\/chariots\/chariots-specialises\/chariot-pour-refrigerateur-congelateur\/","name":"Chariot pour r\u00e9frig\u00e9rateur & cong\u00e9lateur | \u00c9quipement de restaurant | Thorinox","isPartOf":{"@id":"https:\/\/thorinox.com\/fr\/#website"},"primaryImageOfPage":{"@id":"https:\/\/thorinox.com\/fr\/equipment\/chariots\/chariots-specialises\/chariot-pour-refrigerateur-congelateur\/#primaryimage"},"image":{"@id":"https:\/\/thorinox.com\/fr\/equipment\/chariots\/chariots-specialises\/chariot-pour-refrigerateur-congelateur\/#primaryimage"},"thumbnailUrl":"https:\/\/thorinox.com\/wp-content\/uploads\/2024\/03\/Thorinox-high-quality-stainless-steel-commercial-kitchen-equipment-stainless-steel-specialty-rack-for-refrigerators-and-freezers-TRACK.png","datePublished":"2024-03-28T14:14:26+00:00","dateModified":"2024-04-22T17:12:41+00:00","description":"Le chariot pour r\u00e9frig\u00e9rateur & cong\u00e9lateur, fabriqu\u00e9 en acier inoxydable de haute qualit\u00e9, est con\u00e7u pour les cuisines commerciales.","breadcrumb":{"@id":"https:\/\/thorinox.com\/fr\/equipment\/chariots\/chariots-specialises\/chariot-pour-refrigerateur-congelateur\/#breadcrumb"},"inLanguage":"fr-FR","potentialAction":[{"@type":"ReadAction","target":["https:\/\/thorinox.com\/fr\/equipment\/chariots\/chariots-specialises\/chariot-pour-refrigerateur-congelateur\/"]}]},{"@type":"ImageObject","inLanguage":"fr-FR","@id":"https:\/\/thorinox.com\/fr\/equipment\/chariots\/chariots-specialises\/chariot-pour-refrigerateur-congelateur\/#primaryimage","url":"https:\/\/thorinox.com\/wp-content\/uploads\/2024\/03\/Thorinox-high-quality-stainless-steel-commercial-kitchen-equipment-stainless-steel-specialty-rack-for-refrigerators-and-freezers-TRACK.png","contentUrl":"https:\/\/thorinox.com\/wp-content\/uploads\/2024\/03\/Thorinox-high-quality-stainless-steel-commercial-kitchen-equipment-stainless-steel-specialty-rack-for-refrigerators-and-freezers-TRACK.png","width":800,"height":900,"caption":"Il s'agit d'une image d'un chariot pour r\u00e9frig\u00e9rateur & cong\u00e9lateur. Thorinox est un \u00e9quipement en acier inoxydable de haute qualit\u00e9 destin\u00e9 aux restaurants et autres types de postes de travail."},{"@type":"BreadcrumbList","@id":"https:\/\/thorinox.com\/fr\/equipment\/chariots\/chariots-specialises\/chariot-pour-refrigerateur-congelateur\/#breadcrumb","itemListElement":[{"@type":"ListItem","position":1,"name":"Home","item":"https:\/\/thorinox.com\/fr\/"},{"@type":"ListItem","position":2,"name":"Produits","item":"https:\/\/thorinox.com\/fr\/shop\/"},{"@type":"ListItem","position":3,"name":"Chariot pour r\u00e9frig\u00e9rateur &#038; cong\u00e9lateur"}]},{"@type":"WebSite","@id":"https:\/\/thorinox.com\/fr\/#website","url":"https:\/\/thorinox.com\/fr\/","name":"Thorinox","description":"High Quality Stainless Steel Equipment","publisher":{"@id":"https:\/\/thorinox.com\/fr\/#organization"},"potentialAction":[{"@type":"SearchAction","target":{"@type":"EntryPoint","urlTemplate":"https:\/\/thorinox.com\/fr\/?s={search_term_string}"},"query-input":"required name=search_term_string"}],"inLanguage":"fr-FR"},{"@type":"Organization","@id":"https:\/\/thorinox.com\/fr\/#organization","name":"Thorinox","url":"https:\/\/thorinox.com\/fr\/","logo":{"@type":"ImageObject","inLanguage":"fr-FR","@id":"https:\/\/thorinox.com\/fr\/#\/schema\/logo\/image\/","url":"https:\/\/thorinox.com\/wp-content\/uploads\/2024\/02\/Thorinox-logo-high-quality-stainless-steel-equipment.png","contentUrl":"https:\/\/thorinox.com\/wp-content\/uploads\/2024\/02\/Thorinox-logo-high-quality-stainless-steel-equipment.png","width":546,"height":100,"caption":"Thorinox"},"image":{"@id":"https:\/\/thorinox.com\/fr\/#\/schema\/logo\/image\/"}}]}},"_links":{"self":[{"href":"https:\/\/thorinox.com\/fr\/wp-json\/wp\/v2\/product\/10306"}],"collection":[{"href":"https:\/\/thorinox.com\/fr\/wp-json\/wp\/v2\/product"}],"about":[{"href":"https:\/\/thorinox.com\/fr\/wp-json\/wp\/v2\/types\/product"}],"replies":[{"embeddable":true,"href":"https:\/\/thorinox.com\/fr\/wp-json\/wp\/v2\/comments?post=10306"}],"wp:featuredmedia":[{"embeddable":true,"href":"https:\/\/thorinox.com\/fr\/wp-json\/wp\/v2\/media\/7288"}],"wp:attachment":[{"href":"https:\/\/thorinox.com\/fr\/wp-json\/wp\/v2\/media?parent=10306"}],"wp:term":[{"taxonomy":"product_cat","embeddable":true,"href":"https:\/\/thorinox.com\/fr\/wp-json\/wp\/v2\/product_cat?post=10306"},{"taxonomy":"product_tag","embeddable":true,"href":"https:\/\/thorinox.com\/fr\/wp-json\/wp\/v2\/product_tag?post=10306"}],"curies":[{"name":"wp","href":"https:\/\/api.w.org\/{rel}","templated":true}]}}