{"id":10304,"date":"2024-03-28T09:56:51","date_gmt":"2024-03-28T13:56:51","guid":{"rendered":"https:\/\/thorinox.com\/equipment\/non%20class\u00e9\/chariot-mi-hauteur\/"},"modified":"2024-04-22T13:13:19","modified_gmt":"2024-04-22T17:13:19","slug":"chariot-mi-hauteur","status":"publish","type":"product","link":"https:\/\/thorinox.com\/fr\/equipment\/chariots\/chariots-en-aluminium\/chariot-mi-hauteur\/","title":{"rendered":"Chariot mi-hauteur"},"content":{"rendered":"<p>D\u00e9couvrez notre chariot mi-hauteur\u00a0de <a href=\"https:\/\/thorinox.com\/\">Thorinox<\/a>, id\u00e9al pour stocker et transporter des articles de boulangerie, des outils, de la vaisselle et bien plus encore. Que vous ayez besoin de racks simples ou doubles, nous avons des options disponibles pour r\u00e9pondre \u00e0 vos besoins sp\u00e9cifiques. De plus, nos chariots \u00e0 double po\u00eale \u00e0 petits pains sont compatibles avec les bacs <a href=\"https:\/\/www.rubbermaid.com\/\" target=\"_blank\" rel=\"noopener\">Rubbermaid<\/a> de 15&Prime; pour un rangement efficace de la vaisselle.<\/p>\n<p>Ces racks sont plus que de simples solutions de stockage ; ils incarnent l\u2019essence de l\u2019efficacit\u00e9 et de l\u2019organisation dans les environnements de cuisine anim\u00e9s. Imaginez l&rsquo;acc\u00e8s transparent et la disposition syst\u00e9matique de vos fournitures, permettant \u00e0 votre personnel de se concentrer sur la pr\u00e9paration de d\u00e9licieuses friandises pour vos clients. Avec des emplacements d\u00e9sign\u00e9s pour chaque article, notre chariot mi-hauteur r\u00e9duit l&rsquo;encombrement et minimisent le risque d&rsquo;accidents, am\u00e9liorant ainsi la s\u00e9curit\u00e9 et la productivit\u00e9.<\/p>\n<p>De plus, la polyvalence de nos racks leur permet de s\u2019adapter \u00e0 vos besoins \u00e9volutifs. Que vous \u00e9largissiez votre menu, r\u00e9organisiez l&rsquo;agencement de votre cuisine ou modernisiez votre \u00e9quipement, nos chariots \u00e0 p\u00e2tisseries en aluminium mi-hauteur restent des compagnons fid\u00e8les, pr\u00eats \u00e0 s&rsquo;ajuster et \u00e0 s&rsquo;adapter \u00e0 vos besoins changeants. Cette adaptabilit\u00e9 garantit un investissement durable qui \u00e9volue avec votre entreprise, offrant une valeur et un support durables.<\/p>\n<p>De plus, notre engagement envers la qualit\u00e9 s\u2019\u00e9tend au-del\u00e0 de la fonctionnalit\u00e9. Fabriqu\u00e9s \u00e0 partir de mat\u00e9riaux robustes, notre chariot \u00e0 p\u00e2tisseries en aluminium mi-hauteur est con\u00e7u pour r\u00e9sister aux rigueurs d&rsquo;une utilisation quotidienne dans des environnements de cuisine exigeants. Vous pouvez faire confiance \u00e0 la durabilit\u00e9 et \u00e0 la fiabilit\u00e9 de nos racks, sachant qu&rsquo;ils continueront \u00e0 fonctionner jour apr\u00e8s jour, ann\u00e9e apr\u00e8s ann\u00e9e.<\/p>\n<p>En conclusion, notre chariot \u00e0 p\u00e2tisseries en aluminium mi-hauteur Thorinox demi-taille offre plus qu&rsquo;un simple rangement : c&rsquo;est la pierre angulaire de l&rsquo;efficacit\u00e9, de l&rsquo;organisation et de la durabilit\u00e9 de toute cuisine commerciale. D\u00e9couvrez la diff\u00e9rence aujourd&rsquo;hui et \u00e9levez vos op\u00e9rations de cuisine vers de nouveaux sommets gr\u00e2ce \u00e0 nos supports \u00e0 petits pains fiables et polyvalents.<\/p>\n","protected":false},"excerpt":{"rendered":"<p>Le support \u00e0 petits pains en aluminium demi-taille, fabriqu\u00e9 en aluminium de haute qualit\u00e9, est con\u00e7u pour les cuisines commerciales, comme les restaurants et autres \u00e9tablissements alimentaires.<\/p>\n<h3>Fonctionnalit\u00e9s standards\u00a0:<\/h3>\n<ul>\n<li>Fabriqu\u00e9 en aluminium neuf<\/li>\n<li>Livr\u00e9 d\u00e9mont\u00e9 (facile \u00e0 monter)<\/li>\n<li>Glissi\u00e8res \u00e0 plateaux doubles soud\u00e9es<\/li>\n<li>Les grilles peuvent accueillir des moules \u00e0 petits pains de 18\u00a0x 26\u00a0pouces<\/li>\n<li>Avec dessus plat en aluminium sauf pour DRACK-1018-ALUNB<\/li>\n<\/ul>\n<h3>Accessoires optionnels\u00a0:<\/h3>\n<ul>\n<li><a href=\"https:\/\/thorinox.com\/fr\/equipment\/chariots\/accessoires-pour-chariots\/housse-pour-drack\/\">Housse pour DRACK<\/a><\/li>\n<li><a href=\"https:\/\/thorinox.com\/fr\/equipment\/chariots\/accessoires-pour-chariots\/pare-choc-pour-drack\/\">Pare-chocs<\/a><\/li>\n<li><a href=\"https:\/\/thorinox.com\/fr\/equipment\/chariots\/accessoires-pour-chariots\/roulettes-pour-drack\/\">Roulettes<\/a><\/li>\n<\/ul>\n<table>\n<thead>\n<tr>\n<th style=\"text-align: left;\"><img decoding=\"async\" class=\"link-icon\" src=\"https:\/\/thorinox.com\/wp-content\/uploads\/2024\/04\/thorinox-link-icon-spec.png\" alt=\"link icon for specs\" width=\"14px\" height=\"14px\" \/>Mod\u00e8les<\/th>\n<\/tr>\n<\/thead>\n<tbody>\n<tr>\n<td><a href=\"https:\/\/thorinox.com\/wp-content\/uploads\/2024\/04\/DRACK-0715-ALUNB_FR.pdf\" target=\"_blank rel=\" rel=\"noopener\">DRACK-0715-ALUNB<\/a><\/td>\n<\/tr>\n<tr>\n<td><a href=\"https:\/\/thorinox.com\/wp-content\/uploads\/2024\/04\/DRACK-0718-ALUNB_FR.pdf\" target=\"_blank rel=\" rel=\"noopener\">DRACK-0718-ALUNB<\/a><\/td>\n<\/tr>\n<tr>\n<td><a href=\"https:\/\/thorinox.com\/wp-content\/uploads\/2024\/04\/DRACK-1018-ALUNB_FR.pdf\" target=\"_blank rel=\" rel=\"noopener\">DRACK-1018-ALUNB<\/a><\/td>\n<\/tr>\n<\/tbody>\n<\/table>\n","protected":false},"featured_media":7278,"comment_status":"open","ping_status":"closed","template":"","meta":[],"product_cat":[244,245],"product_tag":[],"yoast_head":"<!-- This site is optimized with the Yoast SEO plugin v23.3 - https:\/\/yoast.com\/wordpress\/plugins\/seo\/ -->\n<title>Chariot mi-hauteur | \u00c9quipement de restaurant | Thorinox | Montr\u00e9al &amp; Qu\u00e9bec<\/title>\n<meta name=\"description\" content=\"Le chariot \u00e0 mi-hauteur de Thorinox, fabriqu\u00e9 en aluminium de haute qualit\u00e9, est con\u00e7u pour les cuisines commerciales, comme les restaurants et autres \u00e9tablissements alimentaires.\" \/>\n<meta name=\"robots\" content=\"index, follow, max-snippet:-1, max-image-preview:large, max-video-preview:-1\" \/>\n<link rel=\"canonical\" href=\"https:\/\/thorinox.com\/fr\/equipment\/chariots\/chariots-en-aluminium\/chariot-mi-hauteur\/\" \/>\n<meta property=\"og:locale\" content=\"fr_FR\" \/>\n<meta property=\"og:type\" content=\"article\" \/>\n<meta property=\"og:title\" content=\"Chariot mi-hauteur | \u00c9quipement de restaurant | Thorinox | Montr\u00e9al &amp; Qu\u00e9bec\" \/>\n<meta property=\"og:description\" content=\"Le chariot \u00e0 mi-hauteur de Thorinox, fabriqu\u00e9 en aluminium de haute qualit\u00e9, est con\u00e7u pour les cuisines commerciales, comme les restaurants et autres \u00e9tablissements alimentaires.\" \/>\n<meta property=\"og:url\" content=\"https:\/\/thorinox.com\/fr\/equipment\/chariots\/chariots-en-aluminium\/chariot-mi-hauteur\/\" \/>\n<meta property=\"og:site_name\" content=\"Thorinox\" \/>\n<meta property=\"article:modified_time\" content=\"2024-04-22T17:13:19+00:00\" \/>\n<meta property=\"og:image\" content=\"https:\/\/thorinox.com\/wp-content\/uploads\/2024\/03\/Thorinox-high-quality-stainless-steel-commercial-kitchen-equipment-aluminum-half-size-bun-pan-racks-DRACK-1018-ALUNB.png\" \/>\n\t<meta property=\"og:image:width\" content=\"800\" \/>\n\t<meta property=\"og:image:height\" content=\"900\" \/>\n\t<meta property=\"og:image:type\" content=\"image\/png\" \/>\n<meta name=\"twitter:card\" content=\"summary_large_image\" \/>\n<meta name=\"twitter:label1\" content=\"Dur\u00e9e de lecture estim\u00e9e\" \/>\n\t<meta name=\"twitter:data1\" content=\"2 minutes\" \/>\n<script type=\"application\/ld+json\" class=\"yoast-schema-graph\">{\"@context\":\"https:\/\/schema.org\",\"@graph\":[{\"@type\":\"WebPage\",\"@id\":\"https:\/\/thorinox.com\/fr\/equipment\/chariots\/chariots-en-aluminium\/chariot-mi-hauteur\/\",\"url\":\"https:\/\/thorinox.com\/fr\/equipment\/chariots\/chariots-en-aluminium\/chariot-mi-hauteur\/\",\"name\":\"Chariot mi-hauteur | \u00c9quipement de restaurant | Thorinox | Montr\u00e9al & Qu\u00e9bec\",\"isPartOf\":{\"@id\":\"https:\/\/thorinox.com\/fr\/#website\"},\"primaryImageOfPage\":{\"@id\":\"https:\/\/thorinox.com\/fr\/equipment\/chariots\/chariots-en-aluminium\/chariot-mi-hauteur\/#primaryimage\"},\"image\":{\"@id\":\"https:\/\/thorinox.com\/fr\/equipment\/chariots\/chariots-en-aluminium\/chariot-mi-hauteur\/#primaryimage\"},\"thumbnailUrl\":\"https:\/\/thorinox.com\/wp-content\/uploads\/2024\/03\/Thorinox-high-quality-stainless-steel-commercial-kitchen-equipment-aluminum-half-size-bun-pan-racks-DRACK-1018-ALUNB.png\",\"datePublished\":\"2024-03-28T13:56:51+00:00\",\"dateModified\":\"2024-04-22T17:13:19+00:00\",\"description\":\"Le chariot \u00e0 mi-hauteur de Thorinox, fabriqu\u00e9 en aluminium de haute qualit\u00e9, est con\u00e7u pour les cuisines commerciales, comme les restaurants et autres \u00e9tablissements alimentaires.\",\"breadcrumb\":{\"@id\":\"https:\/\/thorinox.com\/fr\/equipment\/chariots\/chariots-en-aluminium\/chariot-mi-hauteur\/#breadcrumb\"},\"inLanguage\":\"fr-FR\",\"potentialAction\":[{\"@type\":\"ReadAction\",\"target\":[\"https:\/\/thorinox.com\/fr\/equipment\/chariots\/chariots-en-aluminium\/chariot-mi-hauteur\/\"]}]},{\"@type\":\"ImageObject\",\"inLanguage\":\"fr-FR\",\"@id\":\"https:\/\/thorinox.com\/fr\/equipment\/chariots\/chariots-en-aluminium\/chariot-mi-hauteur\/#primaryimage\",\"url\":\"https:\/\/thorinox.com\/wp-content\/uploads\/2024\/03\/Thorinox-high-quality-stainless-steel-commercial-kitchen-equipment-aluminum-half-size-bun-pan-racks-DRACK-1018-ALUNB.png\",\"contentUrl\":\"https:\/\/thorinox.com\/wp-content\/uploads\/2024\/03\/Thorinox-high-quality-stainless-steel-commercial-kitchen-equipment-aluminum-half-size-bun-pan-racks-DRACK-1018-ALUNB.png\",\"width\":800,\"height\":900,\"caption\":\"Il s'agit d'une image d'un chariots \u00e0 p\u00e2tisseries \u00e0 mi-hauteur de Thorinox. Thorinox est un \u00e9quipement en acier inoxydable de haute qualit\u00e9 destin\u00e9 aux restaurants et autres types de postes de travail.\"},{\"@type\":\"BreadcrumbList\",\"@id\":\"https:\/\/thorinox.com\/fr\/equipment\/chariots\/chariots-en-aluminium\/chariot-mi-hauteur\/#breadcrumb\",\"itemListElement\":[{\"@type\":\"ListItem\",\"position\":1,\"name\":\"Home\",\"item\":\"https:\/\/thorinox.com\/fr\/\"},{\"@type\":\"ListItem\",\"position\":2,\"name\":\"Produits\",\"item\":\"https:\/\/thorinox.com\/fr\/shop\/\"},{\"@type\":\"ListItem\",\"position\":3,\"name\":\"Chariot mi-hauteur\"}]},{\"@type\":\"WebSite\",\"@id\":\"https:\/\/thorinox.com\/fr\/#website\",\"url\":\"https:\/\/thorinox.com\/fr\/\",\"name\":\"Thorinox\",\"description\":\"High Quality Stainless Steel Equipment\",\"publisher\":{\"@id\":\"https:\/\/thorinox.com\/fr\/#organization\"},\"potentialAction\":[{\"@type\":\"SearchAction\",\"target\":{\"@type\":\"EntryPoint\",\"urlTemplate\":\"https:\/\/thorinox.com\/fr\/?s={search_term_string}\"},\"query-input\":\"required name=search_term_string\"}],\"inLanguage\":\"fr-FR\"},{\"@type\":\"Organization\",\"@id\":\"https:\/\/thorinox.com\/fr\/#organization\",\"name\":\"Thorinox\",\"url\":\"https:\/\/thorinox.com\/fr\/\",\"logo\":{\"@type\":\"ImageObject\",\"inLanguage\":\"fr-FR\",\"@id\":\"https:\/\/thorinox.com\/fr\/#\/schema\/logo\/image\/\",\"url\":\"https:\/\/thorinox.com\/wp-content\/uploads\/2024\/02\/Thorinox-logo-high-quality-stainless-steel-equipment.png\",\"contentUrl\":\"https:\/\/thorinox.com\/wp-content\/uploads\/2024\/02\/Thorinox-logo-high-quality-stainless-steel-equipment.png\",\"width\":546,\"height\":100,\"caption\":\"Thorinox\"},\"image\":{\"@id\":\"https:\/\/thorinox.com\/fr\/#\/schema\/logo\/image\/\"}}]}<\/script>\n<!-- \/ Yoast SEO plugin. -->","yoast_head_json":{"title":"Chariot mi-hauteur | \u00c9quipement de restaurant | Thorinox | Montr\u00e9al & Qu\u00e9bec","description":"Le chariot \u00e0 mi-hauteur de Thorinox, fabriqu\u00e9 en aluminium de haute qualit\u00e9, est con\u00e7u pour les cuisines commerciales, comme les restaurants et autres \u00e9tablissements alimentaires.","robots":{"index":"index","follow":"follow","max-snippet":"max-snippet:-1","max-image-preview":"max-image-preview:large","max-video-preview":"max-video-preview:-1"},"canonical":"https:\/\/thorinox.com\/fr\/equipment\/chariots\/chariots-en-aluminium\/chariot-mi-hauteur\/","og_locale":"fr_FR","og_type":"article","og_title":"Chariot mi-hauteur | \u00c9quipement de restaurant | Thorinox | Montr\u00e9al & Qu\u00e9bec","og_description":"Le chariot \u00e0 mi-hauteur de Thorinox, fabriqu\u00e9 en aluminium de haute qualit\u00e9, est con\u00e7u pour les cuisines commerciales, comme les restaurants et autres \u00e9tablissements alimentaires.","og_url":"https:\/\/thorinox.com\/fr\/equipment\/chariots\/chariots-en-aluminium\/chariot-mi-hauteur\/","og_site_name":"Thorinox","article_modified_time":"2024-04-22T17:13:19+00:00","og_image":[{"width":800,"height":900,"url":"https:\/\/thorinox.com\/wp-content\/uploads\/2024\/03\/Thorinox-high-quality-stainless-steel-commercial-kitchen-equipment-aluminum-half-size-bun-pan-racks-DRACK-1018-ALUNB.png","type":"image\/png"}],"twitter_card":"summary_large_image","twitter_misc":{"Dur\u00e9e de lecture estim\u00e9e":"2 minutes"},"schema":{"@context":"https:\/\/schema.org","@graph":[{"@type":"WebPage","@id":"https:\/\/thorinox.com\/fr\/equipment\/chariots\/chariots-en-aluminium\/chariot-mi-hauteur\/","url":"https:\/\/thorinox.com\/fr\/equipment\/chariots\/chariots-en-aluminium\/chariot-mi-hauteur\/","name":"Chariot mi-hauteur | \u00c9quipement de restaurant | Thorinox | Montr\u00e9al & Qu\u00e9bec","isPartOf":{"@id":"https:\/\/thorinox.com\/fr\/#website"},"primaryImageOfPage":{"@id":"https:\/\/thorinox.com\/fr\/equipment\/chariots\/chariots-en-aluminium\/chariot-mi-hauteur\/#primaryimage"},"image":{"@id":"https:\/\/thorinox.com\/fr\/equipment\/chariots\/chariots-en-aluminium\/chariot-mi-hauteur\/#primaryimage"},"thumbnailUrl":"https:\/\/thorinox.com\/wp-content\/uploads\/2024\/03\/Thorinox-high-quality-stainless-steel-commercial-kitchen-equipment-aluminum-half-size-bun-pan-racks-DRACK-1018-ALUNB.png","datePublished":"2024-03-28T13:56:51+00:00","dateModified":"2024-04-22T17:13:19+00:00","description":"Le chariot \u00e0 mi-hauteur de Thorinox, fabriqu\u00e9 en aluminium de haute qualit\u00e9, est con\u00e7u pour les cuisines commerciales, comme les restaurants et autres \u00e9tablissements alimentaires.","breadcrumb":{"@id":"https:\/\/thorinox.com\/fr\/equipment\/chariots\/chariots-en-aluminium\/chariot-mi-hauteur\/#breadcrumb"},"inLanguage":"fr-FR","potentialAction":[{"@type":"ReadAction","target":["https:\/\/thorinox.com\/fr\/equipment\/chariots\/chariots-en-aluminium\/chariot-mi-hauteur\/"]}]},{"@type":"ImageObject","inLanguage":"fr-FR","@id":"https:\/\/thorinox.com\/fr\/equipment\/chariots\/chariots-en-aluminium\/chariot-mi-hauteur\/#primaryimage","url":"https:\/\/thorinox.com\/wp-content\/uploads\/2024\/03\/Thorinox-high-quality-stainless-steel-commercial-kitchen-equipment-aluminum-half-size-bun-pan-racks-DRACK-1018-ALUNB.png","contentUrl":"https:\/\/thorinox.com\/wp-content\/uploads\/2024\/03\/Thorinox-high-quality-stainless-steel-commercial-kitchen-equipment-aluminum-half-size-bun-pan-racks-DRACK-1018-ALUNB.png","width":800,"height":900,"caption":"Il s'agit d'une image d'un chariots \u00e0 p\u00e2tisseries \u00e0 mi-hauteur de Thorinox. Thorinox est un \u00e9quipement en acier inoxydable de haute qualit\u00e9 destin\u00e9 aux restaurants et autres types de postes de travail."},{"@type":"BreadcrumbList","@id":"https:\/\/thorinox.com\/fr\/equipment\/chariots\/chariots-en-aluminium\/chariot-mi-hauteur\/#breadcrumb","itemListElement":[{"@type":"ListItem","position":1,"name":"Home","item":"https:\/\/thorinox.com\/fr\/"},{"@type":"ListItem","position":2,"name":"Produits","item":"https:\/\/thorinox.com\/fr\/shop\/"},{"@type":"ListItem","position":3,"name":"Chariot mi-hauteur"}]},{"@type":"WebSite","@id":"https:\/\/thorinox.com\/fr\/#website","url":"https:\/\/thorinox.com\/fr\/","name":"Thorinox","description":"High Quality Stainless Steel Equipment","publisher":{"@id":"https:\/\/thorinox.com\/fr\/#organization"},"potentialAction":[{"@type":"SearchAction","target":{"@type":"EntryPoint","urlTemplate":"https:\/\/thorinox.com\/fr\/?s={search_term_string}"},"query-input":"required name=search_term_string"}],"inLanguage":"fr-FR"},{"@type":"Organization","@id":"https:\/\/thorinox.com\/fr\/#organization","name":"Thorinox","url":"https:\/\/thorinox.com\/fr\/","logo":{"@type":"ImageObject","inLanguage":"fr-FR","@id":"https:\/\/thorinox.com\/fr\/#\/schema\/logo\/image\/","url":"https:\/\/thorinox.com\/wp-content\/uploads\/2024\/02\/Thorinox-logo-high-quality-stainless-steel-equipment.png","contentUrl":"https:\/\/thorinox.com\/wp-content\/uploads\/2024\/02\/Thorinox-logo-high-quality-stainless-steel-equipment.png","width":546,"height":100,"caption":"Thorinox"},"image":{"@id":"https:\/\/thorinox.com\/fr\/#\/schema\/logo\/image\/"}}]}},"_links":{"self":[{"href":"https:\/\/thorinox.com\/fr\/wp-json\/wp\/v2\/product\/10304"}],"collection":[{"href":"https:\/\/thorinox.com\/fr\/wp-json\/wp\/v2\/product"}],"about":[{"href":"https:\/\/thorinox.com\/fr\/wp-json\/wp\/v2\/types\/product"}],"replies":[{"embeddable":true,"href":"https:\/\/thorinox.com\/fr\/wp-json\/wp\/v2\/comments?post=10304"}],"wp:featuredmedia":[{"embeddable":true,"href":"https:\/\/thorinox.com\/fr\/wp-json\/wp\/v2\/media\/7278"}],"wp:attachment":[{"href":"https:\/\/thorinox.com\/fr\/wp-json\/wp\/v2\/media?parent=10304"}],"wp:term":[{"taxonomy":"product_cat","embeddable":true,"href":"https:\/\/thorinox.com\/fr\/wp-json\/wp\/v2\/product_cat?post=10304"},{"taxonomy":"product_tag","embeddable":true,"href":"https:\/\/thorinox.com\/fr\/wp-json\/wp\/v2\/product_tag?post=10304"}],"curies":[{"name":"wp","href":"https:\/\/api.w.org\/{rel}","templated":true}]}}