{"id":8916,"date":"2024-04-08T14:08:50","date_gmt":"2024-04-08T18:08:50","guid":{"rendered":"https:\/\/thorinox.com\/?page_id=8916"},"modified":"2024-04-18T14:28:24","modified_gmt":"2024-04-18T18:28:24","slug":"garantie-des-produits","status":"publish","type":"page","link":"https:\/\/thorinox.com\/fr\/garantie-des-produits\/","title":{"rendered":"Garantie des produits"},"content":{"rendered":"\t\t<div data-elementor-type=\"wp-page\" data-elementor-id=\"8916\" class=\"elementor elementor-8916 elementor-8699\" data-elementor-post-type=\"page\">\n\t\t\t\t<div class=\"elementor-element elementor-element-c835384 e-flex e-con-boxed e-con e-parent\" data-id=\"c835384\" data-element_type=\"container\" data-settings=\"{&quot;background_background&quot;:&quot;classic&quot;}\">\n\t\t\t\t\t<div class=\"e-con-inner\">\n\t\t\t\t<div class=\"elementor-element elementor-element-719d58a elementor-widget__width-initial elementor-widget-mobile__width-inherit elementor-hidden-mobile elementor-widget elementor-widget-heading\" data-id=\"719d58a\" data-element_type=\"widget\" data-widget_type=\"heading.default\">\n\t\t\t\t<div class=\"elementor-widget-container\">\n\t\t\t<h1 class=\"elementor-heading-title elementor-size-default\">Garantie des produits<br><b><span style=\"color:#4DB3D0\">\u00c9quipement en acier inoxydable de haute qualit\u00e9<\/b><\/h1>\t\t<\/div>\n\t\t\t\t<\/div>\n\t\t\t\t<div class=\"elementor-element elementor-element-ec94dca elementor-widget__width-initial elementor-widget-mobile__width-inherit elementor-hidden-desktop elementor-hidden-tablet elementor-widget elementor-widget-heading\" data-id=\"ec94dca\" data-element_type=\"widget\" data-widget_type=\"heading.default\">\n\t\t\t\t<div class=\"elementor-widget-container\">\n\t\t\t<h1 class=\"elementor-heading-title elementor-size-default\">Garantie produit <b><span style=\"color:#4DB3D0\">\u00c9quipement en acier inoxydable de haute qualit\u00e9<\/b><\/h1>\t\t<\/div>\n\t\t\t\t<\/div>\n\t\t\t\t<div class=\"elementor-element elementor-element-bf23c04 elementor-widget elementor-widget-heading\" data-id=\"bf23c04\" data-element_type=\"widget\" data-widget_type=\"heading.default\">\n\t\t\t\t<div class=\"elementor-widget-container\">\n\t\t\t<h2 class=\"elementor-heading-title elementor-size-default\">Service exceptionnel, produits exceptionnels : notre engagement envers votre satisfaction et votre qualit\u00e9.<\/h2>\t\t<\/div>\n\t\t\t\t<\/div>\n\t\t<div class=\"elementor-element elementor-element-af57a1f e-flex e-con-boxed e-con e-child\" data-id=\"af57a1f\" data-element_type=\"container\">\n\t\t\t\t\t<div class=\"e-con-inner\">\n\t\t\t\t<div class=\"elementor-element elementor-element-5f03a89 elementor-align-center draw-meet elementor-widget elementor-widget-button\" data-id=\"5f03a89\" data-element_type=\"widget\" data-widget_type=\"button.default\">\n\t\t\t\t<div class=\"elementor-widget-container\">\n\t\t\t\t\t\t\t<div class=\"elementor-button-wrapper\">\n\t\t\t\t\t<a class=\"elementor-button elementor-button-link elementor-size-sm\" href=\"https:\/\/thorinox.com\/fr\/contactez-nous\/\" target=\"_blank\">\n\t\t\t\t\t\t<span class=\"elementor-button-content-wrapper\">\n\t\t\t\t\t\t\t\t\t<span class=\"elementor-button-text\">Contactez-nous<\/span>\n\t\t\t\t\t<\/span>\n\t\t\t\t\t<\/a>\n\t\t\t\t<\/div>\n\t\t\t\t\t\t<\/div>\n\t\t\t\t<\/div>\n\t\t\t\t\t<\/div>\n\t\t\t\t<\/div>\n\t\t\t\t\t<\/div>\n\t\t\t\t<\/div>\n\t\t<div class=\"elementor-element elementor-element-b9f1254 e-flex e-con-boxed e-con e-parent\" data-id=\"b9f1254\" data-element_type=\"container\">\n\t\t\t\t\t<div class=\"e-con-inner\">\n\t\t\t\t<div class=\"elementor-element elementor-element-779fb3b elementor-widget elementor-widget-heading\" data-id=\"779fb3b\" data-element_type=\"widget\" data-widget_type=\"heading.default\">\n\t\t\t\t<div class=\"elementor-widget-container\">\n\t\t\t<h3 class=\"elementor-heading-title elementor-size-default\">Garantie<\/h3>\t\t<\/div>\n\t\t\t\t<\/div>\n\t\t\t\t<div class=\"elementor-element elementor-element-e682605 elementor-widget-divider--view-line elementor-widget elementor-widget-divider\" data-id=\"e682605\" data-element_type=\"widget\" data-widget_type=\"divider.default\">\n\t\t\t\t<div class=\"elementor-widget-container\">\n\t\t\t\t\t<div class=\"elementor-divider\">\n\t\t\t<span class=\"elementor-divider-separator\">\n\t\t\t\t\t\t<\/span>\n\t\t<\/div>\n\t\t\t\t<\/div>\n\t\t\t\t<\/div>\n\t\t\t\t<div class=\"elementor-element elementor-element-d611748 elementor-widget elementor-widget-text-editor\" data-id=\"d611748\" data-element_type=\"widget\" data-widget_type=\"text-editor.default\">\n\t\t\t\t<div class=\"elementor-widget-container\">\n\t\t\t\t\t\t\t<p class=\"p1\"><a href=\"https:\/\/thorinox.com\/\">Thorinox Inc.<\/a> garantit que tous les <a href=\"https:\/\/thorinox.com\/equipment\/\">produits Thorinox<\/a> seront exempts de d\u00e9fauts de mat\u00e9riaux et de fabrication au moment de l&rsquo;exp\u00e9dition.<\/p>\n<p class=\"p1\"><a href=\"https:\/\/thorinox.com\/\">Thorinox<\/a> offre une garantie d&rsquo;un an sur les pi\u00e8ces uniquement sur ses produits, qui couvre contre la rouille, la corrosion ou les d\u00e9fauts de fabrication, lorsqu&rsquo;ils sont utilis\u00e9s dans des conditions d&rsquo;int\u00e9rieur g\u00e9n\u00e9rales. Les \u00e9tag\u00e8res en fil \u00e9poxy vert b\u00e9n\u00e9ficient d&rsquo;une garantie de 10 ans*. Cette garantie est \u00e9mise au b\u00e9n\u00e9fice du propri\u00e9taire initial dans des conditions d&rsquo;utilisation normales et une preuve d&rsquo;achat originale doit \u00eatre fournie avec toute r\u00e9clamation de garantie.<\/p>\n<p class=\"p1\">La responsabilit\u00e9 de <a href=\"https:\/\/thorinox.com\/\">Thorinox<\/a> se limite au remplacement des produits ou pi\u00e8ces d\u00e9fectueux, apr\u00e8s inspection par un repr\u00e9sentant de Thorinox. Tout retour doit \u00eatre affr\u00e9t\u00e9 pr\u00e9pay\u00e9 vers Thorinox et Thorinox ne sera pas responsable de toutes les d\u00e9penses accessoires qui pourraient survenir. Cette garantie n&rsquo;est applicable qu&rsquo;au Canada.<\/p>\n\n<h3 class=\"p1\">Tarification et Sp\u00e9cifications des Produits<\/h3>\n<p class=\"p1\">Les prix sont en dollars am\u00e9ricains et sont sujets \u00e0 changement sans pr\u00e9avis. Les prix peuvent changer en raison d&rsquo;augmentations impr\u00e9vues des co\u00fbts des produits, des mati\u00e8res premi\u00e8res ou des fluctuations de change. Dans notre souci de fournir des produits de haute qualit\u00e9, les sp\u00e9cifications sont sujettes \u00e0 modification sans pr\u00e9avis. Des variations entre les images et les produits peuvent survenir.<\/p>\n\n<h3 class=\"p1\">Passation de Commande<\/h3>\n<p class=\"p1\">Toutes les commandes g\u00e9n\u00e9rales doivent atteindre ou d\u00e9passer le minimum net de 250,00 $. Des frais de manutention de 25,00 $ seront automatiquement ajout\u00e9s \u00e0 toute commande si elle ne r\u00e9pond pas aux exigences mentionn\u00e9es ci-dessus. Nous exigeons une confirmation \u00e9crite pour toutes les commandes verbales. Veuillez les envoyer par fax ou par e-mail.<\/p>\n\n<h3 class=\"p1\">Retours<\/h3>\n<p class=\"p1\">Toutes les commandes g\u00e9n\u00e9rales doivent atteindre ou d\u00e9passer le minimum net de 250,00 $. Des frais de manutention de 25,00 $ seront automatiquement ajout\u00e9s \u00e0 toute commande si elle ne r\u00e9pond pas aux exigences mentionn\u00e9es ci-dessus. Nous exigeons une confirmation \u00e9crite pour toutes les commandes verbales. Veuillez les envoyer par fax ou par e-mail.<\/p>\n\n<h3 class=\"p1\">Dommages li\u00e9s au transport ou \u00e0 la manutention<\/h3>\n<p class=\"p1\">Tous les articles doivent \u00eatre inspect\u00e9s visuellement pour tout dommage, aussi insignifiant soit-il. Si un article est re\u00e7u endommag\u00e9, il doit \u00eatre clairement indiqu\u00e9 \u00ab\u00a0Re\u00e7u Endommag\u00e9\u00a0\u00bb sur le bulletin de livraison du transporteur. <a href=\"https:\/\/thorinox.com\/\">Thorinox<\/a> ne remplacera ni ne cr\u00e9ditera aucun \u00e9quipement endommag\u00e9, si le dommage n&rsquo;est pas confirm\u00e9 et d\u00e9crit par \u00e9crit au moment de la livraison. <a href=\"https:\/\/thorinox.com\/\">Thorinox<\/a> ne sera pas tenu responsable des dommages li\u00e9s au transport dans les exp\u00e9ditions de tiers.<\/p>\n<p class=\"p1\">*La garantie sera annul\u00e9e si les \u00e9tag\u00e8res sont install\u00e9es dans un environnement sal\u00e9 ou humide.<\/p>\n<p class=\"p1\">Si vous avez des questions concernant cette garantie, vous pouvez nous contacter.<\/p>\n<p class=\"p1\">Adresse : <a href=\"https:\/\/maps.app.goo.gl\/691kLwZoMJNZCqV96\">585 ave Meloche, Dorval (Qu\u00e9bec) H9P 2T1<\/a><\/p>\n<p class=\"p1\">Courriel : <a href=\"mailto:in**@th******.com\" data-original-string=\"gLH9rbIjADIkdqJufl2eBg==3eb3Kq4KM962PkgK4Eq9aKDOy\/YbGLYOT\/\/JTJnc3GsraM=\" title=\"This contact has been encoded by Anti-Spam by CleanTalk. Click to decode. To finish the decoding make sure that JavaScript is enabled in your browser.\"><span \n                data-original-string=\"vQCFEnStMXLKAe7tUUlWPw==3ebZSNhQrSWu1LLiY09Sn8yeJDj1Lzay5Qhb6DqtbVynaY=\"\n                class=\"apbct-email-encoder\"\n                title=\"This contact has been encoded by Anti-Spam by CleanTalk. Click to decode. To finish the decoding make sure that JavaScript is enabled in your browser.\">\n        <span class=\"apbct-ee-blur-group\">\n            <span class=\"apbct-ee-blur_email-text\">in**@th******.com<\/span>\n            <span class=\"apbct-ee-static-blur\">\n                <span class=\"apbct-ee-blur apbct-ee-blur_rectangle-init\"><\/span>\n                <span class=\"apbct-ee-blur apbct-ee-blur_rectangle-soft\"><\/span>\n                <span class=\"apbct-ee-blur apbct-ee-blur_rectangle-hard\"><\/span>\n            <\/span>\n            <span class=\"apbct-ee-animate-blur\">\n                <span class=\"apbct-ee-blur apbct-ee-blur_rectangle-init apbct-ee-blur_animate-init\"><\/span>\n                <span class=\"apbct-ee-blur apbct-ee-blur_rectangle-soft apbct-ee-blur_animate-soft \"><\/span>\n                <span class=\"apbct-ee-blur apbct-ee-blur_rectangle-hard apbct-ee-blur_animate-hard\"><\/span>\n            <\/span>\n        <\/span>\n<\/span><\/a><\/p>\n<p class=\"p1\">T\u00e9l\u00e9phone : <a href=\"tel:514-382-3620\">514-382-3620<\/a> #104<\/p>\n<p class=\"p1\">Site Web : <a href=\"https:\/\/thorinox.com\/\">thorinox.com<\/a><\/p>\t\t\t\t\t\t<\/div>\n\t\t\t\t<\/div>\n\t\t\t\t\t<\/div>\n\t\t\t\t<\/div>\n\t\t<div class=\"elementor-element elementor-element-2533ec2 e-flex e-con-boxed e-con e-parent\" data-id=\"2533ec2\" data-element_type=\"container\" data-settings=\"{&quot;background_background&quot;:&quot;classic&quot;}\">\n\t\t\t\t\t<div class=\"e-con-inner\">\n\t\t<div class=\"elementor-element elementor-element-2442d7c e-con-full e-flex e-con e-child\" data-id=\"2442d7c\" data-element_type=\"container\">\n\t\t\t\t<div class=\"elementor-element elementor-element-b924eb7 elementor-widget elementor-widget-image\" data-id=\"b924eb7\" data-element_type=\"widget\" data-widget_type=\"image.default\">\n\t\t\t\t<div class=\"elementor-widget-container\">\n\t\t\t\t\t\t\t\t\t\t\t\t\t<img fetchpriority=\"high\" decoding=\"async\" width=\"800\" height=\"600\" src=\"https:\/\/thorinox.com\/wp-content\/uploads\/2024\/03\/Thorinox-high-quality-stainless-steel-equipment-catalog-full.png\" class=\"attachment-large size-large wp-image-7417\" alt=\"Product catalog image for Thorinox, a high-quality stainless steel equipment company for restaurants and other types of work stations.\" srcset=\"https:\/\/thorinox.com\/wp-content\/uploads\/2024\/03\/Thorinox-high-quality-stainless-steel-equipment-catalog-full.png 800w, https:\/\/thorinox.com\/wp-content\/uploads\/2024\/03\/Thorinox-high-quality-stainless-steel-equipment-catalog-full-300x225.png 300w, https:\/\/thorinox.com\/wp-content\/uploads\/2024\/03\/Thorinox-high-quality-stainless-steel-equipment-catalog-full-768x576.png 768w, https:\/\/thorinox.com\/wp-content\/uploads\/2024\/03\/Thorinox-high-quality-stainless-steel-equipment-catalog-full-600x450.png 600w\" sizes=\"(max-width: 800px) 100vw, 800px\" \/>\t\t\t\t\t\t\t\t\t\t\t\t\t<\/div>\n\t\t\t\t<\/div>\n\t\t\t\t<\/div>\n\t\t<div class=\"elementor-element elementor-element-5f63a78 e-con-full e-flex e-con e-child\" data-id=\"5f63a78\" data-element_type=\"container\">\n\t\t\t\t<div class=\"elementor-element elementor-element-a2b3fe8 elementor-widget elementor-widget-heading\" data-id=\"a2b3fe8\" data-element_type=\"widget\" data-widget_type=\"heading.default\">\n\t\t\t\t<div class=\"elementor-widget-container\">\n\t\t\t<h3 class=\"elementor-heading-title elementor-size-default\">Catalogue d'\u00e9quipement en acier inoxydable<\/h3>\t\t<\/div>\n\t\t\t\t<\/div>\n\t\t\t\t<div class=\"elementor-element elementor-element-2ef6ffa elementor-widget elementor-widget-heading\" data-id=\"2ef6ffa\" data-element_type=\"widget\" data-widget_type=\"heading.default\">\n\t\t\t\t<div class=\"elementor-widget-container\">\n\t\t\t<h4 class=\"elementor-heading-title elementor-size-default\">D\u00e9couvrez la durabilit\u00e9 et la qualit\u00e9 in\u00e9gal\u00e9es des produits Thorinox<\/h4>\t\t<\/div>\n\t\t\t\t<\/div>\n\t\t<div class=\"elementor-element elementor-element-b332407 e-flex e-con-boxed e-con e-child\" data-id=\"b332407\" data-element_type=\"container\">\n\t\t\t\t\t<div class=\"e-con-inner\">\n\t\t\t\t<div class=\"elementor-element elementor-element-5a77238 elementor-align-center my-btn elementor-widget-mobile__width-inherit elementor-widget elementor-widget-button\" data-id=\"5a77238\" data-element_type=\"widget\" data-widget_type=\"button.default\">\n\t\t\t\t<div class=\"elementor-widget-container\">\n\t\t\t\t\t\t\t<div class=\"elementor-button-wrapper\">\n\t\t\t\t\t<a class=\"elementor-button elementor-button-link elementor-size-sm\" href=\"https:\/\/thorinox.com\/wp-content\/uploads\/2024\/03\/thorinoxFR_2024-web.pdf\" target=\"_blank\">\n\t\t\t\t\t\t<span class=\"elementor-button-content-wrapper\">\n\t\t\t\t\t\t\t\t\t<span class=\"elementor-button-text\">T\u00e9l\u00e9chargez le catalogue<\/span>\n\t\t\t\t\t<\/span>\n\t\t\t\t\t<\/a>\n\t\t\t\t<\/div>\n\t\t\t\t\t\t<\/div>\n\t\t\t\t<\/div>\n\t\t\t\t<div class=\"elementor-element elementor-element-3016b7b elementor-align-center my-btn elementor-widget-mobile__width-inherit elementor-widget elementor-widget-button\" data-id=\"3016b7b\" data-element_type=\"widget\" data-widget_type=\"button.default\">\n\t\t\t\t<div class=\"elementor-widget-container\">\n\t\t\t\t\t\t\t<div class=\"elementor-button-wrapper\">\n\t\t\t\t\t<a class=\"elementor-button elementor-button-link elementor-size-sm\" href=\"https:\/\/thorinox.com\/fr\/contactez-nous\/\" target=\"_blank\">\n\t\t\t\t\t\t<span class=\"elementor-button-content-wrapper\">\n\t\t\t\t\t\t\t\t\t<span class=\"elementor-button-text\">Contactez-nous<\/span>\n\t\t\t\t\t<\/span>\n\t\t\t\t\t<\/a>\n\t\t\t\t<\/div>\n\t\t\t\t\t\t<\/div>\n\t\t\t\t<\/div>\n\t\t\t\t\t<\/div>\n\t\t\t\t<\/div>\n\t\t\t\t<\/div>\n\t\t\t\t\t<\/div>\n\t\t\t\t<\/div>\n\t\t\t\t<\/div>\n\t\t","protected":false},"excerpt":{"rendered":"<p>Garantie des produits\u00c9quipement en acier inoxydable de haute qualit\u00e9 Garantie produit \u00c9quipement en acier inoxydable de haute qualit\u00e9 Service exceptionnel, produits exceptionnels : notre engagement envers votre satisfaction et votre qualit\u00e9. Contactez-nous Garantie Thorinox Inc. garantit que tous les produits Thorinox seront exempts de d\u00e9fauts de mat\u00e9riaux et de fabrication au moment de l&rsquo;exp\u00e9dition. Thorinox [&hellip;]<\/p>\n","protected":false},"author":3,"featured_media":8817,"parent":0,"menu_order":0,"comment_status":"closed","ping_status":"closed","template":"elementor_header_footer","meta":{"footnotes":""},"yoast_head":"<!-- This site is optimized with the Yoast SEO plugin v23.3 - https:\/\/yoast.com\/wordpress\/plugins\/seo\/ -->\n<title>Garantie | \u00c9quipement de restaurant | Thorinox | Montr\u00e9al, Laval &amp; Qu\u00e9bec<\/title>\n<meta name=\"description\" content=\"Notre garantie de produit garantit une protection contre les d\u00e9fauts et les dysfonctionnements, vous offrant ainsi une confiance.\" \/>\n<meta name=\"robots\" content=\"index, follow, max-snippet:-1, max-image-preview:large, max-video-preview:-1\" \/>\n<link rel=\"canonical\" href=\"https:\/\/thorinox.com\/fr\/garantie-des-produits\/\" \/>\n<meta property=\"og:locale\" content=\"fr_FR\" \/>\n<meta property=\"og:type\" content=\"article\" \/>\n<meta property=\"og:title\" content=\"Garantie | \u00c9quipement de restaurant | Thorinox | Montr\u00e9al, Laval &amp; Qu\u00e9bec\" \/>\n<meta property=\"og:description\" content=\"Notre garantie de produit garantit une protection contre les d\u00e9fauts et les dysfonctionnements, vous offrant ainsi une confiance.\" \/>\n<meta property=\"og:url\" content=\"https:\/\/thorinox.com\/fr\/garantie-des-produits\/\" \/>\n<meta property=\"og:site_name\" content=\"Thorinox\" \/>\n<meta property=\"article:modified_time\" content=\"2024-04-18T18:28:24+00:00\" \/>\n<meta property=\"og:image\" content=\"https:\/\/thorinox.com\/wp-content\/uploads\/2024\/04\/thorinox-high-quality-stainless-steel-equipment-for-restaurants-featured-image-product-warranty-privacy-policy.png\" \/>\n\t<meta property=\"og:image:width\" content=\"1200\" \/>\n\t<meta property=\"og:image:height\" content=\"628\" \/>\n\t<meta property=\"og:image:type\" content=\"image\/png\" \/>\n<meta name=\"twitter:card\" content=\"summary_large_image\" \/>\n<meta name=\"twitter:label1\" content=\"Dur\u00e9e de lecture estim\u00e9e\" \/>\n\t<meta name=\"twitter:data1\" content=\"3 minutes\" \/>\n<script type=\"application\/ld+json\" class=\"yoast-schema-graph\">{\"@context\":\"https:\/\/schema.org\",\"@graph\":[{\"@type\":\"WebPage\",\"@id\":\"https:\/\/thorinox.com\/fr\/garantie-des-produits\/\",\"url\":\"https:\/\/thorinox.com\/fr\/garantie-des-produits\/\",\"name\":\"Garantie | \u00c9quipement de restaurant | Thorinox | Montr\u00e9al, Laval & Qu\u00e9bec\",\"isPartOf\":{\"@id\":\"https:\/\/thorinox.com\/fr\/#website\"},\"primaryImageOfPage\":{\"@id\":\"https:\/\/thorinox.com\/fr\/garantie-des-produits\/#primaryimage\"},\"image\":{\"@id\":\"https:\/\/thorinox.com\/fr\/garantie-des-produits\/#primaryimage\"},\"thumbnailUrl\":\"https:\/\/thorinox.com\/wp-content\/uploads\/2024\/04\/thorinox-high-quality-stainless-steel-equipment-for-restaurants-featured-image-product-warranty-privacy-policy.png\",\"datePublished\":\"2024-04-08T18:08:50+00:00\",\"dateModified\":\"2024-04-18T18:28:24+00:00\",\"description\":\"Notre garantie de produit garantit une protection contre les d\u00e9fauts et les dysfonctionnements, vous offrant ainsi une confiance.\",\"breadcrumb\":{\"@id\":\"https:\/\/thorinox.com\/fr\/garantie-des-produits\/#breadcrumb\"},\"inLanguage\":\"fr-FR\",\"potentialAction\":[{\"@type\":\"ReadAction\",\"target\":[\"https:\/\/thorinox.com\/fr\/garantie-des-produits\/\"]}]},{\"@type\":\"ImageObject\",\"inLanguage\":\"fr-FR\",\"@id\":\"https:\/\/thorinox.com\/fr\/garantie-des-produits\/#primaryimage\",\"url\":\"https:\/\/thorinox.com\/wp-content\/uploads\/2024\/04\/thorinox-high-quality-stainless-steel-equipment-for-restaurants-featured-image-product-warranty-privacy-policy.png\",\"contentUrl\":\"https:\/\/thorinox.com\/wp-content\/uploads\/2024\/04\/thorinox-high-quality-stainless-steel-equipment-for-restaurants-featured-image-product-warranty-privacy-policy.png\",\"width\":1200,\"height\":628,\"caption\":\"Stainless Steel background image for Thorinox, a high-quality stainless steel equipment company for restaurants and other types of work stations.\"},{\"@type\":\"BreadcrumbList\",\"@id\":\"https:\/\/thorinox.com\/fr\/garantie-des-produits\/#breadcrumb\",\"itemListElement\":[{\"@type\":\"ListItem\",\"position\":1,\"name\":\"Home\",\"item\":\"https:\/\/thorinox.com\/fr\/\"},{\"@type\":\"ListItem\",\"position\":2,\"name\":\"Garantie des produits\"}]},{\"@type\":\"WebSite\",\"@id\":\"https:\/\/thorinox.com\/fr\/#website\",\"url\":\"https:\/\/thorinox.com\/fr\/\",\"name\":\"Thorinox\",\"description\":\"High Quality Stainless Steel Equipment\",\"publisher\":{\"@id\":\"https:\/\/thorinox.com\/fr\/#organization\"},\"potentialAction\":[{\"@type\":\"SearchAction\",\"target\":{\"@type\":\"EntryPoint\",\"urlTemplate\":\"https:\/\/thorinox.com\/fr\/?s={search_term_string}\"},\"query-input\":\"required name=search_term_string\"}],\"inLanguage\":\"fr-FR\"},{\"@type\":\"Organization\",\"@id\":\"https:\/\/thorinox.com\/fr\/#organization\",\"name\":\"Thorinox\",\"url\":\"https:\/\/thorinox.com\/fr\/\",\"logo\":{\"@type\":\"ImageObject\",\"inLanguage\":\"fr-FR\",\"@id\":\"https:\/\/thorinox.com\/fr\/#\/schema\/logo\/image\/\",\"url\":\"https:\/\/thorinox.com\/wp-content\/uploads\/2024\/02\/Thorinox-logo-high-quality-stainless-steel-equipment.png\",\"contentUrl\":\"https:\/\/thorinox.com\/wp-content\/uploads\/2024\/02\/Thorinox-logo-high-quality-stainless-steel-equipment.png\",\"width\":546,\"height\":100,\"caption\":\"Thorinox\"},\"image\":{\"@id\":\"https:\/\/thorinox.com\/fr\/#\/schema\/logo\/image\/\"}}]}<\/script>\n<!-- \/ Yoast SEO plugin. -->","yoast_head_json":{"title":"Garantie | \u00c9quipement de restaurant | Thorinox | Montr\u00e9al, Laval & Qu\u00e9bec","description":"Notre garantie de produit garantit une protection contre les d\u00e9fauts et les dysfonctionnements, vous offrant ainsi une confiance.","robots":{"index":"index","follow":"follow","max-snippet":"max-snippet:-1","max-image-preview":"max-image-preview:large","max-video-preview":"max-video-preview:-1"},"canonical":"https:\/\/thorinox.com\/fr\/garantie-des-produits\/","og_locale":"fr_FR","og_type":"article","og_title":"Garantie | \u00c9quipement de restaurant | Thorinox | Montr\u00e9al, Laval & Qu\u00e9bec","og_description":"Notre garantie de produit garantit une protection contre les d\u00e9fauts et les dysfonctionnements, vous offrant ainsi une confiance.","og_url":"https:\/\/thorinox.com\/fr\/garantie-des-produits\/","og_site_name":"Thorinox","article_modified_time":"2024-04-18T18:28:24+00:00","og_image":[{"width":1200,"height":628,"url":"https:\/\/thorinox.com\/wp-content\/uploads\/2024\/04\/thorinox-high-quality-stainless-steel-equipment-for-restaurants-featured-image-product-warranty-privacy-policy.png","type":"image\/png"}],"twitter_card":"summary_large_image","twitter_misc":{"Dur\u00e9e de lecture estim\u00e9e":"3 minutes"},"schema":{"@context":"https:\/\/schema.org","@graph":[{"@type":"WebPage","@id":"https:\/\/thorinox.com\/fr\/garantie-des-produits\/","url":"https:\/\/thorinox.com\/fr\/garantie-des-produits\/","name":"Garantie | \u00c9quipement de restaurant | Thorinox | Montr\u00e9al, Laval & Qu\u00e9bec","isPartOf":{"@id":"https:\/\/thorinox.com\/fr\/#website"},"primaryImageOfPage":{"@id":"https:\/\/thorinox.com\/fr\/garantie-des-produits\/#primaryimage"},"image":{"@id":"https:\/\/thorinox.com\/fr\/garantie-des-produits\/#primaryimage"},"thumbnailUrl":"https:\/\/thorinox.com\/wp-content\/uploads\/2024\/04\/thorinox-high-quality-stainless-steel-equipment-for-restaurants-featured-image-product-warranty-privacy-policy.png","datePublished":"2024-04-08T18:08:50+00:00","dateModified":"2024-04-18T18:28:24+00:00","description":"Notre garantie de produit garantit une protection contre les d\u00e9fauts et les dysfonctionnements, vous offrant ainsi une confiance.","breadcrumb":{"@id":"https:\/\/thorinox.com\/fr\/garantie-des-produits\/#breadcrumb"},"inLanguage":"fr-FR","potentialAction":[{"@type":"ReadAction","target":["https:\/\/thorinox.com\/fr\/garantie-des-produits\/"]}]},{"@type":"ImageObject","inLanguage":"fr-FR","@id":"https:\/\/thorinox.com\/fr\/garantie-des-produits\/#primaryimage","url":"https:\/\/thorinox.com\/wp-content\/uploads\/2024\/04\/thorinox-high-quality-stainless-steel-equipment-for-restaurants-featured-image-product-warranty-privacy-policy.png","contentUrl":"https:\/\/thorinox.com\/wp-content\/uploads\/2024\/04\/thorinox-high-quality-stainless-steel-equipment-for-restaurants-featured-image-product-warranty-privacy-policy.png","width":1200,"height":628,"caption":"Stainless Steel background image for Thorinox, a high-quality stainless steel equipment company for restaurants and other types of work stations."},{"@type":"BreadcrumbList","@id":"https:\/\/thorinox.com\/fr\/garantie-des-produits\/#breadcrumb","itemListElement":[{"@type":"ListItem","position":1,"name":"Home","item":"https:\/\/thorinox.com\/fr\/"},{"@type":"ListItem","position":2,"name":"Garantie des produits"}]},{"@type":"WebSite","@id":"https:\/\/thorinox.com\/fr\/#website","url":"https:\/\/thorinox.com\/fr\/","name":"Thorinox","description":"High Quality Stainless Steel Equipment","publisher":{"@id":"https:\/\/thorinox.com\/fr\/#organization"},"potentialAction":[{"@type":"SearchAction","target":{"@type":"EntryPoint","urlTemplate":"https:\/\/thorinox.com\/fr\/?s={search_term_string}"},"query-input":"required name=search_term_string"}],"inLanguage":"fr-FR"},{"@type":"Organization","@id":"https:\/\/thorinox.com\/fr\/#organization","name":"Thorinox","url":"https:\/\/thorinox.com\/fr\/","logo":{"@type":"ImageObject","inLanguage":"fr-FR","@id":"https:\/\/thorinox.com\/fr\/#\/schema\/logo\/image\/","url":"https:\/\/thorinox.com\/wp-content\/uploads\/2024\/02\/Thorinox-logo-high-quality-stainless-steel-equipment.png","contentUrl":"https:\/\/thorinox.com\/wp-content\/uploads\/2024\/02\/Thorinox-logo-high-quality-stainless-steel-equipment.png","width":546,"height":100,"caption":"Thorinox"},"image":{"@id":"https:\/\/thorinox.com\/fr\/#\/schema\/logo\/image\/"}}]}},"_links":{"self":[{"href":"https:\/\/thorinox.com\/fr\/wp-json\/wp\/v2\/pages\/8916"}],"collection":[{"href":"https:\/\/thorinox.com\/fr\/wp-json\/wp\/v2\/pages"}],"about":[{"href":"https:\/\/thorinox.com\/fr\/wp-json\/wp\/v2\/types\/page"}],"author":[{"embeddable":true,"href":"https:\/\/thorinox.com\/fr\/wp-json\/wp\/v2\/users\/3"}],"replies":[{"embeddable":true,"href":"https:\/\/thorinox.com\/fr\/wp-json\/wp\/v2\/comments?post=8916"}],"version-history":[{"count":0,"href":"https:\/\/thorinox.com\/fr\/wp-json\/wp\/v2\/pages\/8916\/revisions"}],"wp:featuredmedia":[{"embeddable":true,"href":"https:\/\/thorinox.com\/fr\/wp-json\/wp\/v2\/media\/8817"}],"wp:attachment":[{"href":"https:\/\/thorinox.com\/fr\/wp-json\/wp\/v2\/media?parent=8916"}],"curies":[{"name":"wp","href":"https:\/\/api.w.org\/{rel}","templated":true}]}}